{"id":172,"date":"2024-04-03T23:39:27","date_gmt":"2024-04-03T20:39:27","guid":{"rendered":"https:\/\/sisu.ut.ee\/ewod\/stories-et-26\/"},"modified":"2024-04-04T00:10:49","modified_gmt":"2024-04-03T21:10:49","slug":"stories","status":"publish","type":"page","link":"https:\/\/sisu.ut.ee\/ewod\/l\/laan\/stories\/","title":{"rendered":"Triinu Laan &#8211; children&#8217;s stories"},"content":{"rendered":"<p>\n\t<span style=\"font-size:16px\"><span style=\"color:#000000\"><span style=\"font-family:Verdana,Geneva,sans-serif\"><strong>Books<\/strong><\/span><\/span><\/span>\n<\/p>\n<p>\n\t<span style=\"color:#000000\"><span style=\"font-size:13px\"><span style=\"font-family:Verdana,Geneva,sans-serif\"><strong><em>Korean<\/em><\/strong><br>\ud2b8\ub9ac\ub204 \ub780, <strong>\ub0a0\uc544\ub77c, \uace0\uc591\uc774<\/strong>. \uc815\ucca0\uc6b0 \uc5ed. \uc544\ub124 \ud53c\ucf54\ube0c \uadf8\ub9bc.\u00a0 \ubd84\ud64d\uace0\ub798, 2017, 32 \ucabd. [\u2018Vana katkine kass\u2019.]<\/span><\/span><\/span>\n<\/p>\n<p>\n\t<span style=\"color:#000000\"><span style=\"font-size:13px\"><span style=\"font-family:Verdana,Geneva,sans-serif\"><strong><em>Latvian<\/em><\/strong><br>Tr\u012bnu L\u0101na, <strong>Skeleta Juhana gaitas<\/strong>. Ilustr\u0113jusi Marja L\u012bsa Platsa; no igau\u0146u valodas tulkojusi Maima Gr\u012bnberga. R\u012bga: liels un mazs, 2022, 57 pp. [\u2018Luukere Juhani juhtumised\u2019.]<\/span><\/span><\/span>\n<\/p>\n<p>\n\t<span style=\"color:#000000\"><span style=\"font-size:13px\"><span style=\"font-family:Verdana,Geneva,sans-serif\"><strong><em>Lithuanian<\/em><\/strong><br><strong>Skeleto Jono nutikimai<\/strong>. Iliustravo Marja-Liisa Plats; i\u0161 est\u0173 kalbos vert\u0117 Viltar\u0117 Urbait\u0117. Vilnius: 700 eilu\u010di\u0173, 2022, 58 pp. [\u2018Luukere Juhani juhtumised\u2019.]<\/span><\/span><\/span>\n<\/p>\n<p>\n\t<span style=\"color:#000000\"><span style=\"font-size:13px\"><span style=\"font-family:Verdana,Geneva,sans-serif\"><strong><em>Russian<\/em><\/strong><br>\u0422\u0440\u0438\u0439\u043d\u0443 \u041e\u044f\u0440, <strong>Suur must koer = \u0411\u043e\u043b\u044c\u0448\u0430\u044f \u0447\u0435\u0440\u043d\u0430\u044f \u0441\u043e\u0431\u0430\u043a\u0430<\/strong>. \u041f\u0435\u0440\u0435\u0432\u043e\u0434 \u0441 \u044d\u0441\u0442\u043e\u043d\u0441\u043a\u043e\u0433\u043e \u0418\u0433\u043e\u0440\u044f \u041a\u043e\u0442\u044e\u0445\u0430; \u0438\u043b\u043b\u044e\u0441\u0442\u0440\u0430\u0446\u0438\u0438: \u041c\u0430\u0440\u044c\u044f-\u041b\u0438\u0439\u0437\u0430 \u041f\u043b\u0430\u0442\u0441. V\u00f5ru: Kite, 2008, 43 pp.<\/span><\/span><\/span> <span style=\"color:#000000\"><span style=\"font-size:13px\"><span style=\"font-family:Verdana,Geneva,sans-serif\">[Parallel text in Estonian and Russian.]<\/span><\/span><\/span><\/p>\n","protected":false},"excerpt":{"rendered":"<p>Books Korean\ud2b8\ub9ac\ub204 \ub780, \ub0a0\uc544\ub77c, \uace0\uc591\uc774. \uc815\ucca0\uc6b0 \uc5ed. \uc544\ub124 \ud53c\ucf54\ube0c \uadf8\ub9bc.\u00a0 \ubd84\ud64d\uace0\ub798, 2017, 32 \ucabd. [\u2018Vana katkine kass\u2019.] LatvianTr\u012bnu L\u0101na, Skeleta Juhana gaitas. Ilustr\u0113jusi Marja L\u012bsa Platsa; no igau\u0146u valodas tulkojusi Maima Gr\u012bnberga. R\u012bga: liels un mazs, 2022, 57 pp. [\u2018Luukere &#8230;<\/p>\n","protected":false},"author":43,"featured_media":0,"parent":164,"menu_order":0,"comment_status":"closed","ping_status":"closed","template":"","meta":{"_acf_changed":false,"inline_featured_image":false,"footnotes":""},"class_list":["post-172","page","type-page","status-publish","hentry"],"acf":[],"_links":{"self":[{"href":"https:\/\/sisu.ut.ee\/ewod\/wp-json\/wp\/v2\/pages\/172","targetHints":{"allow":["GET"]}}],"collection":[{"href":"https:\/\/sisu.ut.ee\/ewod\/wp-json\/wp\/v2\/pages"}],"about":[{"href":"https:\/\/sisu.ut.ee\/ewod\/wp-json\/wp\/v2\/types\/page"}],"author":[{"embeddable":true,"href":"https:\/\/sisu.ut.ee\/ewod\/wp-json\/wp\/v2\/users\/43"}],"replies":[{"embeddable":true,"href":"https:\/\/sisu.ut.ee\/ewod\/wp-json\/wp\/v2\/comments?post=172"}],"version-history":[{"count":1,"href":"https:\/\/sisu.ut.ee\/ewod\/wp-json\/wp\/v2\/pages\/172\/revisions"}],"predecessor-version":[{"id":4908,"href":"https:\/\/sisu.ut.ee\/ewod\/wp-json\/wp\/v2\/pages\/172\/revisions\/4908"}],"up":[{"embeddable":true,"href":"https:\/\/sisu.ut.ee\/ewod\/wp-json\/wp\/v2\/pages\/164"}],"wp:attachment":[{"href":"https:\/\/sisu.ut.ee\/ewod\/wp-json\/wp\/v2\/media?parent=172"}],"curies":[{"name":"wp","href":"https:\/\/api.w.org\/{rel}","templated":true}]}}