{"id":1715,"date":"2024-04-03T23:41:48","date_gmt":"2024-04-03T20:41:48","guid":{"rendered":"https:\/\/sisu.ut.ee\/ewod\/about-et-219\/"},"modified":"2024-04-04T00:06:28","modified_gmt":"2024-04-03T21:06:28","slug":"about","status":"publish","type":"page","link":"https:\/\/sisu.ut.ee\/ewod\/m\/mutt\/about\/","title":{"rendered":"Mihkel Mutt &#8211; about"},"content":{"rendered":"<p>\n\t<span style=\"font-family:Verdana,Geneva,sans-serif\"><strong><span style=\"font-size:16px\">Articles<\/span><\/strong><\/span><\/p>\n<p><strong><em>German<\/em><\/strong><br>Marianne Vogel, <strong>Der vielseitige Mensch: Mihkel Mutt<\/strong>. \u2013 Estonia, no 1, 1995, pp 9-10.<br>Mati Unt, <strong>Mihkel Mutt<\/strong>. \u2013 Junge K\u00fcnstler Sowjetestlands 2. Tallinn: Perioodika, 1985, pp 40-44.<\/p>\n<p><span style=\"font-family: verdana, geneva;font-size: medium\"><strong><span style=\"font-family: verdana, geneva\">Reviews<\/span><\/strong><\/span>\n<\/p>\n<p>\n\t<span style=\"font-family: verdana, geneva\"><strong><em>English<\/em><\/strong><br>M\u00e4rt V\u00e4ljataga, <a href=\"http:\/\/www.estlit.ee\/centre\/uploads\/catalogues\/12_Estonian_Books_2013.pdf\" target=\"_blank\" rel=\"noopener\"><strong>Mice in the Wind \/ Hiired tuules<\/strong><\/a>. \u2013 12 Estonian Books to Translate. Tallinn:\u00a0Estonian Literature Centre, 2013, p 16. [About \u2018Hiired tuules\u2019.]<br>Rutt\u00a0Hinrikus, Janika\u00a0Kronberg,\u00a0<strong><a href=\"http:\/\/elm.estinst.ee\/issue\/26\/short-outlines-books-estonian-authors\/\">Short Outlines of Books by Estonian Authors<\/a><\/strong>. \u2013\u00a0Estonian Literary Magazine, no 26, 2008. [About the short story collection \u2018Siseemigrant. Novellid Rui taevalike kommentaaridega\u2019 (\u2018Internal Emigrant. Short Stories, with Rui\u2019s Heavenly Comments\u2019).]<br>Rutt Hinrikus,\u00a0<strong><cite>Progressiivsed hiired<\/cite><\/strong><span style=\"font-family: verdana, geneva\"><strong>\u00a0by Mihkel Mutt<\/strong>. \u2013 World Literature Today, v<span style=\"font-family: verdana, geneva\">ol 77, no 1, 2003, p 113.<\/span><\/span><br>Juta K\u00f5vamees Kitching,\u00a0<strong><cite>Rahvusvaheline mees<\/cite><\/strong><span style=\"font-family: verdana, geneva\"><strong>\u00a0by Mihkel Mutt<\/strong>. \u2013 World Literature Today, v<span style=\"font-family: verdana, geneva\">ol 69, no 4, 1995, p 831.<\/span><\/span><br>George Kurman,\u00a0<strong><cite>Kerge meel<\/cite><\/strong><span style=\"font-family: verdana, geneva\"><strong>\u00a0by Mihkel Mutt<\/strong>. \u2013 World Literature Today, v<span style=\"font-family: verdana, geneva\">ol 64, no 1, 1990, pp 159-160.<\/span><\/span><br>George Kurman,\u00a0<strong><cite>Vana Fabiani nutulaul<\/cite><\/strong><span style=\"font-family: verdana, geneva\"><strong>\u00a0by Mihkel Mutt<\/strong>. \u2013 World Literature Today, v<span style=\"font-family: verdana, geneva\">ol 63, no 2, 1989, p 336.<\/span><\/span><br>George Kurman,\u00a0<strong><cite>Kallid generatsioonid<\/cite><\/strong><span style=\"font-family: verdana, geneva\"><strong>\u00a0by Mihkel Mutt<\/strong>. \u2013 World Literature Today, v<span style=\"font-family: verdana, geneva\">ol 61, no 2, 1987, p 318.<\/span><\/span><\/span>\n<\/p>\n<p>\n\t<span style=\"font-family: verdana, geneva\"><strong style=\"line-height: 1.6em\"><em><span style=\"font-family: verdana, geneva\">German<\/span><\/em><\/strong><\/span><br><span style=\"font-family: verdana, geneva\">Cornelius Hasselblatt,\u00a0<\/span><strong style=\"font-family: verdana, geneva;line-height: 1.6em\">Kurzlebig? Treffend!<\/strong><span style=\"font-family: verdana, geneva\"> \u2013 Estonia, no 1, 1993, pp 53-55. [<\/span><span style=\"font-family: verdana, geneva\">About \u2018Pingviin &amp; raisakass\u2019, Tallinn, 1992.]<\/span>\n<\/p>\n<p>\n\t<br><strong style=\"font-family: Verdana, Geneva, sans-serif\"><span style=\"font-size:16px\">Interviews<\/span><\/strong>\n<\/p>\n<p>\n\t<span style=\"font-family:Verdana,Geneva,sans-serif\"><strong><em>English<\/em><\/strong><br>Peeter Helme,<strong> Mihkel Mutt\u2019s recollections of a pleasent hell. <\/strong>\u2013 Estonian Literary Magazine, no 40, 2015.<br><strong>Mihkel Mutt talks to John O\u2019Brien. <\/strong>\u2013 Estonian Literary Magazine, no 39, 2014<\/span><\/p>\n","protected":false},"excerpt":{"rendered":"<p>Articles GermanMarianne Vogel, Der vielseitige Mensch: Mihkel Mutt. \u2013 Estonia, no 1, 1995, pp 9-10.Mati Unt, Mihkel Mutt. \u2013 Junge K\u00fcnstler Sowjetestlands 2. Tallinn: Perioodika, 1985, pp 40-44. Reviews EnglishM\u00e4rt V\u00e4ljataga, Mice in the Wind \/ Hiired tuules. \u2013 12 &#8230;<\/p>\n","protected":false},"author":43,"featured_media":0,"parent":372,"menu_order":0,"comment_status":"closed","ping_status":"closed","template":"","meta":{"_acf_changed":false,"inline_featured_image":false,"footnotes":""},"class_list":["post-1715","page","type-page","status-publish","hentry"],"acf":[],"_links":{"self":[{"href":"https:\/\/sisu.ut.ee\/ewod\/wp-json\/wp\/v2\/pages\/1715","targetHints":{"allow":["GET"]}}],"collection":[{"href":"https:\/\/sisu.ut.ee\/ewod\/wp-json\/wp\/v2\/pages"}],"about":[{"href":"https:\/\/sisu.ut.ee\/ewod\/wp-json\/wp\/v2\/types\/page"}],"author":[{"embeddable":true,"href":"https:\/\/sisu.ut.ee\/ewod\/wp-json\/wp\/v2\/users\/43"}],"replies":[{"embeddable":true,"href":"https:\/\/sisu.ut.ee\/ewod\/wp-json\/wp\/v2\/comments?post=1715"}],"version-history":[{"count":1,"href":"https:\/\/sisu.ut.ee\/ewod\/wp-json\/wp\/v2\/pages\/1715\/revisions"}],"predecessor-version":[{"id":3365,"href":"https:\/\/sisu.ut.ee\/ewod\/wp-json\/wp\/v2\/pages\/1715\/revisions\/3365"}],"up":[{"embeddable":true,"href":"https:\/\/sisu.ut.ee\/ewod\/wp-json\/wp\/v2\/pages\/372"}],"wp:attachment":[{"href":"https:\/\/sisu.ut.ee\/ewod\/wp-json\/wp\/v2\/media?parent=1715"}],"curies":[{"name":"wp","href":"https:\/\/api.w.org\/{rel}","templated":true}]}}