{"id":1710,"date":"2024-04-03T23:41:48","date_gmt":"2024-04-03T20:41:48","guid":{"rendered":"https:\/\/sisu.ut.ee\/ewod\/about-et-217\/"},"modified":"2024-04-04T00:06:28","modified_gmt":"2024-04-03T21:06:28","slug":"about","status":"publish","type":"page","link":"https:\/\/sisu.ut.ee\/ewod\/s\/smuul\/about\/","title":{"rendered":"Juhan Smuul &#8211; about"},"content":{"rendered":"<p>\n\t<span style=\"font-family:Verdana,Geneva,sans-serif\"><strong><span style=\"font-size:16px\">Articles<\/span><\/strong><\/span><\/p>\n<p><strong><em>German<\/em><\/strong><br>H. Conrad, <strong>Smuul, Juhan<\/strong>. \u2013 Handbuch der Sowjetliteratur (1917-1972). Leipzig: Verlag f\u00fcr Buch- und Bibliothekswesen, 1975, pp 488-490.<br>Juhan Smuul, <strong>Aus meinem Leben<\/strong>. \u2013 Sowjetliteratur, Nr. 10, 1968, pp 156-160.<br><em>[s. n.]<\/em>, <strong>Besingen wir unseren heutigen Helden<\/strong>. \u2013 Sowjetliteratur, Nr. 7, 1963, pp 128-134.<br>G. Golyschew, <strong>Mein Zeitgenosse<\/strong>. \u2013 Sowjetliteratur, Nr. 10, 1962, pp 153-160.<br>Lembit Remmelgas, <strong>Juhan Smuul<\/strong>. \u2013 Sowjetliteratur, Nr. 1, 1961, pp 164-169.<br>Leon Toom, <strong>Ein Dichter der estnischen Jugend<\/strong>. \u2013 Sowjetliteratur, Nr. 5, 1957, pp 169-172.<br>\u00a0\n<\/p>\n<p>\n\t<span style=\"font-family: verdana, geneva\"><strong><span style=\"font-size: medium\">Reviews<\/span><\/strong><\/span>\n<\/p>\n<p>\n\t<span style=\"font-family: verdana, geneva\"><strong><em><em><strong>English<\/strong><\/em><\/em><\/strong><br>Maire J. Kurrik,\u00a0<strong><cite>Die Witwe und andere komische Monologe<\/cite>\u00a0by Juhan Smuul<\/strong>. \u2013 Books Abroad, vol 47, no 4, 1973, p 808.<br>Hellar Grabbi,\u00a0<strong><cite>Hea meremeeste hoidja. Proosa<\/cite>\u00a0by Juhan Smuul;\u00a0<cite>Valus valgus. Luuletused. Poeemid. N\u00e4idendid<\/cite>\u00a0by Juhan Smuul<\/strong>. \u2013 Books Abroad, vol 47, no 3, 1973, pp 591-592.<br>Hellar Grabbi,\u00a0<strong><cite>Enne kui saabuvad rebased (Pingviinide elu)<\/cite>\u00a0by Juhan Smuul<\/strong>. \u2013 Books Abroad, vol 43, no 4, 1969, p 630.<br>Mardi Valgem\u00e4e,\u00a0<strong><cite>Muhu monoloogid. Polkovniku lesk<\/cite>\u00a0by Juhan Smuul<\/strong>. \u2013 Books Abroad, vol 43, no 2, 1969, pp 289-290.<\/span>\n<\/p>\n<p>\n\t<span style=\"font-family: verdana, geneva\"><strong><em>German<\/em><\/strong><br>Cornelius Hasselblatt,\u00a0<strong>Juhan Smuul: Kihnu-J\u00f5nn ehk metskapten<\/strong>. \u2013\u00a0Kindlers Literatur Lexikon 3, bd 15.\u00a0Stuttgart, Weimar: Verlag\u00a0J.B. Metzler, 2009, pp 323f.<br>Cornelius Hasselblatt, <strong>Juhan Smuul: Kihnu-J\u00f5nn ehk Metskapten<\/strong>. \u2013 Kindlers Neues Literatur Lexikon, bd 15. M\u00fcnchen: Kindler, 1991, pp 642-643.<br>I.W., <strong>Smuul: Die Witwe<\/strong>. \u2013 Neue Literatur (Bukarest), no 7, 1972. [About \u2018Die Witwe und andere komische Monologe\u2019 (\u2018Muhu monoloogid; Polkovniku lesk\u2026\u2019).]<br>Annelore Weimar, <strong>Schelmereien<\/strong>. \u2013 Wochenpost (Berlin), no 18, 28.4.1972. [About \u2018Die Witwe und andere komische Monologe\u2019 (\u2018Muhu monoloogid; Polkovniku lesk\u2026\u2019).]<br>tag, <strong>Inselgeschichten<\/strong>. \u2013 Norddeutsche Zeitung (Schwerin), 5.5.1972. [About \u2018Die Witwe und andere komische Monologe\u2019 (\u2018Muhu monoloogid; Polkovniku lesk\u2026\u2019).]<br>Inge Rohnstock, <strong>Die Witwe<\/strong>. \u2013 DSF-Journal (Berlin), 1.7.1972. [About \u2018Die Witwe und andere komische Monologe\u2019 (\u2018Muhu monoloogid; Polkovniku lesk\u2026\u2019).]<br>Rada Borel, <strong>Neue B\u00fccher<\/strong>. \u2013 Vorw\u00e4rts (Basel), 20.7.1972, p 5. [About \u2018Die Witwe und andere komische Monologe\u2019 (\u2018Muhu monoloogid; Polkovniku lesk\u2026\u2019).]<br>F.G., <strong>Heiteres von einem Esten<\/strong>. \u2013 Volksstimme (Wien), 29.7.1972. [About \u2018Die Witwe und andere komische Monologe\u2019 (\u2018Muhu monoloogid; Polkovniku lesk\u2026\u2019).]<br>Thadea, <strong>Aus deftiger Realit\u00e4t und krauser Phantasie<\/strong>. \u2013 National Zeitung (Berlin), 26.3.1972. [About \u2018Die Witwe und andere komische Monologe\u2019 (\u2018Muhu monoloogid; Polkovniku lesk\u2026\u2019).]<br>-snh-, <strong>Gegen Spie\u00dfer und Parasiten<\/strong>. \u2013 Liberal-Demokratische Zeitung (Halle\/Saale), 14.3.1972. [About \u2018Die Witwe und andere komische Monologe\u2019 (\u2018Muhu monoloogid; Polkovniku lesk\u2026\u2019).]<br>Hermann Werner Kubsch, <strong>Unter der Leselampe<\/strong>. \u2013 S\u00e4chsische Zeitung (Dresden), 10.3.1972. [About \u2018Die Witwe und andere komische Monologe\u2019 (\u2018Muhu monoloogid; Polkovniku lesk\u2026\u2019).]<br>Ullrich B\u00fcttner, <strong>Einer der es versteht, den neuen Menschen \u2018gro\u00df zu lachen\u2019<\/strong>. \u2013 Schweriner Volkszeitung, 3.3.1972. [About \u2018Die Witwe und andere komische Monologe\u2019 (\u2018Muhu monoloogid; Polkovniku lesk\u2026\u2019).]<br>Helmut Zenker, <strong>Der Lesetipp<\/strong>. \u2013 Freie Welt (Berlin), no 8, 3.2.1972. [About \u2018Die Witwe und andere komische Monologe\u2019 (\u2018Muhu monoloogid; Polkovniku lesk\u2026\u2019).]<br>Gerda Ewald, <strong>Enn Uuetoas Fahrt \u00fcber die Weltmeere. \u201cDer wilde Kapit\u00e4n\u201d von Smuul im Maxim-Gorki-Theater<\/strong>. \u2013 Berliner Zeitung, no 37, 6.2.1968, p 6. [About \u2018Der wilde Kapit\u00e4n\u2019 (\u2018Kihnu-J\u00f5nn ehk metskapten\u2019).]<br>Christoph Funke, <strong>Seereise mit Windstille. \u201cDer wilde Kapit\u00e4n\u201d von Smuul im Maxim Gorki Theater<\/strong>. \u2013 Der Morgen (Berlin), no 31, 6.2.1968, p 2. [About \u2018Der wilde Kapit\u00e4n\u2019 (\u2018Kihnu-J\u00f5nn ehk metskapten\u2019).]<br>Helmut Ullrich, <strong>Seemannsgarn mit ein paar Knoten. \u201cDer wilde Kapit\u00e4n\u201d \u2013 ein Volksst\u00fcck mit Liedern im Maxim Gorki Theater<\/strong>. \u2013 Neue Zeit (Berlin), no 31, 6.2.1968. [About \u2018Der wilde Kapit\u00e4n\u2019 (\u2018Kihnu-J\u00f5nn ehk metskapten\u2019).]<br>-ler, <strong>Seest\u00fcck mit Sp\u00e4\u00dfen. \u201cDer wilde Kapit\u00e4n\u201d von Juhan Smuul im Maxim Gorki Theater<\/strong>. \u2013 Nationalzeitung (Berlin), 7.2.1968. [About \u2018Der wilde Kapit\u00e4n\u2019 (\u2018Kihnu-J\u00f5nn ehk metskapten\u2019).]<br>Rainer Kerndl, <strong>Der Kapit\u00e4n und seine Mannschaft. Deutsche Erstauff\u00fchrung eines estnischen Volksst\u00fccks im Maxim Gorki Theater Berlin<\/strong>. \u2013 Neues Deutschland, 8.2.1968. [About \u2018Der wilde Kapit\u00e4n\u2019 (\u2018Kihnu-J\u00f5nn ehk metskapten\u2019).]<br>G\u00fcnther Bellmann, <strong>Christliche Seefahrt auf dem Trockenen. \u201cDer wilde Kapit\u00e4n\u201d \u2013 deutsche Erstauff\u00fchrung im Maxim-Gorki-Theater<\/strong>. \u2013 Berliner Zeitung am Abend, no 34, 9.2.1968. [About \u2018Der wilde Kapit\u00e4n\u2019 (\u2018Kihnu-J\u00f5nn ehk metskapten\u2019).]<br>Wolfgang Gersch, <strong>Kauzige Poesie aus Estland. \u201cDer wilde Kapit\u00e4n\u201d im Berliner Maxim Gorki Theater<\/strong>. \u2013 Trib\u00fcne (Berlin), 13.2.1968. [About \u2018Der wilde Kapit\u00e4n\u2019 (\u2018Kihnu-J\u00f5nn ehk metskapten\u2019).]<br>Hannes F. Schreiber, <strong>Die ich rief, die Geister\u2026<\/strong>. \u2013 Freie Welt (Berlin), no 13, 1968, pp 28-29. [About \u2018Der wilde Kapit\u00e4n\u2019 (\u2018Kihnu-J\u00f5nn ehk metskapten\u2019).]<br>nn, <strong>Theater-Eule<\/strong>. \u2013 Eulenspiegel, 1.4.1968. [About \u2018Der wilde Kapit\u00e4n\u2019 (\u2018Kihnu-J\u00f5nn ehk metskapten\u2019).]<br>nn, <strong>Der wilde Kapit\u00e4n<\/strong>. \u2013 Neues Leben, no 5, 1968, pp 22-23. [About \u2018Der wilde Kapit\u00e4n\u2019 (\u2018Kihnu-J\u00f5nn ehk metskapten\u2019).]<br>Ingrid Seyfarth, <strong>Berlin. Maxim-Gorki-Theater. Der wilde Kapit\u00e4n von Juhan Smuul<\/strong>. \u2013 Theater der Zeit, no 6, 1968, p 31. [About \u2018Der wilde Kapit\u00e4n\u2019 (\u2018Kihnu-J\u00f5nn ehk metskapten\u2019).]<br>Raddatz, <strong>\u201cDer wilde Kapit\u00e4n\u201d<\/strong>. \u2013 Zeit im Bild 7, 1968. [About \u2018Der wilde Kapit\u00e4n\u2019 (\u2018Kihnu-J\u00f5nn ehk metskapten\u2019).]<br>G.M., <strong>Das Eisbuch<\/strong>. \u2013 Freie Presse (Karl-Marx-Stadt), 8.2.1963. [About \u2018Das Eisbuch\u2019 (\u2018J\u00e4ine raamat\u2019).]<br>Wolfgang Lehmann, <strong>Smuul, Juhan: Das Eisbuch<\/strong>. \u2013 Der Bibliothekar, no 2, 1963, pp 154-156. [About \u2018Das Eisbuch\u2019 (\u2018J\u00e4ine raamat\u2019).]<br>Ewald Thoms, <strong>Land der Verhei\u00dfung. Odyssee auf dem Eis<\/strong>. \u2013 Berliner Zeitung am Abend, 1.12.1962. [About \u2018Das Eisbuch\u2019 (\u2018J\u00e4ine raamat\u2019).]<br>L. Lasarew, <strong>Die Wege, die wir w\u00e4hlen. Juhan Smuuls antarktisches Reisetagebuch<br>\u201cDas Eisbuch\u201d<\/strong>. \u2013 Sowjetwissenschaft. Kunst und Literatur, vol 10, 1961, pp 1093-1098. [About \u2018Das Eisbuch\u2019 (\u2018J\u00e4ine raamat\u2019).]<br>Alexander Kriwizki, <strong>Aus vollem Herzen<\/strong>. \u2013 Sowjetliteratur, no 10, 1961, pp 158-165. [About \u2018Das Eisbuch\u2019 (\u2018J\u00e4ine raamat\u2019).]<br>[s. n.], <strong>Leninpreistr\u00e4ger f\u00fcr das Jahr 1961. Juhan Smuuls Eisbuch<\/strong>. \u2013 Sowjetliteratur, no 6, 1961, p 136. [About \u2018Das Eisbuch\u2019 (\u2018J\u00e4ine raamat\u2019).]<br>Sergej Larin, <strong>Juhan Smuul: Das Buch vom Eis<\/strong>. \u2013 Sowjetliteratur, no\u00a03, 1960, pp 206-208. [About \u2018Das Eisbuch\u2019 (\u2018J\u00e4ine raamat\u2019).]<\/span>\n<\/p>\n<p>\n\t<span style=\"font-family: verdana, geneva\"><strong><em>Hungarian<\/em><\/strong><br>Hary M\u00e1rta, <strong>A r\u00e1di\u00f3 mellett. A zugkapit\u00e1ny c. m\u0171 r\u00e1di\u00f3s v\u00e1ltozat\u00e1r\u00f3l<\/strong>. \u2013 N\u00e9pszava, 10.XI.1982. [About \u2019Kihnu J\u00f5nn\u2019.]<\/span>\n<\/p>\n<p>\n\t<br><span style=\"font-family:Verdana,Geneva,sans-serif\"><strong><span style=\"font-size:16px\">Interviews<\/span><\/strong><\/span><\/p>\n<p><strong><em>German<\/em><\/strong><br>[s. n.], <strong>Gespr\u00e4ch mit Juhan Smuul<\/strong>. \u2013 Sowjetliteratur, Nr. 8, 1960, pp 146-148.<\/p>\n","protected":false},"excerpt":{"rendered":"<p>Articles GermanH. Conrad, Smuul, Juhan. \u2013 Handbuch der Sowjetliteratur (1917-1972). Leipzig: Verlag f\u00fcr Buch- und Bibliothekswesen, 1975, pp 488-490.Juhan Smuul, Aus meinem Leben. \u2013 Sowjetliteratur, Nr. 10, 1968, pp 156-160.[s. n.], Besingen wir unseren heutigen Helden. \u2013 Sowjetliteratur, Nr. 7, &#8230;<\/p>\n","protected":false},"author":43,"featured_media":0,"parent":1706,"menu_order":0,"comment_status":"closed","ping_status":"closed","template":"","meta":{"_acf_changed":false,"inline_featured_image":false,"footnotes":""},"class_list":["post-1710","page","type-page","status-publish","hentry"],"acf":[],"_links":{"self":[{"href":"https:\/\/sisu.ut.ee\/ewod\/wp-json\/wp\/v2\/pages\/1710","targetHints":{"allow":["GET"]}}],"collection":[{"href":"https:\/\/sisu.ut.ee\/ewod\/wp-json\/wp\/v2\/pages"}],"about":[{"href":"https:\/\/sisu.ut.ee\/ewod\/wp-json\/wp\/v2\/types\/page"}],"author":[{"embeddable":true,"href":"https:\/\/sisu.ut.ee\/ewod\/wp-json\/wp\/v2\/users\/43"}],"replies":[{"embeddable":true,"href":"https:\/\/sisu.ut.ee\/ewod\/wp-json\/wp\/v2\/comments?post=1710"}],"version-history":[{"count":1,"href":"https:\/\/sisu.ut.ee\/ewod\/wp-json\/wp\/v2\/pages\/1710\/revisions"}],"predecessor-version":[{"id":3360,"href":"https:\/\/sisu.ut.ee\/ewod\/wp-json\/wp\/v2\/pages\/1710\/revisions\/3360"}],"up":[{"embeddable":true,"href":"https:\/\/sisu.ut.ee\/ewod\/wp-json\/wp\/v2\/pages\/1706"}],"wp:attachment":[{"href":"https:\/\/sisu.ut.ee\/ewod\/wp-json\/wp\/v2\/media?parent=1710"}],"curies":[{"name":"wp","href":"https:\/\/api.w.org\/{rel}","templated":true}]}}