{"id":1699,"date":"2024-04-03T23:41:46","date_gmt":"2024-04-03T20:41:46","guid":{"rendered":"https:\/\/sisu.ut.ee\/ewod\/novels-et-90\/"},"modified":"2024-04-04T00:06:32","modified_gmt":"2024-04-03T21:06:32","slug":"novels","status":"publish","type":"page","link":"https:\/\/sisu.ut.ee\/ewod\/r\/enoraud\/novels\/","title":{"rendered":"Eno Raud &#8211; novels"},"content":{"rendered":"<p><span style=\"font-family: verdana, geneva;font-size: medium\"><strong>Books<\/strong><\/span><\/p>\n<p><span style=\"font-family: verdana, geneva;font-size: small\"><strong><em>Finnish<\/em><br><\/strong><\/span><span style=\"font-family: verdana, geneva;font-size: medium\"><span style=\"font-family: verdana, geneva;font-size: small\"><strong>Puujumala<\/strong>: romaani. Viron kielest\u00e4 suomentanut Jouko Vanhanen; j\u00e4lkisanat: Rein Raud; kansi: Juhani Vesikko. Tampere: LC-Tampere-Mets\u00e4veljet, 1999, 127 pp. [\u2018Puujumal\u2019.]<br><strong>Mets\u00e4veljet<\/strong>: romaani. Suomentanut Samuli Juvonen, Helsinki: Orient Express, 1991, 214 pp. [\u2018Etturid\u2019. Next eds: Tampere: LC Tampere-Mets\u00e4veljet, 1991, 223 pp; Tampere: LC Tampere-Mets\u00e4veljet, 1997, 223 pp; Tampere: LC Tampere-Mets\u00e4veljet, 2000, 223 pp.]<br><\/span><strong><br><\/strong><\/span><\/p>\n<p><span style=\"font-family: verdana, geneva;font-size: medium\"><strong>In anthologies and magazines<\/strong><\/span><\/p>\n<p><span style=\"font-family: verdana, geneva\"><strong><em>Hungarian<\/em><br>A b\u00e1lv\u00e1ny<\/strong>. \u2013\u00a0A b\u00e1lv<span>\u00e1<\/span>ny: mai \u00e9szt kisreg\u00e9nyek.\u00a0Ford\u00edtotta: Bereczki G\u00e1bor, Feh\u00e9rv\u00e1ri Gy\u00f6z\u00f6, K\u00e1lm\u00e1n B\u00e9la, Rab Zsuzsa; a k\u00f6tetet v\u00e1logatta \u00e9s az \u00e9letrajzi jegyzeteket \u00edrta: Feh\u00e9rv\u00e1ri Gy\u00f6z\u00f6.\u00a0Budapest: Eur\u00f3pa, 1973, 541 pp. [Translation of \u2018Puujumal\u2019. Contents of the anthology of novellas: Enn Vetemaa, \u2018Munad Hiina moodi\u2019; Erni Krusten, \u2018Okupatsioon\u2019; Mats Traat, \u2018Tants aurukatla \u00fcmber\u2019; Mati Unt, \u2018Elu v\u00f5imalikkusest kosmoses\u2019; Eno Raud, \u2018Puujumal\u2019; Jaan Kross, \u2018Neli monoloogi P\u00fcha J\u00fcri asjus\u2019.]<\/span><\/p>\n","protected":false},"excerpt":{"rendered":"<p>Books FinnishPuujumala: romaani. Viron kielest\u00e4 suomentanut Jouko Vanhanen; j\u00e4lkisanat: Rein Raud; kansi: Juhani Vesikko. Tampere: LC-Tampere-Mets\u00e4veljet, 1999, 127 pp. [\u2018Puujumal\u2019.]Mets\u00e4veljet: romaani. Suomentanut Samuli Juvonen, Helsinki: Orient Express, 1991, 214 pp. [\u2018Etturid\u2019. Next eds: Tampere: LC Tampere-Mets\u00e4veljet, 1991, 223 pp; Tampere: &#8230;<\/p>\n","protected":false},"author":43,"featured_media":0,"parent":1690,"menu_order":0,"comment_status":"closed","ping_status":"closed","template":"","meta":{"_acf_changed":false,"inline_featured_image":false,"footnotes":""},"class_list":["post-1699","page","type-page","status-publish","hentry"],"acf":[],"_links":{"self":[{"href":"https:\/\/sisu.ut.ee\/ewod\/wp-json\/wp\/v2\/pages\/1699","targetHints":{"allow":["GET"]}}],"collection":[{"href":"https:\/\/sisu.ut.ee\/ewod\/wp-json\/wp\/v2\/pages"}],"about":[{"href":"https:\/\/sisu.ut.ee\/ewod\/wp-json\/wp\/v2\/types\/page"}],"author":[{"embeddable":true,"href":"https:\/\/sisu.ut.ee\/ewod\/wp-json\/wp\/v2\/users\/43"}],"replies":[{"embeddable":true,"href":"https:\/\/sisu.ut.ee\/ewod\/wp-json\/wp\/v2\/comments?post=1699"}],"version-history":[{"count":1,"href":"https:\/\/sisu.ut.ee\/ewod\/wp-json\/wp\/v2\/pages\/1699\/revisions"}],"predecessor-version":[{"id":3383,"href":"https:\/\/sisu.ut.ee\/ewod\/wp-json\/wp\/v2\/pages\/1699\/revisions\/3383"}],"up":[{"embeddable":true,"href":"https:\/\/sisu.ut.ee\/ewod\/wp-json\/wp\/v2\/pages\/1690"}],"wp:attachment":[{"href":"https:\/\/sisu.ut.ee\/ewod\/wp-json\/wp\/v2\/media?parent=1699"}],"curies":[{"name":"wp","href":"https:\/\/api.w.org\/{rel}","templated":true}]}}