{"id":1685,"date":"2024-04-03T23:41:45","date_gmt":"2024-04-03T20:41:45","guid":{"rendered":"https:\/\/sisu.ut.ee\/ewod\/viitol\/"},"modified":"2026-04-07T17:19:31","modified_gmt":"2026-04-07T14:19:31","slug":"viitol","status":"publish","type":"page","link":"https:\/\/sisu.ut.ee\/ewod\/v\/viitol\/","title":{"rendered":"Livia Viitol"},"content":{"rendered":"<figure class=\"wp-block-image alignright size-large is-resized\"><a href=\"https:\/\/sisu.ut.ee\/wp-content\/uploads\/sites\/108\/Liivia-Viitol_alar-madisson-scaled.jpg\"><img loading=\"lazy\" decoding=\"async\" width=\"672\" height=\"1024\" src=\"https:\/\/sisu.ut.ee\/wp-content\/uploads\/sites\/108\/livia-viitol-alar-madisson-vaike-1-672x1024.jpg\" alt=\"\" class=\"wp-image-5622\" style=\"aspect-ratio:0.6562397550155739;width:241px;height:auto\" title=\"Photo: Alar Madisson\" srcset=\"https:\/\/sisu.ut.ee\/wp-content\/uploads\/sites\/108\/livia-viitol-alar-madisson-vaike-1-672x1024.jpg 672w, https:\/\/sisu.ut.ee\/wp-content\/uploads\/sites\/108\/livia-viitol-alar-madisson-vaike-1-197x300.jpg 197w, https:\/\/sisu.ut.ee\/wp-content\/uploads\/sites\/108\/livia-viitol-alar-madisson-vaike-1-768x1170.jpg 768w, https:\/\/sisu.ut.ee\/wp-content\/uploads\/sites\/108\/livia-viitol-alar-madisson-vaike-1.jpg 956w\" sizes=\"auto, (max-width: 672px) 100vw, 672px\"><\/a><\/figure>\n\n\n\n<h5 class=\"wp-block-heading\"><br><a href=\"https:\/\/sisu.ut.ee\/ewod\/v\/viitol\/poems\"><strong><span style=\"font-family: verdana, geneva; font-size: medium;\">Poems<\/span><\/strong><\/a> <\/h5>\n\n\n\n<p><br>Livia Viitol (born 18 December 1953) is an Estonian poet, translator and literary historian.<\/p>\n\n\n\n<p>Viitol was born in Tallinn as the daughter of a veterinarian and a sculptor, attended J\u00f5gisoo Primary School (1960\u20131964) and Tallinn Secondary School No. 10 (1964\u20131971) and studied Estonian philology and Finno-Ugric languages at the University of Tartu (1971\u20131976). From 1976\u20131978, she worked as a proofreader of the <em>Proceedings of the Estonian Academy of Sciences<\/em>, from 1976 to 1992 as proofreader and technical editor of the journal <em>Linguistica Uralica<\/em>. In 1981, she worked as a teacher at Tallinn Evening Secondary School No. 5. From 2001\u20132005, Viitol was chief treasurer of the <a href=\"https:\/\/sisu.ut.ee\/ewod\/v\/eduardvilde\/\" data-type=\"page\" data-id=\"1945\">Eduard Vilde<\/a> and <a href=\"https:\/\/sisu.ut.ee\/ewod\/t\/tammsaare\/\" data-type=\"page\" data-id=\"1994\">A. H. Tammsaare<\/a> House Museum in Tallinn, and from 2003\u20132005 its acting director. From 1993\u20132001, and since 2005, she has been a freelancer, in the current century working mainly for the Libri Livoniae publishing company and contributing to translating of literature from Latvian and Livonian into Estonian. Viitol has been a member of the Estonian Writers\u2019 Union since 2006.<\/p>\n\n\n\n<p>Viitol\u2019s first short story was published in 1973 in the newspaper of the University of Tartu. Since 1988, her work has been published in the journals <em>Vikerkaar<\/em> and <em>Looming<\/em> and the newspapers <em>Sirp<\/em> and <em>Maaleht<\/em>; interviews, articles and book reviews have also appeared in several other newspapers, e.g., <em>Hommikuleht<\/em>, <em>P\u00e4evaleht<\/em> and <em>Postimees<\/em>.<\/p>\n\n\n\n<p>She has published five poetry collections (the first of them, entitled <em>P\u00e4\u00e4l ja sees<\/em> (\u2018On and In\u2019, 1991), contained emotional and thoughtful lyrical poetry in free verse; the latest, published in 2020, has been described as melancholic), one children\u2019s book \u2014 <em>Ilmakoer Muki<\/em> (\u2018Forsaken Dog Muki\u2019, 2000) and one collection of stories. Her short story <em>\u00d5petajanna saabumine<\/em> (\u2018The Arrival of the Schoolmistress\u2019) was published in the collection <em>Eesti novell 2020<\/em> (\u2018Estonian Short Story 2020\u2019) and won the <a href=\"https:\/\/sisu.ut.ee\/ewod\/t\/friedeberttuglas\/\" data-type=\"page\" data-id=\"1981\">Friedebert Tuglas<\/a> Short Story Prize. Viitol\u2019s poetry has been translated into English and Latvian.<\/p>\n\n\n\n<p>A significant part of her life\u2019s work is the nearly 400-page monograph on Eduard Vilde (2012), for which she received the Eduard Vilde Prize in Literature. Another literary study, <em>Kaks muusat<\/em> (\u2018Two Muses\u2019, 2025), which includes the biography, diary, and correspondences of Liidia Tuulse, was awarded a scholarship from the Ivar Ivask Memorial Fund of the Estonian National Culture Foundation.<\/p>\n\n\n\n<p>From Latvian, Viitol has translated the texts by Juris Kronbergs, Nora Ikstena, Aleksandrs \u010caks and Valent\u012bns J\u0101kobsons, which have appeared both as books and in periodicals, especially in the journal <em>Looming.<\/em> In addition, she has written introductions and afterwords to Latvian literary works and in 2008 delivered a series of lectures on Latvian literature at the National Library of Estonia together with Guntars Godin\u0161. She has also prepared an exhibition on Hungary\u2019s literary relations with Estonia (together with the Estonian Institute, 2009).<\/p>\n\n\n\n<p>In 2000, she received the annual award of the newspaper <em>Sirp<\/em> for mission-sensitive journalism and poetry, in 2017 the Estonian-Latvian language award for translating of <a href=\"https:\/\/sisu.ut.ee\/ewod\/i\/ivask\/\" data-type=\"page\" data-id=\"2085\">Ivask<\/a> and Jakobsons, and in 2019 the 5th class of the Latvian Cross of Recognition.<\/p>\n\n\n\n<p><em>M. K. (Translated by I. A.)<\/em><\/p>\n\n\n\n<h5 class=\"wp-block-heading\"><br><strong>Books in Estonian<\/strong><\/h5>\n\n\n\n<p><em><strong>Poems<\/strong><\/em><br><strong>P\u00e4\u00e4l ja sees. <\/strong>Tallinn, 1991, 72 lk.<br><strong>L\u00e4ti p\u00e4\u00e4suke. <\/strong>Riia: Petergailis, 2002, 72 lk.<br><strong>Ajalootund. <\/strong>Tallinn: Eesti Raamat, 2009, 63 lk.<br><strong>Ebavere m\u00e4el. <\/strong>Tallinn: Libri Livoniae, 2018, 80 lk.<br><strong>Suur suleaeg. <\/strong>Tallinn: Libri Livoniae, 2020, 79 lk.<\/p>\n\n\n\n<p><em><strong>Children\u2019s literature<\/strong><\/em><br><strong>Ilmakoer Muki. <\/strong>Tallinn: Koolibri, 2000, 64 lk.<\/p>\n\n\n\n<p><em><strong>Prose<\/strong><\/em><br><strong>Jutte ja novelle. <\/strong>Tallinn: Libri Livoniae, 2014, 136 lk.<\/p>\n\n\n\n<p><em><strong>Monographs and research<\/strong><\/em><br><strong>Eduard Vilde. <\/strong>Tallinn: T\u00e4nap\u00e4ev, 2012, 375 lk.<br><strong>Kaks muusat. V\u00e4liseesti luuletaja Liidia Tuulse (1912\u20132012) elulugu, 1960. aastate p\u00e4evik, kirjavahetused Bernard Kangro, \u00d5ie Fleigi ja Marie Underiga<\/strong>. Tallinn: T\u00e4nap\u00e4ev, 2025, 656 lk.<\/p>\n","protected":false},"excerpt":{"rendered":"<p>Poems Livia Viitol (born 18 December 1953) is an Estonian poet, translator and literary historian. Viitol was born in Tallinn as the daughter of a veterinarian and a sculptor, attended J\u00f5gisoo Primary School (1960\u20131964) and Tallinn Secondary School No. 10 &#8230;<\/p>\n","protected":false},"author":43,"featured_media":0,"parent":733,"menu_order":0,"comment_status":"closed","ping_status":"closed","template":"","meta":{"_acf_changed":false,"inline_featured_image":false,"footnotes":""},"class_list":["post-1685","page","type-page","status-publish","hentry"],"acf":[],"_links":{"self":[{"href":"https:\/\/sisu.ut.ee\/ewod\/wp-json\/wp\/v2\/pages\/1685","targetHints":{"allow":["GET"]}}],"collection":[{"href":"https:\/\/sisu.ut.ee\/ewod\/wp-json\/wp\/v2\/pages"}],"about":[{"href":"https:\/\/sisu.ut.ee\/ewod\/wp-json\/wp\/v2\/types\/page"}],"author":[{"embeddable":true,"href":"https:\/\/sisu.ut.ee\/ewod\/wp-json\/wp\/v2\/users\/43"}],"replies":[{"embeddable":true,"href":"https:\/\/sisu.ut.ee\/ewod\/wp-json\/wp\/v2\/comments?post=1685"}],"version-history":[{"count":11,"href":"https:\/\/sisu.ut.ee\/ewod\/wp-json\/wp\/v2\/pages\/1685\/revisions"}],"predecessor-version":[{"id":7932,"href":"https:\/\/sisu.ut.ee\/ewod\/wp-json\/wp\/v2\/pages\/1685\/revisions\/7932"}],"up":[{"embeddable":true,"href":"https:\/\/sisu.ut.ee\/ewod\/wp-json\/wp\/v2\/pages\/733"}],"wp:attachment":[{"href":"https:\/\/sisu.ut.ee\/ewod\/wp-json\/wp\/v2\/media?parent=1685"}],"curies":[{"name":"wp","href":"https:\/\/api.w.org\/{rel}","templated":true}]}}