{"id":1681,"date":"2024-04-03T23:41:44","date_gmt":"2024-04-03T20:41:44","guid":{"rendered":"https:\/\/sisu.ut.ee\/ewod\/poems-et-242\/"},"modified":"2024-04-04T00:06:35","modified_gmt":"2024-04-03T21:06:35","slug":"poems","status":"publish","type":"page","link":"https:\/\/sisu.ut.ee\/ewod\/p\/poldmae\/poems\/","title":{"rendered":"Asta P\u00f5ldm\u00e4e &#8211; poems"},"content":{"rendered":"<p><span style=\"font-size: medium\"><strong><span style=\"font-family: verdana, geneva\">Books<\/span><\/strong><\/span><\/p>\n<p><em><strong><span style=\"font-family: verdana, geneva\">Finnish<\/span><\/strong><\/em><br><span style=\"font-family: verdana, geneva\"><strong>Kirjeit\u00e4 p\u00e4\u00e4skysille<\/strong>. Translated by Raija H\u00e4m\u00e4l\u00e4inen. Tallinn: NyNorden, 2011, 117 pp.\u00a0[\u2018Kirjad p\u00e4\u00e4sukestele\u2019, prose poems.]<\/span><\/p>\n<p><span style=\"font-family: verdana, geneva\"><strong><em>Russian<\/em><\/strong><br><strong>\u041f\u0438\u0441\u044c\u043c\u0430 \u043b\u0430\u0441\u0442\u043e\u0447\u043a\u0430\u043c<\/strong>. Translated by Marina Tervonen. Tallinn: Eesti Kultuurikeskus \u201cVene Ents\u00fcklopeedia\u201d, 2011, 136 pp.\u00a0<span>[<span>\u2018Kirjad p\u00e4\u00e4sukestele\u2019, prose poems.<\/span>]\u00a0<\/span><br><\/span><\/p>\n","protected":false},"excerpt":{"rendered":"<p>Books FinnishKirjeit\u00e4 p\u00e4\u00e4skysille. Translated by Raija H\u00e4m\u00e4l\u00e4inen. Tallinn: NyNorden, 2011, 117 pp.\u00a0[\u2018Kirjad p\u00e4\u00e4sukestele\u2019, prose poems.] Russian\u041f\u0438\u0441\u044c\u043c\u0430 \u043b\u0430\u0441\u0442\u043e\u0447\u043a\u0430\u043c. Translated by Marina Tervonen. Tallinn: Eesti Kultuurikeskus \u201cVene Ents\u00fcklopeedia\u201d, 2011, 136 pp.\u00a0[\u2018Kirjad p\u00e4\u00e4sukestele\u2019, prose poems.]\u00a0<\/p>\n","protected":false},"author":43,"featured_media":0,"parent":664,"menu_order":0,"comment_status":"closed","ping_status":"closed","template":"","meta":{"_acf_changed":false,"inline_featured_image":false,"footnotes":""},"class_list":["post-1681","page","type-page","status-publish","hentry"],"acf":[],"_links":{"self":[{"href":"https:\/\/sisu.ut.ee\/ewod\/wp-json\/wp\/v2\/pages\/1681","targetHints":{"allow":["GET"]}}],"collection":[{"href":"https:\/\/sisu.ut.ee\/ewod\/wp-json\/wp\/v2\/pages"}],"about":[{"href":"https:\/\/sisu.ut.ee\/ewod\/wp-json\/wp\/v2\/types\/page"}],"author":[{"embeddable":true,"href":"https:\/\/sisu.ut.ee\/ewod\/wp-json\/wp\/v2\/users\/43"}],"replies":[{"embeddable":true,"href":"https:\/\/sisu.ut.ee\/ewod\/wp-json\/wp\/v2\/comments?post=1681"}],"version-history":[{"count":1,"href":"https:\/\/sisu.ut.ee\/ewod\/wp-json\/wp\/v2\/pages\/1681\/revisions"}],"predecessor-version":[{"id":3402,"href":"https:\/\/sisu.ut.ee\/ewod\/wp-json\/wp\/v2\/pages\/1681\/revisions\/3402"}],"up":[{"embeddable":true,"href":"https:\/\/sisu.ut.ee\/ewod\/wp-json\/wp\/v2\/pages\/664"}],"wp:attachment":[{"href":"https:\/\/sisu.ut.ee\/ewod\/wp-json\/wp\/v2\/media?parent=1681"}],"curies":[{"name":"wp","href":"https:\/\/api.w.org\/{rel}","templated":true}]}}