{"id":1678,"date":"2024-04-03T23:41:44","date_gmt":"2024-04-03T20:41:44","guid":{"rendered":"https:\/\/sisu.ut.ee\/ewod\/berk\/"},"modified":"2024-04-04T00:06:34","modified_gmt":"2024-04-03T21:06:34","slug":"berk","status":"publish","type":"page","link":"https:\/\/sisu.ut.ee\/ewod\/v\/berk\/","title":{"rendered":"Berk Vaher"},"content":{"rendered":"<p>\n\t<a href=\"https:\/\/sisu.ut.ee\/ewod\/v\/berk\/stories\"><strong><span style=\"font-size: medium;font-family: verdana,geneva\">Short stories<\/span><\/strong><\/a><strong><span style=\"font-size: medium;font-family: verdana,geneva\"> <\/span><\/strong><span style=\"font-size: medium;font-family: verdana,geneva\"><a href=\"https:\/\/sisu.ut.ee\/wp-content\/uploads\/sites\/108\/berk_alar_madisson.jpg\" target=\"_self\" rel=\"noopener\"><img decoding=\"async\" alt=\"Berk Vaher\" src=\"https:\/\/sisu.ut.ee\/wp-content\/uploads\/sites\/108\/berk_vaike_alar_madisson.jpg\" style=\"float: right;width: 200px;height: 302px\" title=\"Photo: Alar Madisson\"><\/a><\/span>\n<\/p>\n<p>\n\t<a href=\"https:\/\/sisu.ut.ee\/ewod\/v\/berk\/about\"><strong><span style=\"font-size: medium;font-family: verdana,geneva\">About Berk Vaher<\/span><\/strong><\/a>\n<\/p>\n<p>\u00a0\n<\/p>\n<p>\n\t<span style=\"color:#000000\"><span style=\"font-size:13px\"><span style=\"font-family:Verdana,Geneva,sans-serif\">Berk Vaher (born 30 June 1975) is a writer and critic.<\/span><\/span><\/span>\n<\/p>\n<p>\n\t<span style=\"color:#000000\"><span style=\"font-size:13px\"><span style=\"font-family:Verdana,Geneva,sans-serif\">Vaher was born in Kohtla-J\u00e4rve. He attended school in Viljandi studied English philology at the University of Tartu. Vaher acquired a master\u2019s degree at Warwick University in the UK; his master\u2019s thesis dealt with British subcultures. Vaher was a doctoral student of semiotics and a lecturer at the Department of English at the University of Tartu. He has been a member of the Estonian Writers\u2019 Union from 2002, from 2005 (with an interval from 2011\u20132014) chairman of its Tartu department. He belongs to the grouping Erakkond. He has been awarded the title of Tartu Bearer of Culture (2003, 2005), Juri Lotman stipend (2008) and Ants Oras Literary Criticism Prize (2017).<\/span><\/span><\/span>\n<\/p>\n<p>\n\t<span style=\"color:#000000\"><span style=\"font-size:13px\"><span style=\"font-family:Verdana,Geneva,sans-serif\">Vaher entered literature in the second half of the 1990s; his debut book, the short prose collection <em>Pilved asfaldile<\/em> (\u2018Clouds onto Asphalt\u2019, 2000) stood out with eloquent descriptions of moods and states of mind and abundant images. As characteristic of Vaher, the plot remains in the background; an essential role belongs to dreams and rich intellectual games with the text and texts. For example, the collection <em>Kaval kuuldavus<\/em> (\u2018Cunning Audibility\u2019, 2001) is a complex example of inter- and metatextual connections to which games with punctuation and text formatting are added. In the short story collection <em>Sekeldaja p\u00e4evad<\/em> (\u2018Busybody\u2019s Days\u2019, 2004), the author is recognisable as the main character of several stories; the themes are mainly intellectual. Vaher\u2019s works are methodically composed. A telling example of postmodernist games with language, words, images and meanings is, for example, the novel <em>Lugulaul<\/em> (\u2018Epic Song\u2019, 2002). As characteristic of the author, it presumes an equally erudite reader. His prose books include texts in verse; the separate poetry collection <em>Silmanurga taga<\/em> (\u2018Behind the Corner of the Eye\u2019, 2018) is also based on intellectual and intertextual games with language, texts and meanings.<\/span><\/span><\/span>\n<\/p>\n<p>\n\t<span style=\"color:#000000\"><span style=\"font-size:13px\"><span style=\"font-family:Verdana,Geneva,sans-serif\">Articles on literary criticism and interpretation of literature have been collected into the book <em>S\u00f5nastamatu lend s\u00f5nades<\/em> (\u2018Unwordable Flight in Words\u2019, 2014) where the central place belongs to the treatments of <\/span><\/span><\/span><span style=\"font-size:13px\"><span style=\"font-family:Verdana,Geneva,sans-serif\"><a data-url=\"https:\/\/sisu.ut.ee\/ewod\/m\/mikita\" href=\"https:\/\/sisu.ut.ee\/ewod\/m\/mikita\" title=\"\">Valdur Mikita<\/a><\/span><\/span><span style=\"color:#000000\"><span style=\"font-size:13px\"><span style=\"font-family:Verdana,Geneva,sans-serif\">, <\/span><\/span><\/span><span style=\"font-size:13px\"><span style=\"font-family:Verdana,Geneva,sans-serif\"><a data-url=\"https:\/\/sisu.ut.ee\/ewod\/h\/mehisheinsaar\" href=\"https:\/\/sisu.ut.ee\/ewod\/h\/mehisheinsaar\" title=\"\">Mehis Heinsaar<\/a><\/span><\/span><span style=\"color:#000000\"><span style=\"font-size:13px\"><span style=\"font-family:Verdana,Geneva,sans-serif\">, <\/span><\/span><\/span><span style=\"font-size:13px\"><span style=\"font-family:Verdana,Geneva,sans-serif\"><a data-url=\"https:\/\/sisu.ut.ee\/ewod\/oe\/ounapuu\" href=\"https:\/\/sisu.ut.ee\/ewod\/oe\/ounapuu\" title=\"\">Ervin \u00d5unapuu<\/a><\/span><\/span><span style=\"color:#000000\"><span style=\"font-size:13px\"><span style=\"font-family:Verdana,Geneva,sans-serif\"> and <\/span><\/span><\/span><span style=\"font-size:13px\"><span style=\"font-family:Verdana,Geneva,sans-serif\"><a data-url=\"https:\/\/sisu.ut.ee\/ewod\/b\/baturin\" href=\"https:\/\/sisu.ut.ee\/ewod\/b\/baturin\" title=\"\">Nikolai Baturin<\/a><\/span><\/span><span style=\"color:#000000\"><span style=\"font-size:13px\"><span style=\"font-family:Verdana,Geneva,sans-serif\">.<\/span><\/span><\/span>\n<\/p>\n<p>\n\t<span style=\"color:#000000\"><span style=\"font-size:13px\"><span style=\"font-family:Verdana,Geneva,sans-serif\">Berk Vaher has been one of the most active promoters of experimental culture in Estonia. In 2002, he founded the avant-garde journal <em>Vihik<\/em> and, in 2004, the experimental culture festival Eclectica. He has done radio broadcasts (e.g., the literature programme <em>Spiikker<\/em>), been one of the initiators of the PrimaVista literature festival, written music and acted as a DJ. An example of this line is also the book <em>M\u00fc\u00fcmata naer<\/em> (\u2018Unsold Laughter\u2019, 2006) about talks with the singer-songwriter T\u00f5nis M\u00e4gi. Vaher was also one of the key persons in achieving the title of Culture Capital of Europe for Tartu in 2024.<\/span><\/span><\/span>\n<\/p>\n<p>\n\t<em><span style=\"color:#000000\"><span style=\"font-size:13px\"><span style=\"font-family:Verdana,Geneva,sans-serif\">A. K. (Translated by I. A.)<\/span><\/span><\/span><\/em>\n<\/p>\n<p><strong><span style=\"font-size:16px\"><span style=\"color:#000000\"><span style=\"font-family:Verdana,Geneva,sans-serif\">Books in Estonian<\/span><\/span><\/span><\/strong>\n<\/p>\n<p>\n\t<span style=\"color:#000000\"><span style=\"font-size:13px\"><span style=\"font-family:Verdana,Geneva,sans-serif\"><strong><em>Novels<\/em><\/strong><br><strong>Lugulaul<\/strong>. Tartu: Erakkond, 2002, 383 lk<\/span><\/span><\/span>\n<\/p>\n<p>\n\t<span style=\"color:#000000\"><span style=\"font-size:13px\"><span style=\"font-family:Verdana,Geneva,sans-serif\"><strong><em>Poetry<\/em><\/strong><br><strong>Kaval kuuldavus<\/strong>: luuletused ja l\u00fchijutud. Tallinn: Erakkond, 2001, 106 lk<br><strong>Silmanurga taga<\/strong>. Tartu: Elusamus, 2018, 54 lk<\/span><\/span><\/span>\n<\/p>\n<p>\n\t<span style=\"color:#000000\"><span style=\"font-size:13px\"><span style=\"font-family:Verdana,Geneva,sans-serif\"><strong><em>Short prose<\/em><\/strong><br><strong>Pilved asfaldile<\/strong>: jutte ja muidujutte 1993-1999. Tartu: Erakkond, 2000, 105 lk<br><strong>Kaval kuuldavus<\/strong>: luuletused ja l\u00fchijutud. Tallinn: Erakkond, 2001, 106 lk<br><strong>Sekeldaja p\u00e4evad<\/strong>: novellid. Tallinn: Tuum, 2004, 136 lk<\/span><\/span><\/span>\n<\/p>\n<p>\n\t<span style=\"color:#000000\"><span style=\"font-size:13px\"><span style=\"font-family:Verdana,Geneva,sans-serif\"><strong><em>Miscellaneous<\/em><\/strong><br>T\u00f5nis M\u00e4gi, Berk Vaher, <strong>M\u00fc\u00fcmata naer<\/strong>. Tallinn: Ilo, 2006, 208 lk<br><strong>S\u00f5nastamatu lend s\u00f5nades: kirjutisi kirjandusest. I<\/strong>. Tallinn: Eesti Keele Sihtasutus, 2014, 310 lk<\/span><\/span><\/span><\/p>\n","protected":false},"excerpt":{"rendered":"<p>Short stories About Berk Vaher \u00a0 Berk Vaher (born 30 June 1975) is a writer and critic. Vaher was born in Kohtla-J\u00e4rve. He attended school in Viljandi studied English philology at the University of Tartu. Vaher acquired a master\u2019s degree &#8230;<\/p>\n","protected":false},"author":43,"featured_media":0,"parent":733,"menu_order":0,"comment_status":"closed","ping_status":"closed","template":"","meta":{"_acf_changed":false,"inline_featured_image":false,"footnotes":""},"class_list":["post-1678","page","type-page","status-publish","hentry"],"acf":[],"_links":{"self":[{"href":"https:\/\/sisu.ut.ee\/ewod\/wp-json\/wp\/v2\/pages\/1678","targetHints":{"allow":["GET"]}}],"collection":[{"href":"https:\/\/sisu.ut.ee\/ewod\/wp-json\/wp\/v2\/pages"}],"about":[{"href":"https:\/\/sisu.ut.ee\/ewod\/wp-json\/wp\/v2\/types\/page"}],"author":[{"embeddable":true,"href":"https:\/\/sisu.ut.ee\/ewod\/wp-json\/wp\/v2\/users\/43"}],"replies":[{"embeddable":true,"href":"https:\/\/sisu.ut.ee\/ewod\/wp-json\/wp\/v2\/comments?post=1678"}],"version-history":[{"count":1,"href":"https:\/\/sisu.ut.ee\/ewod\/wp-json\/wp\/v2\/pages\/1678\/revisions"}],"predecessor-version":[{"id":3399,"href":"https:\/\/sisu.ut.ee\/ewod\/wp-json\/wp\/v2\/pages\/1678\/revisions\/3399"}],"up":[{"embeddable":true,"href":"https:\/\/sisu.ut.ee\/ewod\/wp-json\/wp\/v2\/pages\/733"}],"wp:attachment":[{"href":"https:\/\/sisu.ut.ee\/ewod\/wp-json\/wp\/v2\/media?parent=1678"}],"curies":[{"name":"wp","href":"https:\/\/api.w.org\/{rel}","templated":true}]}}