{"id":1667,"date":"2024-04-03T23:41:43","date_gmt":"2024-04-03T20:41:43","guid":{"rendered":"https:\/\/sisu.ut.ee\/ewod\/fagira\/"},"modified":"2024-04-04T00:06:36","modified_gmt":"2024-04-03T21:06:36","slug":"fagira","status":"publish","type":"page","link":"https:\/\/sisu.ut.ee\/ewod\/m\/fagira\/","title":{"rendered":"Fagira D. Morti"},"content":{"rendered":"<p>\n\t<a href=\"https:\/\/sisu.ut.ee\/ewod\/m\/fagira\/poems\"><strong><span style=\"font-family: verdana, geneva;font-size: medium\">Poems<\/span><\/strong><\/a><span style=\"font-size:13px\"><span style=\"font-family:Verdana,Geneva,sans-serif\"><a href=\"https:\/\/sisu.ut.ee\/wp-content\/uploads\/sites\/108\/fagiradmorti.jpg\" target=\"_self\" rel=\"noopener\"><img decoding=\"async\" alt=\"Fagira D. Morti\" src=\"https:\/\/sisu.ut.ee\/wp-content\/uploads\/sites\/108\/fagiradmorti.jpg\" style=\"float: right;width: 250px;height: 302px\" title=\"Photo: Birgit P\u00fcve\"><\/a><\/span><\/span><\/p>\n<p>\u00a0\n<\/p>\n<p class=\"western\" style=\"margin-bottom:0.08in\">\n<\/p><p><span style=\"color:#000000\"><span style=\"font-size:13px\"><span style=\"font-family:Verdana,Geneva,sans-serif\"><span style=\"line-height:150%\"><font style=\"12pt\">Fagira D. Morti (as a critic, uses her real name Margit Adorf, b. 14 February 1974) is a poet and critic. <\/font><\/span><\/span><\/span><\/span>\n<\/p>\n<p class=\"western\" style=\"margin-bottom:0.08in\">\n\t<span style=\"color:#000000\"><span style=\"font-size:13px\"><span style=\"font-family:Verdana,Geneva,sans-serif\"><span style=\"line-height:150%\"><font style=\"12pt\">She was born and studied in Tallinn, including at Estonian Business School, has worked for different press publications, been a freelance translator. Together with Jan Kaus, Kalju Kruusa and Juku-Kalle Raid she belonged to the grouping \u00d5igem Valem and published poems in the grouping\u2019s collections <em>\u00d5igem valem<\/em> [\u2018Righter Wronger\u2019, or \u2018Righter Formula\u2019, 2000] and <em>Enam v\u00e4hem<\/em> [\u2018More Less\u2019, or \u2018So-so\u2019, 2003].<\/font><\/span><\/span><\/span><\/span>\n<\/p>\n<p class=\"western\" style=\"margin-bottom:0.08in\">\n\t<span style=\"color:#000000\"><span style=\"font-size:13px\"><span style=\"font-family:Verdana,Geneva,sans-serif\"><span style=\"line-height:150%\"><font style=\"12pt\">Margit Adorf is known as a sharp-tongued and witty literary and film critic who considers tension and impressiveness of the text essential. In her poetry, she also stands out with her dramatic notes and irony, although, with years, her poetry has calmed down somewhat. She is known for her pictographic, mostly goblet-shaped poems. An overview of her creation can be obtained from the collection <i>P\u00f6\u00f6rane kiskjaloom<\/i> (\u2018Crazy Predatory Animal\u2019, 2018) which includes both earlier published and new poems. It contains free verse, haikus and goblet-shaped poems characteristic of Fagira D. Morti. A transversal theme of her poetry is love.<\/font><\/span><\/span><\/span><\/span>\n<\/p>\n<p class=\"western\" style=\"margin-bottom:0.08in\">\n\t<span style=\"color:#000000\"><span style=\"font-size:13px\"><span style=\"font-family:Verdana,Geneva,sans-serif\"><span style=\"line-height:150%\"><font style=\"12pt\"><i>A. K. (Translated by I. A.)<\/i><\/font><\/span><\/span><\/span><\/span>\n<\/p>\n<p class=\"western\" style=\"margin-bottom:0.08in\" align=\"justify\">\n<\/p><p><span style=\"color:#000000\"><span style=\"font-size:16px\"><span style=\"font-family:Verdana,Geneva,sans-serif\"><span style=\"line-height:150%\"><font style=\"12pt\"><b>Books in Estonian<\/b><\/font><\/span><\/span><\/span><\/span>\n<\/p>\n<p class=\"western\" style=\"margin-bottom:0.08in\" align=\"justify\">\n\t<span style=\"color:#000000\"><span style=\"font-size:13px\"><span style=\"font-family:Verdana,Geneva,sans-serif\"><span style=\"line-height:150%\"><font style=\"12pt\"><em><b>Poetry collections<\/b><\/em><br><strong>Libamaailm: luuletused 1991-1995<\/strong>. Tallinn, 1995, 83 lk.<br><strong>Normaalsuse etalon<\/strong>. Tallinn: \u00d5igem Valem, 2001, 61 lk.<br><strong>P\u00f6\u00f6rane kiskjaloom<\/strong>. Tallinn: Tuum, 2018, 91 lk.<\/font><\/span><\/span><\/span><\/span><\/p>\n","protected":false},"excerpt":{"rendered":"<p>Poems \u00a0 Fagira D. Morti (as a critic, uses her real name Margit Adorf, b. 14 February 1974) is a poet and critic. She was born and studied in Tallinn, including at Estonian Business School, has worked for different press &#8230;<\/p>\n","protected":false},"author":43,"featured_media":0,"parent":642,"menu_order":0,"comment_status":"closed","ping_status":"closed","template":"","meta":{"_acf_changed":false,"inline_featured_image":false,"footnotes":""},"class_list":["post-1667","page","type-page","status-publish","hentry"],"acf":[],"_links":{"self":[{"href":"https:\/\/sisu.ut.ee\/ewod\/wp-json\/wp\/v2\/pages\/1667","targetHints":{"allow":["GET"]}}],"collection":[{"href":"https:\/\/sisu.ut.ee\/ewod\/wp-json\/wp\/v2\/pages"}],"about":[{"href":"https:\/\/sisu.ut.ee\/ewod\/wp-json\/wp\/v2\/types\/page"}],"author":[{"embeddable":true,"href":"https:\/\/sisu.ut.ee\/ewod\/wp-json\/wp\/v2\/users\/43"}],"replies":[{"embeddable":true,"href":"https:\/\/sisu.ut.ee\/ewod\/wp-json\/wp\/v2\/comments?post=1667"}],"version-history":[{"count":1,"href":"https:\/\/sisu.ut.ee\/ewod\/wp-json\/wp\/v2\/pages\/1667\/revisions"}],"predecessor-version":[{"id":3408,"href":"https:\/\/sisu.ut.ee\/ewod\/wp-json\/wp\/v2\/pages\/1667\/revisions\/3408"}],"up":[{"embeddable":true,"href":"https:\/\/sisu.ut.ee\/ewod\/wp-json\/wp\/v2\/pages\/642"}],"wp:attachment":[{"href":"https:\/\/sisu.ut.ee\/ewod\/wp-json\/wp\/v2\/media?parent=1667"}],"curies":[{"name":"wp","href":"https:\/\/api.w.org\/{rel}","templated":true}]}}