{"id":1662,"date":"2024-04-03T23:41:42","date_gmt":"2024-04-03T20:41:42","guid":{"rendered":"https:\/\/sisu.ut.ee\/ewod\/novels-et-86\/"},"modified":"2024-04-04T00:06:38","modified_gmt":"2024-04-03T21:06:38","slug":"novels","status":"publish","type":"page","link":"https:\/\/sisu.ut.ee\/ewod\/r\/rannamaa\/novels\/","title":{"rendered":"Silvia Rannamaa &#8211; novels"},"content":{"rendered":"<p><span style=\"font-size: medium\"><strong><span style=\"font-family: verdana, geneva\">Books<\/span><\/strong><\/span><\/p>\n<p><em><strong><span style=\"font-family: verdana, geneva;font-size: small\">Czech<\/span><\/strong><\/em><br><span style=\"font-family: verdana, geneva;font-size: small\"><strong>Kadri a labute: den\u00edk devcete<\/strong>. P\u0159elo\u017eil Vladim\u00edr Macura. Praha: Albatros, 1979, 124 pp. [\u2019Kadri. Kasuema\u2019.]<\/span><\/p>\n<p><\/p>\n<p><strong><span style=\"font-family: verdana, geneva;font-size: medium\">In anthologies and magazines<\/span><\/strong><\/p>\n<p><span style=\"font-family: verdana, geneva;font-size: small\"><em><strong>Russian<\/strong><\/em><br>\u0421\u0438\u043b\u044c\u0432\u0438\u044f \u0420\u0430\u043d\u043d\u0430\u043c\u0430\u0430,<strong> \u041f\u0440\u0438\u0435\u043c\u043d\u0430\u044f \u043c\u0430\u0442\u044c<\/strong>. \u2013 \u0412\u043e \u0438\u043c\u044f \u0434\u0440\u0443\u0436\u0431\u044b: A\u043d\u0442\u043e\u043b\u043e\u0433\u0438\u044f \u0441\u043e\u0432\u0440\u0435\u043c\u0435\u043d\u043d\u043e\u0439 \u0434\u0435\u0442\u0441\u043a\u043e\u0439 \u043f\u0440\u043e\u0437\u044b. \u0422\u043e\u043c 1-2. \u0421\u043e\u0441\u0442\u0430\u0432\u0438\u0442\u0435\u043b\u044c \u0410. \u042f\u0430\u043a\u0441\u043e\u043e. \u0422\u0430\u043b\u043b\u0438\u043d\u043d: \u042d\u044d\u0441\u0442\u0438 \u0440\u0430\u0430\u043c\u0430\u0442, 1975, 402+424 pp. [\u2019Kasuema\u2019, excerpt. See <strong><a href=\"https:\/\/sisu.ut.ee\/ewod\/anthologies\/detskajaproza\">contents<\/a><\/strong> of the anthology.]<br><\/span><\/p>\n","protected":false},"excerpt":{"rendered":"<p>Books CzechKadri a labute: den\u00edk devcete. P\u0159elo\u017eil Vladim\u00edr Macura. Praha: Albatros, 1979, 124 pp. [\u2019Kadri. Kasuema\u2019.] In anthologies and magazines Russian\u0421\u0438\u043b\u044c\u0432\u0438\u044f \u0420\u0430\u043d\u043d\u0430\u043c\u0430\u0430, \u041f\u0440\u0438\u0435\u043c\u043d\u0430\u044f \u043c\u0430\u0442\u044c. \u2013 \u0412\u043e \u0438\u043c\u044f \u0434\u0440\u0443\u0436\u0431\u044b: A\u043d\u0442\u043e\u043b\u043e\u0433\u0438\u044f \u0441\u043e\u0432\u0440\u0435\u043c\u0435\u043d\u043d\u043e\u0439 \u0434\u0435\u0442\u0441\u043a\u043e\u0439 \u043f\u0440\u043e\u0437\u044b. \u0422\u043e\u043c 1-2. \u0421\u043e\u0441\u0442\u0430\u0432\u0438\u0442\u0435\u043b\u044c \u0410. \u042f\u0430\u043a\u0441\u043e\u043e. \u0422\u0430\u043b\u043b\u0438\u043d\u043d: \u042d\u044d\u0441\u0442\u0438 \u0440\u0430\u0430\u043c\u0430\u0442, &#8230;<\/p>\n","protected":false},"author":43,"featured_media":0,"parent":1658,"menu_order":0,"comment_status":"closed","ping_status":"closed","template":"","meta":{"_acf_changed":false,"inline_featured_image":false,"footnotes":""},"class_list":["post-1662","page","type-page","status-publish","hentry"],"acf":[],"_links":{"self":[{"href":"https:\/\/sisu.ut.ee\/ewod\/wp-json\/wp\/v2\/pages\/1662","targetHints":{"allow":["GET"]}}],"collection":[{"href":"https:\/\/sisu.ut.ee\/ewod\/wp-json\/wp\/v2\/pages"}],"about":[{"href":"https:\/\/sisu.ut.ee\/ewod\/wp-json\/wp\/v2\/types\/page"}],"author":[{"embeddable":true,"href":"https:\/\/sisu.ut.ee\/ewod\/wp-json\/wp\/v2\/users\/43"}],"replies":[{"embeddable":true,"href":"https:\/\/sisu.ut.ee\/ewod\/wp-json\/wp\/v2\/comments?post=1662"}],"version-history":[{"count":1,"href":"https:\/\/sisu.ut.ee\/ewod\/wp-json\/wp\/v2\/pages\/1662\/revisions"}],"predecessor-version":[{"id":3422,"href":"https:\/\/sisu.ut.ee\/ewod\/wp-json\/wp\/v2\/pages\/1662\/revisions\/3422"}],"up":[{"embeddable":true,"href":"https:\/\/sisu.ut.ee\/ewod\/wp-json\/wp\/v2\/pages\/1658"}],"wp:attachment":[{"href":"https:\/\/sisu.ut.ee\/ewod\/wp-json\/wp\/v2\/media?parent=1662"}],"curies":[{"name":"wp","href":"https:\/\/api.w.org\/{rel}","templated":true}]}}