{"id":1661,"date":"2024-04-03T23:41:42","date_gmt":"2024-04-03T20:41:42","guid":{"rendered":"https:\/\/sisu.ut.ee\/ewod\/poems-et-240\/"},"modified":"2024-04-04T00:06:38","modified_gmt":"2024-04-03T21:06:38","slug":"poems","status":"publish","type":"page","link":"https:\/\/sisu.ut.ee\/ewod\/r\/mariliisroos\/poems\/","title":{"rendered":"Mari-Liis Roos &#8211; poems"},"content":{"rendered":"<p><strong><span style=\"font-family: verdana, geneva;font-size: medium\">In anthologies and magazines<\/span><\/strong><\/p>\n<p><strong><em><span style=\"font-family: verdana, geneva\">Finnish<\/span><\/em><\/strong><br><span style=\"font-family: verdana, geneva\">Hannu Oittinen,\u00a0<strong>Assamallan asemalla: vironhaikuja<\/strong>. Tallinn: N\u00e4o Kirik, 2012, 70 pp. [Haikus by Asko K\u00fcnnap, Mari-Liis Roos, J\u00fcrgen Rooste, Karl Martin Sinij\u00e4rv.]<\/span><\/p>\n","protected":false},"excerpt":{"rendered":"<p>In anthologies and magazines FinnishHannu Oittinen,\u00a0Assamallan asemalla: vironhaikuja. Tallinn: N\u00e4o Kirik, 2012, 70 pp. [Haikus by Asko K\u00fcnnap, Mari-Liis Roos, J\u00fcrgen Rooste, Karl Martin Sinij\u00e4rv.]<\/p>\n","protected":false},"author":43,"featured_media":0,"parent":1657,"menu_order":0,"comment_status":"closed","ping_status":"closed","template":"","meta":{"_acf_changed":false,"inline_featured_image":false,"footnotes":""},"class_list":["post-1661","page","type-page","status-publish","hentry"],"acf":[],"_links":{"self":[{"href":"https:\/\/sisu.ut.ee\/ewod\/wp-json\/wp\/v2\/pages\/1661","targetHints":{"allow":["GET"]}}],"collection":[{"href":"https:\/\/sisu.ut.ee\/ewod\/wp-json\/wp\/v2\/pages"}],"about":[{"href":"https:\/\/sisu.ut.ee\/ewod\/wp-json\/wp\/v2\/types\/page"}],"author":[{"embeddable":true,"href":"https:\/\/sisu.ut.ee\/ewod\/wp-json\/wp\/v2\/users\/43"}],"replies":[{"embeddable":true,"href":"https:\/\/sisu.ut.ee\/ewod\/wp-json\/wp\/v2\/comments?post=1661"}],"version-history":[{"count":1,"href":"https:\/\/sisu.ut.ee\/ewod\/wp-json\/wp\/v2\/pages\/1661\/revisions"}],"predecessor-version":[{"id":3421,"href":"https:\/\/sisu.ut.ee\/ewod\/wp-json\/wp\/v2\/pages\/1661\/revisions\/3421"}],"up":[{"embeddable":true,"href":"https:\/\/sisu.ut.ee\/ewod\/wp-json\/wp\/v2\/pages\/1657"}],"wp:attachment":[{"href":"https:\/\/sisu.ut.ee\/ewod\/wp-json\/wp\/v2\/media?parent=1661"}],"curies":[{"name":"wp","href":"https:\/\/api.w.org\/{rel}","templated":true}]}}