{"id":1658,"date":"2024-04-03T23:41:42","date_gmt":"2024-04-03T20:41:42","guid":{"rendered":"https:\/\/sisu.ut.ee\/ewod\/rannamaa\/"},"modified":"2024-09-10T11:16:13","modified_gmt":"2024-09-10T08:16:13","slug":"rannamaa","status":"publish","type":"page","link":"https:\/\/sisu.ut.ee\/ewod\/r\/rannamaa\/","title":{"rendered":"Silvia Rannamaa"},"content":{"rendered":"<figure class=\"wp-block-image alignright is-resized\"><a href=\"https:\/\/sisu.ut.ee\/wp-content\/uploads\/sites\/108\/silvia_rannamaa.jpg\"><img decoding=\"async\" src=\"https:\/\/sisu.ut.ee\/wp-content\/uploads\/sites\/108\/silvia_rannamaa.jpg\" alt=\"Silvia Rannamaa\" style=\"width:200px\"><\/a><\/figure>\n\n\n\n<h5 class=\"wp-block-heading\"><br><a href=\"https:\/\/sisu.ut.ee\/ewod\/r\/rannamaa\/novels\"><strong><span style=\"font-family: verdana, geneva; font-size: medium;\">Novels<\/span><\/strong><\/a><\/h5>\n\n\n\n<p><br>Silvia Rannamaa (3 March 1918 \u2013 19 April 2007) was an Estonian writer, known primarily for her novels for teenagers <em>Kadri<\/em> and <em>Kasuema<\/em> (\u2018Stepmother\u2019).<\/p>\n\n\n\n<p>Until 1940, she bore the surname Hypp\u00f6nen, obtained from her Finnish father who held the position of a ship\u2019s helmsman, then the surname Kulgevee of her first husband who died in the war. Later she was married to the writer <a href=\"https:\/\/sisu.ut.ee\/ewod\/s\/suislepp\/\" data-type=\"page\" data-id=\"837\">Harald Suislepp<\/a>. Born in the same year as the Republic of Estonia, Silvia Rannamaa studied at Tallinn Girls\u2019 Commercial High School in 1932\u20131937 and at the Faculty of Philosophy of the University of Tartu in 1943\u20131944. Before becoming a writer, she worked as a telephone operator (1938\u20131943), an accountant (1944\u20131949), and a proofreader of the Rakvere newspaper <em>Viru S\u00f5na<\/em> (1949\u20131950). She was a member of the Estonian Writers\u2019 Union from 1964.<\/p>\n\n\n\n<p>Her first creative work published in print was a children\u2019s story published in the newspaper <em>S\u00e4de<\/em> in 1955. In 1958 and 1959, she won the second prize in the short story competition with the short stories <em>Pahema jala p\u00e4ev<\/em> (\u2018Left Foot Day\u2019) and <em>\u00dches kupees<\/em> (\u2018In the Same Compartment\u2019).<\/p>\n\n\n\n<p>The books that made Rannamaa famous are still on the mandatory\/recommended literature list in Estonian primary schools and are loved by young people. These are the youth novels <em>Kadri<\/em> (1959) and its sequel <em>Kasuema<\/em> (\u2018Stepmother\u2019, 1963) \u2014 a diary-based story about the schooltime and developmental years of a girl growing up without parents and studying in a boarding school. In an interview to Ilona Martson, a children\u2019s literature researcher, Rannamaa said that the impetus for the story came from her high school literature teacher who talked about how to bring Andersen\u2019s story <em>The Ugly Duckling<\/em> to life.<\/p>\n\n\n\n<p>In 1985, <em>Kasuema<\/em> was made into the film <em>Naerata ometi<\/em> (\u2018Games for Teenagers\u2019, directed by Leida Laius), which belongs to Estonian film classics. The story has also been staged at the theatre, and the book has been translated into many languages, including Russian, Latvian, Lithuanian, Slovak, Czech, Armenian and Georgian. Over decades, reprints of <em>Kadri<\/em> and <em>Kasuema<\/em> have also been published in Estonian again and again either separately or in one volume. According to the \u201c100 best original children\u2019s books of the century\u201d survey, Rannamaa\u2019s work shares the first place with <a href=\"https:\/\/sisu.ut.ee\/ewod\/l\/luts\/\" data-type=\"page\" data-id=\"435\">Oskar Luts<\/a>\u2018s <em>Kevade<\/em> (\u2018Spring\u2019), <a href=\"https:\/\/sisu.ut.ee\/ewod\/p\/pervik\/\" data-type=\"page\" data-id=\"1042\">Aino Pervik<\/a>\u2018s <em>Kunksmoor<\/em> (\u2018Old Mother Kunks\u2019) and <a href=\"https:\/\/sisu.ut.ee\/ewod\/r\/enoraud\/\" data-type=\"page\" data-id=\"1690\">Eno Raud<\/a>\u2018s <em>Naksitrallid<\/em> (\u2018Three Jolly Fellows\u2019).<\/p>\n\n\n\n<p>Rannamaa has also written a collection of fairy tales for children, <em>N\u00f6speri n\u00f6nni natuke<\/em> (1977), and a collection of animal stories <em>V\u00e4ikese k\u00e4pa j\u00e4lg<\/em> (\u2018Print of a Small Paw\u2019, 1985), as well as plays, short stories and poems, and, in the last years of her life, two books of memoirs.<\/p>\n\n\n\n<p>Although a beloved writer, Rannamaa, who came from a broken family, was rather modest by nature. In her own words, she dreamed of a big family but got only one daughter who needed lifelong care. Her mentally disabled daughter Rea died at the age of 61, 11 days after her mother\u2019s death.<\/p>\n\n\n\n<p>In 2006, Silvia Rannamaa was awarded the Order of the White Star, Class 4.<\/p>\n\n\n\n<p><em>M. K. (Translated by I. A.)<\/em><\/p>\n\n\n\n<h5 class=\"wp-block-heading\"><br>Books in Estonian<\/h5>\n\n\n\n<p><em><strong>Poems<\/strong><\/em><br><strong>Sinule, ema<\/strong>. Tallinn: Pegasus, 2006, 72 lk.<\/p>\n\n\n\n<p><em><strong>Children\u2019s literature<\/strong><\/em><br><strong>Kadri<\/strong>. Tallinn: Eesti Riiklik Kirjastus, 1959, 172 lk; [J\u00e4rgmised tr\u00fckid: Tallinn: Eesti Riiklik Kirjastus, 1962, 168 lk; Tallinn: Eesti Raamat, 1965, 160 lk; Kadri\/Kasuema. Tallinn: Eesti Raamat, 1970, 384 lk; Tallinn: Eesti Raamat, 1978, 375 lk; Tallinn: Eesti Raamat, 1984, 128 lk;  Tallinn: Eesti Raamat, 1990, 384 lk; Tallinn: Steamark, 2002, 164 lk; Tallinn: TEA Kirjastus, 2010, 121 lk; Tallinn: TEA kirjastus, 2018, 128 lk; Tallinn: Rahva Raamat, 2022, 168 lk].<br><strong>Kasuema<\/strong>. Tallinn: Eesti Riiklik Kirjastus, 1963, 289 lk; [Eesti Raamat, 1965, 288 lk; Kadri\/Kasuema. Tallinn: Eesti Raamat, 1970, 384 lk;  Tallinn: Eesti Raamat, 1990, 384 lk; Tallinn: Steamark, 2003, 342 lk; Tallinn: TEA kirjastus, 2010, 211 lk; Tallinn: TEA Kirjastus, 2018, 216 lk; Tallinn: Rahva Raamat, 2022, 360 lk].<br><strong>Kui lapsed m\u00f5tlema hakkavad<\/strong>. Tallinn: Eesti Raamat, 1971, 144 lk.<br><strong>N\u00f6speri N\u00f6nni Natuke<\/strong>. Tallinn: Eesti Raamat, 1977, 104 lk; [2. tr\u00fckk, Tallinn: Huma, 2001, 112 lk; 3. tr\u00fckk, Tallinn: Hea Lugu, 2017, 104 lk].<br><strong>V\u00e4ikese k\u00e4pa j\u00e4lg<\/strong>. Tallinn: Eesti Raamat, 1985, 96 lk.<\/p>\n\n\n\n<p><em><strong>Memoirs<\/strong><\/em><br><strong>Maast madalast<\/strong>. Tallinn: Eesti Raamat, 1990, 160 lk.<br><strong>Ja vaimuvara ka<\/strong>. Tallinn: Eesti Raamat, 1998, 240 lk.<\/p>\n","protected":false},"excerpt":{"rendered":"<p>Novels Silvia Rannamaa (3 March 1918 \u2013 19 April 2007) was an Estonian writer, known primarily for her novels for teenagers Kadri and Kasuema (\u2018Stepmother\u2019). Until 1940, she bore the surname Hypp\u00f6nen, obtained from her Finnish father who held the &#8230;<\/p>\n","protected":false},"author":43,"featured_media":0,"parent":686,"menu_order":0,"comment_status":"closed","ping_status":"closed","template":"","meta":{"_acf_changed":false,"inline_featured_image":false,"footnotes":""},"class_list":["post-1658","page","type-page","status-publish","hentry"],"acf":[],"_links":{"self":[{"href":"https:\/\/sisu.ut.ee\/ewod\/wp-json\/wp\/v2\/pages\/1658","targetHints":{"allow":["GET"]}}],"collection":[{"href":"https:\/\/sisu.ut.ee\/ewod\/wp-json\/wp\/v2\/pages"}],"about":[{"href":"https:\/\/sisu.ut.ee\/ewod\/wp-json\/wp\/v2\/types\/page"}],"author":[{"embeddable":true,"href":"https:\/\/sisu.ut.ee\/ewod\/wp-json\/wp\/v2\/users\/43"}],"replies":[{"embeddable":true,"href":"https:\/\/sisu.ut.ee\/ewod\/wp-json\/wp\/v2\/comments?post=1658"}],"version-history":[{"count":4,"href":"https:\/\/sisu.ut.ee\/ewod\/wp-json\/wp\/v2\/pages\/1658\/revisions"}],"predecessor-version":[{"id":5387,"href":"https:\/\/sisu.ut.ee\/ewod\/wp-json\/wp\/v2\/pages\/1658\/revisions\/5387"}],"up":[{"embeddable":true,"href":"https:\/\/sisu.ut.ee\/ewod\/wp-json\/wp\/v2\/pages\/686"}],"wp:attachment":[{"href":"https:\/\/sisu.ut.ee\/ewod\/wp-json\/wp\/v2\/media?parent=1658"}],"curies":[{"name":"wp","href":"https:\/\/api.w.org\/{rel}","templated":true}]}}