{"id":1655,"date":"2024-04-03T23:41:42","date_gmt":"2024-04-03T20:41:42","guid":{"rendered":"https:\/\/sisu.ut.ee\/ewod\/runnel\/"},"modified":"2024-04-04T00:06:37","modified_gmt":"2024-04-03T21:06:37","slug":"runnel","status":"publish","type":"page","link":"https:\/\/sisu.ut.ee\/ewod\/r\/runnel\/","title":{"rendered":"Hando Runnel"},"content":{"rendered":"<p>\n\t<span style=\"font-family:Verdana,Geneva,sans-serif\"><strong style=\"line-height: 1.6em\"><span style=\"font-size: medium\"><a href=\"https:\/\/sisu.ut.ee\/ewod\/r\/runnel\/poems\" style=\"line-height: 1.6em\">Poems<\/a>\u00a0<\/span><\/strong><span style=\"font-size: medium\"><a href=\"https:\/\/sisu.ut.ee\/wp-content\/uploads\/sites\/108\/hando_runnel_elmar_koster.jpg\" target=\"_self\" rel=\"noopener\"><img decoding=\"async\" alt=\"\" src=\"https:\/\/sisu.ut.ee\/wp-content\/uploads\/sites\/108\/hando_runnel_vaike_elmar_koster.jpg\" style=\"float: right;width: 200px;height: 303px\" title=\"Photo: Elmar K\u00f6ster\"><\/a><\/span><\/span>\n<\/p>\n<p>\n\t<strong><a href=\"https:\/\/sisu.ut.ee\/ewod\/r\/runnel\/stories\"><span style=\"font-family: verdana,geneva;font-size: medium\">Short stories<\/span><\/a><\/strong>\n<\/p>\n<p>\n\t<strong><a href=\"https:\/\/sisu.ut.ee\/ewod\/r\/runnel\/plays\"><span style=\"font-family: verdana,geneva;font-size: medium\">Plays<\/span><\/a><\/strong>\n<\/p>\n<p>\n\t<strong><span style=\"font-size:16px\"><span style=\"font-family:Verdana,Geneva,sans-serif\"><a data-url=\"https:\/\/sisu.ut.ee\/ewod\/r\/runnel\/nonfiction\" href=\"https:\/\/sisu.ut.ee\/ewod\/r\/runnel\/nonfiction\" title=\"\">Non-fiction<\/a><\/span><\/span><\/strong>\n<\/p>\n<p>\n\t<strong><a href=\"https:\/\/sisu.ut.ee\/ewod\/r\/runnel\/about\"><span style=\"font-family: verdana,geneva;font-size: medium\">About Hando Runnel<\/span><\/a><\/strong>\n<\/p>\n<p><span style=\"color:#000000\"><span style=\"font-size:13px\"><span style=\"font-family: verdana, geneva\">Hando Runnel (b. 24. XI 1938 in J\u00e4rvamaa County) is an Estonian poet and essayist, who has published numerous collections of poetry for both children and adults. In Runnel\u2019s poetry a significant part is played by the influence of rhymed Estonian folk-song as well as runic verse (<em>regiv\u00e4rss<\/em>), with plenty of word- and sound-play, and much irony and sarcasm; the poetics of the bawdy ballad and real ethical and existential themes exist side by side. As a background to his patriotic stance and his appreciation of national identity, there are motifs from rural and village life, as well as the everyday environment and social criticism. Runnel\u2019s poetry has been regarded as a significant cultural opposition and a carrier of meanings between the lines in the Soviet period. The singing quality and the national characteristics that are present in a large proportion of Runnel\u2019s poetry as well as the harmonisation of themes and motifs with a collective sense of identity have made him one of the most lyricised Estonian poets.<\/span><br><span style=\"font-family: verdana, geneva\">\u00a0<br>Born into a farming family, Runnel got his primary education at Jalgsema, J\u00e4rva-Jaani and Ambla primary schools; later he attended Secondary School number 1 in Tartu and Paide Secondary School. From 1957 to 1962 he studied agronomy at the Estonian Agricultural Academy, but did not complete his studies. From 1966 to 1971 he worked in Tallinn as the head of the department of essays and articles at the journal <em>Looming<\/em>, later working as a professional writer in Tartu. In 1969 he became a member of the Writers\u2019 Union, he has also taken part in the management of the union and running its office. Following the re-establishment of Estonian independence he was a member of the Congress of Estonia, and belonged to the Constitutional Assembly. In 1992 Runnel set up the Ilmamaa publishing house in Tartu; he was one of the initiators of the idea for the <em>Eesti m\u00f5ttelugu<\/em> (\u2018Story of Estonian Thought\u2019) series, and since 1995 has been the editor-in-chief of the series. Runnel is also a member of the Uku Masing Board, which researches the legacy of the author Uku Masing and prepares it for publication. From 1992 to 1993 he was the first invited Professor of Liberal Arts at the University of Tartu; in 2012 he was elected as an academician of the Estonian Academy of Sciences, in the field of literature. Runnel has been awarded the Order of the National Coat of Arms, IV Class (1997), the Order of the White Star, II Class (2006) and the Lifetime Achievement Award of the Estonian National Culture Foundation of the Cultural Endowment of Estonia, as well as several literature prizes, including the Eduard Vilde Prize for Literature (1966 and 1989), the literary award of the A. H. Tammsaare collective farm (1989), the Juhan Liiv Poetry Prize (1993) and the Gustav Suits Poetry Prize (2007).<br>\u00a0<br>Runnel\u2019s debut was in 1963 with a poem published in the journal <em>Looming<\/em>; his first collection <em>Maa lapsed<\/em> (\u2018Children of the Land\u2019) appeared in 1965 on the poetry cassette <em>Noored autorid<\/em> III\u00a0 (\u2018Young Authors III\u2019), followed by <em>Laulud t\u00fcdrukuga<\/em> (\u2018Songs with a Girl\u2019, 1967). If a central place in the first collections is taken by the poeticisation of rural life and the village environment, from the collection <em>Avalikud laulud<\/em> (\u2018Public Songs\u2019, 1970) onward an existential dimension opened up, and a conflict deepened between the attitudes of the poet-ego and the current social order. Runnel\u2019s poetry of the nineteen-seventies and eighties reflect the pressures of his time, an ever-deepening existential anguish and a feeling of tragedy, while serious themes may take the forms of alliteration and doggerel. His patriotic stance, mingled with a disillusionment arising from social pressures, is expressed especially strongly in a collection published in 1982, <em>Punaste \u00f5htute purpur<\/em> (\u2018The Purple of Red Nights\u2019), which it was forbidden to publicly review at the time of publication. His later production also takes up patriotic themes, with a sense of nationality and cultural responsibility, but also with social criticism, motifs from everyday life and love poetry. <\/span><\/span><\/span>\n<\/p>\n<p>\n\t<span style=\"color:#000000\"><span style=\"font-size:13px\"><span style=\"font-family: verdana, geneva\">Runnel has also written poetry for children, notable for its memorable sound-poetry and motifs familiar from poetry for adults, picked out with themes accessible to a child\u2019s eye.<br>\u00a0<br>Besides his poetic works Runnel has published plenty of literary criticism and essays, and compiled many collections of poetry and essays by other authors. The central theme of his essays is literature, but also the Estonian language and thought-world more generally; the most extensive manifestation of Runnel\u2019s non-literary work is a collection called <em>Jooksu pealt suudeldud<\/em> (\u2018Kissed on the Run\u2019, 1998) in the series \u2018Story of Estonian Thought\u2019.<br>\u00a0<br><em>M. U. (Translated by C. M.)<\/em><\/span><\/span><\/span><\/p>\n<p><span style=\"font-size:16px\"><strong><span style=\"font-family: verdana, geneva\">Books in Estonian<\/span><\/strong><\/span><br><span style=\"font-size:13px\"><strong><span style=\"font-family: verdana, geneva\">\u00a0<\/span><br><em><span style=\"font-family: verdana, geneva\">Poems <\/span><\/em><\/strong><br><span style=\"font-family: verdana, geneva\"><strong>Maa lapsed: Luuletusi 1960-1964<\/strong>. Tallinn: Eesti Raamat, 1965, 56 lk. [Sari \u2018Noored autorid\u2019.]<br><strong>Laulud t\u00fcdrukuga<\/strong>. Tallinn: Eesti Raamat, 1967,\u00a0 96 lk.<br><strong>Avalikud laulud<\/strong>. Tallinn: Perioodika (Loomingu Raamatukogu), 1970, 78 lk.<br><strong>Lauluraamat ehk M\u00f5\u00f5ganeelaja ehk Kurbade kaitseks<\/strong>. Tallinn: Perioodika (Loomingu Raamatukogu), 1972, 120 lk.<br><strong>M\u00f5ru ning m\u00f6\u00f6duja<\/strong>. Tallinn: Perioodika (Loomingu Raamatukogu), 1976, 56 lk.<br><strong>Kodu-k\u00e4ija<\/strong>. Tallinn: Eesti Raamat, 1978, 216 lk.<br><strong>Punaste \u00f5htute purpur<\/strong>. Tallinn: Eesti Raamat, 1982, 104 lk. [2. tr\u00fckk: 2008.]<br><strong>Laulud Eestiaegsetele meestele<\/strong>. Tallinn: Perioodika (Loomingu Raamatukogu), 1988, 59 lk.<br><strong>Kiikajon ja kaalepuu<\/strong>. Tallinn: Eesti Raamat, 1991, 142 lk.<br><strong>Oli kevad, oli suvi<\/strong>. Tallinn: Eesti Raamat, 1992, 156 lk.<br><strong>\u00dcle Alpide: Aastatuhande l\u00f5pulaulud<\/strong>. Tartu: Ilmamaa, 1997, 271 lk.<br><strong>Haruldused: Luuletused ja pildid<\/strong>. Tallinn: SE &amp; JS, 1998, 13 lk.<br><strong>M\u00f5istatused<\/strong>. Tartu: Ilmamaa, 2000, 63 lk.<br><strong>Omad<\/strong>. Tartu: Ilmamaa, 2002, 109 lk.<br><strong>\u00d5petuss\u00f5nad<\/strong>. Tartu: Ilmamaa, 2003, 63 lk.<br><strong>Sinamu<\/strong>. Tartu: Ilmamaa, 2005, 95 lk.<br><strong>Viru veri ei v\u00e4rise: Armastuse laulud<\/strong>. Tartu: Ilmamaa, 2006, 71 lk.<br><strong>Armukahi<\/strong>. Tartu: Ilmamaa, 2008, 79 lk.<br><strong>Videvik<\/strong>. Tartu: Ilmamaa, 2009, 71 lk.<br><strong>Reebuse rahvas, ehk, Piltlaulud, ehk, S\u00f5nad kadunud<\/strong>. Tartu: Ilmamaa, 2010, 158 lk.<br><strong>\u00dctles mu naine<\/strong>. Tartu: Ilmamaa, 2010, 158 lk.<br><strong>T\u00e4hed tahavad s\u00f5naks<\/strong>. Tartu: Ilmamaa, 2011, 285 lk.<br><strong>Kui nagu nagu, kui nagu kui, ehk, Kui kui nagu, kui kui kui<\/strong>. Tartu: Ilmamaa, 2012, 96 lk.<br><strong>Maakoore pehmenemine<\/strong>. Tartu: Ilmamaa, 2013, 132 lk.<br><strong>Vanad s\u00f5brad<\/strong>. Tartu: Ilmamaa, 2015, 202 lk.<br><strong>Tuul tantsib toome okstes<\/strong>. Tartu: Ilmamaa, 2016, 110 lk.<br><strong>Jaanip\u00e4evaks k\u00f5rgeks kasvab rohi<\/strong>. Tartu: Ilmamaa, 2018, 95 pp.<br>\u00a0<br><strong><em>Prose<\/em><\/strong><br><strong>Vee peal k\u00e4imine keelatud<\/strong>. Tallinn: Kultuurileht (Loomingu Raamatukogu), 2011, 118, lk.<br>\u00a0<br><strong><em>Poems and stories for children <\/em><\/strong><br><strong>Miks ja miks<\/strong>: V\u00e4rsid v\u00e4ikestele ja suurtele lastele. Tallinn: Eesti Raamat, 1973, 33 lk.<br><strong>Mere \u00e4\u00e4res, metsa taga<\/strong>: V\u00e4rsid suurtele ja v\u00e4ikestele lastele. Tallinn: Eesti Raamat, 1977, 45 lk.<br><strong>M\u00f5telda on m\u00f5nus<\/strong>. Tallinn: Eesti Raamat, 1982, 48 lk.<br><strong>Juturaamat<\/strong>: Keskmisele koolieale. Tallinn: Eesti Raamat, 1986, 45 lk.<br><strong>Taadi t\u00fctar<\/strong>: Laulud noorema kooliea k\u00fcpsemale astmele. Tallinn: Eesti Raamat, 1989, 69 lk.<br><strong>Suureks saamine: Laste laulud ammu ja homme<\/strong>. Tartu: Ilmamaa, 2004, 231 lk.<br><strong>Kits l\u00e4ks kiideldes m\u00e4ele<\/strong>. Tartu: Ilmamaa, 2010, 71 lk.<br><strong>P\u00f5rsap\u00f5li<\/strong>. Tartu: Ilmamaa, 2013, 77 lk.<br>\u00a0<br><strong><em>Plays<\/em><\/strong><br>Jaanus Andreus Nooremb ehk Madis K\u00f5iv, Hando Runnel, <strong>K\u00fc\u00fcni t\u00e4itmine<\/strong>. Tartu: Ilmamaa, 1998, 103 lk.<\/span><\/span><\/p>\n<p><strong><em>Non-fiction <\/em><\/strong><br><strong>Ei h\u00f5bedat, kulda<\/strong>. Tallinn: Eesti Raamat, 1984, 311 lk.<br><strong>M\u00f5\u00f5k ja peegel<\/strong>. Tallinn: Eesti Raamat, 1988, 150 lk.<br><strong>Isamaavajadus<\/strong>. Tallinn: Perioodika (Loomingu Raamatukogu), 1991, 124 lk.<br><strong>Jooksu pealt suudeldud<\/strong>. Tartu: Ilmamaa, 1998, 559 lk.<br><strong>V\u00e4ravahingede kriiksumist kuulnud: M\u00f5isteline s\u00f5nastik autori elu- ja loominguloo juurde<\/strong>. Tartu: Ilmamaa, 2008, 307 lk.<br><strong>Hingedeaeg: M\u00f5tted ja m\u00e4rkmed<\/strong>. Tartu: Ilmamaa, 2016, 308 lk.<br><strong>\u00dckskord oli \u00fcks mees<\/strong>. Toimetanud Katre Ligi; illustratsioonid: Hando Runnel. Tallinn: Hea Lugu, 2018, 207 lk. [M\u00e4lestusi kaasteelistest eesti kirjandusmaastikult.]<\/p>\n","protected":false},"excerpt":{"rendered":"<p>Poems\u00a0 Short stories Plays Non-fiction About Hando Runnel Hando Runnel (b. 24. XI 1938 in J\u00e4rvamaa County) is an Estonian poet and essayist, who has published numerous collections of poetry for both children and adults. In Runnel\u2019s poetry a significant &#8230;<\/p>\n","protected":false},"author":43,"featured_media":0,"parent":686,"menu_order":0,"comment_status":"closed","ping_status":"closed","template":"","meta":{"_acf_changed":false,"inline_featured_image":false,"footnotes":""},"class_list":["post-1655","page","type-page","status-publish","hentry"],"acf":[],"_links":{"self":[{"href":"https:\/\/sisu.ut.ee\/ewod\/wp-json\/wp\/v2\/pages\/1655","targetHints":{"allow":["GET"]}}],"collection":[{"href":"https:\/\/sisu.ut.ee\/ewod\/wp-json\/wp\/v2\/pages"}],"about":[{"href":"https:\/\/sisu.ut.ee\/ewod\/wp-json\/wp\/v2\/types\/page"}],"author":[{"embeddable":true,"href":"https:\/\/sisu.ut.ee\/ewod\/wp-json\/wp\/v2\/users\/43"}],"replies":[{"embeddable":true,"href":"https:\/\/sisu.ut.ee\/ewod\/wp-json\/wp\/v2\/comments?post=1655"}],"version-history":[{"count":1,"href":"https:\/\/sisu.ut.ee\/ewod\/wp-json\/wp\/v2\/pages\/1655\/revisions"}],"predecessor-version":[{"id":3415,"href":"https:\/\/sisu.ut.ee\/ewod\/wp-json\/wp\/v2\/pages\/1655\/revisions\/3415"}],"up":[{"embeddable":true,"href":"https:\/\/sisu.ut.ee\/ewod\/wp-json\/wp\/v2\/pages\/686"}],"wp:attachment":[{"href":"https:\/\/sisu.ut.ee\/ewod\/wp-json\/wp\/v2\/media?parent=1655"}],"curies":[{"name":"wp","href":"https:\/\/api.w.org\/{rel}","templated":true}]}}