{"id":165,"date":"2024-04-03T23:39:27","date_gmt":"2024-04-03T20:39:27","guid":{"rendered":"https:\/\/sisu.ut.ee\/ewod\/imbipaju\/"},"modified":"2024-04-04T00:10:48","modified_gmt":"2024-04-03T21:10:48","slug":"imbipaju","status":"publish","type":"page","link":"https:\/\/sisu.ut.ee\/ewod\/p\/imbipaju\/","title":{"rendered":"Imbi Paju"},"content":{"rendered":"<p>\n\t<span style=\"font-family:Verdana,Geneva,sans-serif\"><span style=\"font-size:16px\"><strong><a data-url=\"https:\/\/sisu.ut.ee\/ewod\/p\/imbipaju\/nonfiction\" href=\"https:\/\/sisu.ut.ee\/ewod\/p\/imbipaju\/nonfiction\" title=\"\">Non-fiction<\/a><\/strong><\/span><\/span>\n<\/p>\n<p>\u00a0\n<\/p>\n<p style=\"margin-bottom:0.28cm\">\n\t<span style=\"font-family:Verdana,Geneva,sans-serif\"><span style=\"font-size:13px\"><span style=\"line-height:108%\"><span style=\"font-weight:normal\">Imbi Paju <\/span>(b. 3. VI 1959) is a journalist, writer and film director.<\/span><\/span><\/span>\n<\/p>\n<p style=\"margin-bottom:0.28cm\">\n\t<span style=\"font-family:Verdana,Geneva,sans-serif\"><span style=\"font-size:13px\"><span style=\"line-height:108%\">She was born in J\u00f5gevamaa county, was educated at Mustvee, Viljandi Secondary School of Culture, the Tartu School of Music, the Estonian Institute of the Humanities and the Faculty of Political Science at the University of Helsinki. She has sung in the choirs of the Vanemuine Theatre and of Estonian Radio and Television, has collaborated on several periodical publications and for television.<\/span><\/span><\/span>\n<\/p>\n<p style=\"margin-bottom:0.28cm\">\n\t<span style=\"font-family:Verdana,Geneva,sans-serif\"><span style=\"font-size:13px\"><span style=\"line-height:108%\">She is primarily known for raising awareness about and dealing with the crimes of communism, from the viewpoint of memory and trauma theory. In 2005 she made an award-winning documentary film <i>T\u00f5rjutud m\u00e4lestused <\/i>(\u2018Suppressed Memories\u2019), and thereafter a book of the same name, initially in Finnish (2006) and then in Estonian (2007). Relying on her mother\u2019s and aunt\u2019s personal experiences, plumbing the suppressed memories of arrest and the Siberian prison camps, she opens up a deep personal psychological trauma, which also influences succeeding generations and enables wider generalizations than merely one family\u2019s history. The book has been translated into many languages and has also been incorporated into school programmes to elucidate the crimes of Communism. <\/span><\/span><\/span>\n<\/p>\n<p style=\"margin-bottom:0.28cm\">\n\t<span style=\"font-family:Verdana,Geneva,sans-serif\"><span style=\"font-size:13px\"><span style=\"line-height:108%\">The world before and during the Second World War, particularly the violence toward women, is treated by putting Finnish and Estonian women\u2019s organisations (girl scouts etc) in the foreground in <i>Soome lahe \u00f5ed <\/i>(Sisters of the Gulf of Finland), initially a documentary film (2009), later in book form. The work came out in Estonian in 2012. <\/span><\/span><\/span>\n<\/p>\n<p style=\"margin-bottom:0.28cm\">\n\t<span style=\"font-family:Verdana,Geneva,sans-serif\"><span style=\"font-size:13px\"><span style=\"line-height:108%\">The repressions of the Soviet era are also the subject of a collection which appeared on the occasion of the anniversary of the deportations, initially in Finnish (2009), which appeared in Estonian in 2010: <i>K\u00f5ige taga on hirm. Kuidas Eesti kaotas oma ajaloo ja kuidas see saadakse tagasi <\/i>(\u2018Fear is Behind Everything. How Estonia Lost Its History and How It Is Getting It Back\u2019). The collection was compiled with Sofi Oksanen. The work was chosen by the newspaper <i>Helsingin Sanomat<\/i> as the best non-fiction book of 2009. <\/span><\/span><\/span>\n<\/p>\n<p style=\"margin-bottom:0.28cm\">\n\t<span style=\"font-family:Verdana,Geneva,sans-serif\"><span style=\"font-size:13px\"><span style=\"line-height:108%\">In 1999 Imbi Paju initiated an annual literary event, the V\u00f5tikvere Book Village. For creating it, and for promoting local life, she was awarded the medal of the White Star in 2001. In 2007 she was granted the Order of the White Star, class V, for promoting local life and for her film and journalistic work. She has also been awarded the Silver Cross of J\u00f5gevamaa county (2008), the Culture Prize of the Ministry of Foreign Affairs (2009), the Concord Award (2011), the Knight\u2019s Cross of the Order of the Lion in Finland, first class, and the Heli and Arnold Susi Mission Prize of the Estonian Ministry of Justice for courageous writing (2019). <\/span><\/span><\/span>\n<\/p>\n<p style=\"margin-bottom:0.28cm\">\n\t<em><span style=\"font-family:Verdana,Geneva,sans-serif\"><span style=\"font-size:13px\"><span style=\"line-height:108%\">A. K. (Translated by C. M.)<\/span><\/span><\/span><\/em>\n<\/p>\n<p style=\"margin-bottom:0.21cm\">\n<\/p><p><span style=\"font-size:16px\"><span style=\"font-family:Verdana,Geneva,sans-serif\"><span style=\"line-height:150%\"><b>Books in Estonian<\/b><\/span><\/span><\/span>\n<\/p>\n<p style=\"margin-bottom:0.21cm\">\n\t<span style=\"font-family:Verdana,Geneva,sans-serif\"><span style=\"font-size:13px\"><span style=\"line-height:150%\"><strong>T\u00f5rjutud m\u00e4lestused<\/strong>. Tallinn: Eesti Ents\u00fcklopeediakirjastus, 2007, 287 lk. [2. tr\u00fckk: 2019.]<br><strong>Soome lahe \u00f5ed<\/strong>: vaadates teiste valu. Tallinn: Eesti P\u00e4evaleht, Hea Lugu, 2012, 247 lk.<\/span><\/span><\/span><\/p>\n","protected":false},"excerpt":{"rendered":"<p>Non-fiction \u00a0 Imbi Paju (b. 3. VI 1959) is a journalist, writer and film director. She was born in J\u00f5gevamaa county, was educated at Mustvee, Viljandi Secondary School of Culture, the Tartu School of Music, the Estonian Institute of the &#8230;<\/p>\n","protected":false},"author":43,"featured_media":0,"parent":675,"menu_order":0,"comment_status":"closed","ping_status":"closed","template":"","meta":{"_acf_changed":false,"inline_featured_image":false,"footnotes":""},"class_list":["post-165","page","type-page","status-publish","hentry"],"acf":[],"_links":{"self":[{"href":"https:\/\/sisu.ut.ee\/ewod\/wp-json\/wp\/v2\/pages\/165","targetHints":{"allow":["GET"]}}],"collection":[{"href":"https:\/\/sisu.ut.ee\/ewod\/wp-json\/wp\/v2\/pages"}],"about":[{"href":"https:\/\/sisu.ut.ee\/ewod\/wp-json\/wp\/v2\/types\/page"}],"author":[{"embeddable":true,"href":"https:\/\/sisu.ut.ee\/ewod\/wp-json\/wp\/v2\/users\/43"}],"replies":[{"embeddable":true,"href":"https:\/\/sisu.ut.ee\/ewod\/wp-json\/wp\/v2\/comments?post=165"}],"version-history":[{"count":1,"href":"https:\/\/sisu.ut.ee\/ewod\/wp-json\/wp\/v2\/pages\/165\/revisions"}],"predecessor-version":[{"id":4901,"href":"https:\/\/sisu.ut.ee\/ewod\/wp-json\/wp\/v2\/pages\/165\/revisions\/4901"}],"up":[{"embeddable":true,"href":"https:\/\/sisu.ut.ee\/ewod\/wp-json\/wp\/v2\/pages\/675"}],"wp:attachment":[{"href":"https:\/\/sisu.ut.ee\/ewod\/wp-json\/wp\/v2\/media?parent=165"}],"curies":[{"name":"wp","href":"https:\/\/api.w.org\/{rel}","templated":true}]}}