{"id":1648,"date":"2024-04-03T23:41:41","date_gmt":"2024-04-03T20:41:41","guid":{"rendered":"https:\/\/sisu.ut.ee\/ewod\/about-et-198\/"},"modified":"2024-04-04T00:06:39","modified_gmt":"2024-04-03T21:06:39","slug":"about","status":"publish","type":"page","link":"https:\/\/sisu.ut.ee\/ewod\/l\/luik\/about\/","title":{"rendered":"Viivi Luik &#8211; about"},"content":{"rendered":"<p>\n\t<span style=\"font-family: verdana, geneva;font-size: medium\"><a href=\"#articles\"><strong><span style=\"font-family: verdana,geneva\">Articles<\/span><\/strong><\/a><\/span>\n<\/p>\n<p>\n\t<span style=\"font-family: verdana, geneva;font-size: medium\"><a href=\"#reviews\"><strong><span style=\"font-family: verdana,geneva\">Reviews<\/span><\/strong><\/a><\/span>\n<\/p>\n<p>\n\t<a href=\"#interviews\"><span style=\"font-family: verdana, geneva;font-size: medium\"><strong><span style=\"font-family: verdana,geneva\">Interviews<\/span><\/strong><\/span><\/a>\n<\/p>\n<p>\n\t<span style=\"font-family: verdana,geneva\"><strong><a href=\"#plays\"><span style=\"font-size: medium\">Plays based on works by Viivi Luik<\/span><\/a><\/strong><\/span><\/p>\n<p>\u00a0\n<\/p>\n<p>\n\t<span style=\"font-family: verdana, geneva;font-size: medium\"><strong><a name=\"articles\"><\/a>Articles<\/strong><\/span>\n<\/p>\n<p>\n\t<span style=\"font-family: verdana,geneva\"><strong><em>English<\/em><\/strong><\/span><br>Arne Merilai, <strong>Chapter XIV. Of Hard Joy: Half a Century of Viivi Luik\u2019s Creations. Poetry<\/strong>. \u2013 Arne Merilai, Estonian pragmapoetics, from poetry and fiction to philosophy and genetics. Newcastle-upon-Tyne: Cambridge Scholars Publishing, 2023, pp 212-229. [See <strong><a href=\"https:\/\/sisu.ut.ee\/ewod\/generaltreatments\/estonianpragmapoetics\" title=\"\">contents<\/a><\/strong> of the monograph.]<br>Arne Merilai, <strong>Chapter XV. Of Hard Joy: Half a Century of Viivi Luik\u2019s Creations. Prose<\/strong>. \u2013 Arne Merilai, Estonian pragmapoetics, from poetry and fiction to philosophy and genetics. Newcastle-upon-Tyne: Cambridge Scholars Publishing, 2023, pp 230-245. [See <strong><a href=\"https:\/\/sisu.ut.ee\/ewod\/generaltreatments\/estonianpragmapoetics\" title=\"\">contents<\/a><\/strong> of the monograph.]<br><span style=\"font-family: verdana,geneva\">Arne Merilai, <a href=\"http:\/\/ojs.utlib.ee\/index.php\/IL\/article\/download\/IL.2013.18.2.04\/1207\"><strong>Of Hard Joy: Half a Century of Viivi Luik\u2019s Creations. Prose<\/strong><\/a>. \u2013 Interlitteraria, vol 18, no 2, 2013, pp 35-48.<br>Arne Merilai,\u00a0<a href=\"http:\/\/www.ceeol.com\/aspx\/getdocument.aspx?logid=5&amp;id=1f46a9c3-9128-4f98-b50c-8a7a68c99066\"><strong>Of Hard Joy: Half a Century of Viivi Luik\u2019s Creations. Poetry<\/strong><\/a>. \u2013 Interlitteraria, vol 18, no 1, 2013 pp 211-225.<br>Rein Veidemann, <strong>Journey towards yourself<\/strong>. \u2013 Estonian Literary Magazine, no 33, 2011.<br>Arne Merilai,\u00a0<a href=\"http:\/\/elm.estinst.ee\/issue\/24\/longing-bosom-rowan-tree-viivi-luik\/\"><strong>Longing for the Bosom of the Rowan-tree: Viivi Luik<\/strong><\/a>. \u2013 Estonian Literary Magazine, no 24, 2007, pp 4-11.<br>Tiina Kirss, <strong>Viivi Luik\u2019s The Beauty of History: Aestheticized Violence and the Postcolonial in the Contemporary Estonian Novel<\/strong>.\u00a0\u2013\u00a0Baltic Postcolonialism. Edited by Violeta Kelertas. Series:\u00a0On the Boundary of Two Worlds: Identity, Freedom, and Moral Imagination in the Baltics, no 6.\u00a0Amsterdam; New York: Rodopi, 2006, pp 271-288.<br>Ene-Reet Soovik,\u00a0<strong>Naming and Claiming: Mental Maps of Estonia in the Poetry of Viivi Luik and Jaan Kaplinski<\/strong>. \u2013 Interlitteraria, vol 6, 2001, pp 180-193.<br>Leena Kurvet-K\u00e4osaar,\u00a0<strong>Multidimensional Time-Space in Margaret Atwood\u2019s Cat\u2019s Eye and Viivi Luik\u2019s The Seventh Spring of Peace<\/strong>. \u2013 Interlitteraria, vol 3, 1998, pp 248-266.<br>Maire Jaanus, <strong>Viivi Luik: War and Peace; Body and Genotext in her novel Seitsmes Rahukevad<\/strong>. \u2013 Journal of Baltic Studies, vol 20, no 3, 1989, pp 265-282.<\/span>\n<\/p>\n<p>\n\t<span style=\"font-family: verdana,geneva\"><strong><em>German<\/em><\/strong><br>Cornelius Hasselblatt, <strong>Viivi Luik<\/strong>. \u2013 Kritisches Lexikon zur fremdsprachigen Gegenwartsliteratur. 56. Nachlieferung. M\u00fcnchen: edition text + kritik, 2001. 14 + 5 pp.<br>Cornelius Hasselblatt, <strong>Kann Geschichte sch\u00f6n sein? Zur Konstruktion von Vergangenheit in zwei Romanen Viivi Luiks<\/strong>. Nordost-Archiv. Zeitschrift f\u00fcr Regionalgeschichte. NF VIII (1999), pp 419-433.<br>Irja Dittmann-Gr\u00f6nholm, <strong>Luik, Viivi<\/strong>. \u2013 U. Hechtfischer, R. Hof, I. Stephan, F. Veit-Wild, (eds), Metzler Autorinnen Lexikon. Stuttgart: Weimar, 1998, p 320<strong>.<\/strong><br>dk,\u00a0<strong>Seelenlage im neuen Frieden<\/strong>. \u2013 Hamburger Morgenpost 20.V.1992<br>Cornelius Hasselblatt, <strong>Viivi Luik: Seitsmes rahukevad<\/strong>. \u2013 W. Jens (ed), Kindlers Neues Literatur Lexikon, vol. 10. M\u00fcnchen: Kindler, 1990, pp 664\u2013665.<br>Cornelius Hasselblatt, <strong>F\u00fcnf Fragen an Viivi Luik den \u2018Siebten Friedensfr\u00fchling\u2019 betreffend<\/strong>. \u2013 Estonia, vol 3, no 3, 1987, pp 109-111.<br>Cornelius Hasselblatt,<strong> Viivi Luik und der \u2018Siebte Friedensfr\u00fchling\u2019<\/strong>. \u2013 Baltisches jahrbuch, vol 3, 1986, pp 227-236.<br>Ilmar Laaban, <strong>\u00dcber Viivi Luik<\/strong>. \u2013 Trajekt, vol 5, 1985, pp 264-265.<br>Mati Unt, <strong>Viivi Luik<\/strong>. \u2013 Junge K\u00fcnstler Sowjetestlands. Tallinn: Perioodika, 1980, pp 18-24.<\/span><\/p>\n<p><strong><em>Hungarian<\/em><\/strong><br>\u00c1rp\u00e1s K\u00e1roly,\u00a0<a href=\"http:\/\/www.sulinet.hu\/oroksegtar\/data\/tudomany_es_ismeretterjesztes\/messze_van_esztorszag\/\" target=\"_blank\" rel=\"noopener\"><strong>Messze van \u00c9sztorsz\u00e1g\u2026: (v\u00e1logatott finnugrisztikai dolgozatok)<\/strong><\/a>. Savariae [i.e. Szombathely]: Berzsenyi D\u00e1niel Tan\u00e1rk\u00e9pz\u00f6 F\u00f6iskola, 2003, 275 pp. [A monograph about Estonian history and literature. Includes special chapters about \u2018Kalevipoeg\u2019, Lydia Koidula (in German), A. H. Tammsaare, Jaan Kross, Minni Nurme, Viivi Luik and Paul-Eerik Rummo.]<br>\u00a0\n<\/p>\n<p>\n\t<span style=\"font-family: verdana, geneva;font-size: medium\"><strong><a name=\"reviews\"><\/a>Reviews<\/strong><\/span>\n<\/p>\n<p>\n\t<em><strong>English<\/strong><\/em><br>Arne Merilai, <strong>Chapter XVI. Viivi Luik. Varjuteater<\/strong>. \u2013 Arne Merilai, Estonian pragmapoetics, from poetry and fiction to philosophy and genetics. Newcastle-upon-Tyne: Cambridge Scholars Publishing, 2023, pp 246-247. [See <strong><a href=\"https:\/\/sisu.ut.ee\/ewod\/generaltreatments\/estonianpragmapoetics\" title=\"\">contents<\/a><\/strong> of the monograph.]\n<\/p>\n<p>\n\t<span style=\"font-family: verdana, geneva\"><strong><em>German<\/em><\/strong><br>Judith Leister,\u00a0<strong>Der Duft alter Steine \u2013 die Estin Viivi Luik hat einen Roman \u00fcber das tellurische Rom geschrieben<\/strong>. \u2013 Neue Z\u00fcrcher Zeitung, 17.11.2018. [About \u2018Schattenspiel\u2019 (\u2018Varjuteater\u2019).]<br>Cornelius Hasselblatt,\u00a0<strong>Viivi Luik: Seitsmes rahukevad<\/strong>. \u2013\u00a0Kindlers Literatur Lexikon 3, bd 10.\u00a0Stuttgart, Weimar: Verlag\u00a0J.B. Metzler, 2009, pp\u00a0355-356.<br>Bernd Gr\u00e4f, <\/span><span style=\"font-family:Verdana,Geneva,sans-serif\"><strong>[About \u2018Der siebte Friedensfr\u00fchling\u2019 (\u2018Seitsmes rahukevad\u2019)]<\/strong><\/span><span style=\"font-family: verdana, geneva\">. \u2013 Der Romanf\u00fchrer. Der Inhalt der Romane und Novellen der Weltliteratur. Band 34: Ost-, s\u00fcdost- und nordeurop\u00e4ische Erz\u00e4hlprosa aus den Jahren 1989 bis 1995. Herausgegeben von Bernd Gr\u00e4f. Stuttgart: Anton Hiersemann, 1999, p 100.<br>Rita Weisweiler, <\/span><strong><span style=\"font-family:Verdana,Geneva,sans-serif\">[About \u2018Die Sch\u00f6nheit der Geschichte\u2019 (\u2018Ajaloo ilu\u2019)]<\/span><\/strong><span style=\"font-family: verdana, geneva\">. \u2013 Der Romanf\u00fchrer. Der Inhalt der Romane und Novellen der Weltliteratur. Band 34: Ost-, s\u00fcdost- und nordeurop\u00e4ische Erz\u00e4hlprosa aus den Jahren 1989 bis 1995. Herausgegeben von Bernd Gr\u00e4f. Stuttgart: Anton Hiersemann, 1999, pp 100-102.<br>R.A., <strong>Kopf und Herz, Politik und Poesie<\/strong>. \u2013 Der Standard (Wien), 7.4.1995. [About \u2018Die Sch\u00f6nheit der Geschichte\u2019 (\u2018Ajaloo ilu\u2019).]<br>Heinz Stalder, <strong>Schmerz, Hass und Liebe in Estland<\/strong>. Rowohlt bringt Viivi Luiks \u00abDie Sch\u00f6nheit der Geschichte\u00bb. \u2013 Der kleine Bund (Bern), 29.4.1995, Kulturbeilage, p 10. [About \u2018Die Sch\u00f6nheit der Geschichte\u2019 (\u2018Ajaloo ilu\u2019).]<br>Ruth W\u00fcst, <strong>Eine Liebesgeschichte zweier K\u00fcnstler<\/strong>. \u2013 B\u00fccherpick (Schweiz), Mai 1995. [About \u2018Die Sch\u00f6nheit der Geschichte\u2019 (\u2018Ajaloo ilu\u2019).]<br><strong>Viivi Luik: Die Sch\u00f6nheit der Geschichte<\/strong>. \u2013 Hamburger Morgenpost, 15.6.1995. [About \u2018Die Sch\u00f6nheit der Geschichte\u2019 (\u2018Ajaloo ilu\u2019).]<br>Katharina D\u00f6bler, <strong>Eine richtige Heldin. Viivi Luiks Roman \u00abDie Sch\u00f6nheit der Geschichte\u00bb<\/strong>. \u2013 Neue Z\u00fcrcher Zeitung, Internationale Ausgabe, 24.6.1995. [About \u2018Die Sch\u00f6nheit der Geschichte\u2019 (\u2018Ajaloo ilu\u2019).]<br>Christa Fenzl, <strong>Sommerwolken des Baltikums. Viivi Luiks Erstling handelt von der Kunst des \u00dcberlebens<\/strong>. \u2013 Main-Echo (Aschaffenburg), 18.7.1995. [About \u2018Die Sch\u00f6nheit der Geschichte\u2019 (\u2018Ajaloo ilu\u2019).]<br>Michael Braun, <strong>Der Himmel \u00fcber Riga und Tallin. Viivi Luiks Zeitroman \u201cDie Sch\u00f6nheit der Geschichte\u201d<\/strong>. \u2013 Frankfurter Rundschau, 5.8.1995. [About \u2018Die Sch\u00f6nheit der Geschichte\u2019 (\u2018Ajaloo ilu\u2019).]<br>Claudia Paul, <strong>Die Sch\u00f6nheit der Geschichte<\/strong>. \u2013 Meier (Mannheim), no 8, 1995. [About \u2018Die Sch\u00f6nheit der Geschichte\u2019 (\u2018Ajaloo ilu\u2019).]<br>Lea Andersson, Konrad Maier, <strong>Salz und Rauch<\/strong>. \u2013 Estonia, no 2, 1995, pp 56-59. [About \u2018Die Sch\u00f6nheit der Geschichte\u2019 (\u2018Ajaloo ilu\u2019).]<br>[s. n.], <strong>Die Feder des Marras<\/strong>. \u2013 S\u00fcdwestpresse, 14.5.1994. [About the theatre version of \u2018Seitsmes rahukevad\u2019.]<br>mm, <strong>Phantastisches Theater!<\/strong>. \u2013 Reutlinger Generalanzeiger, 14.5.1994. [About the theatre version of \u2018Seitsmes rahukevad\u2019.]<br>Manfred Jahnke, <strong>Zur\u00fcck in die 80er Jahre?<\/strong>. \u2013 Stuttgarter Zeitung, 18.5.1994. [About the theatre version of \u2018Seitsmes rahukevad\u2019.]<br>Horst Bernhardt, <strong>Die Sch\u00f6nheit der Geschichte<\/strong>. \u2013 Estonia, no 1, 1993, pp 50-53. [About \u2018Die Sch\u00f6nheit der Geschichte\u2019 (\u2018Ajaloo ilu\u2019).]<br>Cornelius Hasselblatt,\u00a0<strong>Frieden \u00e0 la Stalin<\/strong>. \u2013 Estonia, no 1, 1992, pp 54-56. [About the novel \u2018Seitsmes rahukevad\u2019 (\u2018Der siebte Friedensfr\u00fchling\u2019).]<br>Hendrik Markgraf, <strong>Wind und blaue Weiten. Ein Roman \u00fcber den siebten Friedensfr\u00fchling in Estland<\/strong>. \u2013 Frankfurter Allgemeine Zeitung, 8.2.1992. [About \u2018Der siebte Friedensfr\u00fchling\u2019 (\u2018Seitsmes rahukevad\u2019).]<br>[s. n.], <strong>Widerstand, der aus der Kindheit kommt<\/strong>. \u2013 Die Welt, 13.2.1991. [About \u2018Der siebte Friedensfr\u00fchling\u2019 (\u2018Seitsmes rahukevad\u2019).]<br>Elsbeth Wolffheim, <strong>\u201cIn dieser Armut, welche F\u00fclle\u201d<\/strong>. \u2013 Neue Z\u00fcrcher Zeitung, no 88, 17.4.1991. [About \u2018Der siebte Friedensfr\u00fchling\u2019 (\u2018Seitsmes rahukevad\u2019).]<br>Jakob Michael Perschy, <strong>Wo der Dorfsowjet herrscht. Kindheit in Livland<\/strong>. \u2013 Die Presse (Wien), 11.\/12.5.1991. [About \u2018Der siebte Friedensfr\u00fchling\u2019 (\u2018Seitsmes rahukevad\u2019).]<br>Konrad Rudolf Lienert, <strong>K\u00e4mpfen mit der weissen Magie der Sprache<\/strong>. \u2013 Tages-Anzeiger (Z\u00fcrich), 24.5.1991. [About \u2018Der siebte Friedensfr\u00fchling\u2019 (\u2018Seitsmes rahukevad\u2019).]<br>Karl Heinz Kramberg, <strong>Lieber lesen als k\u00e4mpfen<\/strong>. \u2013 S\u00fcddeutsche Zeitung, 29.\/30.5.1991. [About \u2018Der siebte Friedensfr\u00fchling\u2019 (\u2018Seitsmes rahukevad\u2019).]<br>H.V., <strong>Zeit der W\u00f6lfe<\/strong>. \u2013 Der Standard (Wien), 14.6.1991. [About \u2018Der siebte Friedensfr\u00fchling\u2019 (\u2018Seitsmes rahukevad\u2019).]<br>EvS, <strong>Estnischer \u201cFriedensfr\u00fchling\u201d<\/strong>. \u2013 K\u00f6lner Stadt-Anzeiger, 3.8.1991. [About \u2018Der siebte Friedensfr\u00fchling\u2019 (\u2018Seitsmes rahukevad\u2019).]<br>Angela Pl\u00f6ger, <strong>Ein Haus wie ein Sarg<\/strong>. \u2013 Deutsches Allgemeines Sonntagsblatt, no 29, 19.7.1991. [About \u2018Der siebte Friedensfr\u00fchling\u2019 (\u2018Seitsmes rahukevad\u2019).]<br>Wolfgang Paul, <strong>Von der Stalinzeit im Baltikum<\/strong>. \u2013 Berliner Morgenpost, 1.9.1991. [About \u2018Der siebte Friedensfr\u00fchling\u2019 (\u2018Seitsmes rahukevad\u2019).]<br>Jutta M\u00f6dlhammer, <strong>Kinder spielen Kolchos<\/strong>. \u2013 N\u00fcrnberger Zeitung, 14.9.1991. [About \u2018Der siebte Friedensfr\u00fchling\u2019 (\u2018Seitsmes rahukevad\u2019).]<br>Wolfgang Paul, <strong>Ein Kind erlebt die Stalinzeit im Baltikum<\/strong>. \u2013 Berliner Morgenpost, 22.9.1991. [About \u2018Der siebte Friedensfr\u00fchling\u2019 (\u2018Seitsmes rahukevad\u2019).]<br>Anne Fried, <strong>Was und wie Frauen schreiben<\/strong>. \u2013 Evangelische Kommentare, no 12, 1991, pp 723-726. [About \u2018Die Sch\u00f6nheit der Geschichte\u2019 (\u2018Ajaloo ilu\u2019).]<br>Cornelius Hasselblatt, <strong>Viivi Luik: Seitsmes rahukevad<\/strong>. \u2013 Kindlers Neues Literatur Lexikon, bd 10. M\u00fcnchen: Kindler, 1990, pp 664-665.\u00a0[About the novel \u2018Seitsmes rahukevad\u2019 (\u2018Der siebte Friedensfr\u00fchling\u2019).]<br><strong>F\u00fcnf Fragen an Viivi Luik den \u201cSiebten Friedensfr\u00fchling\u201d betreffend<\/strong>. \u2013 Estonia, no 3, 1987, pp 109-111. [About \u2018Der siebte Friedensfr\u00fchling\u2019 (\u2018Seitsmes rahukevad\u2019).]<br>Cornelius Hasselblatt, <strong>Viivi Luik und der \u2018Siebte Friedensfr\u00fchling\u2019<\/strong>. \u2013 baltisches jahrbuch, no 3, 1986, pp 227-236. [About \u2018Der siebte Friedensfr\u00fchling\u2019 (\u2018Seitsmes rahukevad\u2019).]<br>Cornelius Hasselblatt,<strong> Literarisches \u00a0Neuland<\/strong>. \u2013 Estonia: Zeitschrift f\u00fcr estnische Literatur, vol 1, no 2, 1985, pp 34\u201337.\u00a0[About the novel \u2018Seitsmes rahukevad\u2019 (\u2018Der siebte Friedensfr\u00fchling\u2019).]<\/span>\n<\/p>\n<p>\n\t<span style=\"font-family: verdana,geneva\"><em><strong>English<\/strong><\/em><br>Arne Merilai,<strong>\u00a0<cite>Varjuteater<\/cite><\/strong><span style=\"font-family: verdana,geneva\"><strong>\u00a0by Viivi Luik<\/strong>. \u2013 World Literature Today, v<span style=\"font-family: verdana,geneva\">ol 85, no 3, 2011, pp 67-68.<\/span><\/span><br>Ilse Lehiste,\u00a0<strong><cite>R\u00e4ngast r\u00f5\u00f5must<\/cite><\/strong><strong>\u00a0by Viivi Luik<\/strong>. \u2013 World Literature Today, vol 57, no 4, 1983, p 664.<br>Ilse Lehiste, <strong><cite>Lauludem\u00fc\u00fcja<\/cite>\u00a0by Viivi Luik;\u00a0<cite>H\u00e4\u00e4l<\/cite><\/strong><strong>\u00a0by Viivi Luik<\/strong>. \u2013 Books Abroad, vol 43, no 3, 1969, pp 447-448.\u00a0<\/span><\/p>\n<p><span style=\"font-family: verdana, geneva;font-size: medium\"><strong><a name=\"interviews\"><\/a>Interviews<\/strong><\/span>\n<\/p>\n<p>\n\t<span style=\"font-family: verdana,geneva\"><strong><em>German<\/em><br>Esten in der Ewigen Stadt. Ein Gespr\u00e4ch mit Viivi Luik und Jaak J\u00f5er\u00fc\u00fct<\/strong>. \u2013 Estonia, no 1, 2002, pp 62-69.<br><strong>Gespr\u00e4ch mit der estnischen Autorin Viivi Luik<\/strong>. \u2013 Baltica, no 2, 1991, p 34.<br>Cornelius Hasselblatt, <strong>F\u00fcnf Fragen an Viivi Luik den \u2018Siebten Friedensfr\u00fchling\u2019 betreffend<\/strong>. \u2013 Estonia: Zeitschrift f\u00fcr estnische Literatur und Kultur, no 3, 1987, pp 109-111.<\/span>\n<\/p>\n<p>\n\t<span style=\"font-family: verdana,geneva\"><strong><em>Latvian<\/em><\/strong><br>Viivi Luik, Hedi Rosma, <strong>Es esmu gr\u0101mata<\/strong>. No igau\u0146u valodas tulkojusi R\u016bta Karma. Riga: Mansards, 2013, 132 pp. [\u2018Ma olen raamat\u2019.]<\/span><br>\u00a0\n<\/p>\n<p>\n\t<span style=\"font-family: verdana, geneva;font-size: medium\"><strong><a name=\"plays\"><\/a><span style=\"font-family: verdana,geneva\">Plays based on works by Viivi Luik<\/span><\/strong><\/span>\n<\/p>\n<p>\n\t<span style=\"font-family: verdana,geneva\"><strong><em>German<\/em><br>Der Hundegeburtstag: H\u00f6rspiel<\/strong>. Translated by Horst Bernhardt, directed by Hein Bruehl. WDR\/DLR, 1995. [\u2018Koera s\u00fcnnip\u00e4ev\u2019, a radioplay of 39 min.]<br><strong>Nirgendwo ist alles anders<\/strong>. Ein Spiel mit Objekten, Musik und einer Schauspielerin f\u00fcr Kinder ab 8 Jahren frei nach dem Roman \u201cDer siebte Friedensfr\u00fchling\u201d. Figurentheater T\u00fcbingen, Urauff\u00fchrung 12.5.1994. [Theatre version of \u2018Seitsmes rahukevad\u2019.]<\/span><\/p>\n","protected":false},"excerpt":{"rendered":"<p>Articles Reviews Interviews Plays based on works by Viivi Luik \u00a0 Articles EnglishArne Merilai, Chapter XIV. Of Hard Joy: Half a Century of Viivi Luik\u2019s Creations. Poetry. \u2013 Arne Merilai, Estonian pragmapoetics, from poetry and fiction to philosophy and genetics. &#8230;<\/p>\n","protected":false},"author":43,"featured_media":0,"parent":567,"menu_order":0,"comment_status":"closed","ping_status":"closed","template":"","meta":{"_acf_changed":false,"inline_featured_image":false,"footnotes":""},"class_list":["post-1648","page","type-page","status-publish","hentry"],"acf":[],"_links":{"self":[{"href":"https:\/\/sisu.ut.ee\/ewod\/wp-json\/wp\/v2\/pages\/1648","targetHints":{"allow":["GET"]}}],"collection":[{"href":"https:\/\/sisu.ut.ee\/ewod\/wp-json\/wp\/v2\/pages"}],"about":[{"href":"https:\/\/sisu.ut.ee\/ewod\/wp-json\/wp\/v2\/types\/page"}],"author":[{"embeddable":true,"href":"https:\/\/sisu.ut.ee\/ewod\/wp-json\/wp\/v2\/users\/43"}],"replies":[{"embeddable":true,"href":"https:\/\/sisu.ut.ee\/ewod\/wp-json\/wp\/v2\/comments?post=1648"}],"version-history":[{"count":1,"href":"https:\/\/sisu.ut.ee\/ewod\/wp-json\/wp\/v2\/pages\/1648\/revisions"}],"predecessor-version":[{"id":3426,"href":"https:\/\/sisu.ut.ee\/ewod\/wp-json\/wp\/v2\/pages\/1648\/revisions\/3426"}],"up":[{"embeddable":true,"href":"https:\/\/sisu.ut.ee\/ewod\/wp-json\/wp\/v2\/pages\/567"}],"wp:attachment":[{"href":"https:\/\/sisu.ut.ee\/ewod\/wp-json\/wp\/v2\/media?parent=1648"}],"curies":[{"name":"wp","href":"https:\/\/api.w.org\/{rel}","templated":true}]}}