{"id":1640,"date":"2024-04-03T23:41:40","date_gmt":"2024-04-03T20:41:40","guid":{"rendered":"https:\/\/sisu.ut.ee\/ewod\/stories-et-183\/"},"modified":"2024-04-04T00:06:41","modified_gmt":"2024-04-03T21:06:41","slug":"stories","status":"publish","type":"page","link":"https:\/\/sisu.ut.ee\/ewod\/j\/jogisalu\/stories\/","title":{"rendered":"Harri J\u00f5gisalu &#8211; short stories"},"content":{"rendered":"<p><span style=\"font-size: medium;font-family: verdana, geneva\"><strong>In anthologies and magazines<\/strong><\/span><\/p>\n<p><span style=\"font-family: verdana, geneva\" data-mce-mark=\"1\"><em><strong>German<br><\/strong><\/em>Der Stein; Es tut sehr weh; Muttis Apfelbaum. \u2013 Sowjetliteratur, no 1, 1989. Literatur und Kunst der Estnischen Sowjetrepublik. Moskau: 1989, 189 pp. [\u2018Kivi\u2019, \u2018Valu\u2019, \u2018Ema \u00f5unapuu\u2019.\u00a0See\u00a0<a href=\"https:\/\/sisu.ut.ee\/ewod\/anthologies\/german\/sowjetliteratur\"><strong>contents<\/strong><\/a>\u00a0of the special issue.]<em><strong><br><\/strong><\/em><\/span><\/p>\n<p><span style=\"font-family: verdana, geneva\" data-mce-mark=\"1\"><strong><em>Lithuanian<\/em><\/strong><br><strong>Vandenu \u0161alis: estu pasakos<\/strong>. I\u0161 estu kalbos verte Eduardas Astramskas; iliustravo Kazimieras Pa\u0161kauskas, Vilnius: Vagos, 1981, 279 pp. [Fairy tales by\u00a0 Fr. R. Kreutzwald, J. K\u00f5rv, J. Kunder, M. J. Eisen, E. Peterson-S\u00e4rgava, J. Parij\u00f5gi, A. Jakobson and Harri J\u00f5gisalu.]<\/span><\/p>\n<p><span style=\"font-family: verdana, geneva\" data-mce-mark=\"1\"><em><strong><span data-mce-mark=\"1\">Russian<\/span><\/strong><\/em><\/span><br><span style=\"font-family: verdana, geneva\" data-mce-mark=\"1\">\u0425\u0430\u0440\u0440\u0438 \u0419\u044b\u0433\u0438\u0441\u0430\u043b\u0443, <strong>\u0421\u043e\u043b\u043e\u0432\u0435\u0439; \u0411\u043e\u043b\u044c; \u041a\u0430\u0442\u0430\u0441\u0442\u0440\u043e\u0444\u0430 \u0432 \u043f\u043e\u043b\u0435\u0442\u0435; \u041c\u0430\u043c\u0438\u043d\u0430 \u044f\u0431\u043b\u043e\u043d\u044f<\/strong>. \u2013 \u0412\u043e \u0438\u043c\u044f \u0434\u0440\u0443\u0436\u0431\u044b: A\u043d\u0442\u043e\u043b\u043e\u0433\u0438\u044f \u0441\u043e\u0432\u0440\u0435\u043c\u0435\u043d\u043d\u043e\u0439 \u0434\u0435\u0442\u0441\u043a\u043e\u0439 \u043f\u0440\u043e\u0437\u044b. \u0422\u043e\u043c 1-2. \u0421\u043e\u0441\u0442\u0430\u0432\u0438\u0442\u0435\u043b\u044c \u0410. \u042f\u0430\u043a\u0441\u043e\u043e. \u0422\u0430\u043b\u043b\u0438\u043d\u043d: \u042d\u044d\u0441\u0442\u0438 \u0440\u0430\u0430\u043c\u0430\u0442, 1975, 402+424 pp. [See <strong><a href=\"https:\/\/sisu.ut.ee\/ewod\/anthologies\/detskajaproza\">contents<\/a><\/strong> of the anthology.]<\/span><\/p>\n","protected":false},"excerpt":{"rendered":"<p>In anthologies and magazines GermanDer Stein; Es tut sehr weh; Muttis Apfelbaum. \u2013 Sowjetliteratur, no 1, 1989. Literatur und Kunst der Estnischen Sowjetrepublik. Moskau: 1989, 189 pp. [\u2018Kivi\u2019, \u2018Valu\u2019, \u2018Ema \u00f5unapuu\u2019.\u00a0See\u00a0contents\u00a0of the special issue.] LithuanianVandenu \u0161alis: estu pasakos. I\u0161 estu &#8230;<\/p>\n","protected":false},"author":43,"featured_media":0,"parent":1633,"menu_order":0,"comment_status":"closed","ping_status":"closed","template":"","meta":{"_acf_changed":false,"inline_featured_image":false,"footnotes":""},"class_list":["post-1640","page","type-page","status-publish","hentry"],"acf":[],"_links":{"self":[{"href":"https:\/\/sisu.ut.ee\/ewod\/wp-json\/wp\/v2\/pages\/1640","targetHints":{"allow":["GET"]}}],"collection":[{"href":"https:\/\/sisu.ut.ee\/ewod\/wp-json\/wp\/v2\/pages"}],"about":[{"href":"https:\/\/sisu.ut.ee\/ewod\/wp-json\/wp\/v2\/types\/page"}],"author":[{"embeddable":true,"href":"https:\/\/sisu.ut.ee\/ewod\/wp-json\/wp\/v2\/users\/43"}],"replies":[{"embeddable":true,"href":"https:\/\/sisu.ut.ee\/ewod\/wp-json\/wp\/v2\/comments?post=1640"}],"version-history":[{"count":1,"href":"https:\/\/sisu.ut.ee\/ewod\/wp-json\/wp\/v2\/pages\/1640\/revisions"}],"predecessor-version":[{"id":3438,"href":"https:\/\/sisu.ut.ee\/ewod\/wp-json\/wp\/v2\/pages\/1640\/revisions\/3438"}],"up":[{"embeddable":true,"href":"https:\/\/sisu.ut.ee\/ewod\/wp-json\/wp\/v2\/pages\/1633"}],"wp:attachment":[{"href":"https:\/\/sisu.ut.ee\/ewod\/wp-json\/wp\/v2\/media?parent=1640"}],"curies":[{"name":"wp","href":"https:\/\/api.w.org\/{rel}","templated":true}]}}