{"id":164,"date":"2024-04-03T23:39:26","date_gmt":"2024-04-03T20:39:26","guid":{"rendered":"https:\/\/sisu.ut.ee\/ewod\/laan\/"},"modified":"2024-04-04T00:10:52","modified_gmt":"2024-04-03T21:10:52","slug":"laan","status":"publish","type":"page","link":"https:\/\/sisu.ut.ee\/ewod\/l\/laan\/","title":{"rendered":"Triinu Laan"},"content":{"rendered":"<p>\n\t<a href=\"https:\/\/sisu.ut.ee\/ewod\/l\/laan\/stories\"><strong><span style=\"font-size: medium;font-family: verdana, geneva\">Children\u2019s stories<\/span><\/strong><\/a><strong><span style=\"font-size: medium;font-family: verdana, geneva\"> <\/span><\/strong><span style=\"font-size: medium;font-family: verdana, geneva\"><a href=\"https:\/\/sisu.ut.ee\/wp-content\/uploads\/sites\/108\/triinu_laan_argo_ainjarv.jpg\" target=\"_self\" rel=\"noopener\"><img decoding=\"async\" alt=\"Triinu Laan\" src=\"https:\/\/sisu.ut.ee\/wp-content\/uploads\/sites\/108\/triinu_laan_argo_ainjarv_vaike.jpg\" style=\"float: right;width: 200px;height: 303px\" title=\"Photo: Argo Ainj\u00e4rv\"><\/a><\/span>\n<\/p>\n<p>\u00a0\n<\/p>\n<p><span style=\"color:#000000\"><span style=\"font-size:13px\"><span style=\"font-family:Verdana,Geneva,sans-serif\">Triinu Laan (born 6. May 1975) is a children\u2019s writer and activist of V\u00f5ro language (spoken in South Estonia) and culture.<\/span><\/span><\/span>\n<\/p>\n<p>\n\t<span style=\"color:#000000\"><span style=\"font-size:13px\"><span style=\"font-family:Verdana,Geneva,sans-serif\">Laan was born in V\u00f5ru. In 1993, she completed V\u00f5ru Kreutzwald Gymnasium and, in 2018, graduated from the University of Tartu with a master\u2019s degree in culture management. She has worked at the V\u00f5ru Institute and been the chairperson of the board of the V\u00f5ru Society (V\u00f5ru Language and Culture Foundation). Triinu Laan joined the Estonian Writers\u2019 Union in 2021.<br>\u00a0<br>Laan has published bilingual books for children with parallel texts in Estonian and V\u00f5ru, <em>Suur must koer. Suur must pini<\/em> (\u2018Big Black Dog\u2019, 2007, under the name of Triinu Ojar), <em>Vana katkine kass. Vana katskin\u00f5 kass<\/em> (\u2018Old Broken Cat\u2019, 2016) and <em>Krutskiline tita. P\u00e4\u00e4h\u00e4k\u00e4\u00e4nt\u00e4v tita<\/em> (\u2018Mischievous Baby\u2019, 2019). The book <em>Luukere Juhani juhtumised<\/em> (\u2018Skeleton Juhan\u2019s Adventures\u2019, 2020) is in Estonian, but some of its characters \u2013 granny and grandpa \u2013 speak the V\u00f5ro language. Laan\u2019s storytelling manner is distinct, amiably simple and natural. She is not afraid of dealing with serious topics like old age and death.<\/span><\/span><\/span>\n<\/p>\n<p>\n\t<span style=\"color:#000000\"><span style=\"font-size:13px\"><span style=\"font-family:Verdana,Geneva,sans-serif\">Triinu Laan\u2019s lyrics have been sung at the V\u00f5ro-language song festival Uma Pido (\u2018Our Own Festival\u2019) and by several artists, for example Mari Kalkun. Her books have been translated into Russian, Latvian, Lithuanian, Czech and Korean.<\/span><\/span><\/span>\n<\/p>\n<p>\n\t<span style=\"color:#000000\"><span style=\"font-size:13px\"><span style=\"font-family:Verdana,Geneva,sans-serif\"><em>L. P. (Translated by I. A.)<\/em><\/span><\/span><\/span><\/p>\n<p>\u00a0\n<\/p>\n<p>\n\t<strong><span style=\"font-size:16px\"><span style=\"color:#000000\"><span style=\"font-family:Verdana,Geneva,sans-serif\">Books in Estonian<\/span><\/span><\/span><\/strong>\n<\/p>\n<p>\n\t<span style=\"color:#000000\"><span style=\"font-size:13px\"><span style=\"font-family:Verdana,Geneva,sans-serif\"><strong><em>Children\u2019s books<\/em><\/strong><br>Triinu Ojar, <strong>Suur must koer = Suur must pini<\/strong>. Tallinn: P\u00e4ike ja Pilv, 2007. 43 lk.<br><strong>Vana katkine kass = Vana katskin\u00f5 kass<\/strong>. Tallinn: P\u00e4ike ja Pilv, 2016. 31 lk.<br><strong>Krutskiline tita = P\u00e4\u00e4h\u00e4k\u00e4\u00e4nt\u00e4v tita<\/strong>. Tallinn: Hea Lugu, 2019. 31 lk.<br><strong>Luukere Juhani juhtumised<\/strong>. Saue: P\u00e4ike ja Pilv, 2020. 58 lk.<\/span><\/span><\/span><\/p>\n","protected":false},"excerpt":{"rendered":"<p>Children\u2019s stories \u00a0 Triinu Laan (born 6. May 1975) is a children\u2019s writer and activist of V\u00f5ro language (spoken in South Estonia) and culture. Laan was born in V\u00f5ru. In 1993, she completed V\u00f5ru Kreutzwald Gymnasium and, in 2018, graduated &#8230;<\/p>\n","protected":false},"author":43,"featured_media":0,"parent":631,"menu_order":0,"comment_status":"closed","ping_status":"closed","template":"","meta":{"_acf_changed":false,"inline_featured_image":false,"footnotes":""},"class_list":["post-164","page","type-page","status-publish","hentry"],"acf":[],"_links":{"self":[{"href":"https:\/\/sisu.ut.ee\/ewod\/wp-json\/wp\/v2\/pages\/164","targetHints":{"allow":["GET"]}}],"collection":[{"href":"https:\/\/sisu.ut.ee\/ewod\/wp-json\/wp\/v2\/pages"}],"about":[{"href":"https:\/\/sisu.ut.ee\/ewod\/wp-json\/wp\/v2\/types\/page"}],"author":[{"embeddable":true,"href":"https:\/\/sisu.ut.ee\/ewod\/wp-json\/wp\/v2\/users\/43"}],"replies":[{"embeddable":true,"href":"https:\/\/sisu.ut.ee\/ewod\/wp-json\/wp\/v2\/comments?post=164"}],"version-history":[{"count":1,"href":"https:\/\/sisu.ut.ee\/ewod\/wp-json\/wp\/v2\/pages\/164\/revisions"}],"predecessor-version":[{"id":4924,"href":"https:\/\/sisu.ut.ee\/ewod\/wp-json\/wp\/v2\/pages\/164\/revisions\/4924"}],"up":[{"embeddable":true,"href":"https:\/\/sisu.ut.ee\/ewod\/wp-json\/wp\/v2\/pages\/631"}],"wp:attachment":[{"href":"https:\/\/sisu.ut.ee\/ewod\/wp-json\/wp\/v2\/media?parent=164"}],"curies":[{"name":"wp","href":"https:\/\/api.w.org\/{rel}","templated":true}]}}