{"id":1637,"date":"2024-04-03T23:41:40","date_gmt":"2024-04-03T20:41:40","guid":{"rendered":"https:\/\/sisu.ut.ee\/ewod\/rannit\/"},"modified":"2024-04-04T00:06:40","modified_gmt":"2024-04-03T21:06:40","slug":"rannit","status":"publish","type":"page","link":"https:\/\/sisu.ut.ee\/ewod\/r\/rannit\/","title":{"rendered":"Aleksis Rannit"},"content":{"rendered":"<p>\n\t<span style=\"font-size:16px\"><span style=\"font-family:Verdana,Geneva,sans-serif\"><a href=\"https:\/\/sisu.ut.ee\/ewod\/r\/rannit\/poems\"><strong>Poems <\/strong><\/a><strong><a href=\"https:\/\/sisu.ut.ee\/wp-content\/uploads\/sites\/108\/aleksis_rannit.jpg\" target=\"_self\" rel=\"noopener\"><img decoding=\"async\" alt=\"Aleksis Rannit\" src=\"https:\/\/sisu.ut.ee\/wp-content\/uploads\/sites\/108\/aleksis_rannit.jpg\" style=\"float: right;width: 200px;height: 270px\"><\/a><\/strong><\/span><\/span>\n<\/p>\n<p>\n\t<span style=\"font-size:16px\"><span style=\"font-family:Verdana,Geneva,sans-serif\"><a href=\"https:\/\/sisu.ut.ee\/ewod\/r\/rannit\/about\"><strong>About Aleksis Rannit<\/strong><\/a><\/span><\/span>\n<\/p>\n<p>\u00a0\n<\/p>\n<p style=\"text-align:left\">\n\t<span style=\"font-size:13px\"><span style=\"font-family:Verdana,Geneva,sans-serif\">Aleksis Rannit (born\u00a0Alexey Dolgoshev, 14. X 1914 \u2013 5. I 1985) was a writer and art historian.<\/span><\/span>\n<\/p>\n<p style=\"text-align:left\">\n\t<span style=\"font-size:13px\"><span style=\"font-family:Verdana,Geneva,sans-serif\"><span style=\"line-height:114%\">He was born in Kallaste town to a construction engineer and a math teacher. From 1940-1944, he studied art history, esthetics, Russian literature, and library science at universities in Kaunas and Vilnius. During his studies, he worked as a conservator of the graphics collection at the National Library of Lithuania and as a translator at the Lithuanian National Drama Theater. In 1944, he fled to Germany and from 1947-1949, he studied at the University of Freiburg. In 1953, he settled in the USA where he graduated the Columbia University in New York. From 1961, he was a researcher at Yale in the Slavic and East European department. He was active in introducing Estonian culture, most prominently Estonian poetry and art. At Yale, he held a lecture series to introduce Estonian poets (term 1968\/1969).<\/span><\/span><\/span>\n<\/p>\n<p style=\"text-align:left\">\n\t<span style=\"font-size:13px\"><span style=\"font-family:Verdana,Geneva,sans-serif\"><span style=\"line-height:114%\">Rannit started writing poems in Russian, later in Estonian. His poetry focuses solely on esthetic topics. Rannit is inspired by the poetry of other authors, but also art and music. His poetry is intellectual, striving towards perfect form and euphony, with little room for personal feelings. His work has been recognized and admired, for example, the critic Ants Oras found it to equal the writers of the poetry group Arbujad. Conversely, his poetry has been criticized as estranging and lacking thought and emotions.<\/span><\/span><\/span>\n<\/p>\n<p style=\"text-align:left\">\n\t<span style=\"font-size:13px\"><span style=\"font-family:Verdana,Geneva,sans-serif\"><span style=\"line-height:114%\">In 1973, he received the Henrik Visnapuu Literature Prize.<\/span><\/span><\/span>\n<\/p>\n<p style=\"text-align:left\">\n\t<span style=\"font-size:13px\"><span style=\"font-family:Verdana,Geneva,sans-serif\"><em>L. P. (Translated by A. S.)<\/em><\/span><\/span>\n<\/p>\n<p style=\"text-align:left\">\n<\/p><p><strong><span style=\"font-size:16px\"><span style=\"font-family:Verdana,Geneva,sans-serif\"><span style=\"line-height:114%\">Books in Estonian<\/span><\/span><\/span><\/strong>\n<\/p>\n<p style=\"text-align:left\">\n\t<span style=\"font-size:13px\"><span style=\"font-family:Verdana,Geneva,sans-serif\"><span style=\"line-height:114%\"><em><b><span style=\"font-weight:bold\">P<\/span><\/b><b><span style=\"font-weight:bold\">oems<\/span><\/b><\/em><br><strong>Akna raamistuses<\/strong>: esimesi v\u00e4rsse \/ Aleksei Rannit. Kaunas: Sakalas, 1937. 87 lk.<br><strong>K\u00e4esurve<\/strong>: teine kogu luuletusi. L\u00fcbeck: Korff&amp;Neumann, 1945. 52 lk.<br><strong>Suletud avarust<\/strong>: kolmas kogu luuletusi. Lund: Eesti Kirjanike Kooperatiiv, 1956. 93 lk.<br><strong>Kuiv hiilgus<\/strong>: neljas kogu luuletusi. Lund: Eesti Kirjanike Kooperatiiv, 1963. 61 lk.<br><strong>Kaljud<\/strong>. Lund: Eesti Kirjanike Kooperatiiv, 1969. 57 lk.<br><strong>S\u00f5rmus<\/strong>: kuues kogu luuletusi. Lund: Eesti Kirjanike Kooperatiiv, 1972. 43 lk.<br><strong>Helikeeli<\/strong>: seitsmes v\u00e4rsivihk. Lund: Eesti Kirjanike Kooperatiiv, 1982.\u00a091 lk.<br><strong>Valimik luuletisi 1932\u20131982<\/strong>. New York: Eesti Teaduslik \u00dching Ameerika \u00dchendriikides, 1985. 181 lk.<\/span><\/span><\/span>\n<\/p>\n<p style=\"text-align:left\">\n\t<span style=\"font-size:13px\"><span style=\"font-family:Verdana,Geneva,sans-serif\"><span style=\"line-height:114%\"><em><b><span style=\"font-weight:bold\">C<\/span><\/b><b><span style=\"font-weight:bold\">riticism<\/span><\/b><\/em><br><strong>Aleksander Aspeli esteetika ja humanism: avec une traduction en fran\u00e7ais: L\u2019humanisme et l\u2019esth\u00e9tique d Alexandre Aspel et une bibliographie sommaisre<\/strong>: disvours prononc\u00e9 \u00e0 la Societ\u00e9 Savante Estonienne, New York, Estonian House, 17 juin 1958. Visby: Gotl\u00e4nningens Civiltr, 1959. 45 lk.<\/span><\/span><\/span>\n<\/p>\n<p style=\"text-align:left\">\n\t\u00a0\n<\/p>\n<p>\n\t\u00a0<\/p>\n","protected":false},"excerpt":{"rendered":"<p>Poems About Aleksis Rannit \u00a0 Aleksis Rannit (born\u00a0Alexey Dolgoshev, 14. X 1914 \u2013 5. I 1985) was a writer and art historian. He was born in Kallaste town to a construction engineer and a math teacher. From 1940-1944, he studied &#8230;<\/p>\n","protected":false},"author":43,"featured_media":0,"parent":686,"menu_order":0,"comment_status":"closed","ping_status":"closed","template":"","meta":{"_acf_changed":false,"inline_featured_image":false,"footnotes":""},"class_list":["post-1637","page","type-page","status-publish","hentry"],"acf":[],"_links":{"self":[{"href":"https:\/\/sisu.ut.ee\/ewod\/wp-json\/wp\/v2\/pages\/1637","targetHints":{"allow":["GET"]}}],"collection":[{"href":"https:\/\/sisu.ut.ee\/ewod\/wp-json\/wp\/v2\/pages"}],"about":[{"href":"https:\/\/sisu.ut.ee\/ewod\/wp-json\/wp\/v2\/types\/page"}],"author":[{"embeddable":true,"href":"https:\/\/sisu.ut.ee\/ewod\/wp-json\/wp\/v2\/users\/43"}],"replies":[{"embeddable":true,"href":"https:\/\/sisu.ut.ee\/ewod\/wp-json\/wp\/v2\/comments?post=1637"}],"version-history":[{"count":1,"href":"https:\/\/sisu.ut.ee\/ewod\/wp-json\/wp\/v2\/pages\/1637\/revisions"}],"predecessor-version":[{"id":3435,"href":"https:\/\/sisu.ut.ee\/ewod\/wp-json\/wp\/v2\/pages\/1637\/revisions\/3435"}],"up":[{"embeddable":true,"href":"https:\/\/sisu.ut.ee\/ewod\/wp-json\/wp\/v2\/pages\/686"}],"wp:attachment":[{"href":"https:\/\/sisu.ut.ee\/ewod\/wp-json\/wp\/v2\/media?parent=1637"}],"curies":[{"name":"wp","href":"https:\/\/api.w.org\/{rel}","templated":true}]}}