{"id":163,"date":"2024-04-03T23:39:26","date_gmt":"2024-04-03T20:39:26","guid":{"rendered":"https:\/\/sisu.ut.ee\/ewod\/normet\/"},"modified":"2024-04-04T00:10:52","modified_gmt":"2024-04-03T21:10:52","slug":"normet","status":"publish","type":"page","link":"https:\/\/sisu.ut.ee\/ewod\/n\/normet\/","title":{"rendered":"Dagmar Normet"},"content":{"rendered":"<p>\n\t<span style=\"font-size:16px\"><span style=\"font-family:Verdana,Geneva,sans-serif\"><a href=\"https:\/\/sisu.ut.ee\/ewod\/n\/normet\/nonfiction\"><strong>Non-fiction<\/strong><\/a><strong> <\/strong><a href=\"https:\/\/sisu.ut.ee\/wp-content\/uploads\/sites\/108\/dagmar_normet_kalju_suur.jpg\" target=\"_self\" rel=\"noopener\"><img decoding=\"async\" alt=\"Dagmar Normet\" src=\"https:\/\/sisu.ut.ee\/wp-content\/uploads\/sites\/108\/dagmar_normet_kalju_suur.jpg\" style=\"float: right;width: 200px;height: 249px\" title=\"Photo: Kalju Suur\"><\/a><\/span><\/span>\n<\/p>\n<p>\u00a0\n<\/p>\n<p style=\"margin-bottom:0cm\">\n\t<span style=\"color:#000000\"><span style=\"font-size:13px\"><span style=\"font-family:Verdana,Geneva,sans-serif\"><span style=\"line-height:100%\"><span style=\"font-weight:normal\">Dagmar Normet <\/span>(until 1940 Dagmar-Sarlia Rubinstein, Estonicised name Dagmar Randa, from 1945 Normet; 13. II 1921 \u2013 16. X 2008) was a children\u2019s author.<\/span><\/span><\/span><\/span><\/p>\n<p>She was born and educated in Tallinn, then studied physical culture at the University of Tartu from 1940 to 1941; then, having fled from the war to the Soviet Union, studied Russian language and literature at the Ulyanovsk Pedagogical Institute, at the Higher Institute of Physical Culture in Moscow, and then again at the State University of Tartu, graduating in 1945 as a physical education instructor. She worked as a teacher of physical culture, and among other things she conducted the morning exercise programmes on Estonian Radio from 1946 to 1953. From 1956 onward she concentrated on writing. She was a member of the Estonian Theatre Association (from 1964) and the Writers\u2019 Union (from 1988). She was awarded the Order of the White Star, Class V (2007). From 1945 to 1960 she was married to the composer Leo Normet (1922 \u2013 1995). She died in Tallinn and is buried in the Metsakalmistu (\u2018Forest Cemetery\u2019), Tallinn.<\/p>\n<p>The first books by Normet, who came to children\u2019s literature in the forties, were the verse stories <i>Maales\u00f5it <\/i>(\u2018A Trip to the Country\u2019, 1948) and <i>Me ehitame maja <\/i>(\u2018We\u2019re Building a House\u2019, 1957), and the books that won her wider recognition, <i>Une-Mati, P\u00e4ris-Mati ja Tups <\/i>(\u2018Mati the Sandman, the Real Mati and Tups\u2019, 1979) and <i>Une-Mati rannak\u00fclas <\/i>(\u2018Mati the Sandman at the Coastal Village\u2019, 1986), which, typically for the author, intertwine elements of fairy-tale and fantasy with the everyday world, and, along with an adventure story, impart knowledge to children. So it is with the children\u2019s novel <i>L\u00f5vi ja lohe<\/i> (\u2018The Lion and the Dragon\u2019, 1993), where the action moves from the present day to the Middle Ages. In Normet\u2019s joyfully nuanced works, the characters often travel in space and time, learning from their immediate experience. Normet also wrote plays for children, radio plays, and scripts for television productions and puppet films; the plays for children are collected in <i>Lavalood lastele <\/i>(\u2018Stage Stories for Children\u2019, 2008).<\/p>\n<p>For adults Normet wrote opera libretti and film scripts, the best known of which is the classic Estonian comedy film <i>Vallatud kurvid <\/i>(\u2018Wild Curves\u2019, 1959, directors Juli Kun, Kaljo Kiisk), for which she was one of the writers.<\/p>\n<p>She wrote a monograph about the actor, director and costume artist Lo Tui (1973) and was one of the compilers of a collection about the legendary gymnastics teacher, <i>Ernst Idla \u2013 v\u00f5lur Tallinnast <\/i>(\u2018Ernst Idla \u2013 the Magician from Tallinn\u2019, 1991).<\/p>\n<p>The books of memoirs <i>Avanevad uksed <\/i>(\u2018Opening Doors\u2019, 2001) and <i>\u2026ainult v\u00f5ti taskus <\/i>(\u2018\u2026only a key in my pocket\u2019, 2004) give an insight into the course of a life in which a childhood and youth passed in twenties in the Republic of Estonia were exchanged for the totally different world of the forties.<\/p>\n<p><em><span style=\"font-size:13px\"><span style=\"font-family:Verdana,Geneva,sans-serif\"><span style=\"line-height:100%\">A. K. (Translated by C. M.)<\/span><\/span><\/span><\/em>\n<\/p>\n<p style=\"margin-bottom:0.21cm\">\n<\/p><p><span style=\"color:#000000\"><span style=\"font-size:16px\"><span style=\"font-family:Verdana,Geneva,sans-serif\"><span style=\"line-height:150%\"><font style=\"12pt\"><b>Books in Estonian<\/b><\/font><\/span><\/span><\/span><\/span>\n<\/p>\n<p style=\"margin-bottom:0.21cm\">\n\t<span style=\"color:#000000\"><span style=\"font-size:13px\"><span style=\"font-family:Verdana,Geneva,sans-serif\"><span style=\"line-height:150%\"><em><font style=\"12pt\"><b>Children\u2019s literature<\/b><\/font><\/em><br><font style=\"12pt\"><strong>Maales\u00f5it<\/strong>: matkimism\u00e4ng lastele. Tallinn: Ilukirjandus ja Kunst, 1948, 16 lk. [2. tr\u00fckk: 1949.]<br><strong>Me ehitame maja<\/strong>. Tallinn: Eesti Riiklik Kirjastus, 1957, 12 lk.<\/font><br><span><font style=\"12pt\"><strong>Delfiinia<\/strong>: jutustus. Tallinn: Eesti Raamat, 1975, 84 lk. [2. tr\u00fckk: 1993.]<br><strong>Une-Mati, P\u00e4ris-Mati ja Tups<\/strong>. Tallinn: Eesti Raamat, 1979, 111 lk. [J\u00e4rgmised tr\u00fckid: 1999, 2016.]<br><strong>K\u00fcmme ust, ehk, Meie maja rahvas<\/strong>. Tallinn: Eesti Raamat, 1985, 64 lk.<br><strong>Une-Mati rannak\u00fclas<\/strong>. Tallinn: Eesti Raamat, 1986, 143 lk. [J\u00e4rgmised tr\u00fckid: 1999, 2016.]<br><strong>Naeratuste vikerkaar<\/strong>: j\u00f5ulumuinasjutt. Rapla: Graafiline Produktsioon, 1992, 18 lk.<br><strong>L\u00f5vi ja lohe<\/strong>: lasteromaan. Tallinn: Koolibri, 1993, 174 lk.<br><strong>Lavalood lastele<\/strong>. Tallinn: Varrak, 2008, 269 lk.<\/font><\/span><\/span><\/span><\/span><\/span>\n<\/p>\n<p style=\"margin-bottom:0.21cm\">\n\t<span style=\"color:#000000\"><span style=\"font-size:13px\"><span style=\"font-family:Verdana,Geneva,sans-serif\"><span style=\"line-height:150%\"><em><font style=\"12pt\"><b>Memoirs<\/b><\/font><\/em><br><font style=\"12pt\"><strong>Avanevad uksed<\/strong>. Tallinn: D. Normet, 2001, 216 lk. [2. tr\u00fckk: 2010.]<br><strong>\u2026ainult v\u00f5ti taskus<\/strong>. Tallinn: Varrak, 2004, 322 lk. [2. tr\u00fckk: 2010.]<\/font><\/span><\/span><\/span><\/span><\/p>\n<p><span style=\"line-height:150%\"><em><font style=\"12pt\"><b>Miscellaneous<\/b><\/font><\/em><br><font style=\"12pt\"><strong>Lo Tui<\/strong>. Tallinn: Eesti Raamat, 1973, 40 lk.<\/font><\/span>\n<\/p>\n<p>\n\t\u00a0<\/p>\n","protected":false},"excerpt":{"rendered":"<p>Non-fiction \u00a0 Dagmar Normet (until 1940 Dagmar-Sarlia Rubinstein, Estonicised name Dagmar Randa, from 1945 Normet; 13. II 1921 \u2013 16. X 2008) was a children\u2019s author. She was born and educated in Tallinn, then studied physical culture at the University &#8230;<\/p>\n","protected":false},"author":43,"featured_media":0,"parent":653,"menu_order":0,"comment_status":"closed","ping_status":"closed","template":"","meta":{"_acf_changed":false,"inline_featured_image":false,"footnotes":""},"class_list":["post-163","page","type-page","status-publish","hentry"],"acf":[],"_links":{"self":[{"href":"https:\/\/sisu.ut.ee\/ewod\/wp-json\/wp\/v2\/pages\/163","targetHints":{"allow":["GET"]}}],"collection":[{"href":"https:\/\/sisu.ut.ee\/ewod\/wp-json\/wp\/v2\/pages"}],"about":[{"href":"https:\/\/sisu.ut.ee\/ewod\/wp-json\/wp\/v2\/types\/page"}],"author":[{"embeddable":true,"href":"https:\/\/sisu.ut.ee\/ewod\/wp-json\/wp\/v2\/users\/43"}],"replies":[{"embeddable":true,"href":"https:\/\/sisu.ut.ee\/ewod\/wp-json\/wp\/v2\/comments?post=163"}],"version-history":[{"count":1,"href":"https:\/\/sisu.ut.ee\/ewod\/wp-json\/wp\/v2\/pages\/163\/revisions"}],"predecessor-version":[{"id":4923,"href":"https:\/\/sisu.ut.ee\/ewod\/wp-json\/wp\/v2\/pages\/163\/revisions\/4923"}],"up":[{"embeddable":true,"href":"https:\/\/sisu.ut.ee\/ewod\/wp-json\/wp\/v2\/pages\/653"}],"wp:attachment":[{"href":"https:\/\/sisu.ut.ee\/ewod\/wp-json\/wp\/v2\/media?parent=163"}],"curies":[{"name":"wp","href":"https:\/\/api.w.org\/{rel}","templated":true}]}}