{"id":1627,"date":"2024-04-03T23:41:39","date_gmt":"2024-04-03T20:41:39","guid":{"rendered":"https:\/\/sisu.ut.ee\/ewod\/booksinswedish-et\/"},"modified":"2024-04-04T00:06:42","modified_gmt":"2024-04-03T21:06:42","slug":"booksinswedish","status":"publish","type":"page","link":"https:\/\/sisu.ut.ee\/ewod\/folklore\/booksinswedish\/","title":{"rendered":"Estonian folklore in Swedish"},"content":{"rendered":"<p>\n\t<span style=\"font-family:Verdana,Geneva,sans-serif\"><strong><span style=\"font-size:16px\">Books<\/span><\/strong><\/span>\n<\/p>\n<p>\n\t<span style=\"font-size:13px\"><span style=\"font-family:Verdana,Geneva,sans-serif\"><strong>Estniska sagor och s\u00e4gner<\/strong>. Tolkade av Anna-Lisa Gr\u00e4ngberg; f\u00f6rord: Greta Wieselgren. Stockholm: Kooperativa f\u00f6rbundets, 1945, 143 pp.<\/span><\/span>\n<\/p>\n<p>\n\t<br><strong><span style=\"font-size:16px\"><span style=\"font-family:Verdana,Geneva,sans-serif\">Reviews of books<\/span><\/span><\/strong>\n<\/p>\n<p>\n\t<span style=\"font-size:13px\"><span style=\"font-family:Verdana,Geneva,sans-serif\">[s. n.], <strong>Estniska sagor<\/strong>. \u2013 S\u00f6derhamns Tidning, 30. VI 1945. [About \u2018Estniska sagor och s\u00e4gner\u2019.]<br>[s. n.], <strong>Under det h\u00e5rda oket<\/strong>. \u2013 Svenska Dagbladet, 20. VIII 1945. [About \u2018Estniska sagor och s\u00e4gner\u2019.]<br>Eva v. Zweigbergk, <strong>Sagor fr\u00e5n \u00f6ster<\/strong>. \u2013 Dagens Nyheter, 15. V 1945. [About \u2018Estniska sagor och s\u00e4gner\u2019.]<\/span><\/span><\/p>\n","protected":false},"excerpt":{"rendered":"<p>Books Estniska sagor och s\u00e4gner. Tolkade av Anna-Lisa Gr\u00e4ngberg; f\u00f6rord: Greta Wieselgren. Stockholm: Kooperativa f\u00f6rbundets, 1945, 143 pp. Reviews of books [s. n.], Estniska sagor. \u2013 S\u00f6derhamns Tidning, 30. VI 1945. [About \u2018Estniska sagor och s\u00e4gner\u2019.][s. n.], Under det h\u00e5rda &#8230;<\/p>\n","protected":false},"author":43,"featured_media":0,"parent":1174,"menu_order":0,"comment_status":"closed","ping_status":"closed","template":"","meta":{"_acf_changed":false,"inline_featured_image":false,"footnotes":""},"class_list":["post-1627","page","type-page","status-publish","hentry"],"acf":[],"_links":{"self":[{"href":"https:\/\/sisu.ut.ee\/ewod\/wp-json\/wp\/v2\/pages\/1627","targetHints":{"allow":["GET"]}}],"collection":[{"href":"https:\/\/sisu.ut.ee\/ewod\/wp-json\/wp\/v2\/pages"}],"about":[{"href":"https:\/\/sisu.ut.ee\/ewod\/wp-json\/wp\/v2\/types\/page"}],"author":[{"embeddable":true,"href":"https:\/\/sisu.ut.ee\/ewod\/wp-json\/wp\/v2\/users\/43"}],"replies":[{"embeddable":true,"href":"https:\/\/sisu.ut.ee\/ewod\/wp-json\/wp\/v2\/comments?post=1627"}],"version-history":[{"count":1,"href":"https:\/\/sisu.ut.ee\/ewod\/wp-json\/wp\/v2\/pages\/1627\/revisions"}],"predecessor-version":[{"id":3446,"href":"https:\/\/sisu.ut.ee\/ewod\/wp-json\/wp\/v2\/pages\/1627\/revisions\/3446"}],"up":[{"embeddable":true,"href":"https:\/\/sisu.ut.ee\/ewod\/wp-json\/wp\/v2\/pages\/1174"}],"wp:attachment":[{"href":"https:\/\/sisu.ut.ee\/ewod\/wp-json\/wp\/v2\/media?parent=1627"}],"curies":[{"name":"wp","href":"https:\/\/api.w.org\/{rel}","templated":true}]}}