{"id":1624,"date":"2024-04-03T23:41:38","date_gmt":"2024-04-03T20:41:38","guid":{"rendered":"https:\/\/sisu.ut.ee\/ewod\/italian-et\/"},"modified":"2024-04-04T00:06:45","modified_gmt":"2024-04-03T21:06:45","slug":"italian","status":"publish","type":"page","link":"https:\/\/sisu.ut.ee\/ewod\/anthologies\/italian\/","title":{"rendered":"Anthologies, special editions of journals &#8211; in Italian"},"content":{"rendered":"<p><span style=\"font-family: verdana, geneva\"><strong>Nimed, s\u00f5nad, n\u00f5iam\u00e4rgid: 4x (4+4)x4= noor Eesti luule = Names, Words, Witch\u00b4s Symbols: 4x(4+4)x4 = Young Estonian Poetry<\/strong>. Edited by J\u00fcrgen Rooste, translated by Luca Bonetti, Antoine Chalvin, Adam Cullen, Maarja Kangro, Reet Klettenberg, Uta K\u00fchrt, Hannu Oittinen, Monika Segesdi. Tallinn: Eesti Kirjanduse Teabekeskus \/ Eesti K\u00f6itekunstnike \u00dchendus, 2015, 144 pp. [Poems by Maria Lee, Veronika Kivisilla, Asko K\u00fcnnap, Maarja Kangro, Birk Rohelend, Igor Kotjuh, Kaur Riismaa and J\u00fcrgen Rooste in English, German, Russian, French, Finnish, Hungarian, Italian and Estonian.]<br><span style=\"font-family: verdana, geneva\">Giorgio Pieretto (ed), <strong>La sparuta progenie di Kalev. Poesia epica e novelle d\u2019Estonia<\/strong>. Associazione culturale In forma di parole, no 2, 2009, 300 pp. [See <a href=\"https:\/\/sisu.ut.ee\/ewod\/anthologies\/italian\/lasparuta\"><strong>contents<\/strong><\/a> of the anthology.]<\/span><br><strong>Realismi a cupole d\u2019oro: antologia della poesia contemporanea dell\u2019URSS. Vol 2. I Poeti delle repubbliche baltiche: Estonia, Lettonia e Lituania<\/strong>. A cura di Mario Grasso, Eduardas Me\u017eelajtis, Janis Peters e Paul\u2019-Eerik Rummo. Prova d\u2019Autore, 1987, 404 pp. [Estonian section includes poems by: Artur Alliksaar, Betti Alver, Vladimir Beekman, Viiu H\u00e4rm, Ain Kaalep, Jaan Kaplinski, Doris Kareva, Jaan Kross, Viivi Luik, Uku Masing, Kersti Merilaas, Ellen Niit, Ralf Parve, Paul-Eerik Rummo, Hando Runnel, Arvi Siig, Aleksander Suuman, Mats Traat, Debora Vaarandi, Juhan Viiding.]<strong><br>Poeti Estoni<\/strong>. A cura di Margherita Guidacci, Vello Salo; introduzione storica di Karl Ristikivi. Roma: Edizioni Abete, 1975, 210 pp. [Poems by Hendrik Adamson, Artur Adson, Betti Alver, Ernst Enno, Ivar Gr\u00fcnthal, Villem Gr\u00fcnthal-Ridala, Anna Haava, Ain Kaalep, Bernard Kangro, Jaan Kaplinski, Lydia Koidula, Raimond Kolk, Friedrich Reinhold Kreutzwald, Jaan Kross, Ilmar Laaban, Kalju Lepik, Juhan Liiv, Viivi Luik, Uku Masing, Ellen Niit, Kristjan Jaak Peterson, Aleksis Rannit, Paul-Eerik Rummo, Hando Runnel, August Sang, Gustav Suits, Karl Eduard S\u00f6\u00f6t, Juhan S\u00fctiste, Heiti Talvik, Marie Under, Johannes Vares-Barbarus, Arno Vihalemm, Henrik Visnapuu.]<br><strong>Poeti Estoni<\/strong>. A cura di Margherita Guidacci, Vello Salo. Roma: Edizioni Abete, 1973, 174 pp. [Poems by Hendrik Adamson, Artur Adson, Betti Alver, Ernst Enno, Ivar Gr\u00fcnthal, Villem Gr\u00fcnthal-Ridala, Anna Haava, Ain Kaalep, Bernard Kangro, Jaan Kaplinski, Lydia Koidula, Raimond Kolk, Friedrich Reinhold Kreutzwald, Jaan Kross, Ilmar Laaban, Kalju Lepik, Juhan Liiv, Viivi Luik, Uku Masing, Ellen Niit, Kristjan Jaak Peterson, Aleksis Rannit, Paul-Eerik Rummo, Hando Runnel, August Sang, Gustav Suits, Karl Eduard S\u00f6\u00f6t, Juhan S\u00fctiste, Heiti Talvik, Marie Under, Johannes Vares-Barbarus, Arno Vihalemm, Henrik Visnapuu.]<br><\/span><\/p>\n","protected":false},"excerpt":{"rendered":"<p>Nimed, s\u00f5nad, n\u00f5iam\u00e4rgid: 4x (4+4)x4= noor Eesti luule = Names, Words, Witch\u00b4s Symbols: 4x(4+4)x4 = Young Estonian Poetry. Edited by J\u00fcrgen Rooste, translated by Luca Bonetti, Antoine Chalvin, Adam Cullen, Maarja Kangro, Reet Klettenberg, Uta K\u00fchrt, Hannu Oittinen, Monika Segesdi. &#8230;<\/p>\n","protected":false},"author":43,"featured_media":0,"parent":1214,"menu_order":0,"comment_status":"closed","ping_status":"closed","template":"","meta":{"_acf_changed":false,"inline_featured_image":false,"footnotes":""},"class_list":["post-1624","page","type-page","status-publish","hentry"],"acf":[],"_links":{"self":[{"href":"https:\/\/sisu.ut.ee\/ewod\/wp-json\/wp\/v2\/pages\/1624","targetHints":{"allow":["GET"]}}],"collection":[{"href":"https:\/\/sisu.ut.ee\/ewod\/wp-json\/wp\/v2\/pages"}],"about":[{"href":"https:\/\/sisu.ut.ee\/ewod\/wp-json\/wp\/v2\/types\/page"}],"author":[{"embeddable":true,"href":"https:\/\/sisu.ut.ee\/ewod\/wp-json\/wp\/v2\/users\/43"}],"replies":[{"embeddable":true,"href":"https:\/\/sisu.ut.ee\/ewod\/wp-json\/wp\/v2\/comments?post=1624"}],"version-history":[{"count":1,"href":"https:\/\/sisu.ut.ee\/ewod\/wp-json\/wp\/v2\/pages\/1624\/revisions"}],"predecessor-version":[{"id":3464,"href":"https:\/\/sisu.ut.ee\/ewod\/wp-json\/wp\/v2\/pages\/1624\/revisions\/3464"}],"up":[{"embeddable":true,"href":"https:\/\/sisu.ut.ee\/ewod\/wp-json\/wp\/v2\/pages\/1214"}],"wp:attachment":[{"href":"https:\/\/sisu.ut.ee\/ewod\/wp-json\/wp\/v2\/media?parent=1624"}],"curies":[{"name":"wp","href":"https:\/\/api.w.org\/{rel}","templated":true}]}}