{"id":1622,"date":"2024-04-03T23:41:38","date_gmt":"2024-04-03T20:41:38","guid":{"rendered":"https:\/\/sisu.ut.ee\/ewod\/fairytales-et-2\/"},"modified":"2024-04-04T00:06:45","modified_gmt":"2024-04-03T21:06:45","slug":"fairytales","status":"publish","type":"page","link":"https:\/\/sisu.ut.ee\/ewod\/k\/kreutzwald\/fairytales\/","title":{"rendered":"Friedrich Reinhold Kreutzwald &#8211; fairy tales"},"content":{"rendered":"<p>\n\t<strong><span style=\"font-family: verdana,geneva;font-size: medium\">Books<\/span><\/strong>\n<\/p>\n<p>\n\t<span style=\"font-family: verdana, geneva;font-size: small\"><strong><em>Arabic<\/em><\/strong><br>[<strong>\u2018Kullaketrajad\u2019<\/strong>. Illustrations by Viive Tolli. Tallinn: Perioodika, 1985, 32 pp.]<\/span>\n<\/p>\n<p>\n\t<span style=\"font-family: verdana, geneva;font-size: small\"><strong><em>Bulgarian<\/em><\/strong><br>\u0424\u0440. \u0420. \u041a\u0440\u043e\u0439\u0446\u0432\u0430\u043b\u044c\u0434, <strong>\u041c\u044a\u0434\u0440\u0438\u044f\u0442 \u0441\u044a\u0432\u0435\u0442\u043d\u0438\u043a \u043e\u0442 \u0434\u0436\u043e\u0431\u0430<\/strong>. \u041f\u0440\u0435\u0432\u043e\u0434 \u043e\u0442 \u0435\u0441\u0442\u043e\u043d\u0441\u043a\u0438 \u041c\u0430\u0440\u0435 \u0438 \u041b\u044e\u0431\u043e\u043c\u0438\u0440 \u0417\u0430\u043d\u0435\u0432\u044b; \u0438\u043b. \u0418. \u0420\u0430\u0443\u0434\u0441\u0435\u043f; \u0440\u0435\u0434. \u0416. \u0413\u0435\u043e\u0440\u0433\u0438\u0435\u0432\u0430. \u0422\u0430\u043b\u043b\u0438\u043d: \u041f\u0435\u0440\u0438\u043e\u0434\u0438\u043a\u0430; \u0421\u043e\u0444\u0438\u044f: \u041e\u0442\u0435\u0447\u0435\u0441\u0442\u0432\u043e, 1990, 30 pp. [\u2018Tark mees taskus\u2019.]<\/span>\n<\/p>\n<p>\n\t<span style=\"font-size:13px\"><span style=\"font-family:Verdana,Geneva,sans-serif\"><strong><em>English<\/em><\/strong><br>Friedrich Reinhold Kreutzwald, Juhan Kunder, <strong>Stories about orphans<\/strong>. Translated from Estonian by A. J\u00f5gi, drawings by P. Niinepuu. Tallinn: Perioodika, 1989, 31 pp.<br>Juhan Kunder, Friedrich Reinhold Kreutzwald, <strong>The bold threshing-barn stoker<\/strong>. Translation from Estonian by Aino J\u00f5gi, Amanda Kriit; drawings by Piret Selberg. Tallinn: Perioodika, 1987, 39 pp. [Contents: \u2018The Bold Threshing-barn Stoker\u2019 (\u2018Julge rehepapp\u2019), \u2018The Stoker and the Devil\u2019 (\u2018Rehepapp ja vanapagan\u2019), \u2018The Cunning Threshing-barn Stoker\u2019 (\u2018Vigur rehepapp\u2019).]<br><strong>Old Estonian Fairy Tales<\/strong>. Translated from the Estonian by A. J\u00f5gi, A. Kriit, E. Mutt and K.Toomel. Illustrations by P. Ulas. Tallinn: Perioodika, 1985, 360 pp.<br><strong>A wise man in the pocket<\/strong>. Translated from Estonian by A. Kriit; illustrated by Ivi Raudsepp. Tallinn: Eesti Raamat, 1985, 31 pp. [\u2018Tark mees taskus\u2019. 2nd ed: 1987.]<br><strong>The goldspinners<\/strong>. Translated from Estonian by E. Mutt. Tallinn: Perioodika, 1983, 30 pp.<\/span><\/span> <span style=\"font-size:13px\"><span style=\"font-family:Verdana,Geneva,sans-serif\">[\u2018Kullaketrajad\u2019.]<\/span><\/span>\n<\/p>\n<p>\n\t<span style=\"font-family: verdana, geneva;font-size: small\"><strong><em>German<\/em><\/strong><br>Friedrich Reinhold Kreutzwald, Juhan Kunder, <strong>Geschichten vom Waisenm\u00e4dchen<\/strong>. Aus dem Estnischen von Haide Roodvee. Tallinn: Perioodika, 1989. 31 pp.<br>Friedrich Reinhold Kreutzwald, Juhan Kunder, <strong>Geschichten vom gewitzten, mutigen Darrenw\u00e4rter<\/strong>. Aus dem Estnischen von Haide Roodvee. Tallinn: Perioodika, 1987. 39 pp.<br><strong>Der kluge Mann in der Tasche<\/strong>. Aus dem Estnischen \u00fcbertragen von Ferdinand L\u00f6we, bearbeitet von Aivo Kaidja. Illustriert von Iivi Raudsepp. Tallinn: Perioodika, 1985, 31 pp. [\u2018Tark mees taskus\u2019.]<br><strong>Die Goldspinnerinnen. Ein estnisches M\u00e4rchen<\/strong>. Illustriert von Vive Tolli. Tallinn: Perioodika, 1983, 31 pp. [\u2018Kullaketrajad\u2019.]<br>Friedrich Reinhold Kreutzwald,<strong> Wie der Fuchs seine Schwanz bestrafte und andere estnische M\u00e4rchen<\/strong>. Mit Bildern von Lilian H\u00e4rm. Aus dem Estnischen \u00fcbersetzt von Aivo Kaidja. Tallinn: Perioodika, 1982, 36 pp.<br>Friedrich Reinhold Kreutzwald, <strong>Des Waisenkindes Handm\u00fchle. Estnisches Volksm\u00e4rchen<\/strong>. Aus dem Estnischen \u00fcbertragen von F. L\u00f6we, bearbeitet von A. Kaidja. Illustriert von H. Eelma. Tallinn: Perioodika, 1978, 9 pp. [Next ed: 1979.]<br><strong>Estnische M\u00e4rchen. 2. H\u00e4lfte<\/strong>. Aufgezeichnet von Friedrich Kreutzwald; aus dem Estnischen \u00fcbersetzt von F. L\u00f6we, ehem. Bibliothekar a. d. Petersb. Akademie der Wissenschaften, corresp. Mitglied der gelehrten estnischen Gesellschaft zu Dorpat. Dorpat: C. Mattiesen, 1881, IV+178 pp. [Available: <a href=\"http:\/\/dspace.ut.ee\/handle\/10062\/14646\" target=\"_blank\" rel=\"noopener\">http:\/\/dspace.ut.ee\/handle\/10062\/14646<\/a>. Next eds: Bremen: Europ\u00e4ischer Hochschulverlag, 2010. 209 pp; Bremen: Europ\u00e4ischer Literaturverlag (elv), 2011, 209 pp.]<br><strong>Ehstnische M\u00e4rchen<\/strong>. Aufgezeichnet von Friedrich Kreutzwald; aus dem Ehstnischen \u00fcbersetzt von F. L\u00f6we, ehem. Bibliothekar a. d. Petersb. Akad. d. Wissenschaften; Vorwort v. A. Schiefner. Halle: Buchhandlung des Waisenhauses, 1869, VIII+365 pp. [Available: <a href=\"http:\/\/reader.digitale-sammlungen.de\/resolve\/display\/bsb11016684.html\" target=\"_blank\" rel=\"noopener\">http:\/\/reader.digitale-sammlungen.de\/resolve\/display\/bsb11016684.html<\/a>. Next eds: Bremen: Europ\u00e4ischer Hochschulverlag, 2010. 264 pp; Bremen: Europ\u00e4ischer Literaturverlag, 2011, 264 pp.]<br><strong>Mythische und magische Lieder der Ehsten<\/strong>. Gesammelt und herausgegeben von Fr. Kreutzwald und H. Neus; Vorrede von A. Schiefner. St. Petersburg: Zu haben bei Eggers et Comp., 1854, VIII+132 pp. [Available: <a href=\"https:\/\/archive.org\/details\/mythischeundmag00neusgoog\" target=\"_blank\" rel=\"noopener\">https:\/\/archive.org\/details\/mythischeundmag00neusgoog<\/a>.]<\/span>\n<\/p>\n<p>\n\t<span style=\"font-family: verdana, geneva;font-size: small\"><strong><em>Russian<\/em><\/strong><br>\u0424\u0440\u0438\u0434\u0440\u0438\u0445 \u0420\u0435\u0439\u043d\u0433\u043e\u043b\u044c\u0434 \u041a\u0440\u0435\u0439\u0446\u0432\u0430\u043b\u044c\u0434, <strong>\u0421\u043a\u0430\u0437\u043a\u0438 = Muinasjutud<\/strong>. \u041f\u0435\u0440\u0435\u0432\u043e\u0434: \u0412. \u0420\u0430\u043c\u043c\u043e, \u0415. \u041f\u043e\u0437\u0434\u043d\u044f\u043a\u043e\u0432\u0430, \u041d. \u041a\u0440\u0430\u043c\u0435\u0440; \u0440\u0438\u0441\u0443\u043d\u043a\u0438 \u0420\u043e\u043c\u0430\u043d\u0430 \u041a\u0430\u0448\u0438\u043d\u0430; \u0445\u0443\u0434\u043e\u0436\u0435\u0441\u0442\u0432\u0435\u043d\u043d\u043e\u0435 \u043e\u0444\u043e\u0440\u043c\u043b\u0435\u043d\u0438\u0435: \u042f\u0430\u043d \u041a\u043b\u044b\u0448\u0435\u0439\u043a\u043e. \u0422\u0430\u043b\u043b\u0438\u043d\u043d: KPD Kirjastus, 2003, 69 pp. [Parallel text in Estonian and Russian.]<br>\u0424\u0440\u0438\u0434\u0440\u0438\u0445 \u0420\u0435\u0439\u043d\u0433\u043e\u043b\u044c\u0434 \u041a\u0440\u0435\u0439\u0446\u0432\u0430\u043b\u044c\u0434, <strong>\u0421\u043a\u0430\u0437\u043a\u0438<\/strong>. X\u0443\u0434\u043e\u0436\u0435\u0441\u0442\u0432\u0435\u043d\u043d\u043e\u0435 \u043e\u0444\u043e\u0440\u043c\u043b\u0435\u043d\u0438\u0435: \u042f. \u0422\u0430\u043c\u043c\u0441\u0430\u0430\u0440. \u0422\u0430\u043b\u043b\u0438\u043d\u043d: \u0422\u0430\u043b\u043b\u0438\u043d\u043d\u0441\u043a\u0438\u0439 \u0446\u0435\u043d\u0442\u0440 \u041c\u0410\u0414\u041f\u0420, 1997, 220 pp.<br>\u0424\u0440\u0438\u0434\u0440\u0438\u0445 \u0420\u0435\u0439\u043d\u0445\u043e\u043b\u044c\u0434 \u041a\u0440\u0435\u0439\u0446\u0432\u0430\u043b\u044c\u0434, \u042e\u0445\u0430\u043d \u041a\u0443\u043d\u0434\u0435\u0440, <strong>\u0421\u043a\u0430\u0437\u043a\u0438 \u043f\u0440\u043e \u0441\u0438\u0440\u043e\u0442\u0443: \u0434\u043b\u044f \u043c\u043b\u0430\u0434\u0448\u0435\u0433\u043e \u0448\u043a\u043e\u043b\u044c\u043d\u043e\u0433\u043e \u0432\u043e\u0437\u0440\u0430\u0441\u0442\u0430<\/strong>. \u041f\u0435\u0440\u0435\u0432\u043e\u0434 \u0441 \u044d\u0441\u0442\u043e\u043d\u0441\u043a\u043e\u0433\u043e: \u0422. \u0412\u0435\u0440\u0445\u043e\u0443\u0441\u0442\u0438\u043d\u0441\u043a\u0430\u044f; \u0440\u0438\u0441\u0443\u043d\u043a\u0438: \u041f. \u041d\u0438\u0439\u043d\u0435\u043f\u0443\u0443. \u0422\u0430\u043b\u043b\u0438\u043d\u043d: \u041f\u0435\u0440\u0438\u043e\u0434\u0438\u043a\u0430, 1990, 32 pp.<br>\u042e\u0445\u0430\u043d \u041a\u0443\u043d\u0434\u0435\u0440, \u0424\u0440\u0438\u0434\u0440\u0438\u0445 \u0420\u0435\u0439\u043d\u0445\u043e\u043b\u044c\u0434 \u041a\u0440\u0435\u0439\u0446\u0432\u0430\u043b\u044c\u0434, <strong>\u0425\u0438\u0442\u0440\u044b\u0439 \u0433\u0443\u043c\u0435\u043d\u0449\u0438\u043a<\/strong>. \u041f\u0435\u0440\u0435\u0432\u0435\u043b \u0441 \u044d\u0441\u0442\u043e\u043d\u0441\u043a\u043e\u0433\u043e \u041d. \u041a\u0430\u043b\u0430\u0443\u0441; \u0440\u0438\u0441\u0443\u043d\u043a\u0438: \u041f. \u0421\u0435\u043b\u044c\u0431\u0435\u0440\u0433. \u0422\u0430\u043b\u043b\u0438\u043d\u043d: \u041f\u0435\u0440\u0438\u043e\u0434\u0438\u043a\u0430, 1988, 39 pp. [Contents: \u0424\u0440.\u0420. \u041a\u0440\u0435\u0439\u0446\u0432\u0430\u043b\u044c\u0434, \u2018\u0425\u0440\u0430\u0431\u0440\u044b\u0439 \u0433\u0443\u043c\u0435\u043d\u0449\u0438\u043a\u2019; \u042e. \u041a\u0443\u043d\u0434\u0435\u0440, \u2018\u0413\u0443\u043c\u0435\u043d\u0449\u0438\u043a \u0438 \u041d\u0435\u0447\u0438\u0441\u0442\u044b\u0439\u2019, \u2018\u0425\u0438\u0442\u0440\u044b\u0439 \u0433\u0443\u043c\u0435\u043d\u0449\u0438\u043a\u2019.]<br>\u0424\u0440\u0438\u0434\u0440\u0438\u0445 \u0420\u0435\u0439\u043d\u0433\u043e\u043b\u044c\u0434 \u041a\u0440\u0435\u0439\u0446\u0432\u0430\u043b\u044c\u0434, <strong>\u0421\u043a\u0430\u0437\u043a\u0438<\/strong>. \u041f\u0435\u0440\u0435\u0432\u043e\u0434 \u0441 \u044d\u0441\u0442\u043e\u043d\u0441\u043a\u043e\u0433\u043e: \u0415. \u041f\u043e\u0437\u0434\u043d\u044f\u043a\u043e\u0432\u0430, \u041d. \u041a\u0440\u0430\u043c\u0435\u0440; \u0438\u043b\u043b\u044e\u0441\u0442\u0440\u0430\u0446\u0438\u0438: \u0413. \u0420\u0435\u0439\u043d\u0434\u043e\u0440\u0444. \u0422\u0430\u043b\u043b\u0438\u043d\u043d: \u042d\u044d\u0441\u0442\u0438 \u0440\u0430\u0430\u043c\u0430\u0442, 1983, 64 pp. [Contents: \u2018\u0421\u043a\u0430\u0437\u043a\u0430 \u043e \u0431\u044b\u0441\u0442\u0440\u043e\u043d\u043e\u0433\u043e\u043c \u043b\u043e\u0432\u043a\u043e\u0440\u0443\u043a\u043e\u043c \u0438 \u0437\u043e\u0440\u043a\u043e\u0433\u043b\u0430\u0437\u043e\u043c\u2019, \u2018\u0417\u0435\u043c\u043b\u044f\u043d\u0438\u0447\u043a\u0430\u2019, \u2018\u0417\u043e\u043b\u0443\u0448\u043a\u0430\u2019, \u2018\u0413\u0440\u043e\u043c\u043e\u0432\u0430\u044f \u0432\u043e\u043b\u044b\u043d\u043a\u0430\u2019, \u2018\u0425\u0438\u0442\u0440\u043e\u0443\u043c\u043d\u044b\u0439\u2019, \u2018\u0421\u0438\u0440\u043e\u0442\u043a\u0438\u043d \u0436\u0435\u0440\u043d\u043e\u0432\u2019.]<br>\u0424. \u0420. \u041a\u0440\u0435\u0439\u0446\u0432\u0430\u0434\u044c\u0434, <strong>\u0427\u0443\u0434\u0438\u0449\u0435 \u0441 \u0421\u0435\u0432\u0435\u0440\u0430<\/strong>. \u041f\u0435\u0440\u0435\u0432\u043e\u0434 \u0441 \u044d\u0441\u0442\u043e\u043d\u0441\u043a\u043e\u0433\u043e: \u0421. \u0413\u0440\u0438\u0433\u043e\u0440\u044c\u0435\u0432\u0430 \u0438 \u041a. \u041f\u0435\u0434\u0430\u044f; \u0438\u043b\u043b\u044e\u0441\u0442\u0440\u0430\u0446\u0438\u0438: \u0425. \u042d\u044d\u043b\u044c\u043c\u0430. \u0422\u0430\u043b\u043b\u0438\u043d\u043d: \u042d\u044d\u0441\u0442\u0438 \u0440\u0430\u0430\u043c\u0430\u0442, 1982, 26 pp. [\u2018P\u00f5hjakonn\u2019.]<br>\u0424\u0440\u0438\u0434\u0440\u0438\u0445 \u0420\u0435\u0439\u043d\u0445\u043e\u043b\u044c\u0434 \u041a\u0440\u0435\u0439\u0446\u0432\u0430\u043b\u044c\u0434, <strong>\u0417\u043b\u0430\u0442\u043e\u043f\u0440\u044f\u0445\u0438<\/strong>. \u041f\u0435\u0440\u0435\u0432\u0435\u043b\u0430 \u0441 \u044d\u0441\u0442\u043e\u043d\u0441\u043a\u043e\u0433\u043e \u0415. \u041f\u043e\u0437\u0434\u043d\u044f\u043a\u043e\u0432\u0430; \u0438\u043b\u043b\u044e\u0441\u0442\u0440\u0430\u0446\u0438\u0438: \u0412. \u0422\u043e\u043b\u043b\u0438. \u0422\u0430\u043b\u043b\u0438\u043d\u043d: \u042d\u044d\u0441\u0442\u0438 \u0440\u0430\u0430\u043c\u0430\u0442, 1979, 32 pp. [\u2018Kullaketrajad\u2019.]<br>\u0424\u0440\u0438\u0434\u0440\u0438\u0445 \u0420\u0435\u0439\u043d\u0433\u043e\u043b\u044c\u0434 \u041a\u0440\u0435\u0439\u0446\u0432\u0430\u043b\u044c\u0434, <strong>\u041f\u043e\u0447\u0435\u043c\u0443 \u0422\u0430\u043b\u043b\u0438\u043d \u043d\u0438\u043a\u043e\u0433\u0434\u0430 \u043d\u0435 \u0431\u0443\u0434\u0435\u0442 \u043f\u043e\u0441\u0442\u0440\u043e\u0435\u043d<\/strong> [\u0441\u043a\u0430\u0437\u043a\u0430]; \u0414\u0435\u0431\u043e\u0440\u0430 \u0412\u0430\u0430\u0440\u0430\u043d\u0434\u0438, <strong>\u0421\u0442\u0430\u0440\u0435\u0446 \u0438\u0437 \u042e\u043b\u0435\u043c\u0438\u0441\u0442\u0435 \u0438 \u044e\u043d\u044b\u0439 \u0433\u0440\u0430\u0434\u043e\u0441\u0442\u0440\u043e\u0438\u0442\u0435\u043b\u044c<\/strong> [\u043f\u043e\u044d\u043c\u0430]. \u041f\u0435\u0440\u0435\u0432\u043e\u0434 \u0441 \u044d\u0441\u0442\u043e\u043d\u0441\u043a\u043e\u0433\u043e \u044f\u0437\u044b\u043a\u0430: \u041b. \u0422\u043e\u043e\u043c; \u0438\u043b\u043b\u044e\u0441\u0442\u0440\u0430\u0446\u0438\u0438: \u0412. \u0422\u043e\u043b\u043b\u0438. \u0422\u0430\u043b\u043b\u0438\u043d: \u042d\u044d\u0441\u0442\u0438 \u0440\u0430\u0430\u043c\u0430\u0442, 1975, 36 pp. [\u2018Miks Tallinn iial valmis ei tohi saada\u2019, \u2018\u00dclemiste vanake ja noor linnaehitaja\u2019.]<br>\u0424. \u0420. \u041a\u0440\u0435\u0439\u0446\u0432\u0430\u0434\u044c\u0434, <strong>\u041c\u0443\u0434\u0440\u044b\u0439 \u0441\u043e\u0432\u0435\u0442\u0447\u0438\u043a<\/strong>. \u041f\u0435\u0440\u0435\u0432\u043e\u0434: \u0412. \u0420\u0430\u043c\u043c\u043e. \u0422\u0430\u043b\u043b\u0438\u043d\u043d: \u042d\u044d\u0441\u0442\u0438 \u0440\u0430\u0430\u043c\u0430\u0442, 1972, 31 pp. [\u2018Tark mees taskus\u2019. 2nd ed: \u0422\u0430\u043b\u043b\u0438\u043d\u043d: \u041f\u0435\u0440\u0438\u043e\u0434\u0438\u043a\u0430, 1987, 31 pp.]<br><strong>\u0421\u0442\u0430\u0440\u0438\u043d\u043d\u044b\u0435 \u044d\u0441\u0442\u043e\u043d\u0441\u043a\u0438\u0435 \u043d\u0430\u0440\u043e\u0434\u043d\u044b\u0435 \u0441\u043a\u0430\u0437\u043a\u0438<\/strong>. C\u043e\u0431\u0440\u0430\u043b \u0438 \u043e\u0431\u0440\u0430\u0431\u043e\u0442\u0430\u043b \u0424\u0440\u0438\u0434\u0440\u0438\u0445 \u0420\u0435\u0439\u043d\u0433\u043e\u043b\u044c\u0434 \u041a\u0440\u0435\u0439\u0446\u0432\u0430\u043b\u044c\u0434; \u043f\u043e\u0441\u043b\u0435\u0441\u043b\u043e\u0432\u0438\u0435: \u0425. \u041d\u0438\u0439\u0442; \u0438\u043b\u043b\u044e\u0441\u0442\u0440\u0430\u0446\u0438\u0438: \u0413. \u0420\u0435\u0439\u043d\u0434\u043e\u0440\u0444\u0430. \u0422\u0430\u043b\u043b\u0438\u043d\u043d: \u042d\u0441\u0442\u043e\u043d\u0441\u043a\u043e\u0435 \u0433\u043e\u0441\u0443\u0434\u0430\u0440\u0441\u0442\u0432\u0435\u043d\u043d\u043e\u0435 \u0438\u0437\u0434\u0430\u0442\u0435\u043b\u044c\u0441\u0442\u0432\u043e, 1953, 303 pp. [\u2018Eesti rahva ennemuistsed jutud\u2019. Next eds: \u0422\u0430\u043b\u043b\u0438\u043d\u043d: \u042d\u044d\u0441\u0442\u0438 \u0440\u0430\u0430\u043c\u0430\u0442, 1969, 295 pp; \u0422\u0430\u043b\u043b\u0438\u043d\u043d: \u042d\u044d\u0441\u0442\u0438 \u0440\u0430\u0430\u043c\u0430\u0442, 1980, 276 pp.]<br>[\u0424. \u0420. \u041a\u0440\u0435\u0439\u0446\u0432\u0430\u043b\u044c\u0434], <strong>\u0411\u044b\u0441\u0442\u0440\u043e\u043d\u043e\u0433\u0438\u0439, \u043b\u043e\u0432\u043a\u043e\u0440\u0443\u043a\u0438\u0439 \u0438 \u0437\u043e\u0440\u043a\u043e\u0433\u043b\u0430\u0437\u044b\u0439: \u042d\u0441\u0442\u043e\u043d\u0441\u043a\u0430\u044f \u043d\u0430\u0440\u043e\u0434\u043d\u0430\u044f \u0441\u043a\u0430\u0437\u043a\u0430<\/strong>. \u041f\u0435\u0440\u0435\u0432\u043e\u0434 \u0441 \u044d\u0441\u0442\u043e\u043d\u0441\u043a\u043e\u0433\u043e \u0410. \u0412\u0430\u0445\u0442\u0440\u0438\u043a\u0430. \u0421.-\u041f\u0435\u0442\u0435\u0440\u0431\u0443\u0440\u0433: \u041b. \u0421\u043c\u043e\u043b\u044c\u044f\u043d\u0438\u043d\u043e\u0432, 1903, 28 pp.<\/span><br>\u00a0\n<\/p>\n<p>\n\t<span style=\"font-family: verdana, geneva;font-size: medium\"><strong>In compilations, anthologies, magazines<\/strong><\/span>\n<\/p>\n<p>\n\t<span style=\"font-family: verdana, geneva;font-size: small\"><strong><em>Czech<\/em><\/strong><br><strong>Pod baltsk\u00fdm nebem. V\u00fdb\u011br z litevsk\u00e9, loty\u0161sk\u00e9 \u0430 estonsk\u00e9 literatury<\/strong>. Sest. Franti\u0161ek Soukup. Brno: Svaz \u010deskoslovensko-sov\u011btsk\u00e9ho p\u0159\u00e1telstvi, 1958, 73 pp. [Anthology of stories and poems. Contents: Fr. R. Kreutzwald; M. J. Eisen; Juhan Liiv \u2019V\u0161edn\u00ed pov\u00eddka\u2019, \u2019Pta\u010di hn\u00edzdo\u2019; E. Krusten \u2019Zapomenut\u00e9 jm\u00e9no\u2019, A. Jakobson \u2019Ve jm\u00e9nu budoucnosti\u2019. Poems by D. Vaarandi.]<\/span>\n<\/p>\n<p>\n\t<span style=\"font-family: verdana, geneva;font-size: small\"><strong><em>English<\/em><\/strong><\/span><br><span style=\"font-size:13px\"><span style=\"font-family:Verdana,Geneva,sans-serif\"><strong>The orphan\u2019s hand-mill<\/strong>. Estonian fairy tales. Tallinn: Perioodika, 1993, 142 pp. [See <strong><a href=\"https:\/\/sisu.ut.ee\/ewod\/anthologies\/english\/theorphan\" title=\"\">contents<\/a><\/strong>.]<\/span><\/span><br><span style=\"font-family: verdana, geneva;font-size: small\"><strong>The Piper: a selection of Estonian fairy tales<\/strong>. Compiled by J\u00fcri Talvet; translated by A. J\u00f5gi; illustrated by Jaan Tammsaar. Tallinn: Perioodika, 1987, 198 pp. [See <a href=\"https:\/\/sisu.ut.ee\/ewod\/anthologies\/english\/thepiper\"><strong>contents<\/strong><\/a>.]<\/span>\n<\/p>\n<p>\n\t<span style=\"font-family: verdana, geneva;font-size: small\"><strong><em>German<\/em><\/strong><br><strong>Der Fl\u00f6tenspieler: Estnische M\u00e4rchen<\/strong>. Compiled by J\u00fcri Talvet; translated by Gisela Tee\u00e4\u00e4r, Haide Roodvee; illustrated by Jaan Tammsaar. Tallinn: Perioodika, 1987, 196 pp. [8 stories by Matthias Johann Eisen, 11 by Juhan Kunder, 7 by Friedrich Reinhold Kreutzwald, 3 are Seto folklore.]<\/span>\n<\/p>\n<p>\n\t<span style=\"font-family: verdana, geneva;font-size: small\"><strong><em>Lithuanian<\/em><\/strong><br><strong>Vandenu \u0161alis: estu pasakos<\/strong>. I\u0161 estu kalbos verte Eduardas Astramskas; iliustravo Kazimieras Pa\u0161kauskas, Vilnius: Vagos, 1981, 279 pp. [Fairy tales by\u00a0 Fr. R. Kreutzwald, J. K\u00f5rv, J. Kunder, M. J. Eisen, E. Peterson-S\u00e4rgava, J. Parij\u00f5gi, A. Jakobson and Harri J\u00f5gisalu.]<br><strong>Gra\u017euol\u0117 nuotaka: est\u0173 pasakos<\/strong>. Vert\u0117 E. Astramskas; dailininkas A. Vidalepas. Vilnius: Vaga, 1967, 254 pp. [Fairy tales by F. R. Kreutzwald, J. K\u00f5rv, J. Kunder, M. J. Eisen, E. Peterson-S\u00e4rgava, J. Parij\u00f5gi and A. Jakobson.]<\/span>\n<\/p>\n<p>\n\t<span style=\"font-family: verdana, geneva;font-size: small\"><strong><em>Russian<\/em><\/strong><br><strong>\u0412\u043e\u043b\u0448\u0435\u0431\u043d\u0430\u044f \u0434\u0443\u0434\u043e\u0447\u043a\u0430: \u044d\u0441\u0442\u043e\u043d\u0441\u043a\u0438\u0435 \u0441\u043a\u0430\u0437\u043a\u0438<\/strong>. C\u043e\u0441\u0442\u0430\u0432\u0438\u0442\u0435\u043b\u044c \u042e. \u0422\u0430\u043b\u0432\u0435\u0442; \u043f\u0440\u0435\u0434\u0438\u0441\u043b\u043e\u0432\u0438\u0435: \u041a. \u0421\u0430\u043b\u0432\u0435; \u043f\u0435\u0440\u0435\u0432\u043e\u0434 \u0441 \u044d\u0441\u0442\u043e\u043d\u0441\u043a\u043e\u0433\u043e: \u0422. \u0412\u0435\u0440\u0445\u043e\u0443\u0441\u0442\u0438\u043d\u0441\u043a\u0430\u044f, \u041d. \u041a\u0430\u043b\u0430\u0443\u0441; \u0445\u0443\u0434\u043e\u0436\u043d\u0438\u043a \u042f. \u0422\u0430\u043c\u043c\u0441\u0430\u0430\u0440. \u0422\u0430\u043b\u043b\u0438\u043d\u043d: \u041f\u0435\u0440\u0438\u043e\u0434\u0438\u043a\u0430, 1989, 196 pp. [8 stories by Matthias Johann Eisen, 11 by Juhan Kunder, 7 by Friedrich Reinhold Kreutzwald, 3 are Seto folklore.]<br>\u0424\u0440. \u0420. \u041a\u0440\u0435\u0439\u0446\u0432\u0430\u043b\u044c\u0434, \u042f. \u041a\u044b\u0440\u0432, \u042e. \u041a\u0443\u043d\u0434\u0435\u0440, \u041c. \u0418. \u042d\u0439\u0437\u0435\u043d, \u042e. \u041f\u0430\u0440\u0438\u0439\u044b\u0433\u0438, \u0410. \u042f\u043a\u043e\u0431\u0441\u043e\u043d, <strong>\u042d\u0441\u0442\u043e\u043d\u0441\u043a\u0438\u0435 \u043d\u0430\u0440\u043e\u0434\u043d\u044b\u0435 \u0441\u043a\u0430\u0437\u043a\u0438<\/strong>. \u041f\u0435\u0440\u0435\u0432\u043e\u0434 \u0441 \u044d\u0441\u0442\u043e\u043d\u0441\u043a\u043e\u0433\u043e \u043f\u043e\u0434 \u0440\u0435\u0434\u0430\u043a\u0446\u0438\u0435\u0439 \u041b. \u0422\u043e\u043e\u043c\u0430; \u0432\u0441\u0442\u0443\u043f\u0438\u0442\u0435\u043b\u044c\u043d\u0430\u044f \u0441\u0442\u0430\u0442\u044c\u044f \u042d. \u041f\u0440\u0438\u0439\u0434\u0435\u043b\u044f. \u041c\u043e\u0441\u043a\u0432\u0430; \u041b\u0435\u043d\u0438\u043d\u0433\u0440\u0430\u0434: \u0425\u0443\u0434\u043e\u0436\u0435\u0441\u0442\u0432\u0435\u043d\u043d\u0430\u044f \u043b\u0438\u0442\u0435\u0440\u0430\u0442\u0443\u0440\u0430, 1965, 292 pp.<br><strong>\u041a\u0430\u043b\u0435\u0432\u0438\u0447 (Kalewi poeg): \u0414\u0440\u0435\u0432\u043d\u044f\u044f \u044d\u0441\u0442\u043e\u043d\u0441\u043a\u0430\u044f \u0441\u0430\u0433\u0430 \u0432 \u0434\u0432\u0430\u0434\u0446\u0430\u0442\u0438 \u043f\u0435\u0441\u043d\u044f\u0445. \u0412\u044b\u043f. 1<\/strong>. \u041f\u0435\u0440\u0435\u0432\u0435\u043b \u042e\u0440\u0438\u0439 \u0422\u0440\u0443\u0441\u043c\u0430\u043d. \u0420\u0435\u0432\u0435\u043b\u044c: \u0424. \u041a\u043b\u0443\u0433\u0435; \u0421.-\u041f\u0435\u0442\u0435\u0440\u0431\u0443\u0440\u0433: \u0421\u0442\u0430\u0441\u044e\u043b\u0435\u0432\u0438\u0447, 1886, 57 pp. [Includes also: \u2018\u041c\u0438\u0444\u0438\u0447\u0435\u0441\u043a\u043e-\u0438\u0441\u0442\u043e\u0440\u0438\u0447\u0435\u0441\u043a\u043e\u0435 \u043f\u0440\u0435\u0434\u0430\u043d\u0438\u0435 \u0438\u0437 \u041a\u0430\u044f\u043d\u0441\u043a\u043e\u0439 \u0441\u0442\u0440\u0430\u043d\u044b; \u0421\u0430\u0433\u0430 \u043e \u043f\u0440\u043e\u0438\u0441\u0445\u043e\u0436\u0434\u0435\u043d\u0438\u0438 \u043c\u0438\u0440\u0430\u2019, \u0417\u0430\u043f\u0438\u0441\u0430\u043d\u0430 \u041a\u0440\u0435\u0439\u0446\u0432\u0430\u043b\u044c\u0434\u043e\u043c; \u2018\u0421\u0430\u0433\u0430 \u043e \u0441\u0432\u0430\u0442\u043e\u0432\u0441\u0442\u0432\u0435 \u0412\u0430\u043d\u0435\u043c\u0443\u0439\u043d\u0435\u2019, \u2018\u0421\u0430\u0433\u0430 \u043e \u043f\u0435\u043d\u0438\u0438 \u0412\u0430\u043d\u0435\u043c\u0443\u0439\u043d\u0435\u2019, \u0417\u0430\u043f\u0438\u0441\u0430\u043d\u043d\u0430\u044f \u0424\u0435\u043b\u044c\u043c\u0430\u043d\u043e\u043c; \u2018\u0421\u0430\u0433\u0430 \u043e \u043f\u0440\u043e\u0438\u0441\u0445\u043e\u0436\u0434\u0435\u043d\u0438\u0438 \u041e\u043c\u043e\u0432\u0436\u0438\u2019, \u2018\u0421\u0430\u0433\u0430 \u043e \u043b\u044e\u0431\u0432\u0438 \u00c4marik\u2019\u0438 \u041a\u043e\u0439\u0442\u2019\u0430\u2019, \u2018\u0421\u0430\u0433\u0430 \u043e \u043f\u0440\u043e\u0438\u0441\u0445\u043e\u0436\u0434\u0435\u043d\u0438\u0438 \u044f\u0437\u044b\u043a\u043e\u0432\u2019, \u0417\u0430\u043f\u0438\u0441\u0430\u043b \u0424\u0435\u043b\u044c\u043c\u0430\u043d.]<\/span>\n<\/p>\n<p>\n\t<span style=\"font-family: verdana, geneva;font-size: small\"><strong><em>Spanish<\/em><\/strong><br><strong>Cuentos tradicionales estonios<\/strong>. Selecci\u00f3n de J\u00fcri Talvet. Introducci\u00f3n de Kristi Salve. Traducci\u00f3n: Hella Aarelaid, Esther Bartolom\u00e9 Pons, Alberto L\u00e1zaro Tinaut. Ilustraciones de Jaan Tammsaar. Tallinn: Perioodika, 1990, 223 pp.\u00a0 [8 cuentos de Matthias Johann\u00a0 Eisen, 11 cuentos de Juhan Kunder, 7 cuentos de Friedrich Reinhold Kreutzwald, 3 cuentos de Seto. 2nda edici\u00f3n: Madrid: Ediciones Xorki, 2014, 183 pp.]<\/span>\n<\/p>\n<p>\n\t<br><span style=\"font-family: verdana, geneva;font-size: medium\"><strong>Adaptations<\/strong><\/span>\n<\/p>\n<p>\n\t<span style=\"font-family: verdana, geneva;font-size: small\"><span style=\"font-family: verdana, geneva;font-size: small\">William Forsell Kirby,\u00a0<strong>The hero of Esthonia and other studies in the romantic literature of that country<\/strong>. Compiled from Esthonian and German sources by W. F. Kirby. In two volumes. London: John C. Nimmo, MDCCCXCV [1895], 321, 337 pp. [<a href=\"http:\/\/sacred-texts.com\/neu\/hoe\/index.htm\">Text available here<\/a>.]<\/span><\/span><\/p>\n","protected":false},"excerpt":{"rendered":"<p>Books Arabic[\u2018Kullaketrajad\u2019. Illustrations by Viive Tolli. Tallinn: Perioodika, 1985, 32 pp.] Bulgarian\u0424\u0440. \u0420. \u041a\u0440\u043e\u0439\u0446\u0432\u0430\u043b\u044c\u0434, \u041c\u044a\u0434\u0440\u0438\u044f\u0442 \u0441\u044a\u0432\u0435\u0442\u043d\u0438\u043a \u043e\u0442 \u0434\u0436\u043e\u0431\u0430. \u041f\u0440\u0435\u0432\u043e\u0434 \u043e\u0442 \u0435\u0441\u0442\u043e\u043d\u0441\u043a\u0438 \u041c\u0430\u0440\u0435 \u0438 \u041b\u044e\u0431\u043e\u043c\u0438\u0440 \u0417\u0430\u043d\u0435\u0432\u044b; \u0438\u043b. \u0418. \u0420\u0430\u0443\u0434\u0441\u0435\u043f; \u0440\u0435\u0434. \u0416. \u0413\u0435\u043e\u0440\u0433\u0438\u0435\u0432\u0430. \u0422\u0430\u043b\u043b\u0438\u043d: \u041f\u0435\u0440\u0438\u043e\u0434\u0438\u043a\u0430; \u0421\u043e\u0444\u0438\u044f: \u041e\u0442\u0435\u0447\u0435\u0441\u0442\u0432\u043e, 1990, 30 pp. [\u2018Tark mees &#8230;<\/p>\n","protected":false},"author":43,"featured_media":0,"parent":434,"menu_order":0,"comment_status":"closed","ping_status":"closed","template":"","meta":{"_acf_changed":false,"inline_featured_image":false,"footnotes":""},"class_list":["post-1622","page","type-page","status-publish","hentry"],"acf":[],"_links":{"self":[{"href":"https:\/\/sisu.ut.ee\/ewod\/wp-json\/wp\/v2\/pages\/1622","targetHints":{"allow":["GET"]}}],"collection":[{"href":"https:\/\/sisu.ut.ee\/ewod\/wp-json\/wp\/v2\/pages"}],"about":[{"href":"https:\/\/sisu.ut.ee\/ewod\/wp-json\/wp\/v2\/types\/page"}],"author":[{"embeddable":true,"href":"https:\/\/sisu.ut.ee\/ewod\/wp-json\/wp\/v2\/users\/43"}],"replies":[{"embeddable":true,"href":"https:\/\/sisu.ut.ee\/ewod\/wp-json\/wp\/v2\/comments?post=1622"}],"version-history":[{"count":1,"href":"https:\/\/sisu.ut.ee\/ewod\/wp-json\/wp\/v2\/pages\/1622\/revisions"}],"predecessor-version":[{"id":3462,"href":"https:\/\/sisu.ut.ee\/ewod\/wp-json\/wp\/v2\/pages\/1622\/revisions\/3462"}],"up":[{"embeddable":true,"href":"https:\/\/sisu.ut.ee\/ewod\/wp-json\/wp\/v2\/pages\/434"}],"wp:attachment":[{"href":"https:\/\/sisu.ut.ee\/ewod\/wp-json\/wp\/v2\/media?parent=1622"}],"curies":[{"name":"wp","href":"https:\/\/api.w.org\/{rel}","templated":true}]}}