{"id":1616,"date":"2024-04-03T23:41:38","date_gmt":"2024-04-03T20:41:38","guid":{"rendered":"https:\/\/sisu.ut.ee\/ewod\/about-et-191\/"},"modified":"2025-04-15T11:21:36","modified_gmt":"2025-04-15T08:21:36","slug":"about","status":"publish","type":"page","link":"https:\/\/sisu.ut.ee\/ewod\/k\/bernardkangro\/about\/","title":{"rendered":"Bernard Kangro &#8211; about"},"content":{"rendered":"<p><span style=\"font-family: verdana, geneva;\"><strong><span style=\"font-size: medium;\">Articles<\/span><\/strong><\/span><\/p>\n\n\n\n<p><span style=\"font-family: verdana, geneva; font-size: small;\"><strong><em>English<\/em><\/strong><br>Maarja Hollo<strong>, On Some Aspects of Life Writing in Bernard Kangro\u2019s Kuus P\u00e4eva and Seitsmes P\u00e4ev.\u00a0<\/strong>\u2013 Interlitteraria, vol 18, no 2, pp 397-411.<\/span><\/p>\n\n\n\n<p><strong><em><span style=\"font-family: verdana, geneva; font-size: small;\">Finnish<\/span><\/em><\/strong><br><span style=\"font-family: Verdana,Geneva,sans-serif;\">Eeva Niinivaara, <strong>Bernard Kangro: lyyrikko ja romaanikirjailija<\/strong>. \u2013 Kirjallisuudentutkijain Seuran vuosikirja, vol 20, 1963, pp 95-104.<\/span><\/p>\n\n\n\n<p><span style=\"font-family: verdana, geneva; font-size: small;\"><strong><em>German<\/em><\/strong><br><\/span>Urmas Bereczki, <strong>\u201eIch warte immer noch auf das Licht\u201c<\/strong>. \u2013 Estonia, nr  1, 1995, lk 16\u201320.<br><span style=\"font-family: verdana, geneva; font-size: small;\"><strong>Bernard Kangro 1910-1994<\/strong>. \u2013 Baltica, 1994, no 2, pp 44-48.<br><\/span>Cornelius Hasselblatt, <strong>Ein besinnlicher Essayist<\/strong>. \u2013 Estonia, nr 4, 1987, lk 185\u2013188.<br><span style=\"font-family: verdana, geneva; font-size: small;\">Erik Thomson, <strong>August M\u00e4lk 70; Bernard Kangro 60; Kalju Lepik 50<\/strong>. \u2013 Mitteilungen aus baltischem Leben, 1970, no 2, pp 2-5.<br>Hermann Stock, <strong>Der Dichter Bernard Kangro<\/strong>. \u2013 Bernard Kangro, Flucht und Bleibe. Lund 1954, pp 5-13.<br>Hermann Stock, <strong>Ein estnischer Dichter<\/strong>. \u2013 Eckart, vol 21, 1951-1952, pp, 271-272.<\/span><\/p>\n\n\n\n<p><span style=\"font-family: verdana, geneva;\"><strong><span style=\"font-size: medium;\">Reviews<\/span><\/strong><\/span><\/p>\n\n\n\n<p><span style=\"font-family: verdana, geneva;\"><strong><em>English<\/em><\/strong><br>Ilse Lehiste,\u00a0<strong><cite>Hingetuisk J\u00e4\u00e4minek<\/cite><\/strong><span style=\"font-family: verdana, geneva;\"><strong>\u00a0by Bernard Kangro<\/strong>. \u2013 World Literature Today, v<span style=\"font-family: verdana, geneva;\">ol 63, no 2, 1989, p 343.<\/span><\/span><br>Ilmar Mikiver,\u00a0<strong><cite>Sinised mesilased<\/cite><\/strong><span style=\"font-family: verdana, geneva;\"><strong>\u00a0by Bernard Kangro<\/strong>. \u2013 World Literature Today, v<span style=\"font-family: verdana, geneva;\">ol 63, no 2, 1989, p 336.<\/span><\/span><br>Ilse Lehiste, <strong><em>T<\/em><cite>uiskliiv. Talvereis<\/cite><\/strong><span style=\"font-family: verdana, geneva;\"><strong>\u00a0by Bernard Kangro<\/strong>. \u2013 World Literature Today, v<span style=\"font-family: verdana, geneva;\">ol 60, no 2, 1986, p 336.<\/span><\/span><br>Ilse Lehiste,<strong>\u00a0<cite>Seitsmes p\u00e4ev: Linus Asseri p\u00e4evik<\/cite><\/strong><span style=\"font-family: verdana, geneva;\"><strong>\u00a0by Bernard Kangro<\/strong>. \u2013 World Literature Today, v<span style=\"font-family: verdana, geneva;\">ol 59, no 3, 1985, pp 458-459.<\/span><\/span><br>Ilse Lehiste,\u00a0<strong><cite>Kuus p\u00e4eva<\/cite><\/strong><span style=\"font-family: verdana, geneva;\"><strong>\u00a0by Bernard Kangro<\/strong>. \u2013 World Literature Today, v<span style=\"font-family: verdana, geneva;\">ol 55, no 2, 1981, p 351.<\/span><\/span><br>Mall J\u00fcrma, <strong><em>Puu saarel on alles<\/em> by Bernard Kangro<\/strong>. \u2013 Books Abroad, vol 48, no 4, 1974, p 819.<br>Ilse Lehiste, <strong><em>\u00d6\u00f6 astmes x<\/em> by Bernard Kangro<\/strong>. \u2013 Books Abroad, v<span style=\"font-family: verdana, geneva;\">ol 48, no 2, 1974, p 399.<br>Ilse Lehiste,\u00a0<strong><cite>Joonatan, kadunud veli<\/cite><\/strong><span style=\"font-family: verdana, geneva;\"><strong>\u00a0by Bernard Kangro<\/strong>. \u2013 Books Abroad, v<span style=\"font-family: verdana, geneva;\">ol 46, no 4, 1972, pp 706-707.<br>Mall J\u00fcrma,\u00a0<strong><cite>Minu n\u00e4gu. Luulekogumik 1934-1969<\/cite><\/strong><span style=\"font-family: verdana, geneva;\"><strong>\u00a0by Bernard Kango<\/strong>. \u2013 Books Abroad, v<span style=\"font-family: verdana, geneva;\">ol 45, no 4, 1971, p 721.<br>Mall J\u00fcrma,\u00a0<strong><cite>Keeristuli<\/cite><\/strong><span style=\"font-family: verdana, geneva;\"><strong>\u00a0by Bernard Kangro<\/strong>. \u2013 Books Abroad, v<span style=\"font-family: verdana, geneva;\">ol 44, no 3, 1970, p 513.<br>Ivar Ivask,\u00a0<strong><cite>Puud k\u00f5nnivad kaugemale<\/cite><\/strong><span style=\"font-family: verdana, geneva;\"><strong>\u00a0by Bernard Kangro<\/strong>. \u2013 Books Abroad, v<span style=\"font-family: verdana, geneva;\">ol 44, no 2, 1970, p 339.<br>Mardi Valgem\u00e4e,\u00a0<strong><cite>Merre vajunud saar<\/cite><\/strong><span style=\"font-family: verdana, geneva;\"><strong>\u00a0by Bernard Kangro<\/strong>. \u2013 Books Abroad, v<span style=\"font-family: verdana, geneva;\">ol 43, no 3, 1969, p 447.<br>Ivar Ivask,\u00a0<span style=\"font-family: verdana, geneva;\"><strong><cite>Varjumaa<\/cite><\/strong><span style=\"font-family: verdana, geneva;\"><strong>\u00a0by Bernard Kangro<\/strong>. \u2013 Books Abroad, v<span style=\"font-family: verdana, geneva;\">ol 41, no 3, 1967, pp 373-374.<\/span><\/span><br>Ants Oras,\u00a0<strong><cite>Emaj\u00f5gi<\/cite><\/strong><span style=\"font-family: verdana, geneva;\"><strong>\u00a0by Bernard Kangro<\/strong>. \u2013 Books Abroad, v<span style=\"font-family: verdana, geneva;\">ol 36, no 3, 1962, pp 343-344.<br>Ivar V. Ivask,\u00a0<strong><cite>Peipsi<\/cite><\/strong><span style=\"font-family: verdana, geneva;\"><strong>\u00a0by Bernard Kangro<\/strong>. \u2013 Books Abroad, v<span style=\"font-family: verdana, geneva;\">ol 30, no 2, 1956, p 234.<\/span><\/span><\/span><\/span><\/span><\/span><\/span><\/span><\/span><\/span><\/span><\/span><\/span><\/span><\/span><\/span><\/span><\/p>\n\n\n\n<p><span style=\"font-family: verdana, geneva;\"><em><strong>German<\/strong><\/em><\/span><br><span style=\"font-family: verdana, geneva;\">Cornelius Hasselblatt,\u00a0<strong>Ein besinnlicher Essayist<\/strong>. \u2013 Estonia, vol 3, no 4, 1987, pp 185-188. [About \u2018H\u00e4itsmemehi ja p\u00e4rlip\u00fc\u00fcdjaid\u2019, Lund, 1987.]<\/span><\/p>\n\n\n\n<p><br><span style=\"font-family: verdana, geneva; font-size: medium;\"><span style=\"font-family: verdana, geneva;\"><span style=\"font-family: verdana, geneva;\"><span style=\"font-family: verdana, geneva;\"><span style=\"font-family: verdana, geneva;\"><span style=\"font-family: verdana, geneva;\"><span style=\"font-family: verdana, geneva;\"><span style=\"font-family: verdana, geneva;\"><span style=\"font-family: verdana, geneva;\"><span style=\"font-family: verdana, geneva;\"><span style=\"font-family: verdana, geneva;\"><span style=\"font-family: verdana, geneva;\"><span style=\"font-family: verdana, geneva;\"><span style=\"font-family: verdana, geneva;\"><span style=\"font-family: verdana, geneva;\"><span style=\"font-family: verdana, geneva;\"><span style=\"font-family: verdana, geneva;\"><strong>Interviews<\/strong><\/span><\/span><\/span><\/span><\/span><\/span><\/span><\/span><\/span><\/span><\/span><\/span><\/span><\/span><\/span><\/span><\/span><\/p>\n\n\n\n<p><span style=\"font-family: verdana, geneva;\"><span style=\"font-family: verdana, geneva;\"><span style=\"font-family: verdana, geneva;\"><span style=\"font-family: verdana, geneva;\"><span style=\"font-family: verdana, geneva;\"><span style=\"font-family: verdana, geneva;\"><span style=\"font-family: verdana, geneva;\"><span style=\"font-family: verdana, geneva;\"><span style=\"font-family: verdana, geneva;\"><span style=\"font-family: verdana, geneva;\"><span style=\"font-family: verdana, geneva;\"><span style=\"font-family: verdana, geneva;\"><span style=\"font-family: verdana, geneva;\"><span style=\"font-family: verdana, geneva;\"><span style=\"font-family: verdana, geneva;\"><span style=\"font-family: verdana, geneva;\"><span style=\"font-family: verdana, geneva;\"><strong><em>German<\/em><\/strong><br>Urmas Bereczki, Bernard Kangro, <strong>\u201cIch warte immer noch auf das Licht\u201d<\/strong>. \u2013 Estonia, 1995, no 1, pp 16-20.<\/span><\/span><\/span><\/span><\/span><\/span><\/span><\/span><\/span><\/span><\/span><\/span><\/span><\/span><\/span><\/span><\/span><\/p>\n","protected":false},"excerpt":{"rendered":"<p>Articles EnglishMaarja Hollo, On Some Aspects of Life Writing in Bernard Kangro\u2019s Kuus P\u00e4eva and Seitsmes P\u00e4ev.\u00a0\u2013 Interlitteraria, vol 18, no 2, pp 397-411. FinnishEeva Niinivaara, Bernard Kangro: lyyrikko ja romaanikirjailija. \u2013 Kirjallisuudentutkijain Seuran vuosikirja, vol 20, 1963, pp 95-104. &#8230;<\/p>\n","protected":false},"author":43,"featured_media":0,"parent":1611,"menu_order":0,"comment_status":"closed","ping_status":"closed","template":"","meta":{"_acf_changed":false,"inline_featured_image":false,"footnotes":""},"class_list":["post-1616","page","type-page","status-publish","hentry"],"acf":[],"_links":{"self":[{"href":"https:\/\/sisu.ut.ee\/ewod\/wp-json\/wp\/v2\/pages\/1616","targetHints":{"allow":["GET"]}}],"collection":[{"href":"https:\/\/sisu.ut.ee\/ewod\/wp-json\/wp\/v2\/pages"}],"about":[{"href":"https:\/\/sisu.ut.ee\/ewod\/wp-json\/wp\/v2\/types\/page"}],"author":[{"embeddable":true,"href":"https:\/\/sisu.ut.ee\/ewod\/wp-json\/wp\/v2\/users\/43"}],"replies":[{"embeddable":true,"href":"https:\/\/sisu.ut.ee\/ewod\/wp-json\/wp\/v2\/comments?post=1616"}],"version-history":[{"count":2,"href":"https:\/\/sisu.ut.ee\/ewod\/wp-json\/wp\/v2\/pages\/1616\/revisions"}],"predecessor-version":[{"id":6975,"href":"https:\/\/sisu.ut.ee\/ewod\/wp-json\/wp\/v2\/pages\/1616\/revisions\/6975"}],"up":[{"embeddable":true,"href":"https:\/\/sisu.ut.ee\/ewod\/wp-json\/wp\/v2\/pages\/1611"}],"wp:attachment":[{"href":"https:\/\/sisu.ut.ee\/ewod\/wp-json\/wp\/v2\/media?parent=1616"}],"curies":[{"name":"wp","href":"https:\/\/api.w.org\/{rel}","templated":true}]}}