{"id":1592,"date":"2024-04-03T23:41:35","date_gmt":"2024-04-03T20:41:35","guid":{"rendered":"https:\/\/sisu.ut.ee\/ewod\/about-et-186\/"},"modified":"2024-04-04T00:06:50","modified_gmt":"2024-04-03T21:06:50","slug":"about","status":"publish","type":"page","link":"https:\/\/sisu.ut.ee\/ewod\/t\/taska\/about\/","title":{"rendered":"Ilmar Taska &#8211; about"},"content":{"rendered":"<p>\n\t<span style=\"font-family: verdana, geneva\"><strong><span style=\"font-size: medium\">Articles<\/span><\/strong><\/span>\n<\/p>\n<p>\n\t<span style=\"font-family: verdana, geneva\"><em><strong>Bulgarian<\/strong><\/em><br>\u041f\u043b\u0430\u043c\u0435\u043d \u041f\u0430\u043d\u0430\u0439\u043e\u0442\u043e\u0432, <strong>\u041c\u043e\u044f\u0442 \u043f\u0440\u0438\u044f\u0442\u0435\u043b \u0418\u043b\u043c\u0430\u0440 \u0422\u0430\u0441\u043a\u0430 \u0438\u043b\u0438 \u0435\u0434\u043d\u0430 \u043b\u044f\u0442\u043d\u0430 \u043d\u043e\u0449 \u0432 \u0415\u0441\u0442\u043e\u043d\u0438\u044f<\/strong>. \u2013 \u0415\u043b\u0435\u043a\u0442\u0440\u043e\u043d\u043d\u043e \u0441\u043f\u0438\u0441\u0430\u043d\u0438\u0435 LiterNet, 17. III 2015, no 3, (184), https:\/\/liternet.bg\/publish20\/pl_panajotov\/ilmar-taska.htm<\/span>\n<\/p>\n<p>\n\t<span style=\"font-family: verdana, geneva\"><em><strong>English<\/strong><\/em><\/span><br><span style=\"font-family: verdana, geneva\">Ann Alari, <strong>Ilmar Taska presents novel at prominent London bookstore<\/strong>. \u2013 Postimees, 13. V 2016. [Available <a href=\"https:\/\/taskailmar.wixsite.com\/literature\/reviews\" target=\"_blank\" rel=\"noopener\"><strong>here<\/strong><\/a>.]<br>Hille Karm, <strong>Ilmar Taska turns his talents to writing fiction<\/strong>. \u2013 Estonian Literary Magazine, no 40, 2015.<\/span>\n<\/p>\n<p>\n\t<span style=\"font-family: verdana, geneva\"><strong><em>Finnish<\/em><\/strong><br>Samuli Launonen, <strong>Kirjailija Ilmar Taska koki Neuvostoliiton sosialismin ja Hollywoodin kimalluksen<\/strong>. \u2013 \u201dEi saanut olla lyhyempi tai pidempi kuin muut\u201d. \u2013 Ilta-Sanomat, 10. V 2017.<br>Suvi Ahola, <strong>Elokuvatuottaja ja tv-mies teki romaanin 1940-luvun punaterrorista \u2013 Yhdysvalloista palannut Ilmar Taska loikkasi voimalla Viron kirjallisuuteen<\/strong>. \u2013 Helsinkin Sanomat, 29. IV 2017.<\/span><br>\u00a0\n<\/p>\n<p>\n\t<strong><span style=\"font-family: verdana, geneva;font-size: medium\">Reviews<\/span><\/strong>\n<\/p>\n<p>\n\t<span style=\"font-family: verdana, geneva\"><em><strong>Danish<\/strong><\/em><br>Henriette Bacher Lind, <strong>Tilv\u00e6relsens n\u00f8dudgange<\/strong>. \u2013 Jyllands-Posten, 18. IV 2017. [Review of \u2018St\u00f8rre end livet: noveller\u2019.]<\/span>\n<\/p>\n<p>\n\t<span style=\"font-family: verdana, geneva\"><em><strong>English<\/strong><\/em><br>Imbi Paju, <strong>Book review: Ilmar Taska, \u2018Pobeda 1946\u2019<\/strong>. \u2013 err.ee, 24. X 2017, https:\/\/news.err.ee\/638332\/book-review-ilmar-taska-pobeda-1946<br>Antti Majander, <strong>Everyone becomes a victim in Ilmar Taska\u2019s debut novel<\/strong>. Translated by Alice Martin. \u2013 Estonian Literature Centre, http:\/\/www.estlit.ee\/elis\/?cmd=writer&amp;id=08891&amp;txt=98760 [Review of \u2018Pobeda 1946\u2019. Translation of Antti Majander, \u2018Ilmar Taskan esikoisromaanissa jokainen joutuu neuvostoj\u00e4rjestelm\u00e4n uhriksi\u2019, Helsinkin Sanomat, 24. V 2017.]<br>Henriette Bacher Lind, <strong>Emergency exits of existence<\/strong>. \u2013 Estonian Literature Centre, http:\/\/www.estlit.ee\/elis\/?cmd=writer&amp;id=08891&amp;txt=71268 [Review of \u2018St\u00f8rre end livet: noveller\u2019. Translation of Henriette Bacher Lind, Tilv\u00e6relsens n\u00f8dudgange, Jyllands-Posten, 18. IV 2017.]<br>Peeter Helme,<strong> Memories and history \u2013 friends or enemies?<\/strong> \u2013 Estonian Literary Magazine, no 43, 2016. [Review of Holger Kaints, \u2018Uinuv maa\u2019, Kai Aareleid, \u2018Linnade p\u00f5letamine\u2019, Ilmar Taska, \u2018Pobeda 1946\u2019.]<br>Imbi Paju, <strong>The startling beauty of Taska\u2019s allegro<\/strong>. Translated by Adam Cullen. \u2013 Estonian Literature Centre, http:\/\/www.estlit.ee\/elis\/?cmd=writer&amp;id=08891&amp;txt=39334 [Review of \u2018Pobeda 1946\u2019.]<br>Elle-Mari Talivee, <strong>Better Than Life<\/strong>. \u2013 Estonian Literature Centre, http:\/\/www.estlit.ee\/elis\/?cmd=writer&amp;id=08891&amp;txt=0346 [Review of \u2018Parem kui elu\u2019, a short story collection in Estonian.]<\/span>\n<\/p>\n<p>\n\t<span style=\"font-family: verdana, geneva\"><strong><em>Finnish<\/em><\/strong><br>[S. n.], <strong>Vetoa syd\u00e4nlangoissa \u2013 Ilmar Taska: Pobeda 1946<\/strong>. \u2013 Reader, why did I marry him?. Valetulenkantajan kirjablogi, 3. III 2018, http:\/\/readerwhydidimarryhim.blogspot.com.ee\/2018\/03\/vetoa-sydanlangoissa-ilmar-taska-pobeda.html [Review of \u2018Pobeda 1946\u2019.]<br>Riitta Vaismaa, <strong>Pelon keh\u00e4ss\u00e4<\/strong>. \u2013 maailmankirjat, 6. VIII 2017, http:\/\/www.maailmankirjat.ma-pe.net\/?p=2481. <span style=\"font-family: verdana, geneva\">[Review of \u2018Pobeda 1946\u2019.]<\/span><br>Veli-Pekka Lepp\u00e4nen, <strong>Virolaisia kuilun partaalla<\/strong>. \u2013 Kansan Uutiset, 9. VII 2017. [Review of \u2018Pobeda 1946\u2019.]<br>Tuomas Rantanen, <strong>Pitk\u00e4 varjo Pobedan takana<\/strong>. \u2013 Voima, 20. VI 2017. [Review of Seppo Zetterberg, \u2018Uusi Viron historia\u2019 and Ilmar Taska, \u2018Pobeda 1946\u2019.]<br>[S. n.], <strong>Kirja-arvio: Perhonen Cio-Cio-san liit\u00e4\u00e4 Tallinnaan<\/strong>. \u2013 Turun Sanomat, 17. VI 2017. [Review of \u2018Pobeda 1946\u2019.]<br>Mikko J\u00e4ms\u00e9n, <strong>Viro on pieni poika<\/strong>. \u2013 Etel\u00e4-Saimaa, 5. VI 2017. [Review of \u2018Pobeda 1946\u2019.]<br>Antti Majander, <strong>Ilmar Taskan esikoisromaanissa jokainen joutuu neuvostoj\u00e4rjestelm\u00e4n uhriksi<\/strong>. \u2013 Helsinkin Sanomat, 24. V 2017. [Review of \u2018Pobeda 1946\u2019.]<br>[S. n.],<strong> Ilmar Taska: Pobeda 1946<\/strong>. \u2013 Annelin kirjoissa [blog], 16. V 2017, https:\/\/annelinkirjoissa.wordpress.com\/2017\/05\/16\/ilmar-taska-pobeda-1946\/<br>Pentti Stranius, <strong>Lukunautintoja Voitonp\u00e4iv\u00e4n j\u00e4lkitunnelmissa<\/strong>. \u2013 \u00d6isinajattelija [blog by Pentti Stranius on the website of Kansan uutiset], 10. V 2017, https:\/\/blogit.kansanuutiset.fi\/oisinajattelija\/lukunautintoja-voitonpaivan-jalkitunnelmissa<br>Pentti Stranius, <strong>Kirja-arvio: Moniulotteinen romaani Viron historiasta<\/strong>. \u2013 Keskisuomalainen, 8. V 2017. [Review of \u2018Pobeda 1946\u2019.]<\/span>\n<\/p>\n<p>\n\t<span style=\"font-family: verdana, geneva\"><strong><em>German<\/em><\/strong><br>Lutz Dettmann, <strong>\u201cPobeda 1946\u201d\u00a0\u2013 ein estnischer NKWD-Roman<\/strong>. \u2013 Mittelungen aus baltischem Leben, no 4, 2017. [About \u2018Pobeda 1946\u2019.]<\/span>\n<\/p>\n<p>\n\t<span style=\"font-family: verdana, geneva\"><strong><em>Swedish<\/em><\/strong><br>Crister Enander, <strong>Fr\u00e5gors vassa konturer<\/strong>. \u2013 Helsingborgs Dagblad, 8. VII 2014. [Review of \u2018Sk\u00f6nare \u00e4n livet\u2019.]<\/span><\/p>\n","protected":false},"excerpt":{"rendered":"<p>Articles Bulgarian\u041f\u043b\u0430\u043c\u0435\u043d \u041f\u0430\u043d\u0430\u0439\u043e\u0442\u043e\u0432, \u041c\u043e\u044f\u0442 \u043f\u0440\u0438\u044f\u0442\u0435\u043b \u0418\u043b\u043c\u0430\u0440 \u0422\u0430\u0441\u043a\u0430 \u0438\u043b\u0438 \u0435\u0434\u043d\u0430 \u043b\u044f\u0442\u043d\u0430 \u043d\u043e\u0449 \u0432 \u0415\u0441\u0442\u043e\u043d\u0438\u044f. \u2013 \u0415\u043b\u0435\u043a\u0442\u0440\u043e\u043d\u043d\u043e \u0441\u043f\u0438\u0441\u0430\u043d\u0438\u0435 LiterNet, 17. III 2015, no 3, (184), https:\/\/liternet.bg\/publish20\/pl_panajotov\/ilmar-taska.htm EnglishAnn Alari, Ilmar Taska presents novel at prominent London bookstore. \u2013 Postimees, 13. V 2016. [Available &#8230;<\/p>\n","protected":false},"author":43,"featured_media":0,"parent":1390,"menu_order":0,"comment_status":"closed","ping_status":"closed","template":"","meta":{"_acf_changed":false,"inline_featured_image":false,"footnotes":""},"class_list":["post-1592","page","type-page","status-publish","hentry"],"acf":[],"_links":{"self":[{"href":"https:\/\/sisu.ut.ee\/ewod\/wp-json\/wp\/v2\/pages\/1592","targetHints":{"allow":["GET"]}}],"collection":[{"href":"https:\/\/sisu.ut.ee\/ewod\/wp-json\/wp\/v2\/pages"}],"about":[{"href":"https:\/\/sisu.ut.ee\/ewod\/wp-json\/wp\/v2\/types\/page"}],"author":[{"embeddable":true,"href":"https:\/\/sisu.ut.ee\/ewod\/wp-json\/wp\/v2\/users\/43"}],"replies":[{"embeddable":true,"href":"https:\/\/sisu.ut.ee\/ewod\/wp-json\/wp\/v2\/comments?post=1592"}],"version-history":[{"count":1,"href":"https:\/\/sisu.ut.ee\/ewod\/wp-json\/wp\/v2\/pages\/1592\/revisions"}],"predecessor-version":[{"id":3493,"href":"https:\/\/sisu.ut.ee\/ewod\/wp-json\/wp\/v2\/pages\/1592\/revisions\/3493"}],"up":[{"embeddable":true,"href":"https:\/\/sisu.ut.ee\/ewod\/wp-json\/wp\/v2\/pages\/1390"}],"wp:attachment":[{"href":"https:\/\/sisu.ut.ee\/ewod\/wp-json\/wp\/v2\/media?parent=1592"}],"curies":[{"name":"wp","href":"https:\/\/api.w.org\/{rel}","templated":true}]}}