{"id":1589,"date":"2024-04-03T23:41:35","date_gmt":"2024-04-03T20:41:35","guid":{"rendered":"https:\/\/sisu.ut.ee\/ewod\/kivisilla\/"},"modified":"2024-09-11T15:58:44","modified_gmt":"2024-09-11T12:58:44","slug":"kivisilla","status":"publish","type":"page","link":"https:\/\/sisu.ut.ee\/ewod\/k\/kivisilla\/","title":{"rendered":"Veronika Kivisilla"},"content":{"rendered":"<h5 class=\"wp-block-heading\"><br><a href=\"https:\/\/sisu.ut.ee\/ewod\/k\/kivisilla\/poems\"><span style=\"font-size: medium;\"><strong><span style=\"font-family: verdana, geneva;\">Poems<\/span><\/strong><\/span><\/a><span style=\"font-size: medium;\"> <span style=\"font-family: verdana, geneva;\"><a href=\"https:\/\/sisu.ut.ee\/wp-content\/uploads\/sites\/108\/veronika_kivisilla_alar_madisson.jpg\" target=\"_self\" rel=\"noopener\"><img decoding=\"async\" title=\"Photo: Alar Madisson\" class=\"\" style=\"float: right; width: 450px; height: 299px;\" src=\"https:\/\/sisu.ut.ee\/wp-content\/uploads\/sites\/108\/veronika_kivisilla_alar_madisson_vaike.jpg\" alt=\"Veronika Kivisilla\"><\/a><\/span><\/span><\/h5>\n\n\n\n<h5 class=\"wp-block-heading\"><a href=\"https:\/\/sisu.ut.ee\/ewod\/k\/kivisilla\/about\"><span style=\"font-size: medium;\"><strong><span style=\"font-family: verdana, geneva;\">About Veronika Kivisilla<\/span><\/strong><\/span><\/a><\/h5>\n\n\n\n<p>\u00a0<\/p>\n\n\n\n<p><span style=\"color: #000000;\"><span style=\"font-size: 13px;\"><span style=\"font-family: Verdana,Geneva,sans-serif;\"><span style=\"line-height: 150%;\">Veronika Kivisilla (n\u00e9e Savi; 21 XII 1978) is a poet and musician.<\/span><\/span><\/span><\/span><\/p>\n\n\n\n<p><span style=\"color: #000000;\"><span style=\"font-size: 13px;\"><span style=\"font-family: Verdana,Geneva,sans-serif;\"><span style=\"line-height: 150%;\">Kivisilla was born and acquired secondary education in Tallinn. She studied Estonian philology at Tallinn Pedagogical University. She is a member of the Estonian Writers\u2019 Union from 2012.<\/span><\/span><\/span><\/span><\/p>\n\n\n\n<p><span style=\"color: #000000;\"><span style=\"font-size: 13px;\"><span style=\"font-family: Verdana,Geneva,sans-serif;\"><span style=\"line-height: 150%;\"><i>Kallis kalender<\/i> (\u2018Dear Calendar\u2019), the first poetry collection of Kivisilla, who was earlier known mainly as a musician, appeared in 2011. A year later, it was followed by <i>Veronica officinalis<\/i> which is centred on characteristic features of Kivisilla \u2013 poetics of everyday life and meaningfulness of small and practical affairs. Trips by bus and train, walks and shopping, (accidental) meetings with different people, nature with flora and fauna and the city form the space in touch with which Kivisilla\u2019s catch-the-moment world tempered with warm compassion is born. Poems telling a story are characteristic of this collection. Among other things, the Latin titles of the collections <i>Cantus Firmus<\/i> (2015) and <i>Salutatio!<\/i> (2019) hint at medieval music.<\/span><\/span><\/span><\/span><\/p>\n\n\n\n<p><span style=\"color: #000000;\"><span style=\"font-size: 13px;\"><span style=\"font-family: Verdana,Geneva,sans-serif;\"><span style=\"line-height: 150%;\">Setting of a casual, accidentally heard excerpt from a sentence or an event into meaningful light is also characteristic of the prose collection <i>Kuni armastus peale tuleb<\/i> (\u2018Until You Fall in Love\u2019, 2018) and its updated variant <i>Kuni armastus peale tuleb 2.0<\/i> (\u2018Until You Fall in Love 2.0\u2019, 2020). Initial social media postings collected into a book offer a view of everyday life where its special sides are found. Child\u2019s sincere and open glance and view of the world occupy an essential place here. Nature, town and time are intersected.<\/span><\/span><\/span><\/span><\/p>\n\n\n\n<p><span style=\"color: #000000;\"><span style=\"font-size: 13px;\"><span style=\"font-family: Verdana,Geneva,sans-serif;\"><span style=\"line-height: 150%;\"><i>A. K. (Translated by I. A.)<\/i><\/span><\/span><\/span><\/span><\/p>\n\n\n\n<p><br>\u00a0<\/p>\n\n\n\n<p><span style=\"font-size: 16px;\"><span style=\"color: #000000;\"><span style=\"font-family: Verdana,Geneva,sans-serif;\"><span style=\"line-height: 150%;\"><b>Books in Estonian<\/b><\/span><\/span><\/span><\/span><\/p>\n\n\n\n<p><span style=\"color: #000000;\"><span style=\"font-size: 13px;\"><span style=\"font-family: Verdana,Geneva,sans-serif;\"><span style=\"line-height: 150%;\"><em><b>Poetry collections<\/b><\/em><br><strong>Kallis kalender<\/strong>. Luuletusi 2009-2010. Luige: Verb, 2011, 68 lk.<br><strong>Veronica officinalis<\/strong>: kirjutatud \u00c4rap\u00e4\u00e4sk\u00fclas, Valgesoos, elektrirongis ning nr 10 ja 18 bussis. Luige: Verb, 2012, 87 lk.<br><strong>Cantus Firmus<\/strong>. Tallinn: N\u00e4o Kirik, 2015, 108 lk.<br><strong>Salutatio!<\/strong>. Luige: Verb, 2019, 54 lk.<\/span><\/span><\/span><\/span><\/p>\n\n\n\n<p><span style=\"color: #000000;\"><span style=\"font-size: 13px;\"><span style=\"font-family: Verdana,Geneva,sans-serif;\"><span style=\"line-height: 150%;\"><em><b>Short prose<\/b><\/em><br><strong>Kuni armastus peale tuleb<\/strong>. Tallinn: Hunt, 2018, 221 lk.<br><strong>Kuni armastus peale tuleb 2.0<\/strong>. Tallinn: Hunt, 2020, 239 lk.<\/span><\/span><\/span><\/span><\/p>\n\n\n\n<p><span style=\"color: #000000;\"><span style=\"font-size: 13px;\"><span style=\"font-family: Verdana,Geneva,sans-serif;\"><span style=\"line-height: 150%;\"><em><b>Varia<\/b><\/em><br><strong>Raeapteegi taimelood<\/strong>. Tallinn: Revali Raeapteegi Muuseumi \u00dching, 2019, 79 lk.<\/span><\/span><\/span><\/span><\/p>\n","protected":false},"excerpt":{"rendered":"<p>Poems About Veronika Kivisilla \u00a0 Veronika Kivisilla (n\u00e9e Savi; 21 XII 1978) is a poet and musician. Kivisilla was born and acquired secondary education in Tallinn. She studied Estonian philology at Tallinn Pedagogical University. She is a member of the &#8230;<\/p>\n","protected":false},"author":43,"featured_media":0,"parent":498,"menu_order":0,"comment_status":"closed","ping_status":"closed","template":"","meta":{"_acf_changed":false,"inline_featured_image":false,"footnotes":""},"class_list":["post-1589","page","type-page","status-publish","hentry"],"acf":[],"_links":{"self":[{"href":"https:\/\/sisu.ut.ee\/ewod\/wp-json\/wp\/v2\/pages\/1589","targetHints":{"allow":["GET"]}}],"collection":[{"href":"https:\/\/sisu.ut.ee\/ewod\/wp-json\/wp\/v2\/pages"}],"about":[{"href":"https:\/\/sisu.ut.ee\/ewod\/wp-json\/wp\/v2\/types\/page"}],"author":[{"embeddable":true,"href":"https:\/\/sisu.ut.ee\/ewod\/wp-json\/wp\/v2\/users\/43"}],"replies":[{"embeddable":true,"href":"https:\/\/sisu.ut.ee\/ewod\/wp-json\/wp\/v2\/comments?post=1589"}],"version-history":[{"count":2,"href":"https:\/\/sisu.ut.ee\/ewod\/wp-json\/wp\/v2\/pages\/1589\/revisions"}],"predecessor-version":[{"id":5479,"href":"https:\/\/sisu.ut.ee\/ewod\/wp-json\/wp\/v2\/pages\/1589\/revisions\/5479"}],"up":[{"embeddable":true,"href":"https:\/\/sisu.ut.ee\/ewod\/wp-json\/wp\/v2\/pages\/498"}],"wp:attachment":[{"href":"https:\/\/sisu.ut.ee\/ewod\/wp-json\/wp\/v2\/media?parent=1589"}],"curies":[{"name":"wp","href":"https:\/\/api.w.org\/{rel}","templated":true}]}}