{"id":1582,"date":"2024-04-03T23:41:34","date_gmt":"2024-04-03T20:41:34","guid":{"rendered":"https:\/\/sisu.ut.ee\/ewod\/poems-et-235\/"},"modified":"2024-04-04T00:06:52","modified_gmt":"2024-04-03T21:06:52","slug":"poems","status":"publish","type":"page","link":"https:\/\/sisu.ut.ee\/ewod\/l\/lee\/poems\/","title":{"rendered":"Maria Lee &#8211; poems"},"content":{"rendered":"<p><strong><span style=\"font-family: verdana, geneva;font-size: medium\">In anthologies and magazines<\/span><\/strong><\/p>\n<p><span style=\"font-family: verdana, geneva\"><strong><em>English<\/em><\/strong><br><strong>Nimed, s\u00f5nad, n\u00f5iam\u00e4rgid: 4x (4+4)x4= noor Eesti luule = Names, Words, Witch\u00b4s Symbols: 4x(4+4)x4 = Young Estonian Poetry<\/strong>. Edited by J\u00fcrgen Rooste, translated by Luca Bonetti, Antoine Chalvin, Adam Cullen, Maarja Kangro, Reet Klettenberg, Uta K\u00fchrt, Hannu Oittinen, Monika Segesdi. Tallinn: Eesti Kirjanduse Teabekeskus \/ Eesti K\u00f6itekunstnike \u00dchendus, 2015, 144 pp. [Poems by Maria Lee, Veronika Kivisilla, Asko K\u00fcnnap, Maarja Kangro, Birk Rohelend, Igor Kotjuh, Kaur Riismaa, J\u00fcrgen Rooste in English, German, Russian, French, Finnish, Hungarian, Italian and Estonian.]<br><\/span><\/p>\n<p><span style=\"font-family: verdana, geneva\"><strong><em>Finnish<\/em><\/strong><br><strong>Nimed, s\u00f5nad, n\u00f5iam\u00e4rgid: 4x (4+4)x4= noor Eesti luule = Names, Words, Witch\u00b4s Symbols: 4x(4+4)x4 = Young Estonian Poetry<\/strong>. Edited by J\u00fcrgen Rooste, translated by Luca Bonetti, Antoine Chalvin, Adam Cullen, Maarja Kangro, Reet Klettenberg, Uta K\u00fchrt, Hannu Oittinen, Monika Segesdi. Tallinn: Eesti Kirjanduse Teabekeskus \/ Eesti K\u00f6itekunstnike \u00dchendus, 2015, 144 pp. [Poems by Maria Lee, Veronika Kivisilla, Asko K\u00fcnnap, Maarja Kangro, Birk Rohelend, Igor Kotjuh, Kaur Riismaa, J\u00fcrgen Rooste in English, German, Russian, French, Finnish, Hungarian, Italian and Estonian.]<br><\/span><\/p>\n<p><span style=\"font-family: verdana, geneva\"><strong><em>French<\/em><\/strong><br><strong>Nimed, s\u00f5nad, n\u00f5iam\u00e4rgid: 4x (4+4)x4= noor Eesti luule = Names, Words, Witch\u00b4s Symbols: 4x(4+4)x4 = Young Estonian Poetry<\/strong>. Edited by J\u00fcrgen Rooste, translated by Luca Bonetti, Antoine Chalvin, Adam Cullen, Maarja Kangro, Reet Klettenberg, Uta K\u00fchrt, Hannu Oittinen, Monika Segesdi. Tallinn: Eesti Kirjanduse Teabekeskus \/ Eesti K\u00f6itekunstnike \u00dchendus, 2015, 144 pp. [Poems by Maria Lee, Veronika Kivisilla, Asko K\u00fcnnap, Maarja Kangro, Birk Rohelend, Igor Kotjuh, Kaur Riismaa, J\u00fcrgen Rooste in English, German, Russian, French, Finnish, Hungarian, Italian and Estonian.]<br><\/span><\/p>\n<p><span style=\"font-family: verdana, geneva\"><strong><em>German<\/em><\/strong><br><strong>Nimed, s\u00f5nad, n\u00f5iam\u00e4rgid: 4x (4+4)x4= noor Eesti luule = Names, Words, Witch\u00b4s Symbols: 4x(4+4)x4 = Young Estonian Poetry<\/strong>. Edited by J\u00fcrgen Rooste, translated by Luca Bonetti, Antoine Chalvin, Adam Cullen, Maarja Kangro, Reet Klettenberg, Uta K\u00fchrt, Hannu Oittinen, Monika Segesdi. Tallinn: Eesti Kirjanduse Teabekeskus \/ Eesti K\u00f6itekunstnike \u00dchendus, 2015, 144 pp. [Poems by Maria Lee, Veronika Kivisilla, Asko K\u00fcnnap, Maarja Kangro, Birk Rohelend, Igor Kotjuh, Kaur Riismaa, J\u00fcrgen Rooste in English, German, Russian, French, Finnish, Hungarian, Italian and Estonian.]<br><\/span><\/p>\n<p><span style=\"font-family: verdana, geneva\"><strong><em>Hungarian<\/em><\/strong><br><strong>Nimed, s\u00f5nad, n\u00f5iam\u00e4rgid: 4x (4+4)x4= noor Eesti luule = Names, Words, Witch\u00b4s Symbols: 4x(4+4)x4 = Young Estonian Poetry<\/strong>. Edited by J\u00fcrgen Rooste, translated by Luca Bonetti, Antoine Chalvin, Adam Cullen, Maarja Kangro, Reet Klettenberg, Uta K\u00fchrt, Hannu Oittinen, Monika Segesdi. Tallinn: Eesti Kirjanduse Teabekeskus \/ Eesti K\u00f6itekunstnike \u00dchendus, 2015, 144 pp. [Poems by Maria Lee, Veronika Kivisilla, Asko K\u00fcnnap, Maarja Kangro, Birk Rohelend, Igor Kotjuh, Kaur Riismaa, J\u00fcrgen Rooste in English, German, Russian, French, Finnish, Hungarian, Italian and Estonian.]<br><\/span><\/p>\n<p><span style=\"font-family: verdana, geneva\"><strong><em>Italian<\/em><\/strong><br><strong>Nimed, s\u00f5nad, n\u00f5iam\u00e4rgid: 4x (4+4)x4= noor Eesti luule = Names, Words, Witch\u00b4s Symbols: 4x(4+4)x4 = Young Estonian Poetry<\/strong>. Edited by J\u00fcrgen Rooste, translated by Luca Bonetti, Antoine Chalvin, Adam Cullen, Maarja Kangro, Reet Klettenberg, Uta K\u00fchrt, Hannu Oittinen, Monika Segesdi. Tallinn: Eesti Kirjanduse Teabekeskus \/ Eesti K\u00f6itekunstnike \u00dchendus, 2015, 144 pp. [Poems by Maria Lee, Veronika Kivisilla, Asko K\u00fcnnap, Maarja Kangro, Birk Rohelend, Igor Kotjuh, Kaur Riismaa, J\u00fcrgen Rooste in English, German, Russian, French, Finnish, Hungarian, Italian and Estonian.]<br><\/span><\/p>\n<p><span style=\"font-family: verdana, geneva\"><strong><em>Russian<\/em><\/strong><br><strong>Nimed, s\u00f5nad, n\u00f5iam\u00e4rgid: 4x (4+4)x4= noor Eesti luule = Names, Words, Witch\u00b4s Symbols: 4x(4+4)x4 = Young Estonian Poetry<\/strong>. Edited by J\u00fcrgen Rooste, translated by Luca Bonetti, Antoine Chalvin, Adam Cullen, Maarja Kangro, Reet Klettenberg, Uta K\u00fchrt, Hannu Oittinen, Monika Segesdi. Tallinn: Eesti Kirjanduse Teabekeskus \/ Eesti K\u00f6itekunstnike \u00dchendus, 2015, 144 pp. [Poems by Maria Lee, Veronika Kivisilla, Asko K\u00fcnnap, Maarja Kangro, Birk Rohelend, Igor Kotjuh, Kaur Riismaa, J\u00fcrgen Rooste in English, German, Russian, French, Finnish, Hungarian, Italian and Estonian.]<br><\/span><\/p>\n","protected":false},"excerpt":{"rendered":"<p>In anthologies and magazines EnglishNimed, s\u00f5nad, n\u00f5iam\u00e4rgid: 4x (4+4)x4= noor Eesti luule = Names, Words, Witch\u00b4s Symbols: 4x(4+4)x4 = Young Estonian Poetry. Edited by J\u00fcrgen Rooste, translated by Luca Bonetti, Antoine Chalvin, Adam Cullen, Maarja Kangro, Reet Klettenberg, Uta K\u00fchrt, &#8230;<\/p>\n","protected":false},"author":43,"featured_media":0,"parent":1576,"menu_order":0,"comment_status":"closed","ping_status":"closed","template":"","meta":{"_acf_changed":false,"inline_featured_image":false,"footnotes":""},"class_list":["post-1582","page","type-page","status-publish","hentry"],"acf":[],"_links":{"self":[{"href":"https:\/\/sisu.ut.ee\/ewod\/wp-json\/wp\/v2\/pages\/1582","targetHints":{"allow":["GET"]}}],"collection":[{"href":"https:\/\/sisu.ut.ee\/ewod\/wp-json\/wp\/v2\/pages"}],"about":[{"href":"https:\/\/sisu.ut.ee\/ewod\/wp-json\/wp\/v2\/types\/page"}],"author":[{"embeddable":true,"href":"https:\/\/sisu.ut.ee\/ewod\/wp-json\/wp\/v2\/users\/43"}],"replies":[{"embeddable":true,"href":"https:\/\/sisu.ut.ee\/ewod\/wp-json\/wp\/v2\/comments?post=1582"}],"version-history":[{"count":1,"href":"https:\/\/sisu.ut.ee\/ewod\/wp-json\/wp\/v2\/pages\/1582\/revisions"}],"predecessor-version":[{"id":3502,"href":"https:\/\/sisu.ut.ee\/ewod\/wp-json\/wp\/v2\/pages\/1582\/revisions\/3502"}],"up":[{"embeddable":true,"href":"https:\/\/sisu.ut.ee\/ewod\/wp-json\/wp\/v2\/pages\/1576"}],"wp:attachment":[{"href":"https:\/\/sisu.ut.ee\/ewod\/wp-json\/wp\/v2\/media?parent=1582"}],"curies":[{"name":"wp","href":"https:\/\/api.w.org\/{rel}","templated":true}]}}