{"id":1570,"date":"2024-04-03T23:41:33","date_gmt":"2024-04-03T20:41:33","guid":{"rendered":"https:\/\/sisu.ut.ee\/ewod\/about-et-178\/"},"modified":"2024-04-04T00:06:53","modified_gmt":"2024-04-03T21:06:53","slug":"about","status":"publish","type":"page","link":"https:\/\/sisu.ut.ee\/ewod\/b\/aimeebeekman\/about\/","title":{"rendered":"Aim\u00e9e Beekman &#8211; about"},"content":{"rendered":"<p><span style=\"font-family: verdana, geneva;font-size: medium\"><strong>Articles<\/strong><\/span><\/p>\n<p><span style=\"font-family: verdana, geneva\"><strong><em>English<\/em><br><\/strong>Anneli K\u00f5vamees<strong>, The Construction of Italy in Soviet Travelogues.\u00a0<\/strong>\u2013 Interlitteraria, vol 18, no 2, 2013, pp 412-422. [About the travelogue \u201cPlastmassist s\u00fcdamega madonna\u201d (\u2018Madonna with a plastic heart\u2019, 1963)]<\/span><\/p>\n<p><span style=\"font-family: verdana, geneva\"><strong><em>German<\/em><\/strong><br>Tiiu Mikenberg, <strong>Zur Konkretisierung in der \u00dcbersetzung der \u201cKartoffelschellen\u201d<\/strong>. \u2013 Uurimusi k\u00f5rvutava ja rakenduslingvistika alalt. Linguistica. (Tartu Riikliku \u00dclikooli Toimetised 656.) Tartu, 1983, pp 48-52. <\/span><\/p>\n<p><strong><em>Russian<\/em><\/strong><br><span style=\"font-family: verdana, geneva\">\u0411\u043e\u0440\u0438\u0441 \u0422\u0443\u0445,\u00a0<\/span><strong>\u042d\u043c\u044d \u0411\u0435\u0435\u043a\u043c\u0430\u043d. \u0427\u0435\u0440\u043d\u044b\u0439 \u0445\u043b\u0435\u0431 \u043f\u0440\u043e\u0437\u044b<\/strong>. \u2013 \u0411\u043e\u0440\u0438\u0441 \u0422\u0443\u0445, \u0413\u0440\u0443\u043f\u043f\u043e\u0432\u043e\u0439 \u043f\u043e\u0440\u0442\u0440\u0435\u0442 \u0441 \u0434\u0430\u043c\u043e\u0439 \u0432 \u0438\u043d\u0442\u0435\u0440\u044c\u0435\u0440\u0435 \u044d\u0441\u0442\u043e\u043d\u0441\u043a\u043e\u0439 \u043b\u0438\u0442\u0435\u0440\u0430\u0442\u0443\u0440\u044b: \u041b\u0438\u0434\u0438\u044f \u041a\u043e\u0439\u0434\u0443\u043b\u0430, \u041c\u0430\u0440\u0438\u0435 \u0423\u043d\u0434\u0435\u0440, \u0414\u0435\u0431\u043e\u0440\u0430 \u0412\u0430\u0430\u0440\u0430\u043d\u0434\u0438, \u0411\u0435\u0442\u0442\u0438 \u0410\u043b\u044c\u0432\u0435\u0440, \u041c\u0430\u0439\u043c\u0443 \u0411\u0435\u0440\u0433, \u042d\u043c\u044d \u0411\u044d\u044d\u043a\u043c\u0430\u043d, \u041b\u0435\u044d\u043b\u043e \u0422\u0443\u043d\u0433\u0430\u043b, \u0414\u043e\u0440\u0438\u0441 \u041a\u0430\u0440\u0435\u0432\u0430. \u0420\u0435\u0434\u0430\u043a\u0442\u043e\u0440 \u0421\u0432\u0435\u0442\u043b\u0430\u043d\u0430 \u0418\u0432\u0430\u043d\u043e\u0432\u0430; \u0445\u0443\u0434\u043e\u0436\u0435\u0441\u0442\u0432\u0435\u043d\u043d\u043e\u0435 \u043e\u0444\u043e\u0440\u043c\u043b\u0435\u043d\u0438\u0435: \u0423\u043b\u044c\u0432\u0438 \u041b\u0430\u0445\u0435\u0441\u0430\u043b\u0443; \u0445\u0443\u0434\u043e\u0436\u043d\u0438\u043a \u0422\u0430\u043c\u0430\u0440\u0430 \u0421\u0435\u0440\u0433\u0438\u0435\u043d\u043a\u043e. \u0422\u0430\u043b\u043b\u0438\u043d\u043d: \u0418\u0437\u0434\u0430\u0442\u0435\u043b\u044c\u0441\u0442\u0432\u043e \u201c\u041a\u041f\u0414\u201d, 2010, pp 128-157.\u00a0<span style=\"font-family: verdana, geneva\">[Article\/interview.\u00a0<\/span><span style=\"font-family: verdana, geneva\">See\u00a0<\/span><strong><a href=\"https:\/\/sisu.ut.ee\/ewod\/general\/booksinrussian\/boristuh\">contents<\/a>\u00a0<\/strong><span style=\"font-family: verdana, geneva\">of the collection of articles.]<\/span><\/p>\n<p><\/p>\n<p><span style=\"font-family: verdana, geneva\" data-mce-mark=\"1\"><strong><span style=\"font-size: medium\" data-mce-mark=\"1\">Reviews<\/span><\/strong><\/span><\/p>\n<p><span style=\"font-family: verdana, geneva\"><em><strong>English<\/strong><\/em><\/span><br><span style=\"font-family: verdana, geneva\">Rutt Hinrikus, Janika Kronberg, <a href=\"http:\/\/elm.estinst.ee\/issue\/27\/short-overviews-books-estonian-authors\/\" target=\"_blank\" rel=\"noopener\"><strong>Short Outlines of Books by Estonian Authors<\/strong><\/a>. \u2013 Estonian Literary Magazine, no 27, 2008. [About \u2019Proovielu\u2019. (\u2019Trial Life\u2019).]<br>Hellar Grabbi,\u00a0<strong><cite>Kartulikuljused<\/cite><\/strong><strong>\u00a0by Aim\u00e9e Beekman<\/strong>. \u2013 Books Abroad, vol 43, no 3, 1969, p 446.<br><\/span><\/p>\n<p><span style=\"font-family: verdana, geneva\"><strong><em>German<\/em><\/strong><br>Evelin Feierabend, <strong>Selbst ist die Frau<\/strong>. \u2013 Wochenpost (Berlin), no 3, 1984. [About \u2018Partnerwahl\u2019 (\u2018Valikuv\u00f5imalus\u2019).]<br>Claudia Ebert, <strong>Alle Register weiblicher Taktik<\/strong>. \u2013 Berliner Zeitung, 19. II 1983. [About \u2018Partnerwahl\u2019 (\u2018Valikuv\u00f5imalus\u2019).]<br>gh, <strong>Partnerwahl<\/strong>. \u2013 Der Morgen (Berlin), 28. V 1983. [About \u2018Partnerwahl\u2019 (\u2018Valikuv\u00f5imalus\u2019).]<br>Thadea, <strong>Bedingung: Familie gr\u00fcnden<\/strong>. \u2013 National Zeitung (Berlin), 4. VII 1983. [About \u2018Partnerwahl\u2019 (\u2018Valikuv\u00f5imalus\u2019).]<br>Karen Sommer, <strong>Partnerwahl der Estin Aim\u00e9e Beekman<\/strong>. \u2013 M\u00e4rkische Union (Potsdam), 9. VII 1983. [About \u2018Partnerwahl\u2019 (\u2018Valikuv\u00f5imalus\u2019).]<br>G. A., <strong>Beekman: Partnerwahl<\/strong>. \u2013 Neuer Weg (Halle), 21. VII 1983. [About \u2018Partnerwahl\u2019 (\u2018Valikuv\u00f5imalus\u2019).]<br>Kirsten Sturm: <strong>Liebe, ma\u00dfgeschneidert?<\/strong>. \u2013 Liberal-Demokratische Zeitung (Halle), 23. VII 1983. [About \u2018Partnerwahl\u2019 (\u2018Valikuv\u00f5imalus\u2019).]<br>Tage Sommerfeld, <strong>Auf den Irrwegen der Liebe<\/strong>. \u2013 Junge Welt (Berlin), 26. VII 1983. [About \u2018Partnerwahl\u2019 (\u2018Valikuv\u00f5imalus\u2019).]<br>Dietmar Felgen, <strong>Reginas Alternative<\/strong>. \u2013 Neuer Tag (Frankfurt\/Oder), 12. VIII 1983. [About \u2018Partnerwahl\u2019 (\u2018Valikuv\u00f5imalus\u2019).]<br>Karin Gro\u00dfman, <strong>Das sp\u00e4te M\u00e4dchen und die M\u00e4nner<\/strong>. \u2013 S\u00e4chsische Zeitung (Dresden), 3. X 1983. [About \u2018Partnerwahl\u2019 (\u2018Valikuv\u00f5imalus\u2019).]<br>Renate Rauch, <strong>Frauen ohne M\u00e4nner<\/strong>. \u2013 Sonntag (Berlin), no 49, 4. XII 1983. [About \u2018Partnerwahl\u2019 (\u2018Valikuv\u00f5imalus\u2019).]<br>-d-, <strong>Wende zu einem neuen Estland<\/strong>. \u2013 National Zeitung (Berlin), 24. II 1974. [About \u2018Kartoffelschellen oder Die letzten Ehetage von Benita und Joss\u2019 (\u2018Kartulikuljused\u2019).]<br>L.R., <strong>Tage der Entscheidung<\/strong>. \u2013 Liberal-Demokratische Zeitung (Halle), 5. III 1974. [About \u2018Kartoffelschellen oder Die letzten Ehetage von Benita und Joss\u2019 (\u2018Kartulikuljused\u2019).]<br>Georg W. Pijet, <strong>Zwischen Besetzung und Befreiung<\/strong>. \u2013 M\u00e4rkische Volksstimme (Potsdam), 23. III 1974. [About \u2018Kartoffelschellen oder Die letzten Ehetage von Benita und Joss\u2019 (\u2018Kartulikuljused\u2019).]<br>Renate Rauch, <strong>Bittere Jahre<\/strong>. \u2013 Sonntag (Berlin), no 13, 31. III 1974. [About \u2018Kartoffelschellen oder Die letzten Ehetage von Benita und Joss\u2019 (\u2018Kartulikuljused\u2019).]<br>-ling, <strong>Einfallsreich<\/strong>. \u2013 Th\u00fcringer Landeszeitung (Weimar), 19. IV 1974. [About \u2018Kartoffelschellen oder Die letzten Ehetage von Benita und Joss\u2019 (\u2018Kartulikuljused\u2019).]<br>Kirsten Sturm, <strong>Ein Roman wie ein Drehbuch<\/strong>. \u2013 Das Volk (Erfurt), 17. V 1974. [About \u2018Kartoffelschellen oder Die letzten Ehetage von Benita und Joss\u2019 (\u2018Kartulikuljused\u2019).]<br>Wolfgang H\u00e4ssner, <strong>Lebendige estnische Geschichte<\/strong>. \u2013 Schweriner Volkszeitung, 14. VI 1974. [About \u2018Kartoffelschellen oder Die letzten Ehetage von Benita und Joss\u2019 (\u2018Kartulikuljused\u2019).]<br>Peter Anders, <strong>Alles zwischen Ochs und Kuh<\/strong>. \u2013 Leipziger Volkszeitung, 22. VI 1974. [About \u2018Kartoffelschellen oder Die letzten Ehetage von Benita und Joss\u2019 (\u2018Kartulikuljused\u2019).]<br>Peter Kirchner, <strong>Aim\u00e9e Beekman: Kartoffelschellen oder Die letzten Ehetage von Benita und Joss<\/strong>. \u2013 Weimarer Beitr\u00e4ge, no 7, 1974, pp 129-135.<br>Ute Wermer, <strong>Aim\u00e9e Beekman: Kartoffelschellen oder Die letzten Ehetage von Benita und Joss<\/strong>. \u2013 Presse der Sowjetunion, no 48, 1974.<br>Welta Ehlert, <strong>Estnische Prosa in der DDR<\/strong>. \u2013 Berliner Zeitung no 87, 28.\/29. III 1973. [About \u2018Kartoffelschellen oder Die letzten Ehetage von Benita und Joss\u2019 (\u2018Kartulikuljused\u2019).]<br>Villem Gross, <strong>Aim\u00e9e Beekman: Der Brunnenspiegel<\/strong>. \u2013 Sowjetliteratur (Moskau), no 8, 1972, pp 117-118.<\/span><\/p>\n<p><span style=\"font-family: verdana, geneva\" data-mce-mark=\"1\"><strong><em>Hungarian<\/em><\/strong><br>Vink\u00f3 J\u00f3zsef, <strong>Nap\u00e9jegyenl\u00f6s\u00e9g<\/strong>. \u00daj T\u00fck\u00f6r, no 3, 1977. [About \u2018Nap\u00e9jegyenl\u00f6s\u00e9g\u2019.]<br>G\u00f6ncz\u00a0\u00c1rp\u00e1d, <strong>Sz\u00fcrk\u00e9re sz\u00fcrk\u00e9vel<\/strong>. \u2013\u00a0\u00c9l\u00e9t \u00e9s irodalom, no 11, 1977. [About \u2018Nap\u00e9jegyenl\u00f6s\u00e9g\u2019.]<\/span><\/p>\n<p><\/p>\n<p><span style=\"font-family: verdana, geneva\" data-mce-mark=\"1\"><span style=\"font-size: medium\" data-mce-mark=\"1\"><strong>Interviews<\/strong><\/span><br><\/span><\/p>\n<p><span style=\"font-family: verdana, geneva\"><strong><em>Hungarian<\/em><\/strong><br>Aim\u00e9e Beekman, Jurij Boldirev,\u00a0<strong>V\u00e1ltoz\u00f3 vil\u00e1gban<\/strong>. \u2013\u00a0\u00c9szt antol\u00f3gia. Szovjet irodalom, no 1, 1988. [See\u00a0<strong><a href=\"https:\/\/sisu.ut.ee\/ewod\/anthologies\/szovietcontents\">contents<\/a>\u00a0<\/strong>of the special issue.]<\/span><\/p>\n<p><span style=\"font-family: verdana, geneva\" data-mce-mark=\"1\"><strong><em>Russian<\/em><\/strong><br><span style=\"font-family: verdana, geneva\" data-mce-mark=\"1\">\u0411\u043e\u0440\u0438\u0441 \u0422\u0443\u0445,\u00a0<\/span><strong>\u042d\u043c\u044d \u0411\u0435\u0435\u043a\u043c\u0430\u043d. \u0427\u0435\u0440\u043d\u044b\u0439 \u0445\u043b\u0435\u0431 \u043f\u0440\u043e\u0437\u044b<\/strong><span style=\"font-family: verdana, geneva\" data-mce-mark=\"1\">. \u2013 \u0411\u043e\u0440\u0438\u0441 \u0422\u0443\u0445, \u0413\u0440\u0443\u043f\u043f\u043e\u0432\u043e\u0439 \u043f\u043e\u0440\u0442\u0440\u0435\u0442 \u0441 \u0434\u0430\u043c\u043e\u0439 \u0432 \u0438\u043d\u0442\u0435\u0440\u044c\u0435\u0440\u0435 \u044d\u0441\u0442\u043e\u043d\u0441\u043a\u043e\u0439 \u043b\u0438\u0442\u0435\u0440\u0430\u0442\u0443\u0440\u044b: \u041b\u0438\u0434\u0438\u044f \u041a\u043e\u0439\u0434\u0443\u043b\u0430, \u041c\u0430\u0440\u0438\u0435 \u0423\u043d\u0434\u0435\u0440, \u0414\u0435\u0431\u043e\u0440\u0430 \u0412\u0430\u0430\u0440\u0430\u043d\u0434\u0438, \u0411\u0435\u0442\u0442\u0438 \u0410\u043b\u044c\u0432\u0435\u0440, \u041c\u0430\u0439\u043c\u0443 \u0411\u0435\u0440\u0433, \u042d\u043c\u044d \u0411\u044d\u044d\u043a\u043c\u0430\u043d, \u041b\u0435\u044d\u043b\u043e \u0422\u0443\u043d\u0433\u0430\u043b, \u0414\u043e\u0440\u0438\u0441 \u041a\u0430\u0440\u0435\u0432\u0430. \u0420\u0435\u0434\u0430\u043a\u0442\u043e\u0440 \u0421\u0432\u0435\u0442\u043b\u0430\u043d\u0430 \u0418\u0432\u0430\u043d\u043e\u0432\u0430; \u0445\u0443\u0434\u043e\u0436\u0435\u0441\u0442\u0432\u0435\u043d\u043d\u043e\u0435 \u043e\u0444\u043e\u0440\u043c\u043b\u0435\u043d\u0438\u0435: \u0423\u043b\u044c\u0432\u0438 \u041b\u0430\u0445\u0435\u0441\u0430\u043b\u0443; \u0445\u0443\u0434\u043e\u0436\u043d\u0438\u043a \u0422\u0430\u043c\u0430\u0440\u0430 \u0421\u0435\u0440\u0433\u0438\u0435\u043d\u043a\u043e. \u0422\u0430\u043b\u043b\u0438\u043d\u043d: \u0418\u0437\u0434\u0430\u0442\u0435\u043b\u044c\u0441\u0442\u0432\u043e \u201c\u041a\u041f\u0414\u201d, 2010, pp 128-157.\u00a0<\/span><span style=\"font-family: verdana, geneva\" data-mce-mark=\"1\">[Article\/interview.\u00a0<\/span><span style=\"font-family: verdana, geneva\" data-mce-mark=\"1\">See\u00a0<\/span><strong><a href=\"https:\/\/sisu.ut.ee\/ewod\/general\/booksinrussian\/boristuh\">contents<\/a>\u00a0<\/strong><span style=\"font-family: verdana, geneva\" data-mce-mark=\"1\">of the collection of articles.]<\/span><br><\/span><\/p>\n","protected":false},"excerpt":{"rendered":"<p>Articles EnglishAnneli K\u00f5vamees, The Construction of Italy in Soviet Travelogues.\u00a0\u2013 Interlitteraria, vol 18, no 2, 2013, pp 412-422. [About the travelogue \u201cPlastmassist s\u00fcdamega madonna\u201d (\u2018Madonna with a plastic heart\u2019, 1963)] GermanTiiu Mikenberg, Zur Konkretisierung in der \u00dcbersetzung der \u201cKartoffelschellen\u201d. \u2013 &#8230;<\/p>\n","protected":false},"author":43,"featured_media":0,"parent":1563,"menu_order":0,"comment_status":"closed","ping_status":"closed","template":"","meta":{"_acf_changed":false,"inline_featured_image":false,"footnotes":""},"class_list":["post-1570","page","type-page","status-publish","hentry"],"acf":[],"_links":{"self":[{"href":"https:\/\/sisu.ut.ee\/ewod\/wp-json\/wp\/v2\/pages\/1570","targetHints":{"allow":["GET"]}}],"collection":[{"href":"https:\/\/sisu.ut.ee\/ewod\/wp-json\/wp\/v2\/pages"}],"about":[{"href":"https:\/\/sisu.ut.ee\/ewod\/wp-json\/wp\/v2\/types\/page"}],"author":[{"embeddable":true,"href":"https:\/\/sisu.ut.ee\/ewod\/wp-json\/wp\/v2\/users\/43"}],"replies":[{"embeddable":true,"href":"https:\/\/sisu.ut.ee\/ewod\/wp-json\/wp\/v2\/comments?post=1570"}],"version-history":[{"count":1,"href":"https:\/\/sisu.ut.ee\/ewod\/wp-json\/wp\/v2\/pages\/1570\/revisions"}],"predecessor-version":[{"id":3509,"href":"https:\/\/sisu.ut.ee\/ewod\/wp-json\/wp\/v2\/pages\/1570\/revisions\/3509"}],"up":[{"embeddable":true,"href":"https:\/\/sisu.ut.ee\/ewod\/wp-json\/wp\/v2\/pages\/1563"}],"wp:attachment":[{"href":"https:\/\/sisu.ut.ee\/ewod\/wp-json\/wp\/v2\/media?parent=1570"}],"curies":[{"name":"wp","href":"https:\/\/api.w.org\/{rel}","templated":true}]}}