{"id":157,"date":"2024-04-03T23:39:26","date_gmt":"2024-04-03T20:39:26","guid":{"rendered":"https:\/\/sisu.ut.ee\/ewod\/stories-et-24\/"},"modified":"2024-04-04T00:10:51","modified_gmt":"2024-04-03T21:10:51","slug":"stories","status":"publish","type":"page","link":"https:\/\/sisu.ut.ee\/ewod\/t\/taul\/stories\/","title":{"rendered":"Jonas Taul &#8211; children&#8217;s stories"},"content":{"rendered":"<p><strong><span style=\"font-family: verdana, geneva;font-size: medium\">Books<\/span><\/strong><\/p>\n<p><em><strong><span style=\"font-family: verdana, geneva\">French<\/span><\/strong><\/em><br><span style=\"font-family: verdana, geneva\"><strong>Pens\u00e9es nocturnes<\/strong>. Translated by Indrek Koff. La Joie de lire, 2017, 65 pp. [\u2018\u00d6\u00f6m\u00f5tted\u2019.]<\/span><\/p>\n","protected":false},"excerpt":{"rendered":"<p>Books FrenchPens\u00e9es nocturnes. Translated by Indrek Koff. La Joie de lire, 2017, 65 pp. [\u2018\u00d6\u00f6m\u00f5tted\u2019.]<\/p>\n","protected":false},"author":43,"featured_media":0,"parent":150,"menu_order":0,"comment_status":"closed","ping_status":"closed","template":"","meta":{"_acf_changed":false,"inline_featured_image":false,"footnotes":""},"class_list":["post-157","page","type-page","status-publish","hentry"],"acf":[],"_links":{"self":[{"href":"https:\/\/sisu.ut.ee\/ewod\/wp-json\/wp\/v2\/pages\/157","targetHints":{"allow":["GET"]}}],"collection":[{"href":"https:\/\/sisu.ut.ee\/ewod\/wp-json\/wp\/v2\/pages"}],"about":[{"href":"https:\/\/sisu.ut.ee\/ewod\/wp-json\/wp\/v2\/types\/page"}],"author":[{"embeddable":true,"href":"https:\/\/sisu.ut.ee\/ewod\/wp-json\/wp\/v2\/users\/43"}],"replies":[{"embeddable":true,"href":"https:\/\/sisu.ut.ee\/ewod\/wp-json\/wp\/v2\/comments?post=157"}],"version-history":[{"count":1,"href":"https:\/\/sisu.ut.ee\/ewod\/wp-json\/wp\/v2\/pages\/157\/revisions"}],"predecessor-version":[{"id":4917,"href":"https:\/\/sisu.ut.ee\/ewod\/wp-json\/wp\/v2\/pages\/157\/revisions\/4917"}],"up":[{"embeddable":true,"href":"https:\/\/sisu.ut.ee\/ewod\/wp-json\/wp\/v2\/pages\/150"}],"wp:attachment":[{"href":"https:\/\/sisu.ut.ee\/ewod\/wp-json\/wp\/v2\/media?parent=157"}],"curies":[{"name":"wp","href":"https:\/\/api.w.org\/{rel}","templated":true}]}}