{"id":1568,"date":"2024-04-03T23:41:33","date_gmt":"2024-04-03T20:41:33","guid":{"rendered":"https:\/\/sisu.ut.ee\/ewod\/roos\/"},"modified":"2024-04-04T00:06:52","modified_gmt":"2024-04-03T21:06:52","slug":"roos","status":"publish","type":"page","link":"https:\/\/sisu.ut.ee\/ewod\/r\/roos\/","title":{"rendered":"Aarand Roos"},"content":{"rendered":"<p>\n\t<a href=\"https:\/\/sisu.ut.ee\/ewod\/r\/roos\/stories\"><strong><span style=\"font-family: verdana,geneva;font-size: medium\">Short stories<\/span><\/strong><\/a><strong><span style=\"font-family: verdana,geneva;font-size: medium\"> <\/span><\/strong><span style=\"font-family: verdana,geneva;font-size: medium\"><a href=\"https:\/\/sisu.ut.ee\/wp-content\/uploads\/sites\/108\/a._roos.jpg\" target=\"_self\" rel=\"noopener\"><img decoding=\"async\" alt=\"Aarand Roos\" src=\"https:\/\/sisu.ut.ee\/wp-content\/uploads\/sites\/108\/a._roos.jpg\" style=\"float: right;width: 130px;height: 314px\"><\/a><\/span>\n<\/p>\n<p>\n\t<a href=\"https:\/\/sisu.ut.ee\/ewod\/r\/roos\/about\"><strong><span style=\"font-family: verdana,geneva;font-size: medium\">About Aarand Roos<\/span><\/strong><\/a>\n<\/p>\n<p>\u00a0\n<\/p>\n<p>\n\t<span style=\"color:#000000\"><span style=\"font-size:13px\"><span style=\"font-family:Verdana,Geneva,sans-serif\">Aarand Roos (28 May 1940 \u2013 9 August 2020) was a prose writer, poet, linguist and diplomat.<\/span><\/span><\/span>\n<\/p>\n<p>\n\t<span style=\"color:#000000\"><span style=\"font-size:13px\"><span style=\"font-family:Verdana,Geneva,sans-serif\">Roos was born in Tartu, in 1944 left Estonia for Sweden with his parents. He attended schools in Sundbyberg and Lund and the Estonian gymnasium in Stockholm. He studied Finno-Ugric and Turkic languages and phonetics at Lund University and the universities of Uppsala, Helsinki, Jyv\u00e4skyla and Szeged. <em>Cand. phil.<\/em> from Lund University 1969, <em>dr. phil. nat.<\/em> 1980. Roos worked in several positions, e.g., at the Estonian Service of the Voice of America in Washington, as editor of Estonian-language broadcasts of Radio Sweden and of the sports section of <em>Eesti P\u00e4evaleht<\/em>, an Estonian-language newspaper in Sweden. He also worked as a lecturer at Lund University and, from 1982\u20131995, as consul of the Republic of Estonia in New York. After returning to Estonia in 1996, he worked as a translator at the Ministry of Foreign Affairs. He was a member of the Representation of Swedish Estonians from 1966\u20131970 and of the Estonians\u2019 Scientific Society in Sweden. He has been awarded the Order of the National Coat of Arms, Class 4 (1998). Aarand Roos died in Tallinn.<\/span><\/span><\/span>\n<\/p>\n<p>\n\t<span style=\"color:#000000\"><span style=\"font-size:13px\"><span style=\"font-family:Verdana,Geneva,sans-serif\">His debut novel <em>Lehmatapja<\/em> (\u2018Cow Killer\u2019, 1964), which parodies a criminal novel, has been called the first Estonian pop novel. It stands out with its novelty of language and absurd humour. <em>Tallermaa<\/em> (\u2018Battleground\u2019, 1968) lies on the border between genres \u2013 prose and radio play. It destroys the illusion of fictional reality, communicating directly with the reader. The short story collection <em>Esto-Atlantis<\/em> (1974) searches for the homeland lost at different times, also taking a (witty) look at emigre Estonians\u2019 mentality. The stories are united into a whole by the protagonist who acts in different historical periods. Like Roos\u2019 prose, his poetry is also characterised by fresh and playful usage of the language where neologisms are applied, e.g., <em>Oma koli, oma voli<\/em> (\u2018Our Own Stuff, Our Authority\u2019, 1969) and <em>R\u00e4ndamaie<\/em> (\u2018Going to Travel\u2019, 1982). In his creation, Christian values and principled fidelity to Estonian ideals are entwined with modernist devices.<\/span><\/span><\/span>\n<\/p>\n<p>\n\t<span style=\"color:#000000\"><span style=\"font-size:13px\"><span style=\"font-family:Verdana,Geneva,sans-serif\">He has published a study on Estonians living in Turkey, <em>Jumalaga, Kars ja Erzurum. T\u00fcrgi eestlaste elu- ja ajalugu<\/em> (\u2018Farewell Kars and Erzurum. Life and History of Turkish Estonians\u2019, 1975) and a collection of sermons, <em>Usku peab olema<\/em> (\u2018One Must Have Faith\u2019, 1993). The speeches delivered as consul have been collected into <em>Konsuli k\u00f5ned 1982\u20131991<\/em> (\u2018Consul\u2019s Speeches\u2019, 1993) and evangelical stories into <em>Issanda loomaaed ja teisi legende<\/em> (\u2018The Lord\u2019s Zoo and Other Legends\u2019, 1999). His lively interest in the history of Estonian sports has found expression in several publications.<\/span><\/span><\/span>\n<\/p>\n<p>\n\t<em><span style=\"color:#000000\"><span style=\"font-size:13px\"><span style=\"font-family:Verdana,Geneva,sans-serif\">A. K. (Translated by I. A.)<\/span><\/span><\/span><\/em><\/p>\n<p>\u00a0\n<\/p>\n<p>\n\t<strong><span style=\"font-size:16px\"><span style=\"color:#000000\"><span style=\"font-family:Verdana,Geneva,sans-serif\">Books in Estonian<\/span><\/span><\/span><\/strong>\n<\/p>\n<p>\n\t<span style=\"color:#000000\"><span style=\"font-size:13px\"><span style=\"font-family:Verdana,Geneva,sans-serif\"><strong><em>Novels<\/em><\/strong><br><strong>Lehmatapja<\/strong>. Stockholm: Vaba Eesti, 1964, 118 lk<\/span><\/span><\/span>\n<\/p>\n<p>\n\t<span style=\"color:#000000\"><span style=\"font-size:13px\"><span style=\"font-family:Verdana,Geneva,sans-serif\"><strong><em>Short prose<\/em><\/strong><br><strong>Esto-Atlantis<\/strong>: novelle. Stockholm: V\u00e4lis-Eesti &amp; EMP, 1974, 292 lk<\/span><\/span><\/span>\n<\/p>\n<p>\n\t<span style=\"color:#000000\"><span style=\"font-size:13px\"><span style=\"font-family:Verdana,Geneva,sans-serif\"><strong><em>Poetry<\/em><\/strong><br><strong>Oma koli, oma voli<\/strong>. Lund: A. Roos, 1969, 59 lk [2. tr: 1976]<br><strong>R\u00e4ndamaie<\/strong>: teine kogu luuletusi. Lund, 1982, 100 lk<br><strong>Saar, saare, saart: ood Koipsi saarele<\/strong>: riimitud haikud. Tallinn: Faatum, 2003, 63 lk<br><strong>Haikumaa<\/strong>: neljas kogu luuletusi. Tallinn: Eesti Raamat, 2018, 93 lk<\/span><\/span><\/span>\n<\/p>\n<p>\n\t<span style=\"color:#000000\"><span style=\"font-size:13px\"><span style=\"font-family:Verdana,Geneva,sans-serif\"><strong><em>Travelogues<\/em><\/strong><br><strong>Tallermaa<\/strong>: reisikirjeldus tuhandete p\u00f5ldude maalt. Stockholm: Vaba Eesti, 1968, 141 lk<\/span><\/span><\/span>\n<\/p>\n<p>\n\t<span style=\"color:#000000\"><span style=\"font-size:13px\"><span style=\"font-family:Verdana,Geneva,sans-serif\"><strong><em>Varia<\/em><\/strong><br><strong>Jumalaga, Kars ja Erzurum<\/strong>: [\u00fclevaade T\u00fcrgis asuva Uus-Estonia asunduse ajaloost]. Rooma: Maarjamaa, 1975, 175 lk. [J\u00e4rgmised tr\u00fckid: 1976, 1992]<br><strong>Juutide kuningas Tallinnas<\/strong>. Tallinn: Logos, 1992, 95 lk<br><strong>Konsuli k\u00f5ned 1982-1991<\/strong>. Tallinn: S. Roos, 1993, 155 lk<br><strong>Usku peab olema<\/strong>: jutlustekogu. Tallinn: Eesti Kristlik Ministri, 1993, 353 lk<br><strong>Issanda loomaaed ja teisi legende<\/strong>. Tallinn: A. Roos, 1999, 220 lk<br><strong>V\u00e4ikesaar eesti kirjanduses<\/strong>: essee. Tallinn: A. Roos, 2008, 29 lk<\/span><\/span><\/span>\n<\/p>\n<p>\n\t<span style=\"color:#000000\"><span style=\"font-size:13px\"><span style=\"font-family:Verdana,Geneva,sans-serif\"><strong><em>History of sports<\/em><\/strong><br><strong>Eesti kergej\u00f5ustiku pool sajandit paguluses<\/strong>. Tallinn: A. Roos, 1998, 167 lk<br><strong>\u00c4ra sa tule siia meistritiitlit kaitsma!: Aleksander Kreegi lugu<\/strong>. Haapsalu: A. Roos, 2004, 94 lk<br><strong>Staadionilt statistikasse<\/strong>. Tartu: Eesti Spordimuuseum, Eesti Spordiajaloo Selts, 2009, 176 lk<br><strong>Areenilt arhiivi<\/strong>. Tartu: Eesti Spordimuuseum, Eesti Spordiajaloo Selts, 2013, 189 lk<\/span><\/span><\/span><\/p>\n","protected":false},"excerpt":{"rendered":"<p>Short stories About Aarand Roos \u00a0 Aarand Roos (28 May 1940 \u2013 9 August 2020) was a prose writer, poet, linguist and diplomat. Roos was born in Tartu, in 1944 left Estonia for Sweden with his parents. He attended schools &#8230;<\/p>\n","protected":false},"author":43,"featured_media":0,"parent":686,"menu_order":0,"comment_status":"closed","ping_status":"closed","template":"","meta":{"_acf_changed":false,"inline_featured_image":false,"footnotes":""},"class_list":["post-1568","page","type-page","status-publish","hentry"],"acf":[],"_links":{"self":[{"href":"https:\/\/sisu.ut.ee\/ewod\/wp-json\/wp\/v2\/pages\/1568","targetHints":{"allow":["GET"]}}],"collection":[{"href":"https:\/\/sisu.ut.ee\/ewod\/wp-json\/wp\/v2\/pages"}],"about":[{"href":"https:\/\/sisu.ut.ee\/ewod\/wp-json\/wp\/v2\/types\/page"}],"author":[{"embeddable":true,"href":"https:\/\/sisu.ut.ee\/ewod\/wp-json\/wp\/v2\/users\/43"}],"replies":[{"embeddable":true,"href":"https:\/\/sisu.ut.ee\/ewod\/wp-json\/wp\/v2\/comments?post=1568"}],"version-history":[{"count":1,"href":"https:\/\/sisu.ut.ee\/ewod\/wp-json\/wp\/v2\/pages\/1568\/revisions"}],"predecessor-version":[{"id":3507,"href":"https:\/\/sisu.ut.ee\/ewod\/wp-json\/wp\/v2\/pages\/1568\/revisions\/3507"}],"up":[{"embeddable":true,"href":"https:\/\/sisu.ut.ee\/ewod\/wp-json\/wp\/v2\/pages\/686"}],"wp:attachment":[{"href":"https:\/\/sisu.ut.ee\/ewod\/wp-json\/wp\/v2\/media?parent=1568"}],"curies":[{"name":"wp","href":"https:\/\/api.w.org\/{rel}","templated":true}]}}