{"id":1563,"date":"2024-04-03T23:41:32","date_gmt":"2024-04-03T20:41:32","guid":{"rendered":"https:\/\/sisu.ut.ee\/ewod\/aimeebeekman\/"},"modified":"2024-04-04T00:06:55","modified_gmt":"2024-04-03T21:06:55","slug":"aimeebeekman","status":"publish","type":"page","link":"https:\/\/sisu.ut.ee\/ewod\/b\/aimeebeekman\/","title":{"rendered":"Aim\u00e9e Beekman"},"content":{"rendered":"<p>\n\t<a href=\"https:\/\/sisu.ut.ee\/ewod\/b\/aimeebeekman\/novels\"><span style=\"font-family: verdana, geneva\"><strong><span style=\"font-size: medium\">Novels <\/span><\/strong><\/span><\/a><strong><a href=\"https:\/\/sisu.ut.ee\/wp-content\/uploads\/sites\/108\/aimee_beekman.jpg\" target=\"_self\" rel=\"noopener\"><img decoding=\"async\" alt=\"Aim\u00e9e Beekman\" src=\"https:\/\/sisu.ut.ee\/wp-content\/uploads\/sites\/108\/aimee_beekman.jpg\" style=\"float: right;width: 200px;height: 293px\"><\/a><\/strong>\n<\/p>\n<p>\n\t<a href=\"https:\/\/sisu.ut.ee\/ewod\/b\/aimeebeekman\/stories\"><span style=\"font-family: verdana, geneva\"><strong><span style=\"font-size: medium\">Short stories<\/span><\/strong><\/span><\/a>\n<\/p>\n<p>\n\t<a href=\"https:\/\/sisu.ut.ee\/ewod\/b\/aimeebeekman\/about\"><span style=\"font-family: verdana, geneva\"><strong><span style=\"font-size: medium\">About\u00a0Aim\u00e9e Beekman<\/span><\/strong><\/span><\/a>\n<\/p>\n<p>\u00a0\n<\/p>\n<p>\n\t<span style=\"color:#000000\"><span style=\"font-size:13px\"><span style=\"font-family:Verdana,Geneva,sans-serif\">Aim\u00e9e Beekman (until 1953 Aim\u00e9e Malla, born 20. IV 1933) is chiefly known as a prose author.<\/span><\/span><\/span>\n<\/p>\n<p>\n\t<span style=\"color:#000000\"><span style=\"font-size:13px\"><span style=\"font-family:Verdana,Geneva,sans-serif\">Beekman was born in Tallinn, graduated from Secondary School number 4 in Tallinn and from the All-Union State Institute of Cinematography in Moscow as a camerawoman. From 1956 to 1960 she worked as a camerawoman at Tallinnfilm, and thereafter concentrated on her career as a writer of fiction. She made her debut in 1959 with short prose in periodicals. She was one of the most widely travelled Soviet Estonian authors, whose creative career began with the travel book about Italy, <em>Plastmassist s\u00fcdamega Madonna<\/em> (\u2018Madonna with a Plastic Heart\u2019, 1963), a representative example of Soviet travel writing. She has been a member of the Estonian Writers\u2019 Union since 1966. For the novel <em>V\u00e4ntorel<\/em> (\u2018The Barrel Organ\u2019, 1970) she won the annual J. Smuul literature prize of the Estonian SSR; for the novel <em>Kuradilill<\/em> (\u2018Devil\u2019s Flower\u2019, 1973) the Eduard Vilde Prize in literature; for the <em>Mirjami triloogia<\/em> (\u2018The Mirjam Trilogy\u2019, 1976) and <em>Viinakuu<\/em> (\u2018October\u2019, 1975) the Estonian SSR State Prize. In 1978 she was made a Merited Writer of the Estonian SSR. Aim\u00e9e Beekman was married to the writer and translator Vladimir Beekman (1929-2009).<\/span><\/span><\/span>\n<\/p>\n<p>\n\t<span style=\"color:#000000\"><span style=\"font-size:13px\"><span style=\"font-family:Verdana,Geneva,sans-serif\">Beekman\u2019s work can be divided into two parts: the psychologically realistic novels from early in her career, and the works since the seventies, novels to be taken as models or warnings. The early trend is represented by novels such a <em>V\u00e4ikesed inimesed<\/em> (\u2018Little People\u2019, 1964), <em>Kaevupeegel<\/em> (\u2018Mirror in a Well\u2019, 1966) and <em>Vanad lapsed<\/em> (\u2018Old Children\u2019, 1972), which were combined as the \u2018Mirjam Trilogy\u2019 (1976), having the same location and some of the same characters. The author\u2019s childhood and wartime experiences are depicted in the novels <em>V\u00e4ikesed inimesed<\/em> and <em>Vanad lapsed<\/em>, in which the slum districts of Tallinn, the life of the petty bourgeoisie in the thirties and the war years are revealed through the eyes of the child Mirjam. In <em>Kaevupeegel<\/em> Mirjam appears episodically; the main character is a revolutionary who has come back to Estonia; the action, related in the present tense, takes place in the early forties. The film world is glimpsed in <em>Valgete vareste parv<\/em> (\u2018Flock of White Crows\u2019, 1967), in which the author likewise draws on her personal experience.<\/span><\/span><\/span>\n<\/p>\n<p>\n\t<span style=\"color:#000000\"><span style=\"font-size:13px\"><span style=\"font-family:Verdana,Geneva,sans-serif\">Also composing a trilogy are <em>Kuradilill<\/em> (1973), <em>Sugupuu<\/em> (\u2018Family Tree\u2019, 1977) and <em>Tihnik<\/em> (\u2018The Thicket\u2019, 1980), in which the problems of the traditional home are dealt with in a depiction of the generations of a single family; the setting of Vasek\u00fcla village and its folklore create a mythical-magical atmosphere.<\/span><\/span><\/span>\n<\/p>\n<p>\n\t<span style=\"color:#000000\"><span style=\"font-size:13px\"><span style=\"font-family:Verdana,Geneva,sans-serif\">Of a notably more complicated structure is the novel <em>Kartulikuljused<\/em> (\u2018Potato Bells\u2019, 1968), in which a grotesque view is taken of events in 1944 in an Estonian coastal village, where opportunities to escape across the sea are being sought. The grotesque was becoming one of Beekman\u2019s characteristic trademarks, while an ever more prominent part is played by estrangement of reality in model situations. The novel <em>V\u00e4ntorel<\/em> (1970) represents Beekman as the author of a warning novel, presenting contemporary urban life through a trick mirror, where the central place is occupied by the obsession with material things and steadily increasing bureaucracy. The same problems are examined in the novel <em>Viinakuu<\/em> (1975). <em>Vabajooks<\/em> (\u2018Freewheel\u2019, 1982) has been described as a dystopia in which technological development and humanity are in opposition.<\/span><\/span><\/span>\n<\/p>\n<p>\n\t<span style=\"color:#000000\"><span style=\"font-size:13px\"><span style=\"font-family:Verdana,Geneva,sans-serif\">Beekman\u2019s best-known, most discussed and controversial novel is <em>Valikuv\u00f5imalus<\/em> (\u2018Possibility of Choice\u2019, 1978), defined as an admonitory novel, which considers women\u2019s emancipation. The main character is the educated and independent Regina, approaching her thirtieth year and having moved from the capital to a small town, who, for lack of a better choice, marries a local drunkard who is a master craftsman, but acquires children with men who are carefully chosen and checked for good health. A feature film (<em>Regina<\/em>, 1989, director Kaljo Kiisk) was based on the novel.<\/span><\/span><\/span>\n<\/p>\n<p>\n\t<span style=\"color:#000000\"><span style=\"font-size:13px\"><span style=\"font-family:Verdana,Geneva,sans-serif\">In her latest novels, <em>Proovielu<\/em> (\u2018A Trial Life\u2019, 2008) and <em>Ulavere<\/em> (\u2018Ulavere\u2019, 2009), the author charts the course of modern society and human relationships.<\/span><\/span><\/span>\n<\/p>\n<p>\n\t<span style=\"color:#000000\"><span style=\"font-size:13px\"><span style=\"font-family:Verdana,Geneva,sans-serif\"><em>A. K. (Translated by C. M)<\/em><\/span><\/span><\/span><\/p>\n<p><span style=\"font-family: verdana, geneva\"><strong><span style=\"font-size: medium\">Books in Estonian<\/span><\/strong><\/span>\n<\/p>\n<p>\n\t<span style=\"color:#000000\"><span style=\"font-size:13px\"><span style=\"font-family: verdana, geneva\"><strong><em>Novels<\/em><\/strong><br><strong>V\u00e4ikesed inimesed<\/strong>. Tallinn: Eesti Riiklik Kirjastus, 1964, 192 lk. [2. tr\u00fckk: 1976.]<br><strong>Kaevupeegel<\/strong>. Tallinn: Eesti Raamat, 1966, 252 lk. [2. tr\u00fckk: 1976.]<br><strong>Valgete vareste parv<\/strong>. \u00a0Tallinn: Eesti Raamat, 1967, 272 lk. [2. tr\u00fckk: 1983.]<br><strong>Kartulikuljused<\/strong>. Tallinn: Eesti Raamat, 1968, 296 lk. [2. tr\u00fckk: 1983.]<br><strong>V\u00e4ntorel<\/strong>. Tallinn: Eesti Raamat, 1970, 200 lk. [2. tr\u00fckk: 1983.]<br><strong>Keeluala<\/strong>. Tallinn: Eesti Raamat, 1971, 247 lk.<br><strong>Vanad lapsed<\/strong>. Tallinn: Eesti Raamat, 1972, 200 lk. [2. tr\u00fckk: 1976.]<br><strong>Kuradilill<\/strong>. Tallinn: Eesti Raamat, 1973, 223 lk [2. tr\u00fckk: 1984.]<br><strong>Viinakuu<\/strong>. Tallinn: Eesti Raamat, 1975, 183 lk. [2. tr\u00fckk: 1983.]<br><strong>Sugupuu<\/strong>. Tallinn: Eesti Raamat, 1977, 340 lk.<br><strong>Valikuv\u00f5imalus<\/strong>. Tallinn: Eesti Raamat, 1978, 207 lk. [J\u00e4rgnevad t\u00fckid: 1983, 2010, 2016.]<br><strong>Tihnik<\/strong>. Tallinn: Eesti Raamat, 1980, 308 lk.<br><strong>Vabajooks<\/strong>. Tallinn: Eesti Raamat, 1982, 223 lk.<br><strong>Loobumisv\u00f5imalus<\/strong>. Tallinn: Eesti Raamat, 1985, 144 lk.<br><strong>Peavari<\/strong>. Tallinn: Eesti Raamat, 1989, 332 lk.<br><strong>Hundimurdja<\/strong>. Tallinn: Eesti Raamat, 1994, 100 lk.<br><strong>Proovielu<\/strong>. Tallinn: Varrak, 2008, 199 lk.<br><strong>Ulavere<\/strong>. Tallinn: T\u00e4nap\u00e4ev, 2009, 198 lk.<\/span><\/span><\/span>\n<\/p>\n<p>\n\t<span style=\"color:#000000\"><span style=\"font-size:13px\"><span style=\"font-family: verdana, geneva\"><strong><em>Lastekirjandus<\/em><\/strong><br><strong>S\u00f5nni Siim<\/strong>. Tallinn: Eesti Raamat, 1970, 92 lk. [2. tr\u00fckk: 1987.]<br><strong>Kurb hobune<\/strong>. Tallinn: Eesti Raamat, 1975, 17 lk. [2. tr\u00fckk: 2008.]<br><strong>Tondinahad<\/strong>. Tallinn: Eesti Raamat, 1977, 144 lk. [2. tr\u00fckk: 1983.]<br><strong>P\u00e4\u00e4stekoer Walter<\/strong>. Tallinn: Tea Kirjastus, 2009, 36 lk.<br><strong>Unen\u00e4gude l\u00f5vi<\/strong>. Tallinn: Tea Kirjastus, 2010, 39 lk.<br><strong>Metsasigudik ja printsessi koer<\/strong>. Tallinn: Tea Kirjastus, 2011, 36 lk.<br><strong>Harakate talvepralle<\/strong>. Tallinn: Tea Kirjastus, 2012, 52 lk.<\/span><\/span><\/span>\n<\/p>\n<p>\n\t<span style=\"color:#000000\"><span style=\"font-size:13px\"><span style=\"font-family: verdana, geneva\"><strong><em>Reisikirjad<\/em><\/strong><br><strong>Plastmassist s\u00fcdamega madonna<\/strong>. Tallinn: Eesti Riiklik Kirjastus, 1963, 64 lk.<br>Vladimir Beekman, Aim\u00e9e Beekman, <strong>Euroopa ristteedel<\/strong>. Tallinn: Eesti Raamat, 1965 200 lk.<\/span><\/span><\/span>\n<\/p>\n<p>\n\t<span style=\"color:#000000\"><span style=\"font-size:13px\"><span style=\"font-family: verdana, geneva\"><strong><em>Selected and collected works<\/em><\/strong><br><strong>Mirjami triloogia<\/strong>. Tallinn: Eesti Raamat, 1976, 512 lk. [Sisu: \u2018V\u00e4ikesed inimesed\u2019, \u2018Kaevupeegel\u2019, \u2018Vanad lapsed\u2019.]<br><strong>Valitud romaanid I. Kartulikuljused. Valgete vareste parv<\/strong>. Tallinn: Eesti Raamat, 1983, 464 lk.<br><strong>Valitud romaanid II. V\u00e4ntorel. Viinakuu. Valikuv\u00f5imalus<\/strong>. Tallinn: Eesti Raamat, 1983, 495 lk.<br><strong>Valitud romaanid III. Kuradilill. Sugupuu. Tihnik<\/strong>. Tallinn: Eesti Raamat, 1984, 702 lk.<\/span><\/span><\/span><\/p>\n","protected":false},"excerpt":{"rendered":"<p>Novels Short stories About\u00a0Aim\u00e9e Beekman \u00a0 Aim\u00e9e Beekman (until 1953 Aim\u00e9e Malla, born 20. IV 1933) is chiefly known as a prose author. Beekman was born in Tallinn, graduated from Secondary School number 4 in Tallinn and from the All-Union &#8230;<\/p>\n","protected":false},"author":43,"featured_media":0,"parent":530,"menu_order":0,"comment_status":"closed","ping_status":"closed","template":"","meta":{"_acf_changed":false,"inline_featured_image":false,"footnotes":""},"class_list":["post-1563","page","type-page","status-publish","hentry"],"acf":[],"_links":{"self":[{"href":"https:\/\/sisu.ut.ee\/ewod\/wp-json\/wp\/v2\/pages\/1563","targetHints":{"allow":["GET"]}}],"collection":[{"href":"https:\/\/sisu.ut.ee\/ewod\/wp-json\/wp\/v2\/pages"}],"about":[{"href":"https:\/\/sisu.ut.ee\/ewod\/wp-json\/wp\/v2\/types\/page"}],"author":[{"embeddable":true,"href":"https:\/\/sisu.ut.ee\/ewod\/wp-json\/wp\/v2\/users\/43"}],"replies":[{"embeddable":true,"href":"https:\/\/sisu.ut.ee\/ewod\/wp-json\/wp\/v2\/comments?post=1563"}],"version-history":[{"count":1,"href":"https:\/\/sisu.ut.ee\/ewod\/wp-json\/wp\/v2\/pages\/1563\/revisions"}],"predecessor-version":[{"id":3522,"href":"https:\/\/sisu.ut.ee\/ewod\/wp-json\/wp\/v2\/pages\/1563\/revisions\/3522"}],"up":[{"embeddable":true,"href":"https:\/\/sisu.ut.ee\/ewod\/wp-json\/wp\/v2\/pages\/530"}],"wp:attachment":[{"href":"https:\/\/sisu.ut.ee\/ewod\/wp-json\/wp\/v2\/media?parent=1563"}],"curies":[{"name":"wp","href":"https:\/\/api.w.org\/{rel}","templated":true}]}}