{"id":1560,"date":"2024-04-03T23:41:32","date_gmt":"2024-04-03T20:41:32","guid":{"rendered":"https:\/\/sisu.ut.ee\/ewod\/nonfiction-et-77\/"},"modified":"2024-04-04T00:06:54","modified_gmt":"2024-04-03T21:06:54","slug":"nonfiction","status":"publish","type":"page","link":"https:\/\/sisu.ut.ee\/ewod\/n\/niinivaara\/nonfiction\/","title":{"rendered":"Eeva Niinivaara &#8211; non-fiction"},"content":{"rendered":"<p>\n\t<strong><span style=\"font-size:16px\"><span style=\"font-family:Verdana,Geneva,sans-serif\">Books<\/span><\/span><\/strong>\n<\/p>\n<p>\n\t<span style=\"font-size:13px\"><span style=\"font-family:Verdana,Geneva,sans-serif\"><strong><em>Finnish<\/em><br>Yh\u00e4 paistaa sama aurinko<\/strong>. El\u00e4m\u00e4\u00e4 nuoruuteni Eestiss\u00e4 ja Suomessa. Helsinki: Otava, 1988, 201 pp.<br><strong>Kasvumaa: Eeva Niinivaaran kirjoituksia vuosilta 1923-1981<\/strong>.\u00a0 Castrenianumin toimitteita, no 23. Helsinki: Helsingin yliopisto, 1981, 256 pp. [See <a href=\"https:\/\/sisu.ut.ee\/ewod\/general\/booksinfinnish\/niinivaara\"><strong>contents<\/strong><\/a>.]<\/span><\/span>\n<\/p>\n<p>\n\t<br><strong><span style=\"font-size:16px\"><span style=\"font-family:Verdana,Geneva,sans-serif\">In anthologies and magazines<\/span><\/span><\/strong>\n<\/p>\n<p>\n\t<span style=\"font-size:13px\"><span style=\"font-family:Verdana,Geneva,sans-serif\"><strong><em>Finnish<\/em><\/strong><br><strong>Bernard Kangro: lyyrikko ja romaanikirjailija<\/strong>. Kirjallisuudentutkijain Seuran vuosikirja, vol 20, 1963, pp 95-104.<br><strong>F. R. Kreutzwaldin merkityksest\u00e4 ja arvioinneista<\/strong>. \u2013 Kalevalaseuran vuosikirja, vol 34, 1954, pp 116-119.<\/span><\/span><\/p>\n","protected":false},"excerpt":{"rendered":"<p>Books FinnishYh\u00e4 paistaa sama aurinko. El\u00e4m\u00e4\u00e4 nuoruuteni Eestiss\u00e4 ja Suomessa. Helsinki: Otava, 1988, 201 pp.Kasvumaa: Eeva Niinivaaran kirjoituksia vuosilta 1923-1981.\u00a0 Castrenianumin toimitteita, no 23. Helsinki: Helsingin yliopisto, 1981, 256 pp. [See contents.] In anthologies and magazines FinnishBernard Kangro: lyyrikko ja &#8230;<\/p>\n","protected":false},"author":43,"featured_media":0,"parent":2098,"menu_order":0,"comment_status":"closed","ping_status":"closed","template":"","meta":{"_acf_changed":false,"inline_featured_image":false,"footnotes":""},"class_list":["post-1560","page","type-page","status-publish","hentry"],"acf":[],"_links":{"self":[{"href":"https:\/\/sisu.ut.ee\/ewod\/wp-json\/wp\/v2\/pages\/1560","targetHints":{"allow":["GET"]}}],"collection":[{"href":"https:\/\/sisu.ut.ee\/ewod\/wp-json\/wp\/v2\/pages"}],"about":[{"href":"https:\/\/sisu.ut.ee\/ewod\/wp-json\/wp\/v2\/types\/page"}],"author":[{"embeddable":true,"href":"https:\/\/sisu.ut.ee\/ewod\/wp-json\/wp\/v2\/users\/43"}],"replies":[{"embeddable":true,"href":"https:\/\/sisu.ut.ee\/ewod\/wp-json\/wp\/v2\/comments?post=1560"}],"version-history":[{"count":1,"href":"https:\/\/sisu.ut.ee\/ewod\/wp-json\/wp\/v2\/pages\/1560\/revisions"}],"predecessor-version":[{"id":3519,"href":"https:\/\/sisu.ut.ee\/ewod\/wp-json\/wp\/v2\/pages\/1560\/revisions\/3519"}],"up":[{"embeddable":true,"href":"https:\/\/sisu.ut.ee\/ewod\/wp-json\/wp\/v2\/pages\/2098"}],"wp:attachment":[{"href":"https:\/\/sisu.ut.ee\/ewod\/wp-json\/wp\/v2\/media?parent=1560"}],"curies":[{"name":"wp","href":"https:\/\/api.w.org\/{rel}","templated":true}]}}