{"id":1556,"date":"2024-04-03T23:41:32","date_gmt":"2024-04-03T20:41:32","guid":{"rendered":"https:\/\/sisu.ut.ee\/ewod\/aitakivi\/"},"modified":"2024-04-04T00:06:54","modified_gmt":"2024-04-03T21:06:54","slug":"aitakivi","status":"publish","type":"page","link":"https:\/\/sisu.ut.ee\/ewod\/k\/aitakivi\/","title":{"rendered":"Aita Kivi"},"content":{"rendered":"<p>\n\t<a href=\"https:\/\/sisu.ut.ee\/ewod\/k\/aitakivi\/about\"><strong><span style=\"font-size: medium;font-family: verdana, geneva\">About Aita Kivi<\/span><\/strong><\/a>\n<\/p>\n<p>\n\t\u00a0\n<\/p>\n<p>\n\tAita Kivi (born Liive; 20 December 1954) is a poet, prose writer and journalist.\n<\/p>\n<p>\n\tKivi was born in Tallinn. She attended school in Tallinn and studied at Tartu State University and Tallinn Polytechnical Institute (now Tallinn University of Technology), graduating from it as a construction engineer. She has worked at the Construction Research Institute, Tallinn Polytechnical Institute and Valgus publishing company. Since the 1990s, Kivi has worked in journalism, e.g., been the managing editor of the magazine <em>Anne<\/em>, chief editor of the magazines <em>Kodukiri<\/em>, <em>Kodukolle<\/em> and <em>Eesti Naine<\/em>; since 2019, chief editor of the magazine <em>Kodu ja Aed<\/em>. She is a member of the Tallinn Young Authors\u2019 Association, of the Estonian Association of Journalists and, from 1993, of the Estonian Writers\u2019 Union. Aita Kivi\u2019s son is journalist, writer and poet Krister Kivi.\n<\/p>\n<p>\n\tAita Kivi entered literature as a poet, her debut collection <em>Usaldades<\/em> (\u2018Trusting\u2019, 1986) moves along the paths of a young woman\u2019s feelings just as her following poetry collections; a selection of her poetry has been gathered into the collection <em>\u00c4ra m\u00f6\u00f6du must l\u00e4hedalt<\/em> (\u2018Don\u2019t Pass Me Closely\u2019, 2014). The heavy-rock group Paradoks made its title poem into a song which became a hit in Estonia in the late 1980s.\n<\/p>\n<p>\n\tKivi\u2019s prose is also centred on the theme of the woman. Her debut novel <em>Jumalak\u00e4pp<\/em> (\u2018Early Purple Orchid\u2019, 1996) stands out with its outspoken eroticism and detailed depiction of the era. The following novels and short prose also concentrate on women\u2019s emotional life and relations against the background of a concrete era; for example, the novel <em>Keegi teine<\/em> (\u2018Someone Else\u2019, 2014), which won the A. H. Tammsaare literary award of Albu parish, reflects the years of the economic crisis. Psychoanalysis can be discerned in the novel <em>N\u00e4htamatud traagelniidid<\/em> (\u2018Invisible Bastings\u2019, 2021), which is centred on family ties, the role of the biological father and the woman.\n<\/p>\n<p>\n\t<em>A. K. (Translated by I. A.)<\/em>\n<\/p>\n<p><strong><span style=\"font-size:16px\">Books in Estonian<\/span><\/strong>\n<\/p>\n<p>\n\t<strong><em>Novels<\/em><\/strong><br><strong>Jumalak\u00e4pp<\/strong>: armastusromaan. Tallinn: Eesti Raamat, 1996, 237 lk [2. tr 2001]<br><strong>Lummus<\/strong>: kireromaan. Tallinn: Ajakirjade Kirjastus, 2001, 270 lk<br><strong>Mees nende elus<\/strong>. Tallinn: Ajakirjade Kirjastus, 2003, 224 lk<br><strong>L\u00e4hedal<\/strong>. Tallinn: Ajakirjade Kirjastus, 2008, 239 lk<br><strong>Keegi teine<\/strong>. Tallinn: Ajakirjade Kirjastus, 2014, 255 lk<br><strong>N\u00e4htamatud traagelniidid<\/strong>: lood, mida ma isale ei r\u00e4\u00e4kinud. Tallinn: Vesta, 2021, 248 lk\n<\/p>\n<p>\n\t<strong><em>Short prose<\/em><\/strong><br><strong>\u00dcheksa avameelset naist<\/strong>. Tallinn: Eesti Raamat, 1991, 173 lk<br><strong>Teisikud ja armukesed<\/strong>: l\u00fchijutud ja luuletused. Tallinn: Ajaleht Rahva H\u00e4\u00e4l, 1993, 133 lk<br><strong>17 avameelset naist<\/strong>. Tallinn: Ajakirjade Kirjastus, 2009, 220 lk\n<\/p>\n<p>\n\t<strong><em>Poetry collections<\/em><\/strong><br><strong>Usaldades<\/strong>. Tallinn: Eesti Raamat, 1986, 63 lk<br><strong>Teisikud ja armukesed<\/strong>: l\u00fchijutud ja luuletused. Tallinn: Ajaleht Rahva H\u00e4\u00e4l, 1993, 133 lk<br><strong>Kalenderp\u00e4evik Aita Kivi luuletustega<\/strong>. Tallinn: RE Stuudio, 1994, 104 lk<br><strong>Aknalseisja<\/strong>. Tallinn: RE Stuudio, 1996, 79 lk<br><strong>Tundek\u00fcsimus<\/strong>. Tallinn: T\u00e4nap\u00e4ev, 2000, 71 lk<br><strong>\u00c4ra m\u00f6\u00f6du must l\u00e4hedalt<\/strong>. Tallinn: Ajakirjade Kirjastus, 2014, 208 lk\n<\/p>\n<p>\n\t<strong><em>Books for children<\/em><\/strong><br><strong>Lendut\u00f5usja<\/strong>: luuletused keskmisele koolieale. Tallinn: Eesti Raamat, 1988, 46 lk\n<\/p>\n<p>\n\t\u00a0<\/p>\n","protected":false},"excerpt":{"rendered":"<p>About Aita Kivi \u00a0 Aita Kivi (born Liive; 20 December 1954) is a poet, prose writer and journalist. Kivi was born in Tallinn. She attended school in Tallinn and studied at Tartu State University and Tallinn Polytechnical Institute (now Tallinn &#8230;<\/p>\n","protected":false},"author":43,"featured_media":0,"parent":498,"menu_order":0,"comment_status":"closed","ping_status":"closed","template":"","meta":{"_acf_changed":false,"inline_featured_image":false,"footnotes":""},"class_list":["post-1556","page","type-page","status-publish","hentry"],"acf":[],"_links":{"self":[{"href":"https:\/\/sisu.ut.ee\/ewod\/wp-json\/wp\/v2\/pages\/1556","targetHints":{"allow":["GET"]}}],"collection":[{"href":"https:\/\/sisu.ut.ee\/ewod\/wp-json\/wp\/v2\/pages"}],"about":[{"href":"https:\/\/sisu.ut.ee\/ewod\/wp-json\/wp\/v2\/types\/page"}],"author":[{"embeddable":true,"href":"https:\/\/sisu.ut.ee\/ewod\/wp-json\/wp\/v2\/users\/43"}],"replies":[{"embeddable":true,"href":"https:\/\/sisu.ut.ee\/ewod\/wp-json\/wp\/v2\/comments?post=1556"}],"version-history":[{"count":1,"href":"https:\/\/sisu.ut.ee\/ewod\/wp-json\/wp\/v2\/pages\/1556\/revisions"}],"predecessor-version":[{"id":3515,"href":"https:\/\/sisu.ut.ee\/ewod\/wp-json\/wp\/v2\/pages\/1556\/revisions\/3515"}],"up":[{"embeddable":true,"href":"https:\/\/sisu.ut.ee\/ewod\/wp-json\/wp\/v2\/pages\/498"}],"wp:attachment":[{"href":"https:\/\/sisu.ut.ee\/ewod\/wp-json\/wp\/v2\/media?parent=1556"}],"curies":[{"name":"wp","href":"https:\/\/api.w.org\/{rel}","templated":true}]}}