{"id":1549,"date":"2024-04-03T23:41:31","date_gmt":"2024-04-03T20:41:31","guid":{"rendered":"https:\/\/sisu.ut.ee\/ewod\/meiel\/"},"modified":"2024-04-04T00:06:56","modified_gmt":"2024-04-03T21:06:56","slug":"meiel","status":"publish","type":"page","link":"https:\/\/sisu.ut.ee\/ewod\/m\/meiel\/","title":{"rendered":"Kaupo Meiel"},"content":{"rendered":"<p>\n\t<span style=\"font-size:16px\"><span style=\"font-family:Verdana,Geneva,sans-serif\"><a href=\"https:\/\/sisu.ut.ee\/ewod\/m\/meiel\/poems\"><strong>Poems<\/strong><\/a><\/span><\/span>\n<\/p>\n<p>\n\t<span style=\"font-size:16px\"><span style=\"font-family:Verdana,Geneva,sans-serif\"><a href=\"https:\/\/sisu.ut.ee\/ewod\/m\/meiel\/about\"><strong>About Kaupo Meiel<\/strong><\/a><\/span><\/span>\n<\/p>\n<p>\u00a0\n<\/p>\n<p>\n\t<span style=\"color:#000000\"><span style=\"font-size:13px\"><span style=\"font-family:Verdana,Geneva,sans-serif\">Kaupo Meiel (born 28 September 1975) is a writer and journalist.<\/span><\/span><\/span>\n<\/p>\n<p>\n\t<span style=\"color:#000000\"><span style=\"font-size:13px\"><span style=\"font-family:Verdana,Geneva,sans-serif\">Meiel was born P\u00e4rnu. He attended school in P\u00e4rnu and studied Estonian language and literature at the University of Tartu. Meiel has worked for the newspapers <em>P\u00e4rnu Postimees<\/em> and <em>Postimees<\/em>, Postimees Publisher and Estonian Public Broadcasting. Hei is a member of the Estonian Writers\u2019 Union from 2008. He has received the Kultuurip\u00e4rl (Cultural Pearl) Award and the Order of the White Star, class V (2016).<\/span><\/span><\/span>\n<\/p>\n<p>\n\t<span style=\"color:#000000\"><span style=\"font-size:13px\"><span style=\"font-family:Verdana,Geneva,sans-serif\">His debut collection of poetry <em>Pol\u00fcgrafisti k\u00e4siraamat<\/em> (\u2018Typographer\u2019s Handbook\u2019, 2006) stands out with its puns which mostly circle around different aspects of the arts of lettering and typography. Meiel\u2019s characteristic witty and cheery calembouric games on words and language occupy the central place in the collections <em>Eesti elulood<\/em> (\u2018Estonian Biographies\u2019, 2008) and <em>L\u00fchistu koosolek<\/em> (\u2018Meeting of a Short Circuit Society\u2019, 2017). Topical spirituality is expressed in the poetry collection <em>Mu sokid on terved<\/em> (\u2018My Socks are Whole\u2019, 2010), which reflects the economic crisis, the flood in P\u00e4rnu, everyday life and Jesus who has been settled into the present time.<\/span><\/span><\/span>\n<\/p>\n<p>\n\t<span style=\"color:#000000\"><span style=\"font-size:13px\"><span style=\"font-family:Verdana,Geneva,sans-serif\">On Estonian Television, Meiel has been the editor and consultant of <em>Kirjandusministeerium<\/em> (\u2018Ministry of Literature\u2019) and the scriptwriter of the satirical programme <em>Ongi Koik<\/em> (\u2018That\u2019s All\u2019). He has presented comments of the day on the Vikerraadio channel. During Sunset Festivals at Kabli, Meiel has organised Cosmonautic Literary Evenings at Kosmonautika Holiday Centre, a former holiday home for Soviet cosmonauts on the Baltic seashore in P\u00e4rnu County. Meiel\u2019s literary criticism, essays and columns have been collected into the book <em>Turg on jumal<\/em> (\u2018Market Is God\u2019, 2014).<\/span><\/span><\/span>\n<\/p>\n<p>\n\t<em><span style=\"color:#000000\"><span style=\"font-size:13px\"><span style=\"font-family:Verdana,Geneva,sans-serif\">A. K. (Translated by I. A.)<\/span><\/span><\/span><\/em>\n<\/p>\n<p><strong><span style=\"font-size:16px\"><span style=\"color:#000000\"><span style=\"font-family:Verdana,Geneva,sans-serif\">Books in Estonian<\/span><\/span><\/span><\/strong>\n<\/p>\n<p>\n\t<span style=\"font-size:13px\"><span style=\"font-family:Verdana,Geneva,sans-serif\"><span style=\"color:#000000\"><strong><em>Poetry collections<\/em><\/strong><br><strong>Pol\u00fcgrafisti k\u00e4siraamat<\/strong>. P\u00e4rnu: Jumalikud Ilmutused, 2006, 70 lk<br><strong>Eesti elulood<\/strong>. P\u00e4rnu: Jumalikud Ilmutused, 2008, 129 lk<br><strong>Mu sokid on terved<\/strong>: langusaja luulet r\u00e4\u00e4mast ja kogu riigist. P\u00e4rnu: Jumalikud Ilmutused, 2010, 88 lk<br><strong>Pursata Vesuuvile<\/strong>: ajaluulet ja autori m\u00e4rkusi. Saarde, P\u00e4rnu: Jumalikud Ilmutused, 2013, 105 lk<br><strong>L\u00fchistu koosolek<\/strong>. Tallinn: Post Factum, 2017, 157 lk<\/span><\/span><\/span><\/p>\n<p><strong><em>Essays and articles<\/em><\/strong><br><strong>Turg on jumal<\/strong>: esseed ja kriitika. P\u00e4rnu: Jumalikud Ilmutused, 2014, 147 lk<\/p>\n","protected":false},"excerpt":{"rendered":"<p>Poems About Kaupo Meiel \u00a0 Kaupo Meiel (born 28 September 1975) is a writer and journalist. Meiel was born P\u00e4rnu. He attended school in P\u00e4rnu and studied Estonian language and literature at the University of Tartu. Meiel has worked for &#8230;<\/p>\n","protected":false},"author":43,"featured_media":0,"parent":642,"menu_order":0,"comment_status":"closed","ping_status":"closed","template":"","meta":{"_acf_changed":false,"inline_featured_image":false,"footnotes":""},"class_list":["post-1549","page","type-page","status-publish","hentry"],"acf":[],"_links":{"self":[{"href":"https:\/\/sisu.ut.ee\/ewod\/wp-json\/wp\/v2\/pages\/1549","targetHints":{"allow":["GET"]}}],"collection":[{"href":"https:\/\/sisu.ut.ee\/ewod\/wp-json\/wp\/v2\/pages"}],"about":[{"href":"https:\/\/sisu.ut.ee\/ewod\/wp-json\/wp\/v2\/types\/page"}],"author":[{"embeddable":true,"href":"https:\/\/sisu.ut.ee\/ewod\/wp-json\/wp\/v2\/users\/43"}],"replies":[{"embeddable":true,"href":"https:\/\/sisu.ut.ee\/ewod\/wp-json\/wp\/v2\/comments?post=1549"}],"version-history":[{"count":1,"href":"https:\/\/sisu.ut.ee\/ewod\/wp-json\/wp\/v2\/pages\/1549\/revisions"}],"predecessor-version":[{"id":3528,"href":"https:\/\/sisu.ut.ee\/ewod\/wp-json\/wp\/v2\/pages\/1549\/revisions\/3528"}],"up":[{"embeddable":true,"href":"https:\/\/sisu.ut.ee\/ewod\/wp-json\/wp\/v2\/pages\/642"}],"wp:attachment":[{"href":"https:\/\/sisu.ut.ee\/ewod\/wp-json\/wp\/v2\/media?parent=1549"}],"curies":[{"name":"wp","href":"https:\/\/api.w.org\/{rel}","templated":true}]}}