{"id":1545,"date":"2024-04-03T23:41:31","date_gmt":"2024-04-03T20:41:31","guid":{"rendered":"https:\/\/sisu.ut.ee\/ewod\/about-et-169\/"},"modified":"2024-04-04T00:06:55","modified_gmt":"2024-04-03T21:06:55","slug":"about","status":"publish","type":"page","link":"https:\/\/sisu.ut.ee\/ewod\/k\/kuusberg\/about\/","title":{"rendered":"Paul Kuusberg &#8211; about"},"content":{"rendered":"<div class=\"field field-name-body field-type-text-with-summary field-label-hidden view-mode-full\">\n<div class=\"field-items\">\n<div class=\"field-item even\">\n<p>\n\t\t\t\t<span style=\"font-family:Verdana,Geneva,sans-serif\"><span style=\"font-size: medium\"><strong>Dissertations<\/strong><\/span><\/span>\n\t\t\t<\/p>\n<p>\n\t\t\t\t<span style=\"font-family:Verdana,Geneva,sans-serif\"><strong><em>French<\/em><\/strong><br>Martin Carayol,\u00a0<strong><a href=\"http:\/\/www.theses.fr\/2013INAL0015\/abes\">La formation du canon de la nouvelle en Finlande et en Estonie<\/a><\/strong>. Paris: Institut National des Langues et Civilisations Orientales, 2013.<\/span><\/p>\n<p><span style=\"font-size: medium\"><strong>Articles<\/strong><\/span>\n\t\t\t<\/p>\n<p>\n\t\t\t\t<span style=\"font-family:Verdana,Geneva,sans-serif\"><strong><em>German<\/em><\/strong><br>Nina Worobjowa, <strong>Paul Kuusberg<\/strong>. \u2013 Multinationale Literatur der Sowjetunion. 1945-1980. Einzeldarstellungen. Band. 2. Berlin: Verlag Volk und Wissen, 1985, pp 149-157, 525.<br>Anatoli Botscharow, <strong>Das Pathos und die Ironie des Paul Kuusberg<\/strong>. \u2013 Sowjetliteratur, no 9, 1985, pp 70-72.<br>Leonid Terakopjan, <strong>Generation und Revolution. Bemerkungen zum Schaffen Paul Kuusbergs<\/strong>. \u2013 Sowjetwissenschaft. Kunst und Literatur. Berlin, no 4, 1979, pp 379-403.<br>G. Belaja, <strong>Kuusberg, Paul<\/strong>. \u2013 Handbuch der Sowjetliteratur (1917-1972). Leipzig: Verlag f\u00fcr Buch- und Bibliothekswesen, 1975, p 327.<\/span>\n\t\t\t<\/p>\n<p>\n\t\t\t\t<span style=\"font-family:Verdana,Geneva,sans-serif\"><strong><em>Russian<\/em><\/strong><br>\u0410.\u041c.\u00a0\u0422\u0443\u0440\u043a\u043e\u0432,\u00a0<strong>\u0422\u0440\u0443\u0434\u043d\u043e\u0439 \u0434\u043e\u0440\u043e\u0433\u043e\u0439<\/strong>. \u2013\u00a0\u041f\u0430\u0443\u043b\u044c \u041a\u0443\u0443\u0441\u0431\u0435\u0440\u0433,\u00a0\u0418\u0437\u0431\u0440\u0430\u043d\u043d\u043e\u0435: \u0440\u043e\u043c\u0430\u043d\u044b. \u041c\u043e\u0441\u043a\u0432\u0430: \u0425\u0443\u0434\u043e\u0436\u0435\u0441\u0442\u0432\u0435\u043d\u043d\u0430\u044f \u043b\u0438\u0442\u0435\u0440\u0430\u0442\u0443\u0440\u0430, 1978, pp 3-7. [Foreword to the collection of novels \u2018\u0412\u0442\u043e\u0440\u043e\u0435 \u201c\u044f\u201d \u042d\u043d\u043d\u0430 \u041a\u0430\u043b\u044c\u043c\u0430\u2019 (\u2018Enn Kalmu kaks mina\u2019); \u2018\u0412 \u0440\u0430\u0437\u0433\u0430\u0440\u0435 \u043b\u0435\u0442\u0430\u2019 (\u2018S\u00fcdasuvel\u2019); \u2018\u041e\u0434\u043d\u0430 \u043d\u043e\u0447\u044c\u2019 (\u2018\u00dcks \u00f6\u00f6\u2019).]<\/span><br>\u00a0\n\t\t\t<\/p>\n<p>\n\t\t\t\t<span style=\"font-family:Verdana,Geneva,sans-serif\"><span style=\"font-size: medium\"><strong>Reviews<\/strong><\/span><\/span>\n\t\t\t<\/p>\n<p>\n\t\t\t\t<span style=\"font-family:Verdana,Geneva,sans-serif\"><strong><em>German<\/em><\/strong><br>B[ernd] G[r\u00e4f],\u00a0<strong>[About \u2018Bitterer Sommer\u2019 (\u2018S\u00fcdasuvel\u2019)]<\/strong>. \u2013 Der Romanf\u00fchrer. Der Inhalt der Romane und Novellen der Weltliteratur. Band 22. Herausgegeben von Bernd Gr\u00e4f. Stuttgart: Anton Hiersemann, 1990, pp 71-72.<br>Heinz Steudner, <strong>Das Buch h\u00e4lt mehr, als der Titel verspricht<\/strong>. \u2013 Neues Deutschland, no 163, 12.\/13.7.1980. [About \u2018Regentropfen\u2019 (\u2018Vihmapiisad\u2019).]<br>L. Kossuth, <strong>Wie Regentropfen, die an das Fenster prasseln<\/strong>. \u2013 Berliner Zeitung, 30.7.1980. [About \u2018Regentropfen\u2019 (\u2018Vihmapiisad\u2019).]<br>Hans-Manfred Militz, <strong>Bilanz rastlosen Lebens<\/strong>. \u2013 National Zeitung (Berlin), 15.9.1980. [About \u2018Regentropfen\u2019 (\u2018Vihmapiisad\u2019).]<br>Leo D., <strong>Kuusberg, Regentropfen<\/strong>. \u2013 Die Wahrheit (Berlin), 20.\/21.9.1980. [About \u2018Regentropfen\u2019 (\u2018Vihmapiisad\u2019).]<br>Alexander Twerskoi, <strong>Paul Kuusberg: Regentropfen<\/strong>. \u2013 Sowjetliteratur, no 1, 1978, pp 184-185. [About \u2018Regentropfen\u2019 (\u2018Vihmapiisad\u2019).]<br>Peter Anders, <strong>Feuertaufe in Tallinn<\/strong>. \u2013 Leipziger Volkszeitung, 2.2.1974. [About \u2018Bitterer Sommer\u2019 (\u2018S\u00fcdasuvel\u2019).]<br>L.R., <strong>Bitterer estnischer Sommer<\/strong>. \u2013 Liberal-Demokratische Zeitung (Halle), 12.2.1974. [About \u2018Bitterer Sommer\u2019 (\u2018S\u00fcdasuvel\u2019).]<br>Georg W. Pijet, <strong>Zwischen Besetzung und Befreiung<\/strong>. \u2013 M\u00e4rkische Volksstimme (Potsdam), 23.3.1974. [About \u2018Bitterer Sommer\u2019 (\u2018S\u00fcdasuvel\u2019).]<br>K.F., <strong>Sie verteidigen den Sozialismus<\/strong>. \u2013 Volksstimme (Wien), 24.3.1974. [About \u2018Bitterer Sommer\u2019 (\u2018S\u00fcdasuvel\u2019).]<br>Erich Fetter, <strong>Tage \u2013 reich an Widerspr\u00fcchen<\/strong>. \u2013 National Zeitung (Berlin), 31.3.1974. [About \u2018Bitterer Sommer\u2019 (\u2018S\u00fcdasuvel\u2019).]<br>Renate Rauch, <strong>Bittere Jahre<\/strong>. \u2013 Sonntag (Berlin), no 13, 31.3.1974. [About \u2018Bitterer Sommer\u2019 (\u2018S\u00fcdasuvel\u2019).]<br>G. Alder, <strong>Die Aufrechten und die Verirrten<\/strong>. \u2013 S\u00e4chsische Zeitung (Dresden), 2.4.1974. [About \u2018Bitterer Sommer\u2019 (\u2018S\u00fcdasuvel\u2019).]<br>Wolfgang H\u00e4ssner, <strong>Lebendige estnische Geschichte<\/strong>. \u2013 Schweriner Volkszeitung, 16.11.1974. [About \u2018Bitterer Sommer\u2019 (\u2018S\u00fcdasuvel\u2019).]<br>Joachim Flatau, <strong>Sachliche Sprache<\/strong>. \u2013 Der Morgen (Berlin), 16.11.1974. [About \u2018Bitterer Sommer\u2019 (\u2018S\u00fcdasuvel\u2019).]<br>[<em>s. n.<\/em>, <strong>About \u2018Bitterer Sommer\u2019 (\u2018S\u00fcdasuvel\u2019)<\/strong>].\u00a0\u2013 Informationsdienst Bibliothekswesen (Leipzig), no 13, 31.3.1973.<br>Peter Kirchner, <strong>Kuusberg: Bitterer Sommer<\/strong>. \u2013 Neues Deutschland, no 343, 12.12.1973. [About \u2018Bitterer Sommer\u2019 (\u2018S\u00fcdasuvel\u2019).<\/span>\n\t\t\t<\/p>\n<p>\n\t\t\t\t<span style=\"font-family:Verdana,Geneva,sans-serif\"><strong><em>Hungarian<\/em><\/strong><br>\u00d6kr\u00f6s L\u00e1szl\u00f3,\u00a0<strong>[Review of \u2019Es\u0151cseppek\u2019]<\/strong>. \u2013 \u00daj T\u00fck\u00f6r, no 27, 1979.<br>Pusztai J\u00e1nos,\u00a0<strong>Mire j\u00f3 az infarktus?<\/strong>. \u2013 \u00c9let \u00e9s Irodalom, no 33, 1979. [About \u2019Es\u0151cseppek\u2019.]<br>Alekszandr Tverszkoj,\u00a0<strong>[Review of \u2019Es\u0151cseppek\u2019]<\/strong>. \u2013 Vas\u00e1rnapi \u00daj Sz\u00f3, no 152, 1978.<br>Alekszandr Tverszkoj,\u00a0<strong>Es\u0151cseppek<\/strong>. \u2013 Szovjet Irodalom, no 1, 1978. [About \u2019Es\u0151cseppek\u2019.]<\/span><br>\u00a0\n\t\t\t<\/p>\n<p>\n\t\t\t\t<span style=\"font-family:Verdana,Geneva,sans-serif\"><span style=\"font-size: medium\"><strong>Interviews\u00a0<\/strong><\/span><\/span>\n\t\t\t<\/p>\n<p>\n\t\t\t\t<span style=\"font-family:Verdana,Geneva,sans-serif\"><strong><em>German<\/em><\/strong><br>Paul Kuusberg, <strong>Unsere Ideale bekr\u00e4ftigen (Interview mit Paul Kuusberg)<\/strong>. \u2013 Sowjetliteratur, no 8, 1976, pp 155-159.<br>[s. n.], <strong>Interview mit Paul Kuusberg<\/strong>. \u2013 Sowjetliteratur, no 10, 1968, pp 161-163.<\/span>\n\t\t\t<\/p>\n<p>\n\t\t\t\t<span style=\"font-family:Verdana,Geneva,sans-serif\"><strong><em>Hungarian<\/em><\/strong><br>Ljudmila Lavrova,\u00a0<strong>Az ide\u00e1lok meger\u0151s\u00f6d\u00e9se<\/strong>. \u2013 Szovjet Irodalom, no 9, 1976.<\/span>\n\t\t\t<\/p>\n<\/div>\n<\/div>\n<\/div>\n","protected":false},"excerpt":{"rendered":"<p>Dissertations FrenchMartin Carayol,\u00a0La formation du canon de la nouvelle en Finlande et en Estonie. Paris: Institut National des Langues et Civilisations Orientales, 2013. Articles GermanNina Worobjowa, Paul Kuusberg. \u2013 Multinationale Literatur der Sowjetunion. 1945-1980. Einzeldarstellungen. Band. 2. Berlin: Verlag Volk &#8230;<\/p>\n","protected":false},"author":43,"featured_media":0,"parent":1539,"menu_order":0,"comment_status":"closed","ping_status":"closed","template":"","meta":{"_acf_changed":false,"inline_featured_image":false,"footnotes":""},"class_list":["post-1545","page","type-page","status-publish","hentry"],"acf":[],"_links":{"self":[{"href":"https:\/\/sisu.ut.ee\/ewod\/wp-json\/wp\/v2\/pages\/1545","targetHints":{"allow":["GET"]}}],"collection":[{"href":"https:\/\/sisu.ut.ee\/ewod\/wp-json\/wp\/v2\/pages"}],"about":[{"href":"https:\/\/sisu.ut.ee\/ewod\/wp-json\/wp\/v2\/types\/page"}],"author":[{"embeddable":true,"href":"https:\/\/sisu.ut.ee\/ewod\/wp-json\/wp\/v2\/users\/43"}],"replies":[{"embeddable":true,"href":"https:\/\/sisu.ut.ee\/ewod\/wp-json\/wp\/v2\/comments?post=1545"}],"version-history":[{"count":1,"href":"https:\/\/sisu.ut.ee\/ewod\/wp-json\/wp\/v2\/pages\/1545\/revisions"}],"predecessor-version":[{"id":3524,"href":"https:\/\/sisu.ut.ee\/ewod\/wp-json\/wp\/v2\/pages\/1545\/revisions\/3524"}],"up":[{"embeddable":true,"href":"https:\/\/sisu.ut.ee\/ewod\/wp-json\/wp\/v2\/pages\/1539"}],"wp:attachment":[{"href":"https:\/\/sisu.ut.ee\/ewod\/wp-json\/wp\/v2\/media?parent=1545"}],"curies":[{"name":"wp","href":"https:\/\/api.w.org\/{rel}","templated":true}]}}