{"id":1541,"date":"2024-04-03T23:41:30","date_gmt":"2024-04-03T20:41:30","guid":{"rendered":"https:\/\/sisu.ut.ee\/ewod\/about-et-167\/"},"modified":"2024-04-04T00:06:58","modified_gmt":"2024-04-03T21:06:58","slug":"about","status":"publish","type":"page","link":"https:\/\/sisu.ut.ee\/ewod\/n\/niit\/about\/","title":{"rendered":"Ellen Niit &#8211; about"},"content":{"rendered":"<p>\n\t<span style=\"font-family: verdana, geneva;font-size: medium\"><strong>Articles<\/strong><\/span>\n<\/p>\n<p>\n\t<span style=\"font-family: verdana, geneva;font-size: small\"><strong><em>English<\/em><\/strong><br>Sirje Olesk, <strong>Ellen Niit. A lyricist by nature<\/strong>. \u2013 Estonian Literary Magazine, no 41, 2015.<\/span>\n<\/p>\n<p>\n\t<span style=\"font-family: verdana, geneva;font-size: small\"><strong><em>Finnish<\/em><\/strong><br>Riitta Kosola, <strong>Ellen Niitin runoissa sykkii maa ja taivas<\/strong>. \u2013 Sana, Jul 10, 1997, p 1, 4-5.<\/span><\/p>\n<p><strong><em>German<\/em><\/strong><br>Asta P\u00f5ldm\u00e4e, <strong>\u201cEine Stimme wie ein Gel\u00e4nder, eine Stimme wie eine Treppe.\u201d<\/strong> \u2013 Baltica, no 1, 2006, pp 26-48.<br>Iris R\u00e9thy, <strong>Ellen Niit und Jaan Kross in Hamburg<\/strong>. \u2013 Estonia, no 4, 1985, p 34.<br>\u00a0\n<\/p>\n<p>\n\t<span style=\"font-family: verdana, geneva\"><strong><span style=\"font-size: medium\">Reviews<\/span><\/strong><\/span>\n<\/p>\n<p>\n\t<span style=\"font-family: verdana, geneva\"><em><strong>English<\/strong><\/em><\/span><br><span style=\"font-family: verdana, geneva\">Ilse Lehiste,\u00a0<strong><cite>Maailma pidevus: Luuletusi aastaist 1946-1976<\/cite><\/strong><span style=\"font-family: verdana, geneva\"><strong>\u00a0by Ellen Niit<\/strong>. \u2013 World Literature Today, v<span style=\"font-family: verdana, geneva\">ol 53, no 4, 1979, p 715.<\/span><\/span><br>Ivar Ivask,\u00a0<strong><cite>Vee peal k\u00e4ija: Luuletusi 1970-1975<\/cite><\/strong><\/span><span style=\"font-family: verdana, geneva\"><span style=\"font-family: verdana, geneva\"><strong>\u00a0by Ellen Niit<\/strong>. \u2013 World Lit<\/span>erature Today, v<span style=\"font-family: verdana, geneva\">ol 52, no 3, 1978, p 494.<\/span><\/span><br><span style=\"font-family: verdana, geneva\">Ivar Ivask,\u00a0<strong><cite>Linnuvoolija<\/cite><\/strong><strong>\u00a0by Ellen Niit<\/strong>. \u2013 Books Abroad, vol 45, no 2, 1971, pp 346-347.<\/span><\/p>\n<p><strong><em>German<\/em><\/strong><br>Iris R\u00e9thy, <strong>Ellen Niit auf ungarisch<\/strong>. \u2013 Estonia, no 4, 1987, pp 183-184. [About \u2018Ellen Niit versei\u2019.]\n<\/p>\n<p>\n\t<span data-mce-mark=\"1\" style=\"font-family: verdana, geneva\"><strong><em>Hungarian<\/em><\/strong><br>Rab Zsuzsa, <strong>Ford\u00edt\u00e1s k\u00f6zben<\/strong>. \u2013 K\u00f6nyvvil\u00e1g, no 11, 1986.<br>G\u00f6dr\u00f6s J\u00falia, <strong>A lenhaj\u00fa kisl\u00e1ny<\/strong>. \u2013 K\u00f6nyvvil\u00e1g, no 3, 1980. [About \u2018A lenhaj\u00fa kisl\u00e1ny\u2019.]<\/span><br>\u00a0\n<\/p>\n<p>\n\t<strong><span style=\"font-family: verdana, geneva;font-size: medium\">Interviews<\/span><\/strong>\n<\/p>\n<p>\n\t<span style=\"font-family: verdana, geneva\"><strong><em>Hungarian<\/em><\/strong><br><span>Rab Zsuzsa,\u00a0<\/span><strong>Szab\u00e1lytalan interj\u00fa Ellen Niit \u00e9s Jaan Kross \u00e9szt \u00edr\u00f3h\u00e1zasp\u00e1rral<\/strong><span>. \u2013 \u00c9let \u00e9s Irodalom, no 16, 1977.<\/span><br>E. Feh\u00e9r P\u00e1l, <strong>Kross \u00e9s Niit<\/strong>. \u2013 \u00daj T\u00fck\u00f6r, 24.04.1977, p 16.<\/span><\/p>\n","protected":false},"excerpt":{"rendered":"<p>Articles EnglishSirje Olesk, Ellen Niit. A lyricist by nature. \u2013 Estonian Literary Magazine, no 41, 2015. FinnishRiitta Kosola, Ellen Niitin runoissa sykkii maa ja taivas. \u2013 Sana, Jul 10, 1997, p 1, 4-5. GermanAsta P\u00f5ldm\u00e4e, \u201cEine Stimme wie ein Gel\u00e4nder, &#8230;<\/p>\n","protected":false},"author":43,"featured_media":0,"parent":488,"menu_order":0,"comment_status":"closed","ping_status":"closed","template":"","meta":{"_acf_changed":false,"inline_featured_image":false,"footnotes":""},"class_list":["post-1541","page","type-page","status-publish","hentry"],"acf":[],"_links":{"self":[{"href":"https:\/\/sisu.ut.ee\/ewod\/wp-json\/wp\/v2\/pages\/1541","targetHints":{"allow":["GET"]}}],"collection":[{"href":"https:\/\/sisu.ut.ee\/ewod\/wp-json\/wp\/v2\/pages"}],"about":[{"href":"https:\/\/sisu.ut.ee\/ewod\/wp-json\/wp\/v2\/types\/page"}],"author":[{"embeddable":true,"href":"https:\/\/sisu.ut.ee\/ewod\/wp-json\/wp\/v2\/users\/43"}],"replies":[{"embeddable":true,"href":"https:\/\/sisu.ut.ee\/ewod\/wp-json\/wp\/v2\/comments?post=1541"}],"version-history":[{"count":1,"href":"https:\/\/sisu.ut.ee\/ewod\/wp-json\/wp\/v2\/pages\/1541\/revisions"}],"predecessor-version":[{"id":3539,"href":"https:\/\/sisu.ut.ee\/ewod\/wp-json\/wp\/v2\/pages\/1541\/revisions\/3539"}],"up":[{"embeddable":true,"href":"https:\/\/sisu.ut.ee\/ewod\/wp-json\/wp\/v2\/pages\/488"}],"wp:attachment":[{"href":"https:\/\/sisu.ut.ee\/ewod\/wp-json\/wp\/v2\/media?parent=1541"}],"curies":[{"name":"wp","href":"https:\/\/api.w.org\/{rel}","templated":true}]}}