{"id":154,"date":"2024-04-03T23:39:26","date_gmt":"2024-04-03T20:39:26","guid":{"rendered":"https:\/\/sisu.ut.ee\/ewod\/poems-et-22\/"},"modified":"2024-04-04T00:10:50","modified_gmt":"2024-04-03T21:10:50","slug":"poems","status":"publish","type":"page","link":"https:\/\/sisu.ut.ee\/ewod\/e\/enno\/poems\/","title":{"rendered":"Ernst Enno &#8211; poems"},"content":{"rendered":"<p>\n\t<span style=\"font-family: verdana, geneva;font-size: medium\"><strong>Books<\/strong><\/span>\n<\/p>\n<p>\n\t<span style=\"font-family: verdana, geneva;font-size: small\"><strong><em>Finnish<\/em><br><strong>Kanan ohrapelto<\/strong><\/strong>. Suom. muk. Martti Haavio. Kuv. R. Kivit. Kultainen koti. 2. Porvoo: S\u00f6derstr\u00f6m\/WSOY, 1938, 12 pp. [Translation of \u2019Loomad\u2019. Reprints: 1939, 1941, 1942, 1943, 1945, 1947, 1948, 1949, 1951, 1952, 1959, 1968.]<\/span>\n<\/p>\n<p>\n\t<span style=\"font-family: verdana, geneva;font-size: small\"><strong><em>Mari<\/em><\/strong><br>\u042d\u0440\u043d\u0441\u0442 \u042d\u043d\u043d\u043e, <strong>\u041a\u0443\u043c \u0448\u04f1\u0434\u044b\u0440: \u043f\u043e\u0447\u0435\u043b\u0430\u043c\u0443\u0442-\u0432\u043b\u0430\u043a =<\/strong>\u00a0<strong>Kolm t\u00e4hte: luuled<\/strong>. \u042d\u0441\u0442\u043e\u043d \u0439\u044b\u043b\u043c\u0435 \u0433\u044b\u0447 \u0410\u043b\u044c\u0431\u0435\u0440\u0442\u0438\u043d\u0430 \u0418\u0432\u0430\u043d\u043e\u0432\u0430 \u043a\u0443\u0441\u0430\u0440\u0435\u043d. \u0419\u043e\u0448\u043a\u0430\u0440-\u041e\u043b\u0430: \u0418\u0437\u0434\u0430\u0442\u0435\u043b\u044c\u0441\u043a\u0438\u0439 \u0434\u043e\u043c \u201c\u041e\u0442\u043e\u201d, 2009, 83 pp. [Parallel text in Mari and Estonian.]<\/span>\n<\/p>\n<p>\n\t<span style=\"font-family: verdana, geneva;font-size: small\"><strong><em>Russian<\/em><\/strong><br>\u042d\u0440\u043d\u0441\u0442 \u042d\u043d\u043d\u043e, \u041a\u0443\u0437\u043d\u0435\u0447\u0438\u043a \u0432\u044b\u0448\u0435\u043b \u043f\u043e\u0433\u0443\u043b\u044f\u0442\u044c. \u041f\u0435\u0440\u0435\u0432\u043e\u0434 \u0441 \u044d\u0441\u0442\u043e\u043d\u0441\u043a\u043e\u0433\u043e: \u041b. \u0413\u043e\u043b\u043e\u0432\u0438\u043d\u0430; \u0445\u0443\u0434\u043e\u0436\u043d\u0438\u043a \u0420. \u041b\u0443\u043a\u043a. \u0422\u0430\u043b\u043b\u0438\u043d\u043d: \u042d\u044d\u0441\u0442\u0438 \u0440\u0430\u0430\u043c\u0430\u0442, 1986, 9 pp. [\u2019\u00dcks rohutirts l\u00e4ks k\u00f5ndima\u2019, a book for small children.]<\/span>\n<\/p>\n<p>\n\t<span style=\"font-family: verdana, geneva;font-size: medium\"><strong><em><span style=\"font-size: small\">Swedish<\/span><\/em><br><span style=\"font-size: small\"><strong>H\u00f6nans korn\u00e5ker<\/strong><\/span><\/strong><span style=\"font-size: small\">. Gyllene hemmet. 2. Bilder R. Kivit. Borg\u00e5: S\u00f6derstr\u00f6m, 1946. 12 pp. [Translation of \u2019Loomad\u2019.]<\/span><\/span><\/p>\n<p><strong><em>Udmurt<\/em><\/strong><br>\u042d\u0440\u043d\u0441\u0442 \u042d\u043d\u043d\u043e, <strong>\u0421\u044e\u0440\u0435\u0441\u0447\u0438\u043b\u044d\u043d \u0436\u044b\u0442 \u043a\u044b\u0440\u0437\u0430\u043d\u044d\u0437: \u043a\u044b\u043b\u0431\u0443\u0440\u044a\u0451\u0441 = R\u00e4ndaja \u00f5htulaul: luuled<\/strong>. \u0411\u0435\u0440\u044b\u043a\u0442\u0438\u0437: \u041d\u0430\u0434\u0435\u0436\u0434\u0430 \u041f\u0447\u0435\u043b\u043e\u0432\u043e\u0434\u043e\u0432\u0430; \u0440\u0435\u0434\u0430\u043a\u0442\u043e\u0440 \u041f. \u041c. \u0417\u0430\u0445\u0430\u0440\u043e\u0432 ; \u043f\u0440\u0435\u0434\u0438\u0441\u043b\u043e\u0432\u0438\u0435: \u0410\u0440\u0432\u043e \u0412\u0430\u043b\u0442\u043e\u043d, \u041d\u0430\u0434\u0435\u0436\u0434\u0430 \u041f\u0447\u0435\u043b\u043e\u0432\u043e\u0434\u043e\u0432\u0430 ; \u0445\u0443\u0434\u043e\u0436\u043d\u0438\u043a \u0412. \u041d. \u041c\u043e\u0440\u043e\u0437\u043e\u0432. \u0418\u0436\u0435\u0432\u0441\u043a: \u042d\u0433\u0435\u0441, 2005, 85 pp. [Parallel text in Estonian and Udmurt.]<br>\u00a0\n<\/p>\n<p>\n\t<span style=\"font-family: verdana, geneva;font-size: medium\"><strong>In compilations, anthologies, magazines<\/strong><\/span>\n<\/p>\n<p>\n\t<span style=\"font-family: verdana, geneva;font-size: small\"><strong><em><strong><em><strong><em>English<\/em><\/strong><\/em><\/strong><\/em><br><strong><strong>Homesickness; The Wind Walks; On a White Night in Tartu<\/strong><\/strong><\/strong>. \u2013 An Introduction to Estonian Literature. Translated and edited by Hilary Bird. Bloomington, Ind.: Slavica, 2018, xv+486 pp. [See <\/span><strong><span style=\"font-family:Verdana,Geneva,sans-serif\"><a data-url=\"https:\/\/sisu.ut.ee\/ewod\/anthologies\/english\/bird\" href=\"https:\/\/sisu.ut.ee\/ewod\/anthologies\/english\/bird\" title=\"\">contents<\/a><\/span><\/strong><span style=\"font-family: verdana, geneva;font-size: small\"> of the anthology.]<br><strong><strong><strong>\u03ad\u03ba\u03b5\u1fd6: Estonian poetry of the 19th and 20th century<\/strong><\/strong><\/strong>. Translated [and translator\u2019s introduction] by John Hayes Hurley &amp; Erik Linnolt. [Tallinn]: M. Makko, 2005, 87 pp. [Poems by Kristjan Jaak Peterson, Friedrich Nikolai Russow, Lydia Koidula, Peeter Jakobson, Juhan Liiv, Ernst Enno, Gustav Suits, Marie Under, Henrik Visnapuu, Hendrik Adamson, Johannes Vares-Barbarus, Valmar Adams, Heiti Talvik, Betti Alver, Bernard Kangro, Karl Ristikivi, Kersti Merilaas, August Sang, Arno Vihalemm, Aleksis Rannit, Asta Willmann, Jaan Kross, Ellen Niit, Ilona Laaman, Jaan Kaplinski, Ene Mihkelson, Viivi Luik, Ott Arder, T\u00f5nu Trubetsky, J\u00fcrgen Rooste.]<br><strong><strong>Anthology of Modern Estonian Poetry<\/strong><\/strong>. Compiled and translated by W. K. Matthews. Gainesville: University of Florida Press, 1953, 161 pp. [Poems by Juhan Liiv, A. Haava, H. Visnapuu, H. Adamson, M. Under, H. Talvik, B. Alver, U. Masing, J. L\u00f5o, H. Esko, K. Ahven, R. Kolk, R. Veer, P. Krusten, K. Ristikivi, K. Lepik, I. Gr\u00fcnthal, E. Enno, G. Suits, K. Merilaas, J. Oks, V. Ridala, A. Adson, J. S\u00fctiste, B. Kangro, A. Sang, A. Viirlaid.]<br><strong>Estonian poetry I<\/strong>. Translated by E. Howard Harris; edited by Karl Eerme; preface by August Torma.\u00a0London: Estonian National Fond in Great Britain, 1950, 37 pp. [Poems by\u00a0Lydia Koidula, Karl Eduard S\u00f6\u00f6t, Juhan Liiv, Anna Haava, Ernst Enno, Gustav Suits, Marie Under, Henrik Visnapuu, Heiti Talvik, Betti Alver, Bernard Kangro, August Sang, Arved Viirlaid.]<\/span>\n<\/p>\n<p>\n\t<span style=\"font-family: verdana, geneva;font-size: small\"><strong><em>Finnish<\/em><\/strong><br><strong><strong><strong>Tuhat laulujen vuotta: valikoima l\u00e4nsimaista lyriikkaa<\/strong><\/strong><\/strong>. Toimittanut Aale Tynni. Suoment. Otto Mannihen, Aale Tynni. Porvoo-Helsinki: S\u00f6derstr\u00f6m\/WSOY, 1974, 1128 pp. [Anthology of world poetry. Poems by E. Enno, G. Suits, M. Under, V. Ridala. 1st ed. 1957, 3rd ed. 2004.]<br><strong><span>Suomen heimop\u00e4iv\u00e4. 3<\/span><\/strong><span>. Suoment. Martti ja Jaakko Haavio. Helsinki: Suomalaisuuden liiton sukukansanosasto, 1930, 31 pp. [Poems by E. Enno, A. Haava.]<\/span>\u00a0<br><strong>Eestin runotar: Virolainen lyriikan antologia<\/strong>. Toimittanut\u00a0Elsa En\u00e4j\u00e4rvi-Haavio. Suom.\u00a0Saima Harmaja, Yrj\u00f6 Jylh\u00e4, Aino Kallas, Matti Kuusi, Otto Manninen, P. Mustap\u00e4\u00e4, Aale Tynni, Elina Vaara, Lauri Viljanen.\u00a0Porvoo; Helsinki: S\u00f6derstr\u00f6m, [1940], 235 pp. [Poems by\u00a0Valmar Adams, Artur Adson, August Alle,\u00a0Betti Alver, Ernst Enno, Villem Gr\u00fcnthal-Ridala, Anna Haava, Lydia Koidula, Jaan K\u00e4rner,\u00a0Juhan Liiv, Johannes Semper,\u00a0Gustav Suits, Juhan S\u00fctiste,\u00a0Heiti Talvik,\u00a0Marie Under, Johannes Vares-Barbarus, Henrik Visnapuu.]<\/span>\n<\/p>\n<p>\n\t<span data-mce-mark=\"1\" style=\"font-family: verdana, geneva;font-size: small\"><span data-mce-mark=\"1\" style=\"font-family: verdana, geneva\"><span data-mce-mark=\"1\" style=\"font-family: verdana, geneva\"><strong><em>German<\/em><br>\u201cJetzt bl\u00fcht zu Hause schon der wei\u00dfe Klee\u2026\u201d<\/strong>. \u00dcbersetzung: H. Rainer. \u2013 Jahrbuch des baltischen Deutschtums, vol 36, 1989, p 79. [\u2018\u201dN\u00fc\u00fcd \u00f5itsvad kodu valged ristikheinad\u2026\u201d\u2018.]<br><strong>Das graue Lied; Der Wind geht<\/strong>. \u00dcbersetzung: T. E. Heine. \u2013 Estnische Lyrik. \u00dcbertragen von Tatjana Ellinor Heine. Brackenheim: Verlag Georg Kohl GmbH + Co, 1981, pp 43-45. [\u2018Hall laul\u2019, \u2018\u201dKuldsed kingad viivad sinna\u2026\u201d\u2018.]<br><strong><strong>Sehnsuchtslied (Auf hohem Meeresufer zu singen)<\/strong><\/strong>. \u00dcbersetzung: Martha von Dehn-Grubbe. \u2013 Wir kehren heim: Estnische Lyrik und Prosa. Nachdichtungen [und Vorwort] von Martha v. Dehn-Grubbe. [Karlsruhe]: Karlsruher Bote, 1962, 52 pp. [\u2018Igatsuse laul, mere k\u00f5rgel rannal laulda\u2019. Contents: Valev Uibopuu, Traum in der Sommernacht (\u2019Suve\u00f6\u00f6 unen\u00e4gu\u2019); poems by Bernard Kangro, Ernst Enno, Kalju Lepik, August Alle, Uku Masing, Karl Ristikivi, Salme Raatma, Gustav Suits, Anna Haava, Marie Heiberg, Friedrich Kuhlbars, Lydia Koidula.]<br><strong>Lied der Sehnsucht; Die Wasserrose; Meine Kinder; Abends im heimatlichen Gesinde<\/strong>. \u00dcbersetzung: Wilhelm Nerling. \u2013 Estnische Gedichte. \u00dcbers. von Wilhelm Nerling. Dorpat: H. Laakmann, 1925, 96 pp. [\u2018Igatsuse laul\u2019, \u2018Vesiroos\u2019, \u2018Mu lapsed\u2019, \u2018\u00d5htu kodutalus\u2019. Poems by A. Alver, J. Bergmann, M. J. Eisen, E. Enno, F. R. Faehlmann, A. Grenzstein, V. Ridala, A. Haava, K. A. Hermann, J. Hurt, P. Jakobson, J. V. Jannsen, R. Kamsen, L. Koidula, Fr. R. Kreutzwald, F. Kuhlbars, J. Kunder, M. K\u00f6rber, Jakob Liiv, Juhan Liiv, M. Lipp, G. E. Luiga, P. von Manteuffel, G. A. Oldekop, K. J. Peterson, M. Pukits, H. P\u00f6\u00f6gelmann, H. Raudsepp, C. M. Redlich, A. Reinvald, H. Rikand, J. Ph. v Roth, J. Speek, G. Suits, K. E. S\u00f6\u00f6t, J. Tamm, B. H. von Tiesenhausen, F. Tuglas, M. Veske, B. Weber, J. Weizenberg, E. L. W\u00f6hrmann.]<br><strong>Ein Abend im Vaterhause<\/strong>. \u00dcbersetzung: A. Kallas. \u2013 Estnische Kl\u00e4nge. Auswahl estnischer Dichtungen von Axel Kallas. Buchschmuck von Kristjan Raud. Dorpat: Gl\u00fcck, 1911, 88 pp. [\u2018\u00d5htu kodutalus\u2019. Poems by E. Enno, V. Ridala, A. Haava, J. V. Jannsen, L. Koidula, F. Kuhlbars, Juhan Liiv, G. Suits, K. E. S\u00f6\u00f6t, J. \u0422\u0430mm, M. Veske.]<\/span><\/span><\/span>\n<\/p>\n<p>\n\t<span data-mce-mark=\"1\" style=\"font-family: verdana, geneva;font-size: small\"><span data-mce-mark=\"1\" style=\"font-family: verdana, geneva\"><span data-mce-mark=\"1\" style=\"font-family: verdana, geneva\"><strong><em>Greek<\/em><\/strong><br><strong>\u0391\u03bd\u03b8\u03bf\u03bb\u03bf\u03b3\u03af\u03b1 \u0395\u03c3\u03b8\u03bf\u03bd\u03b9\u03ba\u03ae\u03c2 \u03a0\u03bf\u03af\u03b7\u03c3\u03b7\u03c2. \u201c\u2026\u03b1\u03c0\u2019 \u03c4\u03bf\u03bd \u03b1\u03bc\u03af\u03bb\u03b7\u03c4\u03bf \u03ba\u03b1\u03b9\u03c1\u03cc\u201d<\/strong>. \u039c\u03b5\u03c4\u03ac\u03c6\u03c1\u03b1\u03c3\u03b7: \u039c\u03b1\u03b3\u03b4\u03b1\u03bb\u03b7\u03bd\u03ae \u0398\u03c9\u03bc\u03ac. \u0391\u03b8\u03ae\u03bd\u03b1: \u0395\u03ba\u03b4\u03cc\u03c3\u03b5\u03b9\u03c2 \u0392\u03b1\u03ba\u03c7\u03b9\u03ba\u03cc\u03bd, 2018, 200 \u03c3\u03b5\u03bb. [See <a href=\"https:\/\/sisu.ut.ee\/ewod\/anthologies\/greek\/kairos\"><strong>contents<\/strong><\/a> of the anthology of poetry.]<\/span><\/span><\/span>\n<\/p>\n<p>\n\t<span data-mce-mark=\"1\" style=\"font-family: verdana, geneva;font-size: small\"><span data-mce-mark=\"1\" style=\"font-family: verdana, geneva\"><span data-mce-mark=\"1\" style=\"font-family: verdana, geneva\"><strong><em>Hungarian<\/em><\/strong><\/span><br><span data-mce-mark=\"1\" style=\"font-family: verdana, geneva\"><strong>Harangok halk kondul\u00e1sa = Kellade hellus: huszadik sz\u00e1zadi \u00e9szt l\u00edra. I. <\/strong>V\u00e1logatta, szerkesztette, az el\u0151- \u00e9s ut\u00f3sz\u00f3t \u00edrta, valamint az \u00e9letrajzi jegyzeteket k\u00e9sz\u00edtette Bereczki G\u00e1born\u00e9 Mai Kiisk. Szombathely: [Berzsenyi Daniel Tanarkepz\u00f6 F\u00f6iskola], 2000, 303 pp. [Text in Hungarian and Estonian. Poems by Juhan Liiv, Ernst Enno, Gustav Suits, Villem Ridala, Marie Under, Henrik Visnapuu, Johannes Barbarus, Johannes Semper, Heiti Talvik, Betti Alver, Uku Masing, Bernard Kangro, Karl Ristikivi, Kersti Merilaas, Kalju Lepik, Debora Vaarandi, Juhan Smuul, Artur Alliksaar, Ain Kaalep, Aleksander Suuman.]<br><strong>\u00c9szt k\u00f6lt\u00f6k: huszadik sz\u00e1zadi \u00e9szt l\u00edra<\/strong>. V\u00e1logatta, az \u00e9letrajzi jegyzeteket k\u00e9sz\u00edtette \u00e9s a sz\u00f6veggondoz\u00e1st v\u00e9gezte Bereczki G\u00e1bor, Bereczkin\u00e9 Mai Kiisk, Feh\u00e9rvari Gy\u00f6z\u00f6.\u00a0Budapest: Eur\u00f3pa k\u00f6nyvkiad\u00f3, 1975, 651 pp. [Poems by\u00a0Gustav Suits,\u00a0Ernst Enno,\u00a0Villem Gr\u00fcnthal-Ridala,\u00a0Marie Under,\u00a0Henrik Visnapuu,\u00a0Jaan K\u00e4rner,\u00a0Johannes Barbarus,\u00a0Johannes Semper,\u00a0August Alle,\u00a0Valmar Adams,\u00a0Uku Masing,\u00a0Juhan S\u00fctiste,\u00a0Heiti Talvik,\u00a0Betti Alver,\u00a0August Sang,\u00a0Kersti Merilaas,\u00a0Bernard Kangro,\u00a0Arno Vihalemm,\u00a0Kalju Lepik,\u00a0Ivar Gr\u00fcnthal,\u00a0Felix Kotta,\u00a0Aira Kaal,\u00a0Paul Rummo,\u00a0Debora Vaarandi,\u00a0Ralf Parve,\u00a0Juhan Smuul,\u00a0Ellen Niit,\u00a0Vladimir Beekman,\u00a0Uno Laht,\u00a0Jaan Kross,\u00a0Ain Kaalep,\u00a0Mats Traat,\u00a0Linda Ruud,\u00a0Paul-Eerik Rummo,\u00a0Arvi Siig,\u00a0Enn Vetemaa,\u00a0Rudolf Rimmel,\u00a0Jaan Kaplinski,\u00a0Hando Runnel.]<br><span data-mce-mark=\"1\" style=\"font-family: verdana, geneva\"><strong>\u00c9szaki v\u00e1rt\u00e1n: \u00e9szt rokonaink irodalma<\/strong>. Szerkesztette [\u00e9s a bevezet\u00e9st \u00edrta] K\u00e9pes G\u00e9za; ill. F\u00e1y Dezs\u0151. Budapest: 1944, 129 pp. [See <strong><a href=\"https:\/\/sisu.ut.ee\/ewod\/anthologies\/hungarian\/eszaki\">contents<\/a><\/strong>.]<br><strong>Az \u00e9szt k\u00f6lt\u00e9szet viragai<\/strong><span data-mce-mark=\"1\" style=\"font-family: verdana, geneva\">.\u00a0Bemuttata a Szent Istvan Akad\u00e9mia III. osztalyanak 1939 okt\u00f3ber 13-i \u00fcl\u00e9s\u00e9n Irta \u00e9s a verseket forditotta Ban Aladar.\u00a0<\/span><span data-mce-mark=\"1\" style=\"font-family: verdana, geneva\">Budapest: 1940, 15 pp. [Contains 14 Estonian folk songs and poems by\u00a0Ernst Enno, Karl Eduard S\u00f6\u00f6t, Anna Haava, Gustav Suits, Marie Under, Villem Ridala and Henrik Visnapuu.]<br><strong>Ur\u00e1li dalok. Eredeti \u00e9s forditott k\u00f6ltem\u00e9nyek<\/strong>. Budapest: A Pet\u00f6fi T\u00e1rsas\u00e1g Kiad\u00e1sa, 1939, 103 pp. [Poems by J. V. Jannsen, Fr. R. Kreutzwald, L. Koidula, M. Lipp, A. Piirikivi, M. J. Eisen, K. E. S\u00f6\u00f6t, M. Under, G. Suits, A. Haava, V. Ridala, E. Enno, H. Visnapuu.]<\/span><\/span><\/span><\/span><\/span>\n<\/p>\n<p>\n\t<span data-mce-mark=\"1\" style=\"font-family: verdana, geneva;font-size: small\"><strong><em><strong><em>Italian<\/em><\/strong><\/em><br>Poeti Estoni<\/strong>.\u00a0A\u00a0cura di Margherita Guidacci, Vello Salo; introduzione storica di Karl Ristikivi.\u00a0Roma: Edizioni Abete, 1975, 210 pp.\u00a0[Poems by\u00a0Hendrik Adamson,\u00a0Artur Adson,\u00a0Betti Alver,\u00a0Ernst Enno,\u00a0Ivar Gr\u00fcnthal,\u00a0Villem Gr\u00fcnthal-Ridala,\u00a0Anna Haava,\u00a0Ain Kaalep,\u00a0Bernard Kangro,\u00a0Jaan Kaplinski,\u00a0Lydia Koidula,\u00a0Raimond Kolk,\u00a0Friedrich Reinhold Kreutzwald,\u00a0Jaan Kross,\u00a0Ilmar Laaban,\u00a0Kalju Lepik,\u00a0Juhan Liiv,\u00a0Viivi Luik,\u00a0Uku Masing,\u00a0Ellen Niit,\u00a0Kristjan Jaak Peterson,\u00a0Aleksis Rannit,\u00a0Paul-Eerik Rummo,\u00a0Hando Runnel,\u00a0August Sang,\u00a0Gustav Suits,\u00a0Karl Eduard S\u00f6\u00f6t,\u00a0Juhan S\u00fctiste,\u00a0Heiti Talvik,\u00a0Marie Under,\u00a0Johannes Vares-Barbarus,\u00a0Arno Vihalemm,\u00a0Henrik Visnapuu.]<br><strong>Poeti Estoni<\/strong><span data-mce-mark=\"1\">.\u00a0A\u00a0cura di Margherita Guidacci, Vello Salo.\u00a0Roma: Edizioni Abete, 1973, 174 pp.\u00a0[Poems by\u00a0Hendrik Adamson,\u00a0Artur Adson,\u00a0Betti Alver,\u00a0Ernst Enno,\u00a0Ivar Gr\u00fcnthal,\u00a0Villem Gr\u00fcnthal-Ridala,\u00a0Anna Haava,\u00a0Ain Kaalep,\u00a0Bernard Kangro,\u00a0Jaan Kaplinski,\u00a0Lydia Koidula,\u00a0Raimond Kolk,\u00a0Friedrich Reinhold Kreutzwald,\u00a0Jaan Kross,\u00a0Ilmar Laaban,\u00a0Kalju Lepik,\u00a0Juhan Liiv,\u00a0Viivi Luik,\u00a0Uku Masing,\u00a0Ellen Niit,\u00a0Kristjan Jaak Peterson,\u00a0Aleksis Rannit,\u00a0Paul-Eerik Rummo,\u00a0Hando Runnel,\u00a0August Sang,\u00a0Gustav Suits,\u00a0Karl Eduard S\u00f6\u00f6t,\u00a0Juhan S\u00fctiste,\u00a0Heiti Talvik,\u00a0Marie Under,\u00a0Johannes Vares-Barbarus,\u00a0Arno Vihalemm,\u00a0Henrik Visnapuu.]<\/span><\/span>\n<\/p>\n<p>\n\t<span style=\"font-family: verdana, geneva\"><span style=\"font-size: small\"><strong><em>Russian<\/em><\/strong><br><strong>\u0410\u043d\u0442\u043e\u043b\u043e\u0433\u0438\u044f \u044d\u0441\u0442\u043e\u043d\u0441\u043a\u043e\u0439 \u043f\u043e\u044d\u0437\u0438\u0438<\/strong>. C\u043e\u0441\u0442\u0430\u0432\u0438\u0442\u0435\u043b\u044c \u0438 \u0440\u0435\u0434\u0430\u043a\u0442\u043e\u0440 \u042d\u043b\u044c\u0432\u0438\u0440\u0430 \u041c\u0438\u0445\u0430\u0439\u043b\u043e\u0432\u0430. A\u0432\u0442. \u0441\u0442. \u0418. \u0411\u0435\u043b\u043e\u0431\u0440\u043e\u0432\u0446\u0435\u0432\u0430 \u0438 \u0434\u0440.\u037e \u0431\u0438\u0431\u043b\u0438\u043e\u0433\u0440. \u041e. \u041a\u0438\u0432\u0438.\u00a0Kodumaa \u2013 \u0420\u043e\u0434\u043d\u043e\u0439 \u0434\u043e\u043c: \u0431\u0438\u0431\u043b\u0438\u043e\u0442\u0435\u043a\u0430 \u044d\u0441\u0442\u043e\u043d\u0441\u043a\u043e\u0439 \u043b\u0438\u0442\u0435\u0440\u0430\u0442\u0443\u0440\u044b.\u00a0\u0422\u0430\u043b\u043b\u0438\u043d\u043d: KPD Kirjastus, 1999. 739 pp. [Foreword \u2018\u0413\u043b\u0430\u0432\u043d\u044b\u0435 \u043d\u0430\u043f\u0440\u0430\u0432\u043b\u0435\u043d\u0438\u044f \u044d\u0441\u0442\u043e\u043d\u0441\u043a\u043e\u0439 \u043f\u043e\u044d\u0437\u0438\u0438\u2019 by Ain Kaalep. Poems by\u00a0Reiner Brockmann, K\u00e4su Hans, Kristian Jaak Peterson, Lydia Koidula, Ado Reinvald, Karl Eduard S\u00f6\u00f6t, Juhan Liiv, Anna Haava, Ernst Enno, Gustav Suits, Villem Gr\u00fcnthal-Ridala, Marie Under, Henrik Visnapuu, Johannes Vares-Barbarus, Johannes Semper, Valmar Adams, Juhan S\u00fctiste, Heiti Talvik, Betti Alver, Bernard Kangro, Uku Masing, August Sang, Kersti Merilaas, Debora Vaarandi, Ralf Parve, Minni Nurme, Juhan Smuul, Ilmar Laaban, Kalju Lepik, Jaan Kross, Ellen Niit, Ain Kaalep, Artur Alliksaar, Paul-Eerik Rummo, Mats Traat, Arvi Siig, Aleksander Suuman, Jaan Kaplinski, Andres Ehin, Hando Runnel, Toomas Liiv, Johnny B. Isotamm, Viivi Luik, Nikolai Baturin, Juhan Viiding, Ene Mihkelson, Doris Kareva, Mari Vallisoo, Ilona Laaman, Indrek Hirv, Hasso Krull.]<br><strong>\u0420\u0430\u0441\u043f\u0430\u0445\u043d\u0438 \u043e\u043a\u043d\u043e \u043d\u0430 \u0441\u0435\u0432\u0435\u0440: \u0441\u0442\u0438\u0445\u0438 \u044d\u0441\u0442\u043e\u043d\u0441\u043a\u0438\u0445 \u043f\u043e\u044d\u0442\u043e\u0432 \u0432 \u043f\u0435\u0440\u0435\u0432\u043e\u0434\u0430\u0445 \u0411\u043e\u0440\u0438\u0441\u0430 \u0428\u0442\u0435\u0439\u043d\u0430<\/strong>. \u0422\u0430\u043b\u043b\u0438\u043d: \u042d\u044d\u0441\u0442\u0438 \u0440\u0430\u0430\u043c\u0430\u0442, 1984, 99 pp. [Poems by Juhan Liiv, Ernst Enno, Hendrik Adamson, Juhan Smuul, Mats Traat, Arvi Siig, Rudolf Rimmel.]<\/span><br><span style=\"font-size: small\"><strong><strong>\u041f\u043e\u044d\u0442\u044b \u042d\u0441\u0442\u043e\u043d\u0438\u0438<\/strong><\/strong>. \u0412\u0441\u0442\u0443\u043f\u0438\u0442\u0435\u043b\u044c\u043d\u0430\u044f \u0441\u0442\u0430\u0442\u044c\u044f \u0438 \u0431\u0438\u043e\u0433\u0440\u0430\u0444\u0438\u0447\u0435\u0441\u043a\u0438\u0435 \u0441\u043f\u0440\u0430\u0432\u043a\u0438: \u0421. \u0413. \u0418\u0441\u0430\u043a\u043e\u0432\u0430; \u0441\u043e\u0441\u0442. \u0438 \u043f\u0440\u0438\u043c\u0435\u0447\u0430\u043d\u0438\u044f \u041d. \u0413. \u0410\u043d\u0434\u0440\u0435\u0437\u0435\u043d\u0430 \u0438 \u0421. \u0413. \u0418\u0441\u0430\u043a\u043e\u0432\u0430; \u0440\u0435\u0434\u0430\u043a\u0446\u0438\u044f \u0441\u0442\u0438\u0445\u043e\u0442\u0432\u043e\u0440\u043d\u044b\u0445 \u043f\u0435\u0440\u0435\u0432\u043e\u0434\u043e\u0432 \u0412. \u0420\u043e\u0436\u0434\u0435\u0441\u0442\u0432\u0435\u043d\u0441\u043a\u043e\u0433\u043e.\u00a0\u041b\u0435\u043d\u0438\u043d\u0433\u0440\u0430\u0434: \u0421\u043e\u0432\u0435\u0442\u0441\u043a\u0438\u0439 \u043f\u0438\u0441\u0430\u0442\u0435\u043b\u044c, 1974, 662 pp. [Poems by Kristjan Jaak Peterson, Friedrich Robert Faehlmann, Friedrich Reinhold Kreutzwald, Lydia Koidula, Friedrich Kuhlbars, Mihkel Veske, Ado Reinvald, Jakob Tamm, Jakob Liiv, Karl Eduard S\u00f6\u00f6t, Anna Haava, Juhan Liiv, Hans P\u00f6\u00f6gelmann,\u00a0Juhan Lilienbach, Ernst Enno, Gustav Suits, Villem Ridala, Friedebert Tuglas, Johannes Barbarus, Henrik Visnapuu, August Alle, Jaan K\u00e4rner, Johannes Semper, Hendrik Adamson, Juhan S\u00fctiste, Heiti Talvik, August Sang, Juhan Smuul.]<br><strong>\u0410\u043d\u0442\u043e\u043b\u043e\u0433\u0438\u044f \u044d\u0441\u0442\u043e\u043d\u0441\u043a\u043e\u0439 \u043f\u043e\u044d\u0437\u0438\u0438: \u0432 \u0434\u0432\u0443\u0445 \u0442\u043e\u043c\u0430\u0445<\/strong>. \u0412\u0441\u0442\u0443\u043f\u0438\u0442\u0435\u043b\u044c\u043d\u0430\u044f \u0441\u0442\u0430\u0442\u044c\u044f \u042d. \u041d\u0438\u0440\u043a\u0430; \u0441\u043e\u0441\u0442\u0430\u0432\u0438\u0442\u0435\u043b\u0438 \u042d. \u041d\u0438\u0440\u043a \u0438 \u041f. \u0420\u0443\u043c\u043c\u043e. \u041b\u0435\u043d\u0438\u043d\u0433\u0440\u0430\u0434: \u0413\u043e\u0441\u043b\u0438\u0442\u0438\u0437\u0434\u0430\u0442, 1959, 424 + 450 pp. [Includes folk songs and poems by: Kristian Jaak Peterson, Friedrich Robert Faehlmann, Friedrich Reinhold Kreutzwald, Juhan Weizenberg, Lydia Koidula, Friedrich Kuhlbars, Carl Robert Jakobson, Mihkel Veske, Ado Reinvald, Juhan Kunder, Jaan Bergmann, Peeter Jakobson, Jakob Tamm, Jakob Liiv, Juhan Liiv, Anna Haava, Karl Eduard S\u00f6\u00f6t, Reinhold Kamsen, Ernst Enno, Villem, Ridala, Marie Heiberg, Jaan L\u00f5o, Hans P\u00f6\u00f6gelmann, Juhan Lilienbach, Vassili M\u00f6lder, Villem Buk, Johannes Barbarus, August Alle, Jaan K\u00e4rner, Johannes Semper, Juhan S\u00fctiste, Erni Hiir, Mart Raud, Paul Viiding, Betti Alver, Kersti Merilaas, August Sang, Hugo Angervaks, Felix Kotta, Aira Kaal, Muia Veetamm, Paul Rummo, Debora Vaarandi, Juhan Smuul, Minni Nurme, Ralf Parve, Manivald Kesamaa, Uno Laht, Vladimir Beekman, Jaan Kross, Ilmi Kolla, Ellen Niit.]<br><strong>\u041f\u043e\u044d\u0442\u044b \u042d\u0441\u0442\u043e\u043d\u0438\u0438: \u0410\u043d\u0442\u043e\u043b\u043e\u0433\u0438\u044f \u0437\u0430 \u0441\u0442\u043e \u043b\u0435\u0442: (1803-1902)<\/strong><span>. \u041f\u0435\u0440\u0435\u0432\u043e\u0434 \u0418\u0433\u043e\u0440\u044f \u0421\u0435\u0432\u0435\u0440\u044f\u043d\u0438\u043d\u0430; [\u0418\u043b\u043b\u044e\u0441\u0442\u0440\u0430\u0446\u0438\u0438 \u0410. \u0413\u0440\u0438\u043d\u0435\u0432\u0430]. \u0422\u0430\u0440\u0442\u0443: \u0412\u0430\u0434\u0438\u043c \u0411\u0435\u0440\u0433\u043c\u0430\u043d, 1928, 182 pp. [Poems by \u0424\u0440\u0438\u0434\u0440\u0438\u0445 \u0420\u0435\u0439\u043d\u0445\u043e\u043b\u044c\u0434 \u041a\u0440\u0435\u0439\u0446\u0432\u0430\u043b\u044c\u0434, \u0424\u0440\u0438\u0434\u0440\u0438\u0445 \u041a\u0443\u043b\u044c\u0431\u0430\u0440\u0441, \u041c\u0438\u0445\u043a\u0435\u043b\u044c \u0412\u0435\u0441\u043a\u0435, \u041b\u0438\u0434\u0438\u044f \u041a\u043e\u0439\u0434\u0443\u043b\u0430, \u0410\u0434\u043e \u0420\u0435\u0439\u043d\u0432\u0430\u043b\u044c\u0434, \u0410\u0434\u043e \u0413\u0440\u0435\u043d\u0446\u0448\u0442\u0435\u0439\u043d, \u041a\u0430\u0440\u043b \u0410\u0432\u0433\u0443\u0441\u0442 \u0425\u0435\u0440\u043c\u0430\u043d\u043d, \u042e\u0445\u0430\u043d \u041a\u0443\u043d\u0434\u0435\u0440, \u041f\u0435\u044d\u0442\u0435\u0440 \u042f\u043a\u043e\u0431\u0441\u043e\u043d, \u041c\u0430\u0440\u0442\u0438\u043d \u041b\u0438\u043f\u043f, \u042f\u0430\u043d \u0411\u0435\u0440\u0433\u043c\u0430\u043d\u043d, \u041c\u0430\u0442\u0438\u0430\u0441 \u0419\u043e\u0445\u0430\u043d\u043d \u042d\u0439\u0437\u0435\u043d, \u042f\u043a\u043e\u0431 \u041b\u0438\u0439\u0432, \u042f\u043a\u043e\u0431 \u0422\u0430\u043c\u043c, \u041a\u0430\u0440\u043b \u042d\u0434\u0443\u0430\u0440\u0434 \u0421\u0435\u044d\u0442, \u042d\u0434\u0443\u0430\u0440\u0434 \u0412\u0435\u0440\u043c\u0430\u043d, \u042d\u043b\u0438\u0437\u0435 \u0410\u0443\u043d, \u042e\u0445\u0430\u043d \u041b\u0438\u0439\u0432, \u0410\u043d\u043d\u0430 \u0425\u0430\u0430\u0432\u0430, \u0413\u0435\u043e\u0440\u0433 \u042d\u0434\u0443\u0430\u0440\u0434 \u041b\u0443\u0439\u0433\u0430, \u0410\u043d\u0434\u0440\u0435\u0441 \u0410\u043b\u044c\u0432\u0435\u0440, \u042d\u0440\u043d\u0441\u0442 \u042d\u043d\u043d\u043e, \u0413\u0443\u0441\u0442\u0430\u0432 \u0421\u0443\u0439\u0442\u0441, \u041c\u0430\u0440\u0438\u0435 \u0423\u043d\u0434\u0435\u0440, \u0412\u0438\u043b\u043b\u0435\u043c \u0420\u0438\u0434\u0430\u043b\u0430, \u0424\u0440\u0438\u0434\u0435\u0431\u0435\u0440\u0442 \u0422\u0443\u0433\u043b\u0430\u0441, \u0419\u043e\u0445\u0430\u043d\u043d\u0435\u0441 \u0411\u0430\u0440\u0431\u0430\u0440\u0443\u0441, \u0419\u043e\u0445\u0430\u043d\u043d\u0435\u0441 \u0421\u0435\u043c\u043f\u0435\u0440, \u041c\u0430\u0440\u0438e \u0425\u0435\u0439\u0431\u0435\u0440\u0433, \u0410\u0432\u0433\u0443\u0441\u0442 \u0410\u043b\u043b\u0435, \u0425\u0435\u043d\u0440\u0438\u043a \u0412\u0438\u0441\u043d\u0430\u043f\u0443\u0443, \u0420\u0443\u0434\u043e\u043b\u044c\u0444 \u0420\u0435\u0439\u043c\u0430\u043d\u043d, \u0412\u0430\u043b\u044c\u043c\u0430\u0440 \u0410\u0434\u0430\u043c\u0441.]<\/span><\/span><\/span><\/p>\n","protected":false},"excerpt":{"rendered":"<p>Books FinnishKanan ohrapelto. Suom. muk. Martti Haavio. Kuv. R. Kivit. Kultainen koti. 2. Porvoo: S\u00f6derstr\u00f6m\/WSOY, 1938, 12 pp. [Translation of \u2019Loomad\u2019. Reprints: 1939, 1941, 1942, 1943, 1945, 1947, 1948, 1949, 1951, 1952, 1959, 1968.] Mari\u042d\u0440\u043d\u0441\u0442 \u042d\u043d\u043d\u043e, \u041a\u0443\u043c \u0448\u04f1\u0434\u044b\u0440: \u043f\u043e\u0447\u0435\u043b\u0430\u043c\u0443\u0442-\u0432\u043b\u0430\u043a =\u00a0Kolm &#8230;<\/p>\n","protected":false},"author":43,"featured_media":0,"parent":147,"menu_order":0,"comment_status":"closed","ping_status":"closed","template":"","meta":{"_acf_changed":false,"inline_featured_image":false,"footnotes":""},"class_list":["post-154","page","type-page","status-publish","hentry"],"acf":[],"_links":{"self":[{"href":"https:\/\/sisu.ut.ee\/ewod\/wp-json\/wp\/v2\/pages\/154","targetHints":{"allow":["GET"]}}],"collection":[{"href":"https:\/\/sisu.ut.ee\/ewod\/wp-json\/wp\/v2\/pages"}],"about":[{"href":"https:\/\/sisu.ut.ee\/ewod\/wp-json\/wp\/v2\/types\/page"}],"author":[{"embeddable":true,"href":"https:\/\/sisu.ut.ee\/ewod\/wp-json\/wp\/v2\/users\/43"}],"replies":[{"embeddable":true,"href":"https:\/\/sisu.ut.ee\/ewod\/wp-json\/wp\/v2\/comments?post=154"}],"version-history":[{"count":1,"href":"https:\/\/sisu.ut.ee\/ewod\/wp-json\/wp\/v2\/pages\/154\/revisions"}],"predecessor-version":[{"id":4914,"href":"https:\/\/sisu.ut.ee\/ewod\/wp-json\/wp\/v2\/pages\/154\/revisions\/4914"}],"up":[{"embeddable":true,"href":"https:\/\/sisu.ut.ee\/ewod\/wp-json\/wp\/v2\/pages\/147"}],"wp:attachment":[{"href":"https:\/\/sisu.ut.ee\/ewod\/wp-json\/wp\/v2\/media?parent=154"}],"curies":[{"name":"wp","href":"https:\/\/api.w.org\/{rel}","templated":true}]}}