{"id":1532,"date":"2024-04-03T23:41:29","date_gmt":"2024-04-03T20:41:29","guid":{"rendered":"https:\/\/sisu.ut.ee\/ewod\/about-et-163\/"},"modified":"2025-03-04T10:28:31","modified_gmt":"2025-03-04T08:28:31","slug":"about","status":"publish","type":"page","link":"https:\/\/sisu.ut.ee\/ewod\/s\/suits\/about\/","title":{"rendered":"Gustav Suits &#8211; about"},"content":{"rendered":"<p>\n\t<span style=\"font-family: verdana, geneva\"><strong><span style=\"font-size: medium\">Articles<\/span><\/strong><\/span>\n<\/p>\n<p>\n\t<span style=\"font-family: verdana, geneva\"><strong><em>English<\/em><\/strong><br>Ele S\u00fcvalep<strong><em>, <\/em><a href=\"http:\/\/elm.estinst.ee\/issue\/16\/gustav-suits\/\">Gustav Suits<\/a><em>. <\/em><\/strong>\u2013 Estonian Literary Magazine, no 16, 2003.<\/span>\n<\/p>\n<p>\n\t<span style=\"font-family: verdana, geneva\"><strong><em>German<\/em><\/strong><\/span><br><span style=\"font-family: verdana, geneva\">Cornelius Hasselblatt, <strong>Entdeckung: Ein Brief von Gustav Suits<\/strong>. \u2013 estonia, no 1, 1997, pp 49-53.<br>O.A. Webermann, <strong>Gustav Suits 1883-1956<\/strong>. \u2013 Commentationes Baltica, vol 6\/7, 1958\/59, pp 424-432.<br>O.A. Webermann, <strong>Gustav Suits \u2020<\/strong>. \u2013 Mitteilungen aus baltischem Leben, no 4, 1956, pp 2-3.<br>Oskar Loorits, <strong>Drei estnische Dichter<\/strong>. \u2013 Luzerner Neueste Nachrichten, no 108, 1953.<br>Viktor Zinghaus, <strong>Gustav Suits \u2013 F\u00fchrer einer literarischen Generation<\/strong>. \u2013 Viktor Zinghaus, F\u00fchrende K\u00f6pfe der baltischen Staaten. 31 Portr\u00e4ts. Kaunas, Leipzig, Wien, 1938, pp 252-259.<br>Josef Nadler, <strong>Gustav Suits, estnische Dichtung und estnische Literaturgeschichte<\/strong>. \u2013 K\u00f6nigsberger Hartungsche Zeitung, 31.5.1930.<br>Arthur Behrsing, <strong>Streifz\u00fcge durch die neueste estnische Dichtung<\/strong>. Reval: Revaler Bote, 1924, 46 pp. [Chapters on Juhan Liiv, Gustav Suits, Friedebert Tuglas, A.-H. Tammsaare, Marie Under.]<\/span>\n<\/p>\n<p>\n\t<strong><em><span style=\"font-family: verdana, geneva\">Russian<\/span><\/em><\/strong><br><span style=\"font-family: verdana, geneva\">\u0420\u043e\u043c\u0430\u043d \u041a\u0430\u043b\u043b\u0430\u0441, <strong>\u0413\u0443\u0441\u0442\u0430\u0432 \u0421\u0443\u0439\u0442\u0441: \u041f\u0435\u0440\u0432\u044b\u0439 \u043f\u043e\u044d\u0442 \u043d\u043e\u0432\u043e\u0433\u043e \u0432\u0435\u043a\u0430<\/strong>. \u2013 \u0420\u043e\u043c\u0430\u043d \u041a\u0430\u043b\u043b\u0430\u0441, \u042d\u0441\u0442\u043e\u043d\u0441\u043a\u0430\u044f \u043b\u0438\u0442\u0435\u0440\u0430\u0442\u0443\u0440\u0430: 20 \u0438\u043c\u0435\u043d \u043e\u0442 \u043a\u043b\u0430\u0441\u0441\u0438\u043a\u0438 \u0434\u043e \u0441\u043e\u0432\u0440\u0435\u043c\u0435\u043d\u043d\u043e\u0441\u0442\u0438: \u043d\u0430\u0447\u0430\u043b\u044c\u043d\u044b\u0439 \u043a\u0443\u0440\u0441 \u0434\u043b\u044f \u0448\u043a\u043e\u043b \u0441 \u0440\u0443\u0441\u0441\u043a\u0438\u043c \u044f\u0437\u044b\u043a\u043e\u043c \u043e\u0431\u0443\u0447\u0435\u043d\u0438\u044f. Viljandi: Sarapuu, 1997, pp 86-92. [See <strong><a href=\"https:\/\/sisu.ut.ee\/ewod\/general\/booksinrussian\/20imen\">contents<\/a><\/strong> of the monograph.]<\/span><br><span style=\"font-family: verdana, geneva\">\u0420\u043e\u043c\u0430\u043d \u041a\u0430\u043b\u043b\u0430\u0441, <strong>\u041f\u043e\u044d\u0437\u0438\u044f \u0413\u0443\u0441\u0442\u0430\u0432\u0430 \u0421\u0443\u0439\u0442\u0441\u0430<\/strong>. \u2013 \u0420\u043e\u043c\u0430\u043d \u041a\u0430\u043b\u043b\u0430\u0441, \u042d\u0441\u0442\u043e\u043d\u0441\u043a\u0430\u044f \u043b\u0438\u0442\u0435\u0440\u0430\u0442\u0443\u0440\u0430: 20 \u0438\u043c\u0435\u043d \u043e\u0442 \u043a\u043b\u0430\u0441\u0441\u0438\u043a\u0438 \u0434\u043e \u0441\u043e\u0432\u0440\u0435\u043c\u0435\u043d\u043d\u043e\u0441\u0442\u0438: \u043d\u0430\u0447\u0430\u043b\u044c\u043d\u044b\u0439 \u043a\u0443\u0440\u0441 \u0434\u043b\u044f \u0448\u043a\u043e\u043b \u0441 \u0440\u0443\u0441\u0441\u043a\u0438\u043c \u044f\u0437\u044b\u043a\u043e\u043c \u043e\u0431\u0443\u0447\u0435\u043d\u0438\u044f. Viljandi: Sarapuu, 1997, pp 92-93. [See <strong><a href=\"https:\/\/sisu.ut.ee\/ewod\/general\/booksinrussian\/20imen\">contents<\/a><\/strong> of the monograph.]<\/span><\/p>\n","protected":false},"excerpt":{"rendered":"<p>Articles EnglishEle S\u00fcvalep, Gustav Suits. \u2013 Estonian Literary Magazine, no 16, 2003. GermanCornelius Hasselblatt, Entdeckung: Ein Brief von Gustav Suits. \u2013 estonia, no 1, 1997, pp 49-53.O.A. Webermann, Gustav Suits 1883-1956. \u2013 Commentationes Baltica, vol 6\/7, 1958\/59, pp 424-432.O.A. Webermann, &#8230;<\/p>\n","protected":false},"author":43,"featured_media":0,"parent":1522,"menu_order":0,"comment_status":"closed","ping_status":"closed","template":"","meta":{"_acf_changed":false,"inline_featured_image":false,"footnotes":""},"class_list":["post-1532","page","type-page","status-publish","hentry"],"acf":[],"_links":{"self":[{"href":"https:\/\/sisu.ut.ee\/ewod\/wp-json\/wp\/v2\/pages\/1532","targetHints":{"allow":["GET"]}}],"collection":[{"href":"https:\/\/sisu.ut.ee\/ewod\/wp-json\/wp\/v2\/pages"}],"about":[{"href":"https:\/\/sisu.ut.ee\/ewod\/wp-json\/wp\/v2\/types\/page"}],"author":[{"embeddable":true,"href":"https:\/\/sisu.ut.ee\/ewod\/wp-json\/wp\/v2\/users\/43"}],"replies":[{"embeddable":true,"href":"https:\/\/sisu.ut.ee\/ewod\/wp-json\/wp\/v2\/comments?post=1532"}],"version-history":[{"count":1,"href":"https:\/\/sisu.ut.ee\/ewod\/wp-json\/wp\/v2\/pages\/1532\/revisions"}],"predecessor-version":[{"id":3552,"href":"https:\/\/sisu.ut.ee\/ewod\/wp-json\/wp\/v2\/pages\/1532\/revisions\/3552"}],"up":[{"embeddable":true,"href":"https:\/\/sisu.ut.ee\/ewod\/wp-json\/wp\/v2\/pages\/1522"}],"wp:attachment":[{"href":"https:\/\/sisu.ut.ee\/ewod\/wp-json\/wp\/v2\/media?parent=1532"}],"curies":[{"name":"wp","href":"https:\/\/api.w.org\/{rel}","templated":true}]}}