{"id":1521,"date":"2024-04-03T23:41:28","date_gmt":"2024-04-03T20:41:28","guid":{"rendered":"https:\/\/sisu.ut.ee\/ewod\/jakobson\/"},"modified":"2025-09-20T12:57:37","modified_gmt":"2025-09-20T09:57:37","slug":"jakobson","status":"publish","type":"page","link":"https:\/\/sisu.ut.ee\/ewod\/j\/jakobson\/","title":{"rendered":"August Jakobson"},"content":{"rendered":"<h5 class=\"wp-block-heading\"><a href=\"https:\/\/sisu.ut.ee\/wp-content\/uploads\/sites\/108\/a-25-14_august_jakobson.jpg\" target=\"_self\" rel=\"noopener\"><img decoding=\"async\" title=\"Photo: J. &amp; P. Parikas (Tallinn)\" class=\"\" style=\"float: right; width: 200px; height: 312px;\" src=\"https:\/\/sisu.ut.ee\/wp-content\/uploads\/sites\/108\/a-25-14_august_jakobson.jpg\" alt=\"August Jakobson\"><\/a><br><a href=\"https:\/\/sisu.ut.ee\/ewod\/j\/jakobson\/stories\/\" data-type=\"page\" data-id=\"1760\"><strong>Short stories<\/strong><\/a><\/h5>\n\n\n\n<h5 class=\"wp-block-heading\"><a href=\"https:\/\/sisu.ut.ee\/ewod\/j\/jakobson\/plays\/\" data-type=\"page\" data-id=\"1754\"><strong>Plays<\/strong><\/a><\/h5>\n\n\n\n<h5 class=\"wp-block-heading\"><a title=\"\" data-url=\"https:\/\/sisu.ut.ee\/ewod\/j\/jakobson\/about\" href=\"https:\/\/sisu.ut.ee\/ewod\/j\/jakobson\/about\"><strong>About August Jakobson<\/strong><\/a><\/h5>\n\n\n\n<p><br><span style=\"font-family: verdana,geneva;\"><span style=\"font-size: medium;\"><span style=\"font-size: small;\">August Jakobson (given name Augustin Jakobson, 2. IX \/ 20. VIII 1904 \u2013 23. V 1963) was a writer, statesman and national public figure. He was known as a pro-Soviet playwright and novelist. His extensive output strongly influenced the development of Estonian realism.<\/span><\/span><\/span><\/p>\n\n\n\n<p><span style=\"font-size: medium;\"><span style=\"font-size: small;\">He was born in the hamlet of R\u00e4\u00e4ma near P\u00e4rnu into a labouring family (R\u00e4\u00e4ma was incorporated into P\u00e4rnu in 1920) and studied at P\u00e4rnu co-educational gymnasium. From 1926 to 1929 he studied economics at the University of Tartu, and from 1931 to 1935 medicine, but did not graduate. He worked as a professional writer in Tartu from 1927 to 1940, and from 1928 he was a member of the Estonian Writers\u2019 Union. In 1939-1940 he was chairman of the Estonian Writers\u2019 Union. After the occupation of Estonia, Jakobson developed into a Soviet political figure. In 1940 \u2013 1941 he worked in the editorial office of the newspaper <em>Kommunist<\/em> and was chief editor of the <em>Ilukirjandus ja Kunst<\/em> (\u2018Literature and Art\u2019) publishing house, as well as being the chairman of the Estonian organizing committee of the Soviet Writers\u2019 Union in Estonia. From 1944 to 1946 and 1950 to 1954 Jakobson was chairman of the Soviet Writers\u2019 Union in Estonia, and in 1945 was named as a Merited Writer of the Estonian SSR, and two years\u00a0later People\u2019s Writer of the Estonian SSR. From 1950 to 1958 Jakobson was chairman of the Presidium of the Supreme Soviet of the Estonian SSR, and deputy chairman of the Presidium of the Supreme Soviet of the USSR. Jakobson was a member of the CPSU from 1942. He died in Tallinn, and was buried in the Metsakalmistu Cemetery. He is memorialized by a statue in P\u00e4rnu (by J. Soans, U. Ivask, 1973).<\/span><\/span><\/p>\n\n\n\n<p><span style=\"font-size: small;\">Jakobson\u2019s debut was the naturalistic novel <em>Vaeste-Patuste alev<\/em> (\u2018Town of Poor Sinners\u2019, 1927). This two-volume work won first prize in the Loodus publishing house\u2019s first novel competition and was widely read. The novel deals with the poverty and shabbiness of people\u2019s lives in the working-class district of Vaeste-Patuste (=\u2019poor sinners\u2019, the basis of which was the R\u00e4\u00e4ma district of P\u00e4rnu) in the nineteen-tens and twenties. The work laid the foundations for the tradition of the novel of social conditions in Estonian literature. In Soviet Estonia Jakobson set about rewriting the novel to conform to the demands of socialist realism, but he only got as far as the first volume. The first dramatization of the novel was by A. S\u00e4rev at the P\u00e4rnu Workers\u2019 Theatre (1929) and it has been repeatedly staged since then.<\/span><\/p>\n\n\n\n<p><span style=\"font-size: small;\">Several cycles of novels followed \u2013 <em>Tuhkur hobune<\/em> (\u2018The Grey Horse\u2019), <em>Andruksonide suguv\u00f5sa<\/em> (\u2018The Andrukson Saga\u2019) \u2013 and being an extremely prolific author, Jakobson produced seven volumes of short stories as well between 1930 and 1939. More novels appeared at short intervals, and before the Second World War Jakobson wrote his first plays, <em>Purunenud vaas<\/em> (\u2018The Shattered Vase\u2019, staged at the Vanemuine Theatre and the Estonian Drama Theatre in 1938) and <em>Viirastused<\/em> (\u2018The Phantoms\u2019, later titled <em>Tondid<\/em> \u2013 \u2018The Ghosts\u2019). The latter won \u2013 together with the short story collection <em>M\u00e4lestusi laulvast kuldnokast<\/em> (\u2018Memories of a Singing Starling\u2019) \u2013 the Estonian President\u2019s Literature Prize in 1940. <em>Viirastused<\/em> attracted attention for developing ethical problems in the spirit of psychoanalysis, and it has been repeatedly staged subsequently.<\/span><\/p>\n\n\n\n<p><span style=\"font-size: small;\">After the occupation of Estonia, a change came over Jakobson\u2019s work: instead of the naturalistic tendency, his works began to be dominated by Soviet ideology. Works with a strongly propagandist tendency appeared \u2013 a few collections of stories and short prose works. Jakobson also published a collection of fairy-tales addressed to children: <em>\u00d6\u00f6bik ja vaskuss<\/em> (\u2018The Nightingale and the Blind-worm\u2019, 1947), which has been several times reprinted.<\/span><\/p>\n\n\n\n<p><span style=\"font-size: small;\">In Soviet Estonia Jakobson wrote works for the stage, which he himself called dramatic tales. The first of these was <em>Elu tsitadellis<\/em> (\u2018Life in the Citadel\u2019, 1946), which denounces suspicious attitudes to Soviet power. Because of its ideological stance, the work earned support from Soviet cultural institutions, and it was much staged in the theatres of the Soviet Union and eastern Europe. The first Soviet Estonian feature film was made of it, with the same name (dir. H. Rappoport, 1947). The play <em>V\u00f5itlus<\/em> (\u2018Combat\u2019; later renamed <em>V\u00f5itlus rindejooneta<\/em> \u2013 \u2018Combat without a Front Line\u2019), written in 1946, portrays class conflict within one family during the Estonian Republic. For these two plays Jakobson was the first Estonian writer to win the Stalin Prize. In the play <em>Kaks leeri<\/em> (\u2018Two Camps\u2019, 1948), the ideas of socialist and capitalist society are placed in opposition. This was followed by several works for the stage idealizing the socialist order \u2013 <em>Rooste<\/em> (\u2018Rust\u2019), <em>Meie elu<\/em> (\u2018Our Life\u2019), <em>Ehitajad<\/em> (\u2018The Builders\u2019) \u2013 and plays of political propaganda during the Cold War: <em>\u00d6\u00f6 ja p\u00e4eva piiril<\/em> (\u2018On the Boundary of Night and Day\u2019), <em>\u0160akaalid<\/em> (\u2018The Jackals\u2019), <em>Kaitseingel Nebraskast<\/em> (\u2018The Guardian Angel from Nebraska\u2019), and <em>Suremine<\/em> (\u2018Dying\u2019).<\/span><\/p>\n\n\n\n<p><span style=\"font-size: small;\">Jakobson\u2019s last work was a dramatic chronicle consisting of six plays, <em>Tormis\u00f5lmed<\/em> I-II (\u2018Eyes of the Storms\u2019), which portray events in Estonia from 1940 to 1944. His \u2018Selected Works\u2019, edited by himself in 13 volumes, appeared from 1954 to 1959, supplemented by seven volumes published posthumously from 1979 to 1982. Although his first work <em>Vaeste-Patuste alev<\/em> was for years in the list of banned books, his later acceptance of Soviet ideology, but especially his propagandistic dramatic works, meant that Jakobson was copiously translated into the languages of the Soviet Union, but also rest of the world.<\/span><\/p>\n\n\n\n<p><em><span style=\"font-size: small;\">A. N. (Translated by C. M.)<\/span><\/em><\/p>\n\n\n\n<p><br><strong><span style=\"font-size: medium;\">Books in Estonian<\/span><\/strong><\/p>\n\n\n\n<p><span style=\"font-family: verdana,geneva;\"><span style=\"font-size: medium;\"><strong><em><span style=\"font-size: small;\">Novels<\/span><\/em><\/strong><br><span style=\"font-size: small;\"><strong>Vaeste-Patuste alev<\/strong>. Tartu: Loodus, 1927, 760 lk (2 k\u00f6idet). [2. tr\u00fckk: Tartu: Noor-Eesti, 1937, 399+361 lk; 3. tr\u00fckk: Tallinn: Eesti Raamat, 1979-1980, 319+334 lk (Valitud teosed, 14-15. k\u00f6ide); 4. tr\u00fckk: Tallinn: Eesti P\u00e4evaleht, Akadeemia, 2009, 431 lk.]<\/span><br><span style=\"font-size: small;\"><strong>Tuhkur hobune: romaan 4 k\u00f6ites. I k\u00f6ide, Suur algus<\/strong>. Tartu: Loodus, 1928, 423 lk. <\/span><br><span style=\"font-size: small;\"><strong>Tuhkur hobune: romaan 4 k\u00f6ites. II k\u00f6ide, S\u00f5da, n\u00e4lg ja armastus<\/strong>. Tartu: Loodus, 1928, 616 lk.<\/span><br><span style=\"font-size: small;\"><strong>Tuhkur hobune: romaan 4 k\u00f6ites. III k\u00f6ide, Punane aasta<\/strong>. Tartu: Loodus, 1930, 339 lk.<\/span><br><span style=\"font-size: small;\"><strong>Tuhkur hobune: romaan 4 k\u00f6ites. IV k\u00f6ide, \u00dcheksas laine<\/strong>. Tartu: Loodus, 1933, 263 lk.<\/span><br><span style=\"font-size: small;\"><strong>Kolme vaeva tee. (Heleene Lingi elu ja surm)<\/strong>. Tartu: Noor-Eesti, 1930, 486 lk. [2. tr\u00fckk: Valitud teosed, 6, Tallinn: Eesti Riiklik Kirjastus, 1956, 415 lk.]<\/span><br><span style=\"font-size: small;\"><strong>Miika Valtsbergi roim: esimene romaan ts\u00fcklist \u201cAndruksonide suguv\u00f5sa\u201d<\/strong>. Tartu: Noor-Eesti, 1931, 447 lk. [2. tr\u00fckk: Valitud teosed, 16, Tallinn: Eesti Raamat, 1980, 399 lk.]<\/span><br><span style=\"font-size: small;\"><strong>T\u00f6\u00f6 algus: teine romaan ts\u00fcklist \u201cAndruksonide suguv\u00f5sa\u201d<\/strong>. Tartu: Noor-Eesti, 1932, 312 lk. [2. tr\u00fckk: Valitud teosed, 17, Tallinn: Eesti Raamat, 1980, 318 lk.]<\/span><br><span style=\"font-size: small;\"><strong>Vallutajad: kolmas romaan ts\u00fcklist \u201cAndruksonide suguv\u00f5sa\u201d<\/strong>. Tartu: Noor-Eesti, 1934, 345 lk. [2. tr\u00fckk: Valitud teosed, 18, Tallinn: Eesti Raamat, 1981, 303 lk.]<\/span><br><span style=\"font-size: small;\"><strong>Vana kaardiv\u00e4gi<\/strong>. Tartu: Eesti Kirjastuse Kooperatiiv, 1935, 319 lk. [2. tr\u00fckk: Valitud teosed, 7, Tallinn: Eesti Riiklik Kirjastus, 1957, 339 lk.]<\/span><br><span style=\"font-size: small;\"><strong>Metsalise rada<\/strong>. Tartus: Noor-Eesti, 1936, 484 lk. [2. tr\u00fckk: Valitud teosed, 8, Tallinn: Eesti Riiklik Kirjastus, 1957, 415 lk.]<\/span><br><span style=\"font-size: small;\"><strong>Uus inimene<\/strong>. Tartu: Eesti Kirjastuse Kooperatiiv, 1938, 535 lk. [2. tr\u00fckk: Valitud teosed, 9, Tallinn: Eesti Riiklik Kirjastus, 1956, 363 lk.]<\/span><br><span style=\"font-size: small;\"><strong>Vaikne \u00f5htu: (Igavesed eestlased I)<\/strong>. Tartu: Noor-Eesti, 1937, 380 lk. [2. tr\u00fckk: Valitud teosed, 10, Tallinn: Eesti Riiklik Kirjastus, 1958, 424 lk.]<\/span><br><span style=\"font-size: small;\"><strong>Oktoobrituul: (Igavesed eestlased II)<\/strong>. Tartu: Noor-Eesti, 1938, 344+368 lk (2 k\u00f6idet). [2. tr\u00fckk: Valitud teosed, 11, 12, Tallinn: Eesti Riiklik Kirjastus, 1959, 376+384 lk.]<\/span><br><span style=\"font-size: small;\"><strong>Lumi sulab [1. k\u00f6ide]: (Igavesed eestlased III)<\/strong>. Tartu: Noor-Eesti, 1940, 383 lk. [2. tr\u00fckk: Valitud teosed, 13, Tallinn: Eesti Raamat, 1967, 388 lk.]<\/span><\/span><\/span><\/p>\n\n\n\n<p><strong><em><span style=\"font-size: small;\">Short stories<\/span><\/em><\/strong><br><span style=\"font-size: small;\"><strong>Joonatan Hingemaa eksir\u00e4nnakud<\/strong>. Tartu: Noor-Eesti, 1930, 259 lk.<\/span><br><span style=\"font-size: small;\"><strong>Kotkapoeg<\/strong>. Tartu: Eesti Kirjanikkude Liit, 1932, 168 lk.<\/span><br><span style=\"font-size: small;\"><strong>Reisijad l\u00f5ppjaamas<\/strong>. Tartu: Eesti Kirjanikkude Liit, 1934, 154 lk.<\/span><br><span style=\"font-size: small;\"><strong>Reamees Mattias<\/strong>. Tartu: Noor-Eesti, 1935, 208 lk. <\/span><br><span style=\"font-size: small;\"><strong>\u00dcksiklased<\/strong>. Tartu: Eesti Kirjastuse Kooperatiiv, 1935, 197 lk.<\/span><br><span style=\"font-size: small;\"><strong>Esimesed meheteod<\/strong>. Tartu: Eesti Kirjanikkude Liit, 1936, 235 lk.<\/span><br><span style=\"font-size: small;\"><strong>M\u00e4lestusi laulvast kuldnokast<\/strong>. Tartu: Eesti Kirjastuse Kooperatiiv, 1939, 215 lk.<\/span><br><span style=\"font-size: small;\"><strong>Tules ja veres<\/strong>. Moskva: V\u00f5\u00f5rkeelse Kirjanduse Kirjastus, 1942, 54 lk.<\/span><br><span style=\"font-size: small;\"><strong>Hiiglaste tee: kolm jutustust<\/strong>. Leningrad: Ilukirjandus ja Kunst, 1944, 112 lk.<\/span><br><span style=\"font-size: small;\"><strong>Sadam udu taga. Valitud jutustused 1<\/strong>. Tallinn: Ilukirjandus ja Kunst, 1945, 431 lk.<\/span><br><span style=\"font-size: small;\"><strong>Aovalgus. Valitud jutustused 2<\/strong>. Tallinn: Ilukirjandus ja Kunst, 1946, 447 lk.<\/span><br><span style=\"font-size: small;\"><strong>Tulikuum p\u00e4ev. Valitud jutustused 3<\/strong>. Tallinn: Ilukirjandus ja Kunst, 1949, 566 lk. <\/span><br><span style=\"font-size: small;\"><strong>Kasvutung. Jutustused<\/strong>. Tallinn: Ilukirjandus ja Kunst, 1949, 168 lk.<\/span><\/p>\n\n\n\n<p><strong><em><span style=\"font-size: small;\">Plays<\/span><\/em><\/strong><br><span style=\"font-size: small;\"><strong>Viirastused<\/strong>. Tallinn: Autorikaitse \u00dching, 1939, 135 lk.<br><strong>Elu tsitadellis<\/strong>. Tallinn: Ilukirjandus ja Kunst, 1946, 128 lk. [J\u00e4rgnevad tr\u00fckid: Tallinn: Ilukirjandus ja Kunst, 1947, 117 lk; \u2018Autasustatud n\u00e4idendid. Elu tsitadellis, V\u00f5itlus rindejooneta\u2019, Tallinn: Ilukirjandus ja Kunst, 1949, 304 lk; \u2018Valitud teosed, 4. k\u00f6ide: N\u00e4idendid. 1\u2019, Tallinn: Eesti Riiklik Kirjastus, 1954, 603 lk; \u2018N\u00e4idendid: Elu tsitadellis, V\u00f5itlus rindejooneta, Kaks leeri, \u00d6\u00f6 ja p\u00e4eva piiril, Vana tamm\u2019, Tallinn: Eesti Raamat, 1975, 560 lk.]<br><strong>V\u00f5itlus rindejooneta<\/strong>. Tallinn: Ilukirjandus ja Kunst, 1948, 104 lk. [J\u00e4rgnevad tr\u00fckid: \u2018Autasustatud n\u00e4idendid. Elu tsitadellis, V\u00f5itlus rindejooneta\u2019, Tallinn: Ilukirjandus ja Kunst, 1949, 304 lk; \u2018Valitud teosed, 4. k\u00f6ide: N\u00e4idendid. 1\u2019, Tallinn: Eesti Riiklik Kirjastus, 1954, 603 lk; \u2018N\u00e4idendid: Elu tsitadellis, V\u00f5itlus rindejooneta, Kaks leeri, \u00d6\u00f6 ja p\u00e4eva piiril, Vana tamm\u2019, Tallinn: Eesti Raamat, 1975, 560 lk.]<br><strong>Rooste<\/strong>. Tallinn: Ilukirjandus ja Kunst, 1948, 172 lk. [2. tr\u00fckk: \u2018Valitud teosed, 4. k\u00f6ide: N\u00e4idendid. 1\u2019, Tallinn: Eesti Riiklik Kirjastus, 1954, 603 lk.]<br><strong>Kaks leeri<\/strong>. Tallinn: Ilukirjandus ja Kunst, 1948, 124 lk. [J\u00e4rgnevad tr\u00fckid: \u2018Valitud teosed, 5. k\u00f6ide: N\u00e4idendid. 2\u2019, Tallinn: Eesti Riiklik Kirjastus, 1955, 510 lk; \u2018N\u00e4idendid: Elu tsitadellis, V\u00f5itlus rindejooneta, Kaks leeri, \u00d6\u00f6 ja p\u00e4eva piiril, Vana tamm\u2019, Tallinn: Eesti Raamat, 1975, 560 lk.]<br><strong>Meie elu<\/strong>. Tallinn: Ilukirjandus ja Kunst, 1949, 116 lk. [2. tr\u00fckk: \u2018Valitud teosed, 4. k\u00f6ide: N\u00e4idendid. 1\u2019, Tallinn: Eesti Riiklik Kirjastus, 1954, 603 lk.]<br><strong>Ehitajad<\/strong>. Tallinn: Eesti Riiklik Kirjastus, 1950, 132 lk.<br>[2. tr\u00fckk: \u2018Valitud teosed, 4. k\u00f6ide: N\u00e4idendid. 1\u2019, Tallinn: Eesti Riiklik Kirjastus, 1954, 603 lk.]<br><strong>\u00d6\u00f6 ja p\u00e4eva piiril<\/strong>. Tallinn: Eesti Riiklik Kirjastus, 1950, 148 lk. [J\u00e4rgnevad tr\u00fckid: \u2018Valitud teosed, 5. k\u00f6ide: N\u00e4idendid. 2\u2019, Tallinn: Eesti Riiklik Kirjastus, 1955, 510 lk; \u2018N\u00e4idendid: Elu tsitadellis, V\u00f5itlus rindejooneta, Kaks leeri, \u00d6\u00f6 ja p\u00e4eva piiril, Vana tamm\u2019, Tallinn: Eesti Raamat, 1975, 560 lk.]<br><strong>\u0160aakalid<\/strong>. Tallinn: Eesti Riiklik Kirjastus, 1952, 36 lk.<br>[J\u00e4rgnev tr\u00fckk: \u2018Valitud teosed, 5. k\u00f6ide: N\u00e4idendid. 2\u2019, Tallinn: Eesti Riiklik Kirjastus, 1955, 510 lk.]<br><strong>Kaitseingel Nebraskast<\/strong>. Tallinn: Eesti Riiklik Kirjastus, 1953, 143 lk. [J\u00e4rgnev tr\u00fckk: \u2018Valitud teosed, 5. k\u00f6ide: N\u00e4idendid. 2\u2019, Tallinn: Eesti Riiklik Kirjastus, 1955, 510 lk.]<br><strong>Suremine<\/strong>. Tallinn: Eesti Riiklik Kirjastus, 1953, 120 lk.<br><strong>Vana tamm<\/strong>. Tallinn: Eesti Riiklik Kirjastus, 1955, 116 lk. [J\u00e4rgnev tr\u00fckk: \u2018N\u00e4idendid: Elu tsitadellis, V\u00f5itlus rindejooneta, Kaks leeri, \u00d6\u00f6 ja p\u00e4eva piiril, Vana tamm\u2019, Tallinn: Eesti Raamat, 1975, 560 lk.]<br><strong>Tormis\u00f5lmed. Dramaatiline kroonika 2 k\u00f6ites. 1. k\u00f6ide<\/strong>. Tallinn: Eesti Riiklik Kirjastus, 1962, 343 lk. [Sisu: \u2018Taliharjap\u00e4ev\u2019, \u2018Kevadine tuul\u2019, \u2018Raudne udu\u2019.]<br><strong>Tormis\u00f5lmed. Dramaatiline kroonika 2 k\u00f6ites. 2. k\u00f6ide<\/strong>. Tallinn: Eesti Riiklik Kirjastus, 1962, 376 lk. [\u2018J\u00e4\u00e4minek\u2019, \u2018Hingetorm\u2019, \u2018H\u00e4da neile, kes unustavad\u2019.]<\/span><\/p>\n\n\n\n<p><strong><em><span style=\"font-size: small;\">Fairy tale collection<\/span><\/em><\/strong><br><span style=\"font-size: small;\"><strong>\u00d6\u00f6bik ja vaskuss: eesti rahva muinasjutte lindudest ja loomadest<\/strong>. Tallinn: Ilukirjandus ja Kunst, 1947, 211 lk. [J\u00e4rgnevad tr\u00fckid: Tallinn: Eesti Riiklik Kirjastus, 1949, 211 lk; Tallinn: Eesti Riiklik Kirjastus, 1954, 212 lk; Tallinn: Eesti Raamat, 1974, 136 lk; Tallinn: Eesti Raamat, 1987, 141 lk; Kuressaare: TormiKiri, 1997, 135 lk.] <\/span><\/p>\n\n\n\n<p><strong><em><span style=\"font-size: small;\">Selected works<\/span><\/em><\/strong><br><span style=\"font-size: small;\"><strong>Valitud teosed, 1. k\u00f6ide: Jutustused. 1<\/strong>. Tallinn: Eesti Riiklik Kirjastus, 1954, 504 lk.<\/span><br><span style=\"font-size: small;\"><strong>Valitud teosed, 2. k\u00f6ide: Jutustused. 2<\/strong>. Tallinn: Eesti Riiklik Kirjastus, 1954, 456 lk.<\/span><br><span style=\"font-size: small;\"><strong>Valitud teosed, 3. k\u00f6ide: Jutustused. 3<\/strong>. Tallinn: Eesti Riiklik Kirjastus, 1954, 575 lk.<\/span><br><span style=\"font-size: small;\"><strong>Valitud teosed, 4. k\u00f6ide: N\u00e4idendid. 1<\/strong>. Tallinn: Eesti Riiklik Kirjastus, 1954, 603 lk. [Sisu: \u2018Tondid\u2019; \u2018Elu tsitadellis\u2019, \u2018V\u00f5itlus rindejooneta\u2019, \u2018Rooste\u2019, \u2018Meie elu\u2019, \u2018Ehitajad\u2019.]<\/span><br><span style=\"font-size: small;\"><strong>Valitud teosed, 5. k\u00f6ide: N\u00e4idendid. 2<\/strong>. Tallinn: Eesti Riiklik Kirjastus, 1955, 510 lk. [Sisu: \u2018Kaks leeri\u2019, \u2018\u00d6\u00f6 ja p\u00e4eva piiril\u2019, \u2018\u0160aakalid\u2019, \u2018Kaitseingel Nebraskast\u2019, \u2018Kaotatud paradiis\u2019.]<\/span><br><span style=\"font-size: small;\"><strong>Valitud teosed, 6. k\u00f6ide: Kolme vaeva tee: Heleene Lingi elu ja surm: romaan<\/strong>. Tallinn: Eesti Riiklik Kirjastus, 1956, 415 lk.<\/span><br><span style=\"font-size: small;\"><strong>Valitud teosed, 7. k\u00f6ide: Vana kaardiv\u00e4gi: romaan 3 jaos epiloogiga<\/strong>. Tallinn: Eesti Riiklik Kirjastus, 1957, 339 lk.<\/span><br><span style=\"font-size: small;\"><strong>Valitud teosed, 8. k\u00f6ide: Metsalise rada: romaan 5 jaos koos epiloogiga<\/strong>. Tallinn: Eesti Riiklik Kirjastus, 1957, 415 lk.<\/span><br><span style=\"font-size: small;\"><strong>Valitud teosed, 9. k\u00f6ide: Uus inimene: (\u00fche eduka mehe r\u00f5\u00f5me ja muresid): romaan viies jaos<\/strong>. Tallinn: Eesti Riiklik Kirjastus, 1956, 363 lk.<\/span><br><span style=\"font-size: small;\"><strong>Valitud teosed, 10. k\u00f6ide: Vaikne \u00f5htu. Igavesed eestlased 1<\/strong>. Tallinn: Eesti Riiklik Kirjastus, 1958, 424 lk. [Romaan.]<\/span><br><span style=\"font-size: small;\"><strong>Valitud teosed, 11. k\u00f6ide: Oktoobrituul. I. Igavesed eestlased 2<\/strong>. Tallinn: Eesti Riiklik Kirjastus, 1959, 376 lk. [Romaani 1. osa.]<\/span><br><span style=\"font-size: small;\"><strong>Valitud teosed, 12. k\u00f6ide: Oktoobrituul. II. Igavesed eestlased 3<\/strong>. Tallinn: Eesti Riiklik Kirjastus, 1959, 384 lk.<\/span><br><span style=\"font-size: small;\"><strong>Valitud teosed, 13. k\u00f6ide: Lumi sulab. Igavesed eestlased 4<\/strong>. Tallinn: Eesti Raamat, 1967, 388 lk. [Romaan.]<\/span><br><span style=\"font-size: small;\"><strong>Valitud teosed, 14. k\u00f6ide: Vaeste-Patuste alev: romaan. 1<\/strong>. Tallinn: Eesti Raamat, 1979, 319 lk.<\/span><br><span style=\"font-size: small;\"><strong>Valitud teosed, 15. k\u00f6ide: Vaeste-Patuste alev: romaan. 2<\/strong>. Tallinn: Eesti Raamat, 1979, 334 lk.<\/span><br><span style=\"font-size: small;\"><strong>Valitud teosed, 16. k\u00f6ide: Miika Valtsbergi roim. Andruksonide suguv\u00f5sa 1<\/strong>. Tallinn: Eesti Raamat, 1980, 399 lk. [Romaan.]<\/span><br><span style=\"font-size: small;\"><strong>Valitud teosed, 17. k\u00f6ide: T\u00f6\u00f6 algus. Andruksonide suguv\u00f5sa 2<\/strong>. Tallinn: Eesti Raamat, 1980, 318 lk. [Romaan.]<\/span><br><span style=\"font-size: small;\"><strong>Valitud teosed, 18. k\u00f6ide: Vallutajad. Andruksonide suguv\u00f5sa 3<\/strong>. Tallinn: Eesti Raamat, 1981, 303 lk. [Romaan.]<\/span><br><span style=\"font-size: small;\"><strong>Valitud teosed, 19. k\u00f6ide: Jutustused. 4<\/strong>. Tallinn: Eesti Raamat, 1981, 461 lk.<\/span><br><span style=\"font-size: small;\"><strong>Valitud teosed, 20. k\u00f6ide: Muinasjutud<\/strong>. Tallinn: Eesti Raamat, 1982, 335 lk.<\/span><\/p>\n","protected":false},"excerpt":{"rendered":"<p>Short stories Plays About August Jakobson August Jakobson (given name Augustin Jakobson, 2. IX \/ 20. VIII 1904 \u2013 23. V 1963) was a writer, statesman and national public figure. He was known as a pro-Soviet playwright and novelist. His &#8230;<\/p>\n","protected":false},"author":43,"featured_media":0,"parent":620,"menu_order":0,"comment_status":"closed","ping_status":"closed","template":"","meta":{"_acf_changed":false,"inline_featured_image":false,"footnotes":""},"class_list":["post-1521","page","type-page","status-publish","hentry"],"acf":[],"_links":{"self":[{"href":"https:\/\/sisu.ut.ee\/ewod\/wp-json\/wp\/v2\/pages\/1521","targetHints":{"allow":["GET"]}}],"collection":[{"href":"https:\/\/sisu.ut.ee\/ewod\/wp-json\/wp\/v2\/pages"}],"about":[{"href":"https:\/\/sisu.ut.ee\/ewod\/wp-json\/wp\/v2\/types\/page"}],"author":[{"embeddable":true,"href":"https:\/\/sisu.ut.ee\/ewod\/wp-json\/wp\/v2\/users\/43"}],"replies":[{"embeddable":true,"href":"https:\/\/sisu.ut.ee\/ewod\/wp-json\/wp\/v2\/comments?post=1521"}],"version-history":[{"count":4,"href":"https:\/\/sisu.ut.ee\/ewod\/wp-json\/wp\/v2\/pages\/1521\/revisions"}],"predecessor-version":[{"id":7606,"href":"https:\/\/sisu.ut.ee\/ewod\/wp-json\/wp\/v2\/pages\/1521\/revisions\/7606"}],"up":[{"embeddable":true,"href":"https:\/\/sisu.ut.ee\/ewod\/wp-json\/wp\/v2\/pages\/620"}],"wp:attachment":[{"href":"https:\/\/sisu.ut.ee\/ewod\/wp-json\/wp\/v2\/media?parent=1521"}],"curies":[{"name":"wp","href":"https:\/\/api.w.org\/{rel}","templated":true}]}}