{"id":1519,"date":"2024-04-03T23:41:28","date_gmt":"2024-04-03T20:41:28","guid":{"rendered":"https:\/\/sisu.ut.ee\/ewod\/voolaid\/"},"modified":"2025-03-17T09:35:31","modified_gmt":"2025-03-17T07:35:31","slug":"voolaid","status":"publish","type":"page","link":"https:\/\/sisu.ut.ee\/ewod\/v\/voolaid\/","title":{"rendered":"Juhan Voolaid"},"content":{"rendered":"<figure class=\"wp-block-image alignright is-resized\"><a href=\"https:\/\/sisu.ut.ee\/wp-content\/uploads\/sites\/108\/juhan_voolaid_alar_madisson.jpg\" target=\"_self\" rel=\"noopener\"><img decoding=\"async\" src=\"https:\/\/sisu.ut.ee\/wp-content\/uploads\/sites\/108\/juhan_voolaid_alar_madisson.jpg\" alt=\"Juhan Voolaid\" style=\"width:262px;height:auto\" title=\"Photo: Alar Madisson\"><\/a><\/figure>\n\n\n\n<p><span style=\"color: #000000;\"><span style=\"font-size: 13px;\"><span style=\"font-family: Verdana,Geneva,sans-serif;\"><\/span><\/span><\/span><\/p>\n\n\n\n<p>Juhan Voolaid (born 13 April 1971) is a writer and municipal official.<\/p>\n\n\n\n<p><span style=\"color: #000000;\"><span style=\"font-size: 13px;\"><span style=\"font-family: Verdana,Geneva,sans-serif;\">Voolaid was born in Tartu and completed Tartu Secondary school No. 1. He has studied geography at the University of Tartu. Juhan Voolaid belongs to the Estonian Writers\u2019 Union since 2017. In 2021, he bore the title of the town writer of Tartu.<\/span><\/span><\/span><\/p>\n\n\n\n<p><span style=\"color: #000000;\"><span style=\"font-size: 13px;\"><span style=\"font-family: Verdana,Geneva,sans-serif;\">Juhan Voolaid has written books since 2008. Voolaid is knowledgeable about his hometown Tartu and its history and writes in a manner that provides information about Tartu and is entertaining to read.<\/span><\/span><\/span><\/p>\n\n\n\n<p>He made his debut in 2008 with the science fiction book <em>Erakordne info Maa elanikele<\/em> (\u2018Extraordinary Information for the Inhabitants of the Earth\u2019). Later, Voolaid concentrated on the theme of Tartu and memories. Sometimes, he broadens the geographical scope of his books and writes also about Tallinn and P\u00e4rnu. One of the main characters of the book <em>Tartu 1971\u20131983. J\u00f5mpsika m\u00e4lestused<\/em> (\u2018Tartu 1971\u20131983. A Rascal\u2019s Memories\u2019, 2020) is the author in his boyhood. The other main character is the Soviet-time town of Tartu seen through the eyes of that boy. In addition to books about Tartu in the author\u2019s childhood, Juhan Voolaid has published three more books about Tartu: <em>Hokim\u00e4ngija Tartu linnam\u00fc\u00fcril<\/em> (\u2018Hockey Player on the Town Wall of Tartu\u2019, 2014), <em>Tartu \u00f5uduskaupmees<\/em> (\u2018Tartu Merchant of Horrors\u2019, 2016) and <em>Tartu Jaani \u00fcrik ja elu m\u00f5tte r\u00e4pane saladus<\/em> (\u2018St John\u2019s Manuscript of Tartu and the Dirty Secret of the Meaning of Life\u2019, 2021).<\/p>\n\n\n\n<p>Voolaid has also published a collection of short stories on sports topics, <em>\u00dclikorvpalluri loomine<\/em> (\u2018The Creation of a World-Class Basketball Player\u2019, 2022), and <em>Eesti t\u00e4nap\u00e4evased muinasjutud<\/em> (\u2018Contemporary Estonian Fairy-Tales\u2019, 2023), intended for all ages, in which the classic characters of Estonian fairy tales, Vanapagan, the wise wizard of Lapland etc., are set to live in the modern world.<\/p>\n\n\n\n<p>In 2012, Voolaid published the children\u2019s book <em>Kullam\u00e4e lood<\/em> (\u2018Kullam\u00e4e Stories\u2019), which is based on his father\u2019s memories. <em>Kommikoletis<\/em> (\u2018Candy Monster\u2019, 2022) mainly compiles children\u2019s stories published in the magazine <em>T\u00e4heke<\/em>.<\/p>\n\n\n\n<p><span style=\"color: #000000;\"><span style=\"font-size: 13px;\"><span style=\"font-family: Verdana,Geneva,sans-serif;\"><em>L. P. (Translated by I. A.)<\/em><\/span><\/span><\/span><\/p>\n\n\n\n<p><br><strong><span style=\"font-size: 16px;\"><span style=\"color: #000000;\"><span style=\"font-family: Verdana,Geneva,sans-serif;\">Books in Estonian<\/span><\/span><\/span><\/strong><\/p>\n\n\n\n<p><span style=\"color: #000000;\"><span style=\"font-size: 13px;\"><span style=\"font-family: Verdana,Geneva,sans-serif;\"><strong><em>Prose<\/em><\/strong><br><strong>Erakordne info Maa elanikele<\/strong>. Konguta: Habemega Naine, 2008. 112 lk.<br>Juhan Voolaid, raamatu idee ja lapsep\u00f5lvemeenutused: Henn Voolaid, <strong>Kullam\u00e4e lood<\/strong>. Tartu: Atlex, 2012. 227 lk.<br><strong>Hokim\u00e4ngija Tartu linnam\u00fc\u00fcril<\/strong>. Tartu: Atlex, 2014. 140 lk.<br><strong>Supergripp Anton<\/strong>. Tallinn: Hea Lugu, 2015. 233 lk.<br><strong>Ideaalne taies<\/strong>. Tallinn: Hea Lugu, 2016. 287 lk.<br><strong>Tartu \u00f5uduskaupmees<\/strong>. Tallinn: Hea Lugu, 2016. 198 lk.<br><strong>L\u00e4bil\u00f6\u00f6jalammas ja marukoer<\/strong>. Tallinn: Hea Lugu, 2017. 239 lk.<br><strong>Tuhastunud k\u00fclavanem<\/strong>. Tartu: Kuuloom, 2018. 197 lk.<br><strong>Tartu 1971\u20131983: j\u00f5mpsika m\u00e4lestused<\/strong>. Tartu: Kuuloom, 2020. 252 lk.<br><strong>Tartu Jaani \u00fcrik ja elu m\u00f5tte r\u00e4pane saladus<\/strong>. Tartu: Kuuloom, 2021. 199 lk.<\/span><\/span><\/span><br><strong>Kommikoletis<\/strong>. Tartu: Kuuloom, 2022, 74 lk. [Lasteraamat.]<br><strong>\u00dclikorvpalluri loomine<\/strong>. Tartu: Kuuloom O\u00dc, 2022, 267 lk.<br><strong>Eesti t\u00e4nap\u00e4evased muinasjutud<\/strong>. Tartu: Kuuloom O\u00dc, 2023, 181 lk.<\/p>\n\n\n\n<p><span style=\"color: #000000;\"><span style=\"font-size: 13px;\"><span style=\"font-family: Verdana,Geneva,sans-serif;\"><strong><em>Photo albums<\/em><\/strong><br><strong>Aastaraamis Tartu = A year in Tartu<\/strong>. Tartu: Atlex, 2014. 103 lk.<\/span><\/span><\/span><\/p>\n","protected":false},"excerpt":{"rendered":"<p>Juhan Voolaid (born 13 April 1971) is a writer and municipal official. Voolaid was born in Tartu and completed Tartu Secondary school No. 1. He has studied geography at the University of Tartu. Juhan Voolaid belongs to the Estonian Writers\u2019 &#8230;<\/p>\n","protected":false},"author":43,"featured_media":0,"parent":733,"menu_order":0,"comment_status":"closed","ping_status":"closed","template":"","meta":{"_acf_changed":false,"inline_featured_image":false,"footnotes":""},"class_list":["post-1519","page","type-page","status-publish","hentry"],"acf":[],"_links":{"self":[{"href":"https:\/\/sisu.ut.ee\/ewod\/wp-json\/wp\/v2\/pages\/1519","targetHints":{"allow":["GET"]}}],"collection":[{"href":"https:\/\/sisu.ut.ee\/ewod\/wp-json\/wp\/v2\/pages"}],"about":[{"href":"https:\/\/sisu.ut.ee\/ewod\/wp-json\/wp\/v2\/types\/page"}],"author":[{"embeddable":true,"href":"https:\/\/sisu.ut.ee\/ewod\/wp-json\/wp\/v2\/users\/43"}],"replies":[{"embeddable":true,"href":"https:\/\/sisu.ut.ee\/ewod\/wp-json\/wp\/v2\/comments?post=1519"}],"version-history":[{"count":3,"href":"https:\/\/sisu.ut.ee\/ewod\/wp-json\/wp\/v2\/pages\/1519\/revisions"}],"predecessor-version":[{"id":6771,"href":"https:\/\/sisu.ut.ee\/ewod\/wp-json\/wp\/v2\/pages\/1519\/revisions\/6771"}],"up":[{"embeddable":true,"href":"https:\/\/sisu.ut.ee\/ewod\/wp-json\/wp\/v2\/pages\/733"}],"wp:attachment":[{"href":"https:\/\/sisu.ut.ee\/ewod\/wp-json\/wp\/v2\/media?parent=1519"}],"curies":[{"name":"wp","href":"https:\/\/api.w.org\/{rel}","templated":true}]}}