{"id":1492,"date":"2024-04-03T23:41:25","date_gmt":"2024-04-03T20:41:25","guid":{"rendered":"https:\/\/sisu.ut.ee\/ewod\/booksinhungarian\/"},"modified":"2024-04-04T00:07:07","modified_gmt":"2024-04-03T21:07:07","slug":"booksinhungarian","status":"publish","type":"page","link":"https:\/\/sisu.ut.ee\/ewod\/general\/booksinhungarian\/","title":{"rendered":"General treatments &#8211; books in Hungarian"},"content":{"rendered":"<p><span style=\"font-family: verdana, geneva\">\u00c1rp\u00e1s K\u00e1roly, <a href=\"http:\/\/www.sulinet.hu\/oroksegtar\/data\/tudomany_es_ismeretterjesztes\/messze_van_esztorszag\/\" target=\"_blank\" rel=\"noopener\"><strong>Messze van \u00c9sztorsz\u00e1g\u2026: (v\u00e1logatott finnugrisztikai dolgozatok)<\/strong><\/a>. Savariae [i.e. Szombathely]: Berzsenyi D\u00e1niel Tan\u00e1rk\u00e9pz\u00f6 F\u00f6iskola, 2003, 275 pp. [A monograph about Estonian history and literature. Includes special chapters about \u2018Kalevipoeg\u2019, Lydia Koidula (in German), A. H. Tammsaare, Jaan Kross, Minni Nurme, Viivi Luik and Paul-Eerik Rummo.]<\/span><\/p>\n","protected":false},"excerpt":{"rendered":"<p>\u00c1rp\u00e1s K\u00e1roly, Messze van \u00c9sztorsz\u00e1g\u2026: (v\u00e1logatott finnugrisztikai dolgozatok). Savariae [i.e. Szombathely]: Berzsenyi D\u00e1niel Tan\u00e1rk\u00e9pz\u00f6 F\u00f6iskola, 2003, 275 pp. [A monograph about Estonian history and literature. Includes special chapters about \u2018Kalevipoeg\u2019, Lydia Koidula (in German), A. H. Tammsaare, Jaan Kross, Minni &#8230;<\/p>\n","protected":false},"author":43,"featured_media":0,"parent":1485,"menu_order":0,"comment_status":"closed","ping_status":"closed","template":"","meta":{"_acf_changed":false,"inline_featured_image":false,"footnotes":""},"class_list":["post-1492","page","type-page","status-publish","hentry"],"acf":[],"_links":{"self":[{"href":"https:\/\/sisu.ut.ee\/ewod\/wp-json\/wp\/v2\/pages\/1492","targetHints":{"allow":["GET"]}}],"collection":[{"href":"https:\/\/sisu.ut.ee\/ewod\/wp-json\/wp\/v2\/pages"}],"about":[{"href":"https:\/\/sisu.ut.ee\/ewod\/wp-json\/wp\/v2\/types\/page"}],"author":[{"embeddable":true,"href":"https:\/\/sisu.ut.ee\/ewod\/wp-json\/wp\/v2\/users\/43"}],"replies":[{"embeddable":true,"href":"https:\/\/sisu.ut.ee\/ewod\/wp-json\/wp\/v2\/comments?post=1492"}],"version-history":[{"count":1,"href":"https:\/\/sisu.ut.ee\/ewod\/wp-json\/wp\/v2\/pages\/1492\/revisions"}],"predecessor-version":[{"id":3593,"href":"https:\/\/sisu.ut.ee\/ewod\/wp-json\/wp\/v2\/pages\/1492\/revisions\/3593"}],"up":[{"embeddable":true,"href":"https:\/\/sisu.ut.ee\/ewod\/wp-json\/wp\/v2\/pages\/1485"}],"wp:attachment":[{"href":"https:\/\/sisu.ut.ee\/ewod\/wp-json\/wp\/v2\/media?parent=1492"}],"curies":[{"name":"wp","href":"https:\/\/api.w.org\/{rel}","templated":true}]}}