{"id":1488,"date":"2024-04-03T23:41:25","date_gmt":"2024-04-03T20:41:25","guid":{"rendered":"https:\/\/sisu.ut.ee\/ewod\/vaigur\/"},"modified":"2024-04-04T00:07:06","modified_gmt":"2024-04-03T21:07:06","slug":"vaigur","status":"publish","type":"page","link":"https:\/\/sisu.ut.ee\/ewod\/v\/vaigur\/","title":{"rendered":"Enn Vaigur"},"content":{"rendered":"<p>\n\t<span style=\"font-size:16px\"><strong><span style=\"font-family:Verdana,Geneva,sans-serif\"><a data-url=\"https:\/\/sisu.ut.ee\/ewod\/v\/vaigur\/plays\" href=\"https:\/\/sisu.ut.ee\/ewod\/v\/vaigur\/plays\" title=\"\">Plays<\/a> <\/span><\/strong><span style=\"font-family:Verdana,Geneva,sans-serif\"><a href=\"https:\/\/sisu.ut.ee\/wp-content\/uploads\/sites\/108\/enn_vaigur_armin_turner.jpg\" target=\"_self\" rel=\"noopener\"><img decoding=\"async\" alt=\"Enn Vaigur\" src=\"https:\/\/sisu.ut.ee\/wp-content\/uploads\/sites\/108\/enn_vaigur_armin_turner.jpg\" style=\"float: right;width: 200px;height: 296px\" title=\"Photo: Armin T\u00fcrner\"><\/a><\/span><\/span>\n<\/p>\n<p>\u00a0\n<\/p>\n<p><span style=\"color:#000000\"><span style=\"font-size:13px\"><span style=\"font-family:Verdana,Geneva,sans-serif\">Enn Vaigur (until 1936 Heinrich Lilienberg, 12 December 1910 \u2013 21 August 1988) was a playwright.<\/span><\/span><\/span>\n<\/p>\n<p>\n\t<span style=\"color:#000000\"><span style=\"font-size:13px\"><span style=\"font-family:Verdana,Geneva,sans-serif\">Vaigur was born to a family with many children on Aruv\u00e4lja farm at Padise, Harjumaa County. Until 1920, he studied at \u00c4mari village school, from 1920\u20131924 at Padise primary school and from 1924\u20131926 at Vana-V\u00f5idu agricultural school. He worked as an office clerk and a construction worker in Harjumaa County and in Tallinn.<\/span><\/span><\/span>\n<\/p>\n<p>\n\t<span style=\"color:#000000\"><span style=\"font-size:13px\"><span style=\"font-family:Verdana,Geneva,sans-serif\">Vaigur attended courses for amateur theatre directors in Tallinn where he acquired basic skills in dramatic arts. He became a theatre enthusiast. Vaigur wrote popular plays, directed them and played on the stage. His first play with songs, <em>Kraavihallid<\/em> (\u2018Ditch Diggers\u2019, 1935), was staged by nearly all professional theatres in the year it was published. The play about five optimistic vagabond workers brought a fresh vibe to the stage. The young author charmed with his immediacy and sincerity, vivid dialogue, scenes in a jolly mood, enjoyable energetic folksy characters. The critics were benevolent; their only reproach was compositional looseness. Until 1940, eight Vaigur\u2019s plays were published in print, but none of them was as successful as the first.<\/span><\/span><\/span>\n<\/p>\n<p>\n\t<span style=\"color:#000000\"><span style=\"font-size:13px\"><span style=\"font-family:Verdana,Geneva,sans-serif\">During World War II, Vaigur was assistant to the director and actor Paul Pinna at the Estonian SSR National Art Groups in Yaroslavl. In 1943, he was sentenced to prison for ten year because of political accusations. Vaigur served his punishment at the prison camps of Kasakhstan.<\/span><\/span><\/span>\n<\/p>\n<p>\n\t<span style=\"color:#000000\"><span style=\"font-size:13px\"><span style=\"font-family:Verdana,Geneva,sans-serif\">After being released, he settled at T\u00fcri where he lived until his death. From 1956, Enn Vaigur began to publish plays again; they were widely played by country amateurs, rarer by professional theatres. In the later period, Vaigur also wrote more serious plays which reflected the dramatic recent history.<\/span><\/span><\/span>\n<\/p>\n<p>\n\t<span style=\"color:#000000\"><span style=\"font-size:13px\"><span style=\"font-family:Verdana,Geneva,sans-serif\">Vaigur has also written short prose. He has published two collections of short stories.<\/span><\/span><\/span>\n<\/p>\n<p>\n\t<span style=\"color:#000000\"><span style=\"font-size:13px\"><span style=\"font-family:Verdana,Geneva,sans-serif\">He was a member of the Estonian Writers\u2019 Union from 1964.<\/span><\/span><\/span>\n<\/p>\n<p>\n\t<span style=\"color:#000000\"><span style=\"font-size:13px\"><span style=\"font-family:Verdana,Geneva,sans-serif\">Vaigur translated works of Russian playwrights (A. Arbuzov, M. Zarudny, A. Stein and others) into Estonian. His plays have been translated into Russian, Ukrainian and Lithuanian and have been staged in Latvia and Lithuania.<\/span><\/span><\/span>\n<\/p>\n<p>\n\t<em><span style=\"color:#000000\"><span style=\"font-size:13px\"><span style=\"font-family:Verdana,Geneva,sans-serif\">L. P. (Translated by I. A.)<\/span><\/span><\/span><\/em>\n<\/p>\n<p><strong><span style=\"font-size:16px\"><span style=\"color:#000000\"><span style=\"font-family:Verdana,Geneva,sans-serif\">Books in Estonian<\/span><\/span><\/span><\/strong>\n<\/p>\n<p>\n\t<span style=\"color:#000000\"><span style=\"font-size:13px\"><span style=\"font-family:Verdana,Geneva,sans-serif\"><strong><em>Plays<\/em><\/strong><br><strong>Kraavihallid<\/strong>: kolmevaatuseline rahvat\u00fckk lauludega. Tallinn: Eesti Haridusliit, 1935. 165 lk.<br><strong>Potilill ja karusammal<\/strong>: rahvat\u00fckk 4 vaatuses. Tallinn: Eesti Haridusliit, 1936. 115 lk.<br><strong>Trump lamooriga<\/strong>: rahvat\u00fckk kolmes vaatuses, neljas pildis. Tallinn: Eesti Haridusliit, 1937.<br><strong>Vallaslaps<\/strong>: n\u00e4idend neljas vaatuses. Tallinn: Eesti Haridusliit, 1937. 127 lk.<br><strong>L\u00f5ukoerte koopas<\/strong>: n\u00e4idend kolmes vaatuses, neljas pildis. Tallinn: 1938. 84 lk.<br><strong>Aadam ja Eeva<\/strong>; igap\u00e4evane lugu tavaliste inimeste elust viies pildis eelm\u00e4nguga. Tallinn: Tarvik, 1939. 79 lk.<br><strong>Paradiis p\u00f5rgus<\/strong>: romantiline lugu lauludega neljas pildis. Tallinn: Tarvik, 1939. 96 lk.<br><strong>Vilepuhuja<\/strong>: Nurme Mangala ja Enn Vaiguri laulum\u00e4ng 4-s pildis. Tallinn: Autorikaitse \u00dching, 1940. 68 lk.<\/span><\/span><\/span>\n<\/p>\n<p>\n\t<span style=\"color:#000000\"><span style=\"font-size:13px\"><span style=\"font-family:Verdana,Geneva,sans-serif\"><strong><em>Short stories<\/em><\/strong><br><strong>Koldne s\u00fcgis<\/strong>. Tallinn: Eesti Raamat, 1982. 71 lk.<br><strong>Koduakendes kumab valgus<\/strong>. Tallinn: Eesti Raamat, 1985. 102 lk.<\/span><\/span><\/span><\/p>\n","protected":false},"excerpt":{"rendered":"<p>Plays \u00a0 Enn Vaigur (until 1936 Heinrich Lilienberg, 12 December 1910 \u2013 21 August 1988) was a playwright. Vaigur was born to a family with many children on Aruv\u00e4lja farm at Padise, Harjumaa County. Until 1920, he studied at \u00c4mari &#8230;<\/p>\n","protected":false},"author":43,"featured_media":0,"parent":733,"menu_order":0,"comment_status":"closed","ping_status":"closed","template":"","meta":{"_acf_changed":false,"inline_featured_image":false,"footnotes":""},"class_list":["post-1488","page","type-page","status-publish","hentry"],"acf":[],"_links":{"self":[{"href":"https:\/\/sisu.ut.ee\/ewod\/wp-json\/wp\/v2\/pages\/1488","targetHints":{"allow":["GET"]}}],"collection":[{"href":"https:\/\/sisu.ut.ee\/ewod\/wp-json\/wp\/v2\/pages"}],"about":[{"href":"https:\/\/sisu.ut.ee\/ewod\/wp-json\/wp\/v2\/types\/page"}],"author":[{"embeddable":true,"href":"https:\/\/sisu.ut.ee\/ewod\/wp-json\/wp\/v2\/users\/43"}],"replies":[{"embeddable":true,"href":"https:\/\/sisu.ut.ee\/ewod\/wp-json\/wp\/v2\/comments?post=1488"}],"version-history":[{"count":1,"href":"https:\/\/sisu.ut.ee\/ewod\/wp-json\/wp\/v2\/pages\/1488\/revisions"}],"predecessor-version":[{"id":3589,"href":"https:\/\/sisu.ut.ee\/ewod\/wp-json\/wp\/v2\/pages\/1488\/revisions\/3589"}],"up":[{"embeddable":true,"href":"https:\/\/sisu.ut.ee\/ewod\/wp-json\/wp\/v2\/pages\/733"}],"wp:attachment":[{"href":"https:\/\/sisu.ut.ee\/ewod\/wp-json\/wp\/v2\/media?parent=1488"}],"curies":[{"name":"wp","href":"https:\/\/api.w.org\/{rel}","templated":true}]}}