{"id":1483,"date":"2024-04-03T23:41:24","date_gmt":"2024-04-03T20:41:24","guid":{"rendered":"https:\/\/sisu.ut.ee\/ewod\/tammeveski\/"},"modified":"2024-04-04T00:07:09","modified_gmt":"2024-04-03T21:07:09","slug":"tammeveski","status":"publish","type":"page","link":"https:\/\/sisu.ut.ee\/ewod\/t\/tammeveski\/","title":{"rendered":"Agu Tammeveski"},"content":{"rendered":"<p>\n\t<a href=\"https:\/\/sisu.ut.ee\/wp-content\/uploads\/sites\/108\/agu_tammeveski_alar_madisson.jpg\" target=\"_self\" rel=\"noopener\"><img decoding=\"async\" alt=\"Agu Tammeveski\" src=\"https:\/\/sisu.ut.ee\/wp-content\/uploads\/sites\/108\/agu_tammeveski_alar_madisson_vaike.jpg\" style=\"float: right;width: 200px;height: 303px\" title=\"Photo: Alar Madisson\"><\/a><\/p>\n<p><span style=\"color:#000000\"><span style=\"font-size:13px\"><span style=\"font-family:Verdana,Geneva,sans-serif\">Agu Tammeveski (has also used the pseudonym Indrek Kraas, born 20 October 1951) is a prose writer.<\/span><\/span><\/span>\n<\/p>\n<p>\n\t<span style=\"color:#000000\"><span style=\"font-size:13px\"><span style=\"font-family:Verdana,Geneva,sans-serif\">Tammeveski was born in Hiiumaa Island. He completed N\u00f5o Secondary School in 1969 and thereafter was in military service. After that, he worked as a cook on an ocean ship for eight years and later as a forestry worker. He has been a member of the Estonian Writers\u2019 Union from 2004.<\/span><\/span><\/span>\n<\/p>\n<p>\n\t<span style=\"color:#000000\"><span style=\"font-size:13px\"><span style=\"font-family:Verdana,Geneva,sans-serif\">In 1986, Tammeveski won the story competition of the journal Vikerkaar with his story <em>\u00d5hk<\/em> (\u2018Air\u2019). Tammeveski has written short stories for which he has twice received prizes in August M\u00e4lk short story competition (for the short story <em>Sipelgate universum<\/em> \u2013 \u2018Universe of Ants\u2019 \u2013 in 1999 and for <em>Igaviku maaletooja<\/em> \u2013 \u2018Importer of Eternity\u2019 \u2013 in 2000). In 2003 Tammeveski published the novel <em>Kas teie olite siis teistsugune?<\/em> (\u2018Were You Different Then?\u2019) which deserved honorary mention at the novel competition of 2002.<\/span><\/span><\/span>\n<\/p>\n<p>\n\t<span style=\"color:#000000\"><span style=\"font-size:13px\"><span style=\"font-family:Verdana,Geneva,sans-serif\">Tammeveski mostly writes looking back at events in a long-term perspective. Nothing noteworthy happens at the moment of telling the story. The connecting feature of the seven stories in Tammeveski\u2019s collection <em>M\u00f6\u00f6duvate p\u00e4evade soolane ja magus. Seitse juttu \u00fche pealkirjaga<\/em> (\u2018The Savoury and the Sweet of the Passing Days. Seven Stories with One Title\u2019, 2016) is the passage of human life as engulfed in yearning and expectations. Logical self-analysis does not take the characters closer to the fulfilment of their actual wishes and dreams. The precise nature of the characters\u2019 wishes and dreams remains unexpressed. In Tammeveski\u2019s stories, the plot is always a foreplay or a background to something; the characters stand on the threshold of something; something is coming but certainly not a triumph. Human relations in Tammeveski\u2019s stories are alienatingly distant; no one seeks for closeness or warmth from their near ones. This expresses the characteristic neutrality of Tammeveski\u2019s creation.<\/span><\/span><\/span>\n<\/p>\n<p>\n\t<span style=\"color:#000000\"><span style=\"font-size:13px\"><span style=\"font-family:Verdana,Geneva,sans-serif\">Tammeveski was one of the three scriptwriters of the film <em>Ameerika m\u00e4ed<\/em> (\u2018Rollercoaster\u2019, 1994, directed by Peeter Simm).<\/span><\/span><\/span>\n<\/p>\n<p>\n\t<em><span style=\"color:#000000\"><span style=\"font-size:13px\"><span style=\"font-family:Verdana,Geneva,sans-serif\">L. P. (Translated by I. A.)<\/span><\/span><\/span><\/em>\n<\/p>\n<p><strong><span style=\"font-size:16px\"><span style=\"color:#000000\"><span style=\"font-family:Verdana,Geneva,sans-serif\">Books in Estonian<\/span><\/span><\/span><\/strong>\n<\/p>\n<p>\n\t<span style=\"color:#000000\"><span style=\"font-size:13px\"><span style=\"font-family:Verdana,Geneva,sans-serif\"><strong><em>Prose<\/em><\/strong><br><strong>Pikk hoojooks<\/strong>: jutte aastaist 1986\u20132001. Tallinn: Tuum, 2002. 135 lk.<br><strong>Kas teie olite siis teistsugune?<\/strong>: meestekas. Tallinn: A. Tammeveski, 2003. 89 lk.<br><strong>Kolmevennap\u00e4ev<\/strong>: lugu meie p\u00e4evilt. K\u00f5rgessaare: A. Tammeveski, 2004. 79 lk.<br><strong>Suvep\u00e4eva valgus; Ajaleidja<\/strong>: kaks jutustust. K\u00f5rgessaare: A. Tammeveski, 2004. 109 lk.<br><strong>\u00dchtmoodi eikuidagi<\/strong>: romaan lisapalaga. Isabella: A. Tammeveski, 2013. 253 lk.<br><strong>M\u00f6\u00f6duvate p\u00e4evade soolane ja magus<\/strong>: seitse juttu \u00fche pealkirjaga. Tallinn: Eesti Keele Sihtasutus, 2016. 189 lk.<\/span><\/span><\/span><\/p>\n","protected":false},"excerpt":{"rendered":"<p>Agu Tammeveski (has also used the pseudonym Indrek Kraas, born 20 October 1951) is a prose writer. Tammeveski was born in Hiiumaa Island. He completed N\u00f5o Secondary School in 1969 and thereafter was in military service. After that, he worked &#8230;<\/p>\n","protected":false},"author":43,"featured_media":0,"parent":709,"menu_order":0,"comment_status":"closed","ping_status":"closed","template":"","meta":{"_acf_changed":false,"inline_featured_image":false,"footnotes":""},"class_list":["post-1483","page","type-page","status-publish","hentry"],"acf":[],"_links":{"self":[{"href":"https:\/\/sisu.ut.ee\/ewod\/wp-json\/wp\/v2\/pages\/1483","targetHints":{"allow":["GET"]}}],"collection":[{"href":"https:\/\/sisu.ut.ee\/ewod\/wp-json\/wp\/v2\/pages"}],"about":[{"href":"https:\/\/sisu.ut.ee\/ewod\/wp-json\/wp\/v2\/types\/page"}],"author":[{"embeddable":true,"href":"https:\/\/sisu.ut.ee\/ewod\/wp-json\/wp\/v2\/users\/43"}],"replies":[{"embeddable":true,"href":"https:\/\/sisu.ut.ee\/ewod\/wp-json\/wp\/v2\/comments?post=1483"}],"version-history":[{"count":1,"href":"https:\/\/sisu.ut.ee\/ewod\/wp-json\/wp\/v2\/pages\/1483\/revisions"}],"predecessor-version":[{"id":3604,"href":"https:\/\/sisu.ut.ee\/ewod\/wp-json\/wp\/v2\/pages\/1483\/revisions\/3604"}],"up":[{"embeddable":true,"href":"https:\/\/sisu.ut.ee\/ewod\/wp-json\/wp\/v2\/pages\/709"}],"wp:attachment":[{"href":"https:\/\/sisu.ut.ee\/ewod\/wp-json\/wp\/v2\/media?parent=1483"}],"curies":[{"name":"wp","href":"https:\/\/api.w.org\/{rel}","templated":true}]}}