{"id":1468,"date":"2024-04-03T23:41:23","date_gmt":"2024-04-03T20:41:23","guid":{"rendered":"https:\/\/sisu.ut.ee\/ewod\/pihelgas\/"},"modified":"2025-03-04T14:40:09","modified_gmt":"2025-03-04T12:40:09","slug":"pihelgas","status":"publish","type":"page","link":"https:\/\/sisu.ut.ee\/ewod\/p\/pihelgas\/","title":{"rendered":"Carolina Pihelgas"},"content":{"rendered":"<p><a href=\"https:\/\/sisu.ut.ee\/ewod\/p\/pihelgas\/poems\"><strong><span style=\"font-family: verdana, geneva; font-size: medium;\">Poems<\/span><\/strong><\/a> <span style=\"font-family: verdana, geneva; font-size: medium;\"><a href=\"https:\/\/sisu.ut.ee\/wp-content\/uploads\/sites\/108\/carolina_pihelgas_ruudu_rahumaru.jpg\" target=\"_self\" rel=\"noopener\"><img decoding=\"async\" style=\"float: right; width: 200px; height: 302px;\" title=\"Photo: Ruudu Rahumaru\" src=\"https:\/\/sisu.ut.ee\/wp-content\/uploads\/sites\/108\/carolina_pihelgas_vaike_ruudu_rahumaru.jpg\" alt=\"Carolina Pihelgas\"><\/a><\/span><\/p>\n<p><strong><span style=\"font-family: verdana, geneva; font-size: medium;\"><a title=\"\" href=\"https:\/\/sisu.ut.ee\/ewod\/p\/pihelgas\/about\" rel=\"noopener\" data-url=\"https:\/\/sisu.ut.ee\/ewod\/p\/pihelgas\/about\">About Carolina Pihelgas<\/a><\/span><\/strong><\/p>\n<p><span style=\"color: #000000;\"><span style=\"font-size: 13px;\"><span style=\"font-family: Verdana,Geneva,sans-serif;\"><span style=\"line-height: 108%;\"><span style=\"font-weight: normal;\">Carolina Pihelgas <\/span>(b. 24. II 1986) is an Estonian poet and translator.<\/span><\/span><\/span><\/span><\/p>\n<p style=\"margin-bottom: 0.11in;\"><span style=\"color: #000000;\"><span style=\"font-size: 13px;\"><span style=\"font-family: Verdana,Geneva,sans-serif;\"><span style=\"line-height: 108%;\">She graduated from the Gustav Adolf Gymnasium in Tallinn in 2004. From 2006 to 2010 she studied for her Baccalaureat in theology at the University of Tartu, and thereafter continued with a master\u2019s degree in the anthropology of religion, graduating in 2012. From 2011 to 2020 Pihelgas worked in the Tartu offices of the youth literary journal <i>V\u00e4rske R\u00f5hk<\/i>, becoming editor in chief in 2013. From 2021 she is working as an editor on the journal <i>Looming. <\/i>Among other things she has conducted a number of interviews with contemporary Estonian poets, and collected them in the book <i>S\u00f5nad on \u00f5hk <\/i>(\u2018Words are Air\u2019, 2018).<\/span><\/span><\/span><\/span><\/p>\n<p style=\"margin-bottom: 0.11in;\"><span style=\"color: #000000;\"><span style=\"font-size: 13px;\"><span style=\"font-family: Verdana,Geneva,sans-serif;\"><span style=\"line-height: 108%;\">Pihelgas\u2019 first two poetry collections are lyrical and express the emotional life of the poetic first person and immediate experiences from her environment. Later there are changes to her writing style, but some traits are characteristic of Pihelgas\u2019 work throughout all her collections: predominantly free-verse texts, with an important place for still-life and dream situations, physical experiences and the writer\u2019s engagement with surrounding space. The texts may also take up a social viewpoint, but that does not become dominant. The consistency of Pihelgas\u2019 poetry collections is steadily strengthening.<\/span><\/span><\/span><\/span><\/p>\n<p style=\"margin-bottom: 0.11in;\"><span style=\"color: #000000;\"><span style=\"font-size: 13px;\"><span style=\"font-family: Verdana,Geneva,sans-serif;\"><span style=\"line-height: 108%;\">Marked changes took place in Pihelgas\u2019 third book <i>\u00d5nnekangestus <\/i>(\u2018Numb with Happiness\u2019, 2011), in which the intertextual connections are more numerous. Her relationship with the textual environment \u2013 especially with 20<sup>th<\/sup>\u2013 and 21<sup>st<\/sup>-century poetry \u2013 remains characteristic of Pihelgas\u2019 work later too. From <i>\u00d5nnekangestus <\/i>onwards, reflecting in verse form on her own linguistic activity becomes more important for the poet. In some ways this is emphasised in Pihelgas\u2019 collection of prose poems <i>Valgus kivi sees <\/i>(\u2018Light Inside a Stone\u2019, 2019). This is a deliberately formed whole, in which the problems of both personal and collective memory are prominent. The treatment of memory is found in Pihelgas\u2019 earlier books as well; here it has become the main theme of the collection. The initial impulse for the author was personal memories of childhood, but turning to the past also means family history, and at the same time reflections on a mythical past. In the collection <i>Valgus kivi sees <\/i>there is no single central story, but there is more narrative here than in the earlier collections, and as a whole it creates a thematic and cognitive unity.<\/span><\/span><\/span><\/span><\/p>\n<p style=\"margin-bottom: 0.11in;\"><span style=\"color: #000000;\"><span style=\"font-size: 13px;\"><span style=\"font-family: Verdana,Geneva,sans-serif;\"><span style=\"line-height: 108%;\">Pihelgas is one of the most remarkable translators of poetry in present-day Estonia. She has done translations from several languages and published them in books, the press and on the blog <i>Luulet\u00f5lgendus<\/i> (\u2018Poetry interpretation\u2019), which she has run since 2010 with the poet Hasso Krull. Pihelgas\u2019 translations of works by Pablo Neruda, Tor Ulven, Konstantinos Kavafis, Nikola Medzirov and Ilya Kaminsky have appeared separately in books.<\/span><\/span><\/span><\/span><\/p>\n<p style=\"margin-bottom: 0.11in;\"><span style=\"color: #000000;\"><span style=\"font-size: 13px;\"><span style=\"font-family: Verdana,Geneva,sans-serif;\"><span style=\"line-height: 108%;\">For the book <i>\u00d5nnekangestus <\/i>Pihelgas received the Gustav Suits poetry prize and for the book <i>Valgus kivi sees <\/i>the Literature Endowment annual award. In 2020 she was awarded the title of Tartu City Writer and in the same year won the August Sang prize for poetry translation.<\/span><\/span><\/span><\/span><\/p>\n<p style=\"margin-bottom: 0.11in;\"><span style=\"color: #000000;\"><em><span style=\"font-size: 13px;\"><span style=\"font-family: Verdana,Geneva,sans-serif;\"><span style=\"line-height: 108%;\">M. V. (Translated by C. M.)<\/span><\/span><\/span><\/em><\/span><\/p>\n<p><span style=\"color: #000000;\"><span style=\"font-size: 16px;\"><span style=\"font-family: Verdana,Geneva,sans-serif;\"><span style=\"line-height: 108%;\"><span style=\"text-decoration: none;\"><b>Books in Estonian<\/b><\/span><\/span><\/span><\/span><\/span><\/p>\n<p style=\"margin-bottom: 0.11in;\"><span style=\"color: #000000;\"><span style=\"font-size: 13px;\"><span style=\"font-family: Verdana,Geneva,sans-serif;\"><span style=\"line-height: 108%;\"><i><b>Poetry<\/b><\/i><br>\n<b>S\u00f5rmemuster. <\/b>Luige: Verb, 2006, 56 lk.<br>\n<b>Metsas algavad h\u00e4\u00e4led.<\/b> Tallinn: Eesti Keele Sihtasutus, 2010. 86 lk.<br>\n<b>\u00d5nnekangestus. <\/b>Tallinn: Eesti Keele Sihtasutus, 2011. 88 lk.<br>\n<b>Kiri kodust.<\/b> Tallinn: Eesti Keele Sihtasutus, 2014. 74 lk.<br>\n<b>Pimeduse pisiasjad.<\/b> Tartu: Kaksikhammas, 2017. 84 lk.<br>\n<b>Valgus kivi sees.<\/b> Tartu: Kaksikhammas, 2019. 72 lk.<br>\n<b>Tuul polnud enam kellegi vastu. Valik luulet 2006\u20132020.<\/b> Koostanud Hasso Krull. Tartu: Kaksikhammas, 2020. 184 lk.<\/span><\/span><\/span><\/span><\/p>\n<p style=\"margin-bottom: 0.11in;\"><span style=\"color: #000000;\"><span style=\"font-size: 13px;\"><span style=\"font-family: Verdana,Geneva,sans-serif;\"><span style=\"line-height: 108%;\"><i><b>Non-fiction<\/b><\/i><br>\n<b>S\u00f5nad on \u00f5hk. 13 intervjuud t\u00e4nap\u00e4eva kirjanikega.<\/b> Tartu: Kaksikhammas, 2018. 152 lk. <\/span><\/span><\/span><\/span><\/p>\n","protected":false},"excerpt":{"rendered":"<p>Poems About Carolina Pihelgas Carolina Pihelgas (b. 24. II 1986) is an Estonian poet and translator. She graduated from the Gustav Adolf Gymnasium in Tallinn in 2004. From 2006 to 2010 she studied for her Baccalaureat in theology at the &#8230;<\/p>\n","protected":false},"author":43,"featured_media":0,"parent":675,"menu_order":0,"comment_status":"closed","ping_status":"closed","template":"","meta":{"_acf_changed":false,"inline_featured_image":false,"footnotes":""},"class_list":["post-1468","page","type-page","status-publish","hentry"],"acf":[],"_links":{"self":[{"href":"https:\/\/sisu.ut.ee\/ewod\/wp-json\/wp\/v2\/pages\/1468","targetHints":{"allow":["GET"]}}],"collection":[{"href":"https:\/\/sisu.ut.ee\/ewod\/wp-json\/wp\/v2\/pages"}],"about":[{"href":"https:\/\/sisu.ut.ee\/ewod\/wp-json\/wp\/v2\/types\/page"}],"author":[{"embeddable":true,"href":"https:\/\/sisu.ut.ee\/ewod\/wp-json\/wp\/v2\/users\/43"}],"replies":[{"embeddable":true,"href":"https:\/\/sisu.ut.ee\/ewod\/wp-json\/wp\/v2\/comments?post=1468"}],"version-history":[{"count":2,"href":"https:\/\/sisu.ut.ee\/ewod\/wp-json\/wp\/v2\/pages\/1468\/revisions"}],"predecessor-version":[{"id":6575,"href":"https:\/\/sisu.ut.ee\/ewod\/wp-json\/wp\/v2\/pages\/1468\/revisions\/6575"}],"up":[{"embeddable":true,"href":"https:\/\/sisu.ut.ee\/ewod\/wp-json\/wp\/v2\/pages\/675"}],"wp:attachment":[{"href":"https:\/\/sisu.ut.ee\/ewod\/wp-json\/wp\/v2\/media?parent=1468"}],"curies":[{"name":"wp","href":"https:\/\/api.w.org\/{rel}","templated":true}]}}