{"id":1462,"date":"2024-04-03T23:41:22","date_gmt":"2024-04-03T20:41:22","guid":{"rendered":"https:\/\/sisu.ut.ee\/ewod\/stories-et-170\/"},"modified":"2024-04-04T00:07:12","modified_gmt":"2024-04-03T21:07:12","slug":"stories","status":"publish","type":"page","link":"https:\/\/sisu.ut.ee\/ewod\/v\/vaik\/stories\/","title":{"rendered":"Mait Vaik &#8211; short stories"},"content":{"rendered":"<p><strong><span style=\"font-family: verdana, geneva;font-size: medium\">In anthologies and magazines<\/span><\/strong><\/p>\n<p><em><strong><span style=\"font-family: verdana, geneva\">Finnish<\/span><\/strong><\/em><br><span style=\"font-family: verdana, geneva\"><strong>Gruusialainen elokuva<\/strong>. \u2013 Nippernaati: virolaisen kirjallisuuden antologia, no 1. P\u00e4\u00e4toimittaja Sanna Immanen. [Helsinki]: Viro-instituutti, 2015, 166 pp. [\u2019Gruusia film\u2019. Contents: Meelis Friedenthal, \u2019Katkelmia romaanista <em>Mehil\u00e4iset<\/em>\u2019 (excerpt from \u2019Mesilased\u2019);<em> <\/em>Maarja Kangro, \u2019Atropoksen Opel Meriva\u2019 (\u2019Atropose Opel Meriva\u2019); Urmas Vadi, \u2019Is\u00e4n kuolema\u2019 (\u2019Isa surm\u2019); Andrei Ivanov, \u2019Katkelmia romaanista <em>Kourallinen tomua<\/em>\u2019 (excerpt from \u2019\u0413\u043e\u0440\u0441\u0442\u044c \u043f\u0440\u0430\u0445\u0430\u2019); P.I. Filimonov, Mit\u00e4 yksinkertaisimpia merkkij\u00e4rjestelmi\u00e4 (\u2019K\u00f5ige lihtsamad m\u00e4rgis\u00fcsteemid\u2019); Armin K\u00f5om\u00e4gi, \u2019Muistikatko\u2019 (\u2019M\u00e4lukas); Mait Vaik, \u2019Gruusialainen elokuva\u2019 (\u2019Gruusia film\u2019). Poems by Igor Kotjuh, Maarja P\u00e4rtna, Carolina Pihelgas and Aare Pilv.]<\/span><\/p>\n","protected":false},"excerpt":{"rendered":"<p>In anthologies and magazines FinnishGruusialainen elokuva. \u2013 Nippernaati: virolaisen kirjallisuuden antologia, no 1. P\u00e4\u00e4toimittaja Sanna Immanen. [Helsinki]: Viro-instituutti, 2015, 166 pp. [\u2019Gruusia film\u2019. Contents: Meelis Friedenthal, \u2019Katkelmia romaanista Mehil\u00e4iset\u2019 (excerpt from \u2019Mesilased\u2019); Maarja Kangro, \u2019Atropoksen Opel Meriva\u2019 (\u2019Atropose Opel Meriva\u2019); &#8230;<\/p>\n","protected":false},"author":43,"featured_media":0,"parent":1456,"menu_order":0,"comment_status":"closed","ping_status":"closed","template":"","meta":{"_acf_changed":false,"inline_featured_image":false,"footnotes":""},"class_list":["post-1462","page","type-page","status-publish","hentry"],"acf":[],"_links":{"self":[{"href":"https:\/\/sisu.ut.ee\/ewod\/wp-json\/wp\/v2\/pages\/1462","targetHints":{"allow":["GET"]}}],"collection":[{"href":"https:\/\/sisu.ut.ee\/ewod\/wp-json\/wp\/v2\/pages"}],"about":[{"href":"https:\/\/sisu.ut.ee\/ewod\/wp-json\/wp\/v2\/types\/page"}],"author":[{"embeddable":true,"href":"https:\/\/sisu.ut.ee\/ewod\/wp-json\/wp\/v2\/users\/43"}],"replies":[{"embeddable":true,"href":"https:\/\/sisu.ut.ee\/ewod\/wp-json\/wp\/v2\/comments?post=1462"}],"version-history":[{"count":1,"href":"https:\/\/sisu.ut.ee\/ewod\/wp-json\/wp\/v2\/pages\/1462\/revisions"}],"predecessor-version":[{"id":3623,"href":"https:\/\/sisu.ut.ee\/ewod\/wp-json\/wp\/v2\/pages\/1462\/revisions\/3623"}],"up":[{"embeddable":true,"href":"https:\/\/sisu.ut.ee\/ewod\/wp-json\/wp\/v2\/pages\/1456"}],"wp:attachment":[{"href":"https:\/\/sisu.ut.ee\/ewod\/wp-json\/wp\/v2\/media?parent=1462"}],"curies":[{"name":"wp","href":"https:\/\/api.w.org\/{rel}","templated":true}]}}