{"id":1442,"date":"2024-04-03T23:41:20","date_gmt":"2024-04-03T20:41:20","guid":{"rendered":"https:\/\/sisu.ut.ee\/ewod\/about-et-142\/"},"modified":"2025-04-07T10:35:45","modified_gmt":"2025-04-07T07:35:45","slug":"about","status":"publish","type":"page","link":"https:\/\/sisu.ut.ee\/ewod\/t\/friedeberttuglas\/about\/","title":{"rendered":"Friedebert Tuglas &#8211; about"},"content":{"rendered":"<h5 class=\"wp-block-heading\"><span style=\"font-family: verdana, geneva; font-size: medium;\"><strong>Dissertations<\/strong><\/span><\/h5>\n\n\n\n<p><span style=\"font-family: verdana, geneva; font-size: small;\"><strong><em>French<\/em><\/strong><\/span><br><span style=\"font-family: verdana, geneva; font-size: small;\">Martin Carayol, <strong><a href=\"http:\/\/www.theses.fr\/2013INAL0015\/abes\">La formation du canon de la nouvelle en Finlande et en Estonie<\/a><\/strong>. Paris: Institut National des Langues et Civilisations Orientales, 2013.<\/span><\/p>\n\n\n\n<h5 class=\"wp-block-heading\"><br><strong>Article collections<\/strong><\/h5>\n\n\n\n<p><em><strong>English<\/strong><\/em><br><strong>At the end of the world: text, motif, culture<\/strong>. Ed. Rein Undusk. Tallinn: Under and Tuglas Literature Centre, 2005, 226 lk<br>\u00a0<\/p>\n\n\n\n<h5 class=\"wp-block-heading\"><span style=\"font-family: verdana, geneva; font-size: medium;\"><strong>Articles<\/strong><\/span><\/h5>\n\n\n\n<p><span style=\"font-family: verdana, geneva; font-size: small;\"><strong><em>English<\/em><\/strong><\/span><br><span style=\"\"><font face=\"verdana, geneva\" size=\"2\">Anneli Mihkelev, <\/font><a style=\"font-family: verdana, geneva; font-size: small;\" href=\"http:\/\/www.fwls.org\/wp-content\/uploads\/downloads\/2013\/01\/FWLS%EF%BC%882012%EF%BC%89-Vol.4-No.3.pdf#page=30\"><strong>The Grotesque and Estonian Literature<\/strong><\/a><font face=\"verdana, geneva\" size=\"2\">. \u2013 Forum for World Literature Studies, vol 4, no 3, 2012, pp 370-388.<br>Mirjam Hinrikus,\u00a0<\/font><strong style=\"font-family: verdana, geneva; font-size: small;\">On Decadent Europe and the Intellectual Identity of Young Estonia: J. Randvere\u2019s Ruth and Friedebert Tuglas\u2019 Felix Ormusson<\/strong><font face=\"verdana, geneva\" size=\"2\">. \u2013 Interlitteraria, vol 16, no 2, 2011, pp 483-501.<br>Kaia Sisask,\u00a0<\/font><strong style=\"font-family: verdana, geneva; font-size: small;\">Friedebert Tuglas and French fin de si\u00e8cle Literature Between Aestheticism and Realism<\/strong><font face=\"verdana, geneva\" size=\"2\">. \u2013 Interlitteraria, vol 14, no 1, 2009, pp 162-173.<br><\/font><\/span>Maija Burima, <strong>The semantics of circle architectonics in J\u0101nis Akuraters\u2019 Burning Island and Friedebert Tuglas\u2019 Golden Hoop<\/strong>. \u2013 Turns in the centuries, turns in literature.\u00a0Tallinn: Under and Tuglas Literature Centre of the Estonian Academy of Sciences, 2009, p. 42-50.<br><span style=\"\"><span style=\"font-family: verdana, geneva; font-size: small;\">Mirjam Hinrikus,\u00a0<\/span><strong style=\"font-family: verdana, geneva; font-size: small;\">Spleen the Estonian Way: Estonian Literary Decadence in J. Randvere\u2019s Ruth (1909), Friedebert Tuglas\u2019 Felix Ormusson (1915), and Anton Hansen Tammsaar<\/strong><span style=\"font-family: verdana, geneva; font-size: small;\">. \u2013 Interlitteraria, vol 11, 2006, pp 305-321.<\/span><font face=\"verdana, geneva\" size=\"2\"><br>Tiina Aunin, <\/font><strong style=\"font-family: verdana, geneva; font-size: small;\">On Realistic and Crotesque Discourse: E.A.Poe, J.C.Oates, Fr. Tuglas<\/strong><font face=\"verdana, geneva\" size=\"2\">. \u2013 Interlitteraria, vol 2, 1997, pp 226-230.<br>Jaan Puhvel, <strong>From Golden Hoop to Shifting Rainbow: The Seven Creative Decades of Friedebert Tuglas<\/strong>. \u2013 Books Abroad, nr 43, 1969, lk 365-367.<br>Aino Kallas, <\/font><strong style=\"font-family: verdana, geneva; font-size: small;\">An Estonian novelist Friedebert Tuglas<\/strong><font face=\"verdana, geneva\" size=\"2\">. \u2013 The Slavonic Review, June, 1927. [Available: <\/font><\/span><span style=\"font-family: Verdana,Geneva,sans-serif;\"><a title=\"\" data-url=\"http:\/\/kivike.kirmus.ee\/meta\/AR-17331-53966-43043\" href=\"http:\/\/kivike.kirmus.ee\/meta\/AR-17331-53966-43043\" target=\"_blank\" rel=\"noopener\">http:\/\/kivike.kirmus.ee\/meta\/AR-17331-53966-43043<\/a><\/span><span style=\"font-family: verdana, geneva; font-size: small;\">.]<\/span><\/p>\n\n\n\n<p><span style=\"font-family: verdana, geneva; font-size: small;\"><strong><em>Finnish<\/em><\/strong><br><\/span>Kai Laitinen, <strong>Kes\u00e4n ja rakkauden helle: Friedebert Tuglaksen Felix Ormusson<\/strong>. \u2013 Kai Laitinen, Kirjojen virrassa: tutkielmia ja esseit\u00e4 kirjallisuudesta ja lukemisesta. Helsinki: Otava, 1999, s. 237-249.<br><span style=\"font-family: verdana, geneva; font-size: small;\">Hannu Oittinen, <strong>Felix Ormusson l\u00f6ytyi<\/strong>. \u2013 Estonia: Zeitschrift f\u00fcr estnische Literatur und Kultur, no 1, 1987, pp 36-38.<\/span><\/p>\n\n\n\n<p><span style=\"font-family: verdana, geneva; font-size: small;\"><strong><em>German<\/em><\/strong><\/span><br>Liina Lukas, <strong>Menschsein am Ende der Welt: Fridebert Tuglas\u2019 Novelle Am Ende der Welt<\/strong>. \u2013 Anthropologien der Endlichkeit: Stationen einer literarischen Denkfigur seit der Aufkl\u00e4rung: f\u00fcr Hans Graubner zum 75. Geburtstag. G\u00f6ttingen, 2011. S. 199-207.<br><span style=\"font-family: verdana, geneva; font-size: small;\">Cornelius Hasselblatt,<strong>\u00a0Friedebert Tuglas: Das Novellenwerk<\/strong>. \u2013\u00a0Kindlers Literatur Lexikon 3, bd 16.\u00a0Stuttgart, Weimar: Verlag\u00a0J.B. Metzler, 2009, pp 466f.<\/span><br><span style=\"font-family: verdana, geneva; font-size: small;\">Cornelius Hasselblatt,<strong> Vom Uferwege zu Hellois Land. Friedebert Tuglas auf deutsch<\/strong>. \u2013 Estonia, vol 2, no 2, 1986, pp 6-10.<br>Brigitte Birnbaum, <strong>Von tiefem Humanismus gepr\u00e4gt. Zum 100. Geburtstag des estnischen Schriftstellers Friedebert Tuglas<\/strong>. \u2013 Norddeutsche Zeitung (Rostock), 28.2.1986, Beilage, p 4.<br>August Eelm\u00e4e, <strong>Zum Geleit<\/strong>. \u2013 Friedebert Tuglas: Die himmlischen Reiter. Tallinn: Perioodika, 1982, pp 5-8.<br>G. Belaja, <strong>Tuglas, Friedebert Jurjewitsch<\/strong>. \u2013 Handbuch der Sowjetliteratur (1917-1972). Leipzig: Verlag f\u00fcr Buch- und Bibliothekswesen, 1975, pp 533-534.<br>Nigol Andresen, <strong>Friedebert Tuglas<\/strong>. \u2013 Sowjetliteratur, no 8, 1972, pp 152-154.<br>Mr, <strong>Zum Tode von Friedebert Tuglas und Karl Ast<\/strong>. \u2013 Mitteilungen aus baltischem Leben, no 3, 1971, pp 6-11.<br>Otto Weil, <strong>Vorwort<\/strong>. \u2013 Friedebert Tuglas: Wo einst Karthago stand. Berlin: Der Morgen, 1968, pp 5-12.<br>Otto A. Webermann, <strong>Friedebert Tuglas achtzig Jahre alt<\/strong>. \u2013 Mitteilungen aus baltischem Leben, no 2, 1966, pp 7-8.<br>Otto A. Webermann, <strong>Estnische Jubilare (J. Aavik, Fr. Tuglas, A. M\u00e4lk, Ants Oras)<\/strong>. \u2013 Mitteilungen aus baltischem Leben, no 1, 1961, pp 6-8.<br>A. Gessler, <strong>Nachwort<\/strong>. \u2013 Friedebert Tuglas, Der goldene Reifen. Berlin: Der Morgen, 1961, pp 457-462.<br>Arthur Behrsing, <strong>Streifz\u00fcge durch die neueste estnische Dichtung<\/strong>. Reval: Revaler Bote, 1924, 46 pp. [Chapters on Juhan Liiv, Gustav Suits, Friedebert Tuglas, A.-H. Tammsaare, Marie Under.]<\/span><\/p>\n\n\n\n<p><span style=\"font-family: verdana, geneva; font-size: small;\"><em><strong>Polish<\/strong><\/em><br>Aarne Puu, <strong><strong>Pos\u0142owie<\/strong><\/strong>. \u2013\u00a0Na kra\u0144cu \u015bwiata: nowele. Wybor, przek\u0142ad i pos\u0142owie Aarne Puu. Krak\u00f3w: Wydawnictwo literackie, 1986, pp 348-356. [Afterword.]<\/span><\/p>\n\n\n\n<p><span style=\"font-family: verdana, geneva; font-size: small;\"><strong><em>Russian<\/em><\/strong><br>\u0420\u043e\u043c\u0430\u043d \u041a\u0430\u043b\u043b\u0430\u0441, <strong>\u0424\u0440\u0438\u0434\u0435\u0431\u0435\u0440\u0442 \u0422\u0443\u0433\u043b\u0430\u0441: \u0412\u0438\u0440\u0442\u0443\u043e\u0437\u043d\u044b\u0439 \u043c\u0430\u0441\u0442\u0435\u0440 \u043a\u043e\u0440\u043e\u0442\u043a\u043e\u0439 \u043f\u0440\u043e\u0437\u044b<\/strong>. \u2013 \u0420\u043e\u043c\u0430\u043d \u041a\u0430\u043b\u043b\u0430\u0441, \u042d\u0441\u0442\u043e\u043d\u0441\u043a\u0430\u044f \u043b\u0438\u0442\u0435\u0440\u0430\u0442\u0443\u0440\u0430: 20 \u0438\u043c\u0435\u043d \u043e\u0442 \u043a\u043b\u0430\u0441\u0441\u0438\u043a\u0438 \u0434\u043e \u0441\u043e\u0432\u0440\u0435\u043c\u0435\u043d\u043d\u043e\u0441\u0442\u0438: \u043d\u0430\u0447\u0430\u043b\u044c\u043d\u044b\u0439 \u043a\u0443\u0440\u0441 \u0434\u043b\u044f \u0448\u043a\u043e\u043b \u0441 \u0440\u0443\u0441\u0441\u043a\u0438\u043c \u044f\u0437\u044b\u043a\u043e\u043c \u043e\u0431\u0443\u0447\u0435\u043d\u0438\u044f. Viljandi: Sarapuu, 1997, pp 126-133. [See <strong><a href=\"https:\/\/sisu.ut.ee\/ewod\/general\/booksinrussian\/20imen\">contents<\/a><\/strong> of the monograph.]<br>\u0420\u043e\u043c\u0430\u043d \u041a\u0430\u043b\u043b\u0430\u0441, <strong>\u041d\u043e\u0432\u0435\u043b\u043b\u044b \u201c\u041f\u043e\u043f\u0438 \u0438 \u0425\u0443-\u0445\u0443\u201d \u0438 \u201c\u041f\u0440\u043e\u0449\u0430\u043b\u044c\u043d\u044b\u0439 \u043f\u0440\u0438\u0432\u0435\u0442\u201d<\/strong>. \u2013 \u0420\u043e\u043c\u0430\u043d \u041a\u0430\u043b\u043b\u0430\u0441, \u042d\u0441\u0442\u043e\u043d\u0441\u043a\u0430\u044f \u043b\u0438\u0442\u0435\u0440\u0430\u0442\u0443\u0440\u0430: 20 \u0438\u043c\u0435\u043d \u043e\u0442 \u043a\u043b\u0430\u0441\u0441\u0438\u043a\u0438 \u0434\u043e \u0441\u043e\u0432\u0440\u0435\u043c\u0435\u043d\u043d\u043e\u0441\u0442\u0438: \u043d\u0430\u0447\u0430\u043b\u044c\u043d\u044b\u0439 \u043a\u0443\u0440\u0441 \u0434\u043b\u044f \u0448\u043a\u043e\u043b \u0441 \u0440\u0443\u0441\u0441\u043a\u0438\u043c \u044f\u0437\u044b\u043a\u043e\u043c \u043e\u0431\u0443\u0447\u0435\u043d\u0438\u044f. Viljandi: Sarapuu, 1997, pp 133-135. [See <strong><a href=\"https:\/\/sisu.ut.ee\/ewod\/general\/booksinrussian\/20imen\">contents<\/a><\/strong> of the monograph.]<\/span><br>\u00a0<\/p>\n\n\n\n<div class=\"field field-name-body field-type-text-with-summary field-label-hidden view-mode-full\">\n<div class=\"field-items\">\n<div class=\"field-item even\">\n<p><span style=\"font-family: verdana, geneva; font-size: medium;\"><strong>Reviews<\/strong><\/span><\/p>\n<p><span style=\"font-family: verdana, geneva; font-size: small;\"><em><strong>English<\/strong><\/em><\/span><br><span style=\"font-family: verdana, geneva; font-size: small;\">Paul Binding, <strong><a href=\"http:\/\/www.the-tls.co.uk\/tls\/reviews\/other_categories\/article833680.ece\">Do you think I\u2019d let you go?<\/a><\/strong>. \u2013 Times Literary Supplement, Dec 2, 2011. [About the the prose anthology \u2018The Dedalus Book of Estonian Literature\u2019 containing the short story \u2018Bird Cherry Petals\u2019.]<\/span><\/p>\n<p><span style=\"font-family: Verdana,Geneva,sans-serif;\"><strong><em>Finnish<\/em><\/strong><br>Pasi Lankinen, <strong>El\u00e4m\u00e4 on vain koominen ilmi\u00f6<\/strong>. \u2013 Estonia: Zeitschrift f\u00fcr estnische Literatur und Kultur, no 1, 1989, pp 39-41. [About \u2018Felix Ormusson\u2019, Oulu 1988.]<\/span><\/p>\n<p><span style=\"font-family: verdana, geneva; font-size: small;\"><strong><em>German<\/em><\/strong><\/span><br><span style=\"font-family: verdana, geneva; font-size: small;\">Cornelius Hasselblatt,\u00a0<strong>Friedebert Tuglas: V\u00e4ike Illimar<\/strong>. \u2013 Kindlers Neues Literatur Lexikon, bd 16. M\u00fcnchen: Kindler, 1991, pp 816-817.<\/span><br><span style=\"font-family: verdana, geneva; font-size: small;\">Cornelius Hasselblatt,\u00a0<strong>Lest Briefe!<\/strong>. \u2013 Estonia, no 2, 1986, pp 29-31. [About \u2018Valik kirju\u2019, Tallinn, 1986.]<br>Awe, <strong>Miniaturen<\/strong>. \u2013 Berliner Zeitung, 24.6.1962. [About \u2018Der goldene Reifen\u2019.]<br>greg, <strong>\u201cDer goldene Reifen\u201d. Erz\u00e4hlungen von Friedebert Tuglas<\/strong>. \u2013 Berliner Zeitung am Abend, no 172, 28.7.1962. [About \u2018Der goldene Reifen\u2019.]\u00a0<br>Ursula Carl-Rotzlaff, <strong>Aus der phantastischen Welt eines estnischen Erz\u00e4hlers<\/strong>. \u2013 Deutsche Allgemeine Zeitung (Berlin), no 196, 18.7.1944. [About \u2018Am Rande der Welt\u2019 (\u2018Maailma l\u00f5pus\u2019) and \u2018Des Menschen Schatten\u2019 (\u2018Inimese vari\u2019).]<\/span><\/p>\n<p><br><span style=\"font-family: verdana, geneva; font-size: small;\"><strong><span style=\"font-size: 16px;\">Interviews<\/span><\/strong><\/span><\/p>\n<p><span style=\"font-family: verdana, geneva; font-size: small;\"><strong><em>German<\/em><\/strong><br>Friedebert Tuglas, <strong>Erziehung des Schriftstellers (Interview mit Friedebert Tuglas)<\/strong>. \u2013 Sowjetliteratur, no 10, 1968, pp 150-155.<\/span><\/p>\n<\/div>\n<\/div>\n<\/div>\n","protected":false},"excerpt":{"rendered":"<p>Dissertations FrenchMartin Carayol, La formation du canon de la nouvelle en Finlande et en Estonie. Paris: Institut National des Langues et Civilisations Orientales, 2013. Article collections EnglishAt the end of the world: text, motif, culture. Ed. Rein Undusk. Tallinn: Under &#8230;<\/p>\n","protected":false},"author":43,"featured_media":0,"parent":1981,"menu_order":0,"comment_status":"closed","ping_status":"closed","template":"","meta":{"_acf_changed":false,"inline_featured_image":false,"footnotes":""},"class_list":["post-1442","page","type-page","status-publish","hentry"],"acf":[],"_links":{"self":[{"href":"https:\/\/sisu.ut.ee\/ewod\/wp-json\/wp\/v2\/pages\/1442","targetHints":{"allow":["GET"]}}],"collection":[{"href":"https:\/\/sisu.ut.ee\/ewod\/wp-json\/wp\/v2\/pages"}],"about":[{"href":"https:\/\/sisu.ut.ee\/ewod\/wp-json\/wp\/v2\/types\/page"}],"author":[{"embeddable":true,"href":"https:\/\/sisu.ut.ee\/ewod\/wp-json\/wp\/v2\/users\/43"}],"replies":[{"embeddable":true,"href":"https:\/\/sisu.ut.ee\/ewod\/wp-json\/wp\/v2\/comments?post=1442"}],"version-history":[{"count":3,"href":"https:\/\/sisu.ut.ee\/ewod\/wp-json\/wp\/v2\/pages\/1442\/revisions"}],"predecessor-version":[{"id":6943,"href":"https:\/\/sisu.ut.ee\/ewod\/wp-json\/wp\/v2\/pages\/1442\/revisions\/6943"}],"up":[{"embeddable":true,"href":"https:\/\/sisu.ut.ee\/ewod\/wp-json\/wp\/v2\/pages\/1981"}],"wp:attachment":[{"href":"https:\/\/sisu.ut.ee\/ewod\/wp-json\/wp\/v2\/media?parent=1442"}],"curies":[{"name":"wp","href":"https:\/\/api.w.org\/{rel}","templated":true}]}}