{"id":1428,"date":"2024-04-03T23:41:19","date_gmt":"2024-04-03T20:41:19","guid":{"rendered":"https:\/\/sisu.ut.ee\/ewod\/about-et-139\/"},"modified":"2024-04-04T00:07:16","modified_gmt":"2024-04-03T21:07:16","slug":"about","status":"publish","type":"page","link":"https:\/\/sisu.ut.ee\/ewod\/b\/beekman\/about\/","title":{"rendered":"Vladimir Beekman &#8211; about"},"content":{"rendered":"<p><span style=\"font-size: medium\"><strong style=\"font-family: verdana, geneva;line-height: 1.6em\"><span style=\"font-family: verdana, geneva\">Articles<\/span><\/strong><\/span><\/p>\n<p><span style=\"font-size: small\"><span style=\"font-family: verdana, geneva\"><strong><em>German<\/em><\/strong><br>Jelena Skulskaja, <strong>Blumen und ein Flugzeug \u00fcber uns<\/strong>. \u2013 Estland heute. Tallinn: Perioodika, 1983, pp 7-9.<br>Nina Kuprijanowa, <strong>Mensch bleiben<\/strong>. \u2013 Sowjetliteratur (Moskau), no 11, 1982, pp 105-107.<\/span><\/span><\/p>\n<p><\/p>\n<p><span style=\"font-size: medium\"><strong style=\"font-family: verdana, geneva;line-height: 1.6em\"><span style=\"font-family: verdana, geneva\">Reviews<\/span><\/strong><\/span><\/p>\n<p><span style=\"font-family: verdana, geneva\"><em><strong>English<\/strong><\/em><\/span><br><span style=\"font-family: verdana, geneva\">Rutt Hinrikus, Janika Kronberg, <a href=\"http:\/\/elm.estinst.ee\/issue\/27\/short-overviews-books-estonian-authors\/\" target=\"_blank\" rel=\"noopener\"><strong>Short Outlines of Books by Estonian Authors<\/strong><\/a>. \u2013 Estonian Literary Magazine, no 27, 2008. [About \u2019Alles see oli\u2019 (\u2019It Was Just Like Yesterday\u2019).]<br>Hellar Grabbi,\u00a0<strong><cite>R\u00fcsinatund<\/cite><\/strong><strong>\u00a0by Vladimir Beekman<\/strong>. \u2013 Books Abroad, vol 46, no 3, 1972, p 515.<br><\/span><\/p>\n<p><span style=\"font-family: verdana, geneva\"><strong><em>German<\/em><\/strong><br>Leonid Terakopjan, <strong>Zwischen Unheil und Schuld<\/strong>. \u2013 Sowjetliteratur (Moskau), no 1, 1989, pp 174-177. [About \u2018Koridor\u2019.]<br>Wolfgang H\u00e4ssner, <strong>Philosophieren \u00fcber Gl\u00fcck, Erfolge, Perspektiven<\/strong>. \u2013 Schweriner Volkszeitung, no 74, 26. III 1976, p 10. [About \u2018Der Transitreisende\u2019 (\u2018Transiitreisija\u2019).]<\/span><\/p>\n<p><span style=\"font-family: verdana, geneva\"><strong><em><span data-mce-mark=\"1\">Hungarian<br><\/span><\/em><\/strong><span data-mce-mark=\"1\">Leonyid Terakopjan,\u00a0<\/span><strong>Korridor c\u00edm\u0171 reg\u00e9ny\u00e9r\u0151l<\/strong><span data-mce-mark=\"1\">. \u2013\u00a0\u00c9szt antol\u00f3gia<\/span><span data-mce-mark=\"1\">. Szovjet irodalom, no 1, 1988, pp 120-125. [About the novel \u2018Koridor. Romaan kirjades\u2019. See\u00a0<\/span><strong><a href=\"https:\/\/sisu.ut.ee\/ewod\/anthologies\/szovietcontents\">contents<\/a>\u00a0<\/strong><span data-mce-mark=\"1\">of the special issue<\/span><span data-mce-mark=\"1\">.]<br><\/span><span data-mce-mark=\"1\">Nyina Kuprijanova,\u00a0<\/span><strong>Sz\u00e9pirodalom \u00e9s publicisztika<\/strong><span data-mce-mark=\"1\">. \u2013 Szovjet Irodalom, no 4, 1983.<br><\/span><span data-mce-mark=\"1\">Csokonai Attila,\u00a0<\/span><strong>\u00c9jszakai pil\u00f3t\u00e1k<\/strong><span data-mce-mark=\"1\">. \u2013 K\u00f6nyvvil\u00e1g 1980. novemberi k\u00fcl\u00f6nsz\u00e1ma. [About \u2018\u00c9jszakai pil\u00f3t\u00e1k\u2019.]<\/span><\/span><\/p>\n","protected":false},"excerpt":{"rendered":"<p>Articles GermanJelena Skulskaja, Blumen und ein Flugzeug \u00fcber uns. \u2013 Estland heute. Tallinn: Perioodika, 1983, pp 7-9.Nina Kuprijanowa, Mensch bleiben. \u2013 Sowjetliteratur (Moskau), no 11, 1982, pp 105-107. Reviews EnglishRutt Hinrikus, Janika Kronberg, Short Outlines of Books by Estonian Authors. &#8230;<\/p>\n","protected":false},"author":43,"featured_media":0,"parent":592,"menu_order":0,"comment_status":"closed","ping_status":"closed","template":"","meta":{"_acf_changed":false,"inline_featured_image":false,"footnotes":""},"class_list":["post-1428","page","type-page","status-publish","hentry"],"acf":[],"_links":{"self":[{"href":"https:\/\/sisu.ut.ee\/ewod\/wp-json\/wp\/v2\/pages\/1428","targetHints":{"allow":["GET"]}}],"collection":[{"href":"https:\/\/sisu.ut.ee\/ewod\/wp-json\/wp\/v2\/pages"}],"about":[{"href":"https:\/\/sisu.ut.ee\/ewod\/wp-json\/wp\/v2\/types\/page"}],"author":[{"embeddable":true,"href":"https:\/\/sisu.ut.ee\/ewod\/wp-json\/wp\/v2\/users\/43"}],"replies":[{"embeddable":true,"href":"https:\/\/sisu.ut.ee\/ewod\/wp-json\/wp\/v2\/comments?post=1428"}],"version-history":[{"count":1,"href":"https:\/\/sisu.ut.ee\/ewod\/wp-json\/wp\/v2\/pages\/1428\/revisions"}],"predecessor-version":[{"id":3645,"href":"https:\/\/sisu.ut.ee\/ewod\/wp-json\/wp\/v2\/pages\/1428\/revisions\/3645"}],"up":[{"embeddable":true,"href":"https:\/\/sisu.ut.ee\/ewod\/wp-json\/wp\/v2\/pages\/592"}],"wp:attachment":[{"href":"https:\/\/sisu.ut.ee\/ewod\/wp-json\/wp\/v2\/media?parent=1428"}],"curies":[{"name":"wp","href":"https:\/\/api.w.org\/{rel}","templated":true}]}}