{"id":142,"date":"2024-04-03T23:39:25","date_gmt":"2024-04-03T20:39:25","guid":{"rendered":"https:\/\/sisu.ut.ee\/ewod\/stories-et-21\/"},"modified":"2024-04-04T00:10:52","modified_gmt":"2024-04-03T21:10:52","slug":"stories","status":"publish","type":"page","link":"https:\/\/sisu.ut.ee\/ewod\/v\/vilep\/stories\/","title":{"rendered":"Heiki Vilep &#8211; children&#8217;s stories"},"content":{"rendered":"<p><strong><span style=\"font-family: verdana, geneva;font-size: medium\">Books<\/span><\/strong><\/p>\n<p><strong><em><span style=\"font-family: verdana, geneva\">Finnish<\/span><\/em><\/strong><br><span style=\"font-family: verdana, geneva\"><strong>Nukkumatin uusimmat h\u00f6p\u00f6jutut<\/strong>. Translated by Jenni Kav\u00e9n. Helsinki: Lector kustannus, 2017, 64 pp. [\u2018Une-Mati v\u00e4ga uued udujutud\u2019.]<\/span><br><span style=\"font-family: verdana, geneva\"><strong>Nukkumatin uudet h\u00f6p\u00f6jutut<\/strong>. Translated by Jenni Kav\u00e9n. Helsinki: Lector kustannus, 2017, 56 pp. [\u2018Une-Mati uued udujutud\u2019.]<\/span><br><span style=\"font-family: verdana, geneva\"><strong>Janin seikkailut Varjomaassa<\/strong>. Translated by Petteri Aarnos. Helsinki: Lector kustannus, 2013, 56 pp. [\u2018Jani seiklused Varjudemaal\u2019.]<\/span><br><span style=\"font-family: verdana, geneva\"><strong>Kaappipeikot planeetta X:lla\u0308<\/strong>. Translated by Petteri Aarnos. Helsinki: Lector kustannus, 2013, 56 pp. [\u2018Kapiukse kollid planeedil X\u2019.]<\/span><br><span style=\"font-family: verdana, geneva\"><strong>Kaappipeikot ovat ta\u0308a\u0308lla\u0308 taas<\/strong>. Translated by Petteri Aarnos. Helsinki: Lector kustannus, 2013, 64 pp. [\u2018Kapiukse kollid ja\u0308lle platsis\u2019.]<\/span><br><span style=\"font-family: verdana, geneva\"><strong>Kaappipeikot<\/strong>. Translated by Mika Ker\u00e4nen. Helsinki: Lector kustannus, 2013, 47 pp. [\u2018Kapiukse kollid\u2019.]<\/span><br><span style=\"font-family: verdana, geneva\"><strong>Noiduttu kaupunki: satuja pienille ja suurille<\/strong>. Translated by Petteri Aarnos. Helsinki: Lector kustannus, 2013, 48 pp. [\u2018N\u00f5iutud linn\u2019.]<\/span><br><span style=\"font-family: verdana, geneva\"><strong>Vaaleanpunainen prinsessa<\/strong>. Translated by Petteri Aarnos. Helsinki: Lector kustannus, 2013, 48 pp. [\u2018Roosa printsess\u2019.]<\/span><br><span style=\"font-family: verdana, geneva\"><strong>Nukku-Matin h\u00f6p\u00f6jutut<\/strong>. Translated by Petteri Aarnos. Helsinki: Lector kustannus, 2013, 59 pp. [\u2018Une-Mati udujutud\u2019.]<\/span><br><span style=\"font-family: verdana, geneva\"><strong>Hiljaisuuden \u00e4\u00e4net<\/strong>. Translated by Petteri Aarnos. Helsinki: Lector kustannus, 2013, 48 pp. [\u2018Vaikuse h\u00e4\u00e4led\u2019.]<\/span><\/p>\n","protected":false},"excerpt":{"rendered":"<p>Books FinnishNukkumatin uusimmat h\u00f6p\u00f6jutut. Translated by Jenni Kav\u00e9n. Helsinki: Lector kustannus, 2017, 64 pp. [\u2018Une-Mati v\u00e4ga uued udujutud\u2019.]Nukkumatin uudet h\u00f6p\u00f6jutut. Translated by Jenni Kav\u00e9n. Helsinki: Lector kustannus, 2017, 56 pp. [\u2018Une-Mati uued udujutud\u2019.]Janin seikkailut Varjomaassa. Translated by Petteri Aarnos. Helsinki: &#8230;<\/p>\n","protected":false},"author":43,"featured_media":0,"parent":122,"menu_order":0,"comment_status":"closed","ping_status":"closed","template":"","meta":{"_acf_changed":false,"inline_featured_image":false,"footnotes":""},"class_list":["post-142","page","type-page","status-publish","hentry"],"acf":[],"_links":{"self":[{"href":"https:\/\/sisu.ut.ee\/ewod\/wp-json\/wp\/v2\/pages\/142","targetHints":{"allow":["GET"]}}],"collection":[{"href":"https:\/\/sisu.ut.ee\/ewod\/wp-json\/wp\/v2\/pages"}],"about":[{"href":"https:\/\/sisu.ut.ee\/ewod\/wp-json\/wp\/v2\/types\/page"}],"author":[{"embeddable":true,"href":"https:\/\/sisu.ut.ee\/ewod\/wp-json\/wp\/v2\/users\/43"}],"replies":[{"embeddable":true,"href":"https:\/\/sisu.ut.ee\/ewod\/wp-json\/wp\/v2\/comments?post=142"}],"version-history":[{"count":1,"href":"https:\/\/sisu.ut.ee\/ewod\/wp-json\/wp\/v2\/pages\/142\/revisions"}],"predecessor-version":[{"id":4926,"href":"https:\/\/sisu.ut.ee\/ewod\/wp-json\/wp\/v2\/pages\/142\/revisions\/4926"}],"up":[{"embeddable":true,"href":"https:\/\/sisu.ut.ee\/ewod\/wp-json\/wp\/v2\/pages\/122"}],"wp:attachment":[{"href":"https:\/\/sisu.ut.ee\/ewod\/wp-json\/wp\/v2\/media?parent=142"}],"curies":[{"name":"wp","href":"https:\/\/api.w.org\/{rel}","templated":true}]}}