{"id":1410,"date":"2024-04-03T23:41:17","date_gmt":"2024-04-03T20:41:17","guid":{"rendered":"https:\/\/sisu.ut.ee\/ewod\/fantastika\/"},"modified":"2024-04-04T00:07:20","modified_gmt":"2024-04-03T21:07:20","slug":"fantastika","status":"publish","type":"page","link":"https:\/\/sisu.ut.ee\/ewod\/anthologies\/fantastika\/","title":{"rendered":"\u0412\u043e\u043b\u0448\u0435\u0431\u043d\u0438\u043a\u0443 \u2013 \u0430\u0431\u0441\u043e\u043b\u044e\u0442\u043d\u0430\u044f \u0433\u0430\u0440\u0430\u043d\u0442\u0438\u044f"},"content":{"rendered":"<p><strong><span style=\"font-family: verdana, geneva\">\u0412\u043e\u043b\u0448\u0435\u0431\u043d\u0438\u043a\u0443 \u2013 \u0430\u0431\u0441\u043e\u043b\u044e\u0442\u043d\u0430\u044f \u0433\u0430\u0440\u0430\u043d\u0442\u0438\u044f: \u0444\u0430\u043d\u0442\u0430\u0441\u0442\u0438\u043a\u0430 \u043f\u0438\u0441\u0430\u0442\u0435\u043b\u0435\u0439 \u042d\u0441\u0442\u043e\u043d\u0438\u0438. \u0421\u043e\u0441\u0442\u0430\u0432\u0438\u0442\u0435\u043b\u0438 \u0411. \u041a\u0430\u0431\u0443\u0440, \u041c. \u0412\u0435\u043b\u043b\u0435\u0440; \u0445\u0443\u0434\u043e\u0436\u043d\u0438\u043a \u042d. \u0412\u0430\u043b\u0442\u0435\u0440. \u0422\u0430\u043b\u043b\u0438\u043d\u043d: \u042d\u044d\u0441\u0442\u0438 \u0440\u0430\u0430\u043c\u0430\u0442, 1990, 429 pp.<\/span><\/strong><\/p>\n<p><strong><span style=\"font-family: verdana, geneva\">Contents:\u00a0<\/span><\/strong><\/p>\n<p><span style=\"font-family: verdana, geneva\">\u0411\u043e\u0440\u0438\u0441 \u041a\u0430\u0431\u0443\u0440, \u0424\u0430\u043d\u0442\u0430\u0441\u0442\u0438\u0447\u043d\u043e\u0441\u0442\u044c \u0440\u0435\u0430\u043b\u044c\u043d\u043e\u0433\u043e \u0438\u043b\u0438 \u0440\u0435\u0430\u043b\u044c\u043d\u043e\u0441\u0442\u044c \u0444\u0430\u043d\u0442\u0430\u0441\u0442\u0438\u0447\u0435\u0441\u043a\u043e\u0433\u043e?<\/span><br><span style=\"font-family: verdana, geneva\">\u0422\u044d\u044d\u0442 \u041a\u0430\u043b\u043b\u0430\u0441, <strong>\u0417\u0432\u0435\u043d\u0438\u0442, \u043f\u043e\u0435\u0442<\/strong>. \u0420\u043e\u043c\u0430\u043d-\u0440\u0435\u0432\u044e. [\u2019Heliseb-k\u00f5liseb\u2019.]<\/span><br><span style=\"font-family: verdana, geneva\">\u042d\u043c\u044d \u0411\u044d\u044d\u043a\u043c\u0430\u043d, <strong>\u0428\u0430\u0440\u043c\u0430\u043d\u043a\u0430<\/strong>. \u0420\u043e\u043c\u0430\u043d. [\u2019V\u00e4ntorel\u2019.]<\/span><br><span style=\"font-family: verdana, geneva\">\u042d\u043d\u043d \u0412\u0435\u0442\u0435\u043c\u0430\u0430, <strong>\u041f\u043e\u043b\u0435\u0432\u043e\u0439 \u043e\u043f\u0440\u0435\u0434\u0435\u043b\u0438\u0442\u0435\u043b\u044c \u044d\u0441\u0442\u043e\u043d\u0441\u043a\u0438\u0445 \u0440\u0443\u0441\u0430\u043b\u043e\u043a<\/strong>. \u0424\u0430\u043d\u0442\u0430\u0441\u0442\u0438\u0447\u0435\u0441\u043a\u0438-\u0444\u043e\u043b\u044c\u043a\u043b\u043e\u0440\u0438\u0447\u0435\u0441\u043a\u043e\u0435 \u044d\u0441\u0441\u0435. [\u2019Eesti n\u00e4kiliste v\u00e4lim\u00e4\u00e4raja\u2019.]<\/span><br><span style=\"font-family: verdana, geneva\">\u0412\u043b\u0430\u0434\u0438\u043c\u0438\u0440 \u0411\u044d\u044d\u043a\u043c\u0430\u043d, <strong>\u0411\u0430\u043c\u0431\u0443\u043a<\/strong>. [\u2019Bambus\u2019.]<\/span><br><span style=\"font-family: verdana, geneva\">\u0420\u0435\u0439\u043d \u0421\u0430\u043b\u0443\u0440\u0438, <strong>\u0413\u0440\u0430\u0444\u0441\u043a\u0438\u0439 \u0441\u044b\u043d<\/strong>. [\u2019Krahvi poeg\u2019.]<\/span><br><span style=\"font-family: verdana, geneva\">\u0422\u043e\u043e\u043c\u0430\u0441 \u0412\u0438\u043d\u0442, <strong>\u0423\u043a\u0440\u0430\u0434\u0435\u043d\u043d\u044b\u0439 \u043b\u0435\u0431\u0435\u0434\u044c<\/strong>. [\u2019Luigevargus\u2019.]<\/span><br><span style=\"font-family: verdana, geneva\">\u042f\u0430\u043d \u041a\u0440\u0443\u0443\u0441\u0432\u0430\u043b\u043b, <strong>\u041f\u043e\u043a\u043e\u0439\u043d\u0438\u043a<\/strong>. [\u2019Surnu\u2019.]<\/span><br><span style=\"font-family: verdana, geneva\">\u041c\u0430\u0440\u0438 \u0421\u0430\u0430\u0442, <strong>\u041f\u0435\u0449\u0435\u0440\u0430<\/strong>. [\u2019Koobas\u2019.]<\/span><\/p>\n","protected":false},"excerpt":{"rendered":"<p>\u0412\u043e\u043b\u0448\u0435\u0431\u043d\u0438\u043a\u0443 \u2013 \u0430\u0431\u0441\u043e\u043b\u044e\u0442\u043d\u0430\u044f \u0433\u0430\u0440\u0430\u043d\u0442\u0438\u044f: \u0444\u0430\u043d\u0442\u0430\u0441\u0442\u0438\u043a\u0430 \u043f\u0438\u0441\u0430\u0442\u0435\u043b\u0435\u0439 \u042d\u0441\u0442\u043e\u043d\u0438\u0438. \u0421\u043e\u0441\u0442\u0430\u0432\u0438\u0442\u0435\u043b\u0438 \u0411. \u041a\u0430\u0431\u0443\u0440, \u041c. \u0412\u0435\u043b\u043b\u0435\u0440; \u0445\u0443\u0434\u043e\u0436\u043d\u0438\u043a \u042d. \u0412\u0430\u043b\u0442\u0435\u0440. \u0422\u0430\u043b\u043b\u0438\u043d\u043d: \u042d\u044d\u0441\u0442\u0438 \u0440\u0430\u0430\u043c\u0430\u0442, 1990, 429 pp. Contents:\u00a0 \u0411\u043e\u0440\u0438\u0441 \u041a\u0430\u0431\u0443\u0440, \u0424\u0430\u043d\u0442\u0430\u0441\u0442\u0438\u0447\u043d\u043e\u0441\u0442\u044c \u0440\u0435\u0430\u043b\u044c\u043d\u043e\u0433\u043e \u0438\u043b\u0438 \u0440\u0435\u0430\u043b\u044c\u043d\u043e\u0441\u0442\u044c \u0444\u0430\u043d\u0442\u0430\u0441\u0442\u0438\u0447\u0435\u0441\u043a\u043e\u0433\u043e?\u0422\u044d\u044d\u0442 \u041a\u0430\u043b\u043b\u0430\u0441, \u0417\u0432\u0435\u043d\u0438\u0442, \u043f\u043e\u0435\u0442. \u0420\u043e\u043c\u0430\u043d-\u0440\u0435\u0432\u044e. [\u2019Heliseb-k\u00f5liseb\u2019.]\u042d\u043c\u044d \u0411\u044d\u044d\u043a\u043c\u0430\u043d, \u0428\u0430\u0440\u043c\u0430\u043d\u043a\u0430. \u0420\u043e\u043c\u0430\u043d. [\u2019V\u00e4ntorel\u2019.]\u042d\u043d\u043d \u0412\u0435\u0442\u0435\u043c\u0430\u0430, \u041f\u043e\u043b\u0435\u0432\u043e\u0439 &#8230;<\/p>\n","protected":false},"author":43,"featured_media":0,"parent":1214,"menu_order":0,"comment_status":"closed","ping_status":"closed","template":"","meta":{"_acf_changed":false,"inline_featured_image":false,"footnotes":""},"class_list":["post-1410","page","type-page","status-publish","hentry"],"acf":[],"_links":{"self":[{"href":"https:\/\/sisu.ut.ee\/ewod\/wp-json\/wp\/v2\/pages\/1410","targetHints":{"allow":["GET"]}}],"collection":[{"href":"https:\/\/sisu.ut.ee\/ewod\/wp-json\/wp\/v2\/pages"}],"about":[{"href":"https:\/\/sisu.ut.ee\/ewod\/wp-json\/wp\/v2\/types\/page"}],"author":[{"embeddable":true,"href":"https:\/\/sisu.ut.ee\/ewod\/wp-json\/wp\/v2\/users\/43"}],"replies":[{"embeddable":true,"href":"https:\/\/sisu.ut.ee\/ewod\/wp-json\/wp\/v2\/comments?post=1410"}],"version-history":[{"count":1,"href":"https:\/\/sisu.ut.ee\/ewod\/wp-json\/wp\/v2\/pages\/1410\/revisions"}],"predecessor-version":[{"id":3669,"href":"https:\/\/sisu.ut.ee\/ewod\/wp-json\/wp\/v2\/pages\/1410\/revisions\/3669"}],"up":[{"embeddable":true,"href":"https:\/\/sisu.ut.ee\/ewod\/wp-json\/wp\/v2\/pages\/1214"}],"wp:attachment":[{"href":"https:\/\/sisu.ut.ee\/ewod\/wp-json\/wp\/v2\/media?parent=1410"}],"curies":[{"name":"wp","href":"https:\/\/api.w.org\/{rel}","templated":true}]}}