{"id":1406,"date":"2024-04-03T23:41:17","date_gmt":"2024-04-03T20:41:17","guid":{"rendered":"https:\/\/sisu.ut.ee\/ewod\/kristiinaehin\/"},"modified":"2024-04-04T00:07:19","modified_gmt":"2024-04-03T21:07:19","slug":"kristiinaehin","status":"publish","type":"page","link":"https:\/\/sisu.ut.ee\/ewod\/e\/kristiinaehin\/","title":{"rendered":"Kristiina Ehin"},"content":{"rendered":"<p>\n\t<a href=\"https:\/\/sisu.ut.ee\/ewod\/e\/kristiinaehin\/poems\" style=\"line-height: 1.6em\"><span style=\"font-family: verdana,geneva;font-size: medium\"><strong>Poems<\/strong><\/span><\/a><a href=\"\/wp-content\/uploads\/sites\/108\/ehin_kristiina_alar_madissoni_foto.jpg\"><span style=\"line-height: 1.6em\"><span style=\"font-family: verdana,geneva;font-size: medium\"><img loading=\"lazy\" decoding=\"async\" alt=\"Kristiina Ehin. Photo: Alar Madisson\" src=\"\/wp-content\/uploads\/sites\/108\/ehin_kristiina_2_fotoalar_madisson.jpg\" style=\"float: right\" title=\"Photo by Alar Madisson\" width=\"200\" height=\"276\"><\/span><\/span><\/a>\n<\/p>\n<p>\n\t<a href=\"https:\/\/sisu.ut.ee\/ewod\/e\/kristiinaehin\/stories\"><span style=\"font-family: verdana,geneva;font-size: medium\"><strong>Short stories<\/strong><\/span><\/a>\n<\/p>\n<p>\n\t<a href=\"https:\/\/sisu.ut.ee\/ewod\/e\/kristiinaehin\/nonfiction\"><span style=\"font-family: verdana,geneva;font-size: medium\"><strong>Non-fiction<\/strong><\/span><\/a>\n<\/p>\n<p>\n\t<a href=\"https:\/\/sisu.ut.ee\/ewod\/e\/kristiinaehin\/about\"><span style=\"font-family: verdana,geneva;font-size: medium\"><strong>About Kristiina Ehin<\/strong><\/span><\/a>\n<\/p>\n<p><span style=\"color:#000000\"><span style=\"font-family: verdana,geneva;font-size: medium\"><span style=\"font-size: small\">Kristiina Ehin (b. 18. VII 1977) is a poet, prose writer, translator, performer and teacher of creative writing.<\/span><\/span><\/span>\n<\/p>\n<p>\n\t<span style=\"color:#000000\"><span style=\"font-family: verdana,geneva;font-size: medium\"><span style=\"font-size: small\">She was born in Rapla as the daughter of the poets Andres Ehin and Ly Seppel (Ehin). She attended Rapla Secondary School number 1 from 1983 to 1995, and from 1995 to 2001 Tartu University, studying literature and folk poetry, gaining an MA in 2004. From 1997 to 1998 she studied at Tartu Art College, also studying creative dance and teaching it; she was a schoolteacher at Vodja in 2005. Since 1996 she has been a freelance writer. Ehin performs frequently, reciting poetry, telling stories and singing, either alone, with her husband the experimental musician Silver Sepp, or with a group (the folk music groups Sinimaniseele, Naised K\u00f6\u00f6gis). Representing Estonia she took part in the Poetry Parnassus cultural programme of the summer Olympic Games in 2012. She was the matron of the 2014 Prima Vista literature festival in Tartu. She taught creative writing from 2011 to 2013 at Viljandi <span style=\"font-family: verdana,geneva;font-size: medium\"><span style=\"font-size: small\">Culture<\/span><\/span> Academy, and continues this at Tartu University. In 2015-2016 she was the university\u2019s Professor of Liberal Arts, and in 2017 Tartu City Writer [in residence]. She is a member of the Estonian Writers\u2019 Union and the literary grouping Erakkond (founded 1997).<\/span><\/span><\/span>\n<\/p>\n<p>\n\t<span style=\"color:#000000\"><span style=\"font-family: verdana,geneva;font-size: medium\"><span style=\"font-size: small\">Ehin\u2019s debut was in 1993 with poetry in the press; a selection of texts appeared in the Erakkond anthology <em>\u00dcheksav\u00e4gine<\/em> (1997). Her style is charmingly fairy-like, tender and nuanced. She intertwines fragile femininity with a strong sense of women\u2019s rights; she gives importance to her inherited Estonian and Finno-Ugric culture, she is concerned for the care of nature and of the spirit, with an ideal of sincerity, purity and integrity. She is at once serious and maternally caring, by turns humorously mischievous and surrealistically playful, as her father\u2019s daughter. <\/span><\/span><\/span>\n<\/p>\n<p>\n\t<span style=\"color:#000000\"><span style=\"font-family: verdana,geneva;font-size: medium\"><span style=\"font-size: small\">Her texts have been presented by groups and at song festivals. \u00dclo Krigul\u2019s oratorio \u2018Swan Bone City\u2019 earned recognition both at home and abroad. Besides several English-language translations of poetry and prose works and radio plays, Ehin\u2019s work has appeared in a score of languages. She herself has interpreted literature from English (F. Forsyth, P. Fitzgerald, R.Bly) and Slovenian. <\/span><\/span><\/span>\n<\/p>\n<p>\n\t<span style=\"font-family: verdana,geneva;font-size: medium\"><span style=\"color:#000000\"><span style=\"font-size: small\">Kristiina Ehin has been awarded the following literary prizes: <\/span><br><span style=\"font-size: small\">\u00a0<\/span><br><span style=\"font-size: small\">\u2013 The cultural weekly Sirp annual prize for literature for the poetry collection <em>Simunap\u00e4ev<\/em> \u2013 in 2004. <\/span><br><span style=\"font-size: small\">\u2013\u00a0Literature Endowment Annual Award for the poetry collection <em>Kaitseala<\/em> \u2013 in 2006. <\/span><br><span style=\"font-size: small\">\u2013 the Gustav Suits Poetry Prize for the poetry collection <em>Kaitseala<\/em> \u2013 in 2006. <\/span><br><span style=\"font-size: small\">\u2013 The Poetry Society Corneliu M. Popescu Prize for European Poetry in Translation for \u2018The Drums of Silence\u2019, translated by Ilmar Lehtpere \u2013 in 2007 <\/span><br><span style=\"font-size: small\">\u2013 Rapla County Development Centre annual prize for organising the International Full Moon Poetry Festival \u2013 in 2008 <\/span><br><span style=\"font-size: small\">\u2013 The Estonian President\u2019s Young Cultural Figure Award \u2013 in 2008 <\/span><br><span style=\"font-size: small\">\u2013 Estonian Cultural Endowment Scholarship <em>Ela ja s\u00e4ra<\/em> (\u2018Live and Shine\u2019) \u2013 in 2010<\/span><br><span style=\"font-family: verdana,geneva;font-size: medium\"><span style=\"font-size: small\">\u2013 The Poetry Book Society Recommended Translation award for \u2018The Scent of Your Shadow\u2019 \u2013 in 2010<br><span style=\"font-family: verdana,geneva;font-size: medium\"><span style=\"font-size: small\">\u2013 International Silver Ink Bottle Prize, Latvia for \u2018The Scent of Your Shadow\u2019 \u2013 in 2010 <\/span><\/span><\/span><\/span><br><span style=\"font-family: verdana,geneva;font-size: medium\"><span style=\"font-size: small\">\u2013 \u20181001 Winters\u2019, translated by Ilmar Lehtpere shortlisted for the Poetry Society Corneliu M. Popescu Prize for European Poetry in Translation \u2013 in 2013 <\/span><\/span><br><span style=\"font-size: small\">\u2013 Virumaa Literary Prize for <em>Paleontoloogi p\u00e4evaraamat<\/em> \u2013 in 2014 <\/span><br><span style=\"font-size: small\">\u2013 The Order of the White Star, IV Class \u2013 in 2016 <\/span><br><span style=\"font-size: small\">\u00a0<\/span><br><em><span style=\"font-size: small\">A. M. (Translated by C. M.)<\/span><\/em><\/span><\/span><\/p>\n<p><a href=\"http:\/\/lehtpere.blogspot.com.ee\/\" target=\"_blank\" rel=\"noopener\"><span style=\"color:#000000\"><strong><span style=\"font-size: small\">Homepage<\/span><\/strong><\/span><\/a>\n<\/p>\n<p><span style=\"color:#000000\"><span style=\"font-family: verdana,geneva;font-size: medium\"><strong>Books in Estonian<\/strong><\/span><\/span>\n<\/p>\n<p>\n\t<span style=\"color:#000000\"><span style=\"font-family: verdana,geneva;font-size: medium\"><span style=\"font-size: small\"><strong><em>Poems<\/em><\/strong><br><strong>Kevad Astrahanis<\/strong>: luuletusi 1992-1999. Tallinn: Huma, 2000, 51 lk.<br><strong>Simunap\u00e4ev<\/strong>. Tallinn: Huma, 2003, 44 lk.<br><strong>Luigeluulinn<\/strong>. Tallinn: Huma, 2003, 44 lk.<br><strong>Kaitseala<\/strong>: Mohni 2004-2005. Tallinn: Huma, 2005, 154 lk.<br><strong>Emapuhkus<\/strong>. Toimetaja Ly Ehin; kujundaja Lemmi Kuulberg; kaanepildid: Kristiina Ehin. Tallinn: Pandekt, 2009, 107 lk.<br><strong>Viimane monogaamlane<\/strong>, [1. k\u00f6ide]: luuletused 2009-2011. Joonistused: Kristiina Ehin; kujundus: Lemmi Kuulberg, Diego Almeyda, Eliisa Ehin. Tallinn: Pegasus, 2011, 78 lk.<br><strong>Kohtumised<\/strong>: luulet 2012-2016. Toimetajad Ly Ehin, Kristel Ress; fotod: Kristiina Ehin jt. Tartu: [Kristiina Ehin], 2017, 159 lk.<\/span><\/span><\/span><\/p>\n<p><strong><em>Short stories<\/em><\/strong><br><strong>Pillipuhujanaine ja pommipanijanaine<\/strong>: uudisjutud ja kirjad. Toimetaja Ly Seppel; joonistused: Eve Kask, kujundus: J\u00fcri Kaarma. Tallinn: Huma, 2006, 92 lk.<br><strong>Viimane monogaamlane<\/strong>. [2. k\u00f6ide]: jutud 2009-2011. Joonistused: Kristiina Ehin; kujundus: Lemmi Kuulberg, Diego Almeyda, Eliisa Ehin. Tallinn: Pegasus, 2011, 96 lk.<br><span style=\"font-family: verdana,geneva;font-size: medium\"><span style=\"font-size: small\">Kristi J\u00f5este, Kristiina Ehin, <strong>Kirjatud teekond<\/strong>. Toimetaja Anu Pink; joonised ja skeemid: Kristi J\u00f5este, Anu Pink, kujundus: Mariann Einmaa; fotod: Kristi J\u00f5este jt. T\u00fcri: Saara Kirjastus, 2012, 119 lk.<\/span><\/span>\n<\/p>\n<p>\n\t<span style=\"color:#000000\"><span style=\"font-family: verdana,geneva;font-size: medium\"><span style=\"font-size: small\"><strong><em>Non-fiction<\/em><\/strong><br><strong>Paleontoloogi p\u00e4evaraamat<\/strong>. Toimetaja Ly Seppel, Tartu: Petrone Print, 2013, 270 lk. [M\u00e4lestused. E-raamat: 2013; juurdetr\u00fckk 2015.]<\/span><\/span><\/span><\/p>\n","protected":false},"excerpt":{"rendered":"<p>Poems Short stories Non-fiction About Kristiina Ehin Kristiina Ehin (b. 18. VII 1977) is a poet, prose writer, translator, performer and teacher of creative writing. She was born in Rapla as the daughter of the poets Andres Ehin and Ly &#8230;<\/p>\n","protected":false},"author":43,"featured_media":0,"parent":566,"menu_order":0,"comment_status":"closed","ping_status":"closed","template":"","meta":{"_acf_changed":false,"inline_featured_image":false,"footnotes":""},"class_list":["post-1406","page","type-page","status-publish","hentry"],"acf":[],"_links":{"self":[{"href":"https:\/\/sisu.ut.ee\/ewod\/wp-json\/wp\/v2\/pages\/1406","targetHints":{"allow":["GET"]}}],"collection":[{"href":"https:\/\/sisu.ut.ee\/ewod\/wp-json\/wp\/v2\/pages"}],"about":[{"href":"https:\/\/sisu.ut.ee\/ewod\/wp-json\/wp\/v2\/types\/page"}],"author":[{"embeddable":true,"href":"https:\/\/sisu.ut.ee\/ewod\/wp-json\/wp\/v2\/users\/43"}],"replies":[{"embeddable":true,"href":"https:\/\/sisu.ut.ee\/ewod\/wp-json\/wp\/v2\/comments?post=1406"}],"version-history":[{"count":1,"href":"https:\/\/sisu.ut.ee\/ewod\/wp-json\/wp\/v2\/pages\/1406\/revisions"}],"predecessor-version":[{"id":3665,"href":"https:\/\/sisu.ut.ee\/ewod\/wp-json\/wp\/v2\/pages\/1406\/revisions\/3665"}],"up":[{"embeddable":true,"href":"https:\/\/sisu.ut.ee\/ewod\/wp-json\/wp\/v2\/pages\/566"}],"wp:attachment":[{"href":"https:\/\/sisu.ut.ee\/ewod\/wp-json\/wp\/v2\/media?parent=1406"}],"curies":[{"name":"wp","href":"https:\/\/api.w.org\/{rel}","templated":true}]}}