{"id":1402,"date":"2024-04-03T23:41:16","date_gmt":"2024-04-03T20:41:16","guid":{"rendered":"https:\/\/sisu.ut.ee\/ewod\/stories-et-162\/"},"modified":"2024-04-04T00:07:22","modified_gmt":"2024-04-03T21:07:22","slug":"stories","status":"publish","type":"page","link":"https:\/\/sisu.ut.ee\/ewod\/k\/kalmus\/stories\/","title":{"rendered":"Ain Kalmus &#8211; short stories"},"content":{"rendered":"<p><strong><span style=\"font-family: verdana,geneva;font-size: medium\">Books<\/span><\/strong><\/p>\n<p><strong><em><span style=\"font-family: verdana,geneva\">English<\/span><\/em><\/strong><br><span style=\"font-family: verdana,geneva\">Ewald Mand, <strong>Men of tomorrow: stories from the Bible for youth of today<\/strong>. Illustrated by John Lear. Philadelphia: Westminster Press, 1958, 224 pp.<\/span><\/p>\n<p><strong><em><span style=\"font-family: verdana,geneva\">Swedish<\/span><\/em><\/strong><br><span style=\"font-family: verdana,geneva\">Evald M\u00e4nd, <strong>Kungens g\u00e4ster<\/strong>. Stockholm: De Unges, 1946, 100 pp.<\/span><br><span style=\"font-family: verdana,geneva\">Evald M\u00e4nd, <strong>Nu m\u00e5ste m\u00e4nniskorna vara starka<\/strong>. Stockholm: Harriers Bokf\u00f6rlag, 1946, 186 pp.<\/span><\/p>\n","protected":false},"excerpt":{"rendered":"<p>Books EnglishEwald Mand, Men of tomorrow: stories from the Bible for youth of today. Illustrated by John Lear. Philadelphia: Westminster Press, 1958, 224 pp. SwedishEvald M\u00e4nd, Kungens g\u00e4ster. Stockholm: De Unges, 1946, 100 pp.Evald M\u00e4nd, Nu m\u00e5ste m\u00e4nniskorna vara starka. &#8230;<\/p>\n","protected":false},"author":43,"featured_media":0,"parent":2182,"menu_order":0,"comment_status":"closed","ping_status":"closed","template":"","meta":{"_acf_changed":false,"inline_featured_image":false,"footnotes":""},"class_list":["post-1402","page","type-page","status-publish","hentry"],"acf":[],"_links":{"self":[{"href":"https:\/\/sisu.ut.ee\/ewod\/wp-json\/wp\/v2\/pages\/1402","targetHints":{"allow":["GET"]}}],"collection":[{"href":"https:\/\/sisu.ut.ee\/ewod\/wp-json\/wp\/v2\/pages"}],"about":[{"href":"https:\/\/sisu.ut.ee\/ewod\/wp-json\/wp\/v2\/types\/page"}],"author":[{"embeddable":true,"href":"https:\/\/sisu.ut.ee\/ewod\/wp-json\/wp\/v2\/users\/43"}],"replies":[{"embeddable":true,"href":"https:\/\/sisu.ut.ee\/ewod\/wp-json\/wp\/v2\/comments?post=1402"}],"version-history":[{"count":1,"href":"https:\/\/sisu.ut.ee\/ewod\/wp-json\/wp\/v2\/pages\/1402\/revisions"}],"predecessor-version":[{"id":3682,"href":"https:\/\/sisu.ut.ee\/ewod\/wp-json\/wp\/v2\/pages\/1402\/revisions\/3682"}],"up":[{"embeddable":true,"href":"https:\/\/sisu.ut.ee\/ewod\/wp-json\/wp\/v2\/pages\/2182"}],"wp:attachment":[{"href":"https:\/\/sisu.ut.ee\/ewod\/wp-json\/wp\/v2\/media?parent=1402"}],"curies":[{"name":"wp","href":"https:\/\/api.w.org\/{rel}","templated":true}]}}