{"id":14,"date":"2024-04-03T23:39:14","date_gmt":"2024-04-03T20:39:14","guid":{"rendered":"https:\/\/sisu.ut.ee\/ewod\/stories-et-2\/"},"modified":"2024-04-04T00:11:18","modified_gmt":"2024-04-03T21:11:18","slug":"stories","status":"publish","type":"page","link":"https:\/\/sisu.ut.ee\/ewod\/k\/kudu\/stories\/","title":{"rendered":"Reet Kudu &#8211; short stories"},"content":{"rendered":"<p>\n\t<strong><span style=\"font-family: verdana,geneva;font-size: medium\">Books<\/span><\/strong>\n<\/p>\n<p>\n\t<strong><em><span style=\"font-family: verdana,geneva\">Russian<\/span><\/em><\/strong><br><span style=\"font-family: verdana,geneva\">\u0420\u0435\u044d\u0442 \u041a\u0443\u0434\u0443, <strong>\u0421\u043a\u0430\u0437\u043a\u043e\u0435\u0448\u043a\u0430-\u0421\u043b\u0430\u0434\u043a\u043e\u0435\u0436\u043a\u0430: \u0441\u043a\u0430\u0437\u043a\u0430 \u043e \u0434\u0435\u0432\u043e\u0447\u043a\u0435, \u043a\u043e\u0442\u043e\u0440\u0430\u044f \u0432\u0441\u0442\u0440\u0435\u0442\u0438\u043b\u0430 \u043a\u043e\u0448\u043a\u0443\u2026 = P\u00f6ialvalguke ja kass, kes s\u00f6\u00f6b h\u00e4\u00e4lt<\/strong>. P\u0438\u0441\u0443\u043d\u043a\u0438: \u041a\u0435\u0440\u0441\u0442\u0438 \u0425\u0430\u0430\u0440\u0434\u0435. \u0422\u0430\u043b\u043b\u0438\u043d\u043d: KPD Kirjastus, 2002, 91 pp. [Children\u2019s story. Parallel text in Russian and Estonian.]<\/span><br><span style=\"font-family: verdana,geneva\">\u0420\u0435\u044d\u0442 \u041a\u0443\u0434\u0443, <strong>\u0414\u0435\u043d\u044c-\u043e\u043b\u0430\u0434\u0435\u043d\u044c<\/strong>. \u041f\u0435\u0440\u0435\u0432\u043e\u0434 \u0441 \u044d\u0441\u0442\u043e\u043d\u0441\u043a\u043e\u0433\u043e \u041d\u0438\u043d\u044b \u0411\u0430\u0432\u0438\u043d\u043e\u0439; \u0438\u043b\u043b\u044e\u0441\u0442\u0440\u0430\u0446\u0438\u0438 \u0438 \u043e\u0444\u043e\u0440\u043c\u043b\u0435\u043d\u0438\u0435 \u041c\u0430\u0440\u0433\u0430\u0440\u0438\u0442\u044b \u042f\u0437\u044b\u0434\u0436\u0430\u043d. \u041c\u043e\u0441\u043a\u0432\u0430: \u041f\u0440\u0435\u0441\u0441\u0430, 1992, 48 pp. [\u2018Pannkoogip\u00e4ev\u2019, \u2018Printsess oma printsile\u2019, children\u2019s stories.]<\/span>\n<\/p>\n<p>\n\t<br><span style=\"font-family: verdana,geneva\"><strong><span style=\"font-size:16px\">In anthologies and magazines<\/span><\/strong><\/span>\n<\/p>\n<p>\n\t<span style=\"font-family: verdana,geneva\"><strong><em>German<\/em><\/strong><br><strong>Erika<\/strong>. \u00dcbersetzung: Waltraud Ahrndt. \u2013 Neue Sirene (M\u00fcnchen), no 17, September 2003, pp 130-144. [\u2018Erika\u2019.]<br><strong>Erika<\/strong>. \u00dcbersetzung: Waltraud Ahrndt. \u2013 Via Regia, 1999, pp 51-58. [\u2018Erika\u2019.]<br><strong>Der erste Sommer mit dem eigenen Freund oder Tallinn \u2013 ein Kurort<\/strong>. \u00dcbersetzung: Elke Wiegand. \u2013 Roter Stern zerplatzt. Geschichten vom Umbruch der Sowjetunion. Hrsg. von Pawel Fraenkel und Margareta Gorschenek. Ravensburg: Maier, 1993, pp 168-178 (Ravensburger junge Reihe). [\u2018Esimese armastuse suvi ehk kuurort Tallinn\u2019.]<\/span><\/p>\n","protected":false},"excerpt":{"rendered":"<p>Books Russian\u0420\u0435\u044d\u0442 \u041a\u0443\u0434\u0443, \u0421\u043a\u0430\u0437\u043a\u043e\u0435\u0448\u043a\u0430-\u0421\u043b\u0430\u0434\u043a\u043e\u0435\u0436\u043a\u0430: \u0441\u043a\u0430\u0437\u043a\u0430 \u043e \u0434\u0435\u0432\u043e\u0447\u043a\u0435, \u043a\u043e\u0442\u043e\u0440\u0430\u044f \u0432\u0441\u0442\u0440\u0435\u0442\u0438\u043b\u0430 \u043a\u043e\u0448\u043a\u0443\u2026 = P\u00f6ialvalguke ja kass, kes s\u00f6\u00f6b h\u00e4\u00e4lt. P\u0438\u0441\u0443\u043d\u043a\u0438: \u041a\u0435\u0440\u0441\u0442\u0438 \u0425\u0430\u0430\u0440\u0434\u0435. \u0422\u0430\u043b\u043b\u0438\u043d\u043d: KPD Kirjastus, 2002, 91 pp. [Children\u2019s story. Parallel text in Russian and Estonian.]\u0420\u0435\u044d\u0442 \u041a\u0443\u0434\u0443, \u0414\u0435\u043d\u044c-\u043e\u043b\u0430\u0434\u0435\u043d\u044c. \u041f\u0435\u0440\u0435\u0432\u043e\u0434 \u0441 \u044d\u0441\u0442\u043e\u043d\u0441\u043a\u043e\u0433\u043e \u041d\u0438\u043d\u044b &#8230;<\/p>\n","protected":false},"author":43,"featured_media":0,"parent":999,"menu_order":0,"comment_status":"closed","ping_status":"closed","template":"","meta":{"_acf_changed":false,"inline_featured_image":false,"footnotes":""},"class_list":["post-14","page","type-page","status-publish","hentry"],"acf":[],"_links":{"self":[{"href":"https:\/\/sisu.ut.ee\/ewod\/wp-json\/wp\/v2\/pages\/14","targetHints":{"allow":["GET"]}}],"collection":[{"href":"https:\/\/sisu.ut.ee\/ewod\/wp-json\/wp\/v2\/pages"}],"about":[{"href":"https:\/\/sisu.ut.ee\/ewod\/wp-json\/wp\/v2\/types\/page"}],"author":[{"embeddable":true,"href":"https:\/\/sisu.ut.ee\/ewod\/wp-json\/wp\/v2\/users\/43"}],"replies":[{"embeddable":true,"href":"https:\/\/sisu.ut.ee\/ewod\/wp-json\/wp\/v2\/comments?post=14"}],"version-history":[{"count":1,"href":"https:\/\/sisu.ut.ee\/ewod\/wp-json\/wp\/v2\/pages\/14\/revisions"}],"predecessor-version":[{"id":5073,"href":"https:\/\/sisu.ut.ee\/ewod\/wp-json\/wp\/v2\/pages\/14\/revisions\/5073"}],"up":[{"embeddable":true,"href":"https:\/\/sisu.ut.ee\/ewod\/wp-json\/wp\/v2\/pages\/999"}],"wp:attachment":[{"href":"https:\/\/sisu.ut.ee\/ewod\/wp-json\/wp\/v2\/media?parent=14"}],"curies":[{"name":"wp","href":"https:\/\/api.w.org\/{rel}","templated":true}]}}